{"id":36999,"date":"2024-07-23T09:25:28","date_gmt":"2024-07-23T07:25:28","guid":{"rendered":"https:\/\/srfb.be\/?post_type=product&#038;p=36999"},"modified":"2024-07-23T09:27:14","modified_gmt":"2024-07-23T07:27:14","slug":"achter-de-oude-muur","status":"publish","type":"product","link":"https:\/\/kbbm.be\/nl\/forest-shop\/au-dela-du-vieux-mur\/","title":{"rendered":"Achter de oude muur"},"content":{"rendered":"<p><em>Ik ontmoette de oude man op de avond van de storm. Hij kwam uit de schaapskooi in zijn verbleekte overall. Toen hij me zag, bibberend van de kou en angst, nodigde hij me uit om op te warmen in de grote woonkamer van het landhuis, in het hart van Hermeline's landgoed.<\/em><\/p>\n<p><em>Als schildknaap en tuinman bewaakte deze man een schat.<\/em><\/p>\n<p>Het landgoed van Hermeline, vergeten door de mens, ligt te slapen aan de rand van het dorp. In dit koninkrijk, waar een eenzame oude man woont, leert een kind van het land te houden. Hij ontdekt de waarde van stilte en vriendschap. Dit is een schets van een vervaagde wereld die misschien, ergens, nog bestaat.<\/p>","protected":false},"excerpt":{"rendered":"<p><em>Ik ontmoette de oude man op de avond van de storm. Hij kwam uit de schaapskooi in zijn verbleekte overall. Toen hij me zag, bibberend van de kou en angst, nodigde hij me uit om op te warmen in de grote woonkamer van het landhuis, in het hart van Hermeline's landgoed.<\/em><\/p>\n<p><em>Als schildknaap en tuinman bewaakte deze man een schat.<\/em><\/p>\n<p>Het landgoed van Hermeline, vergeten door de mens, ligt te slapen aan de rand van het dorp. In dit koninkrijk, waar een eenzame oude man woont, leert een kind van het land te houden. Hij ontdekt de waarde van stilte en vriendschap. Dit is een schets van een vervaagde wereld die misschien, ergens, nog bestaat.<\/p>\n<p>Auteur: <strong>Olivier Terlinden<\/strong><\/p>","protected":false},"featured_media":37000,"comment_status":"closed","ping_status":"closed","template":"","meta":{"iawp_total_views":47},"product_brand":[],"product_cat":[696],"product_tag":[],"class_list":{"0":"post-36999","1":"product","2":"type-product","3":"status-publish","4":"has-post-thumbnail","6":"product_cat-visiteurs","8":"first","9":"instock","10":"shipping-taxable","11":"purchasable","12":"product-type-simple"},"yoast_head":"<!-- This site is optimized with the Yoast SEO plugin v27.4 - https:\/\/yoast.com\/product\/yoast-seo-wordpress\/ -->\n<title>Au-del\u00e0 du vieux mur - Soci\u00e9t\u00e9 Royale Foresti\u00e8re de Belgique<\/title>\n<meta name=\"robots\" content=\"index, follow, max-snippet:-1, max-image-preview:large, max-video-preview:-1\" \/>\n<link rel=\"canonical\" href=\"https:\/\/www.kbbm.be\/de\/forest-shop\/jenseits-der-alten-mauer\/\" \/>\n<meta property=\"og:locale\" content=\"nl_BE\" \/>\n<meta property=\"og:type\" content=\"article\" \/>\n<meta property=\"og:title\" content=\"Au-del\u00e0 du vieux mur - Soci\u00e9t\u00e9 Royale Foresti\u00e8re de Belgique\" \/>\n<meta property=\"og:description\" content=\"J\u2019ai rencontr\u00e9 le vieil homme le soir de la temp\u00eate. Il sortait de la bergerie dans son bleu de travail d\u00e9color\u00e9. Quand il me vit, grelottant de froid et de peur, il m\u2019invita \u00e0 me r\u00e9chauffer dans le grand salon du manoir, au c\u0153ur du domaine d\u2019Hermeline.  \u00c0 la fois ch\u00e2telain et jardinier, cet homme gardait un tr\u00e9sor.  Oubli\u00e9 des hommes, le domaine d\u2019Hermeline dort en bordure du village. Dans ce royaume o\u00f9 vit un vieillard solitaire, un enfant apprend \u00e0 aimer la terre. Il y d\u00e9couvre la valeur du silence et de l\u2019amiti\u00e9. Esquisse d\u2019un monde effac\u00e9 qui, peut-\u00eatre, quelque part, existe encore.  Auteur : Olivier Terlinden\" \/>\n<meta property=\"og:url\" content=\"https:\/\/www.kbbm.be\/de\/forest-shop\/jenseits-der-alten-mauer\/\" \/>\n<meta property=\"og:site_name\" content=\"Soci\u00e9t\u00e9 Royale Foresti\u00e8re de Belgique\" \/>\n<meta property=\"article:publisher\" content=\"https:\/\/www.facebook.com\/srfb.be\" \/>\n<meta property=\"article:modified_time\" content=\"2024-07-23T07:27:14+00:00\" \/>\n<meta property=\"og:image\" content=\"https:\/\/www.kbbm.be\/wp-content\/uploads\/2024\/07\/Vieux-mur-couverture.jpg\" \/>\n\t<meta property=\"og:image:width\" content=\"720\" \/>\n\t<meta property=\"og:image:height\" content=\"1207\" \/>\n\t<meta property=\"og:image:type\" content=\"image\/jpeg\" \/>\n<script type=\"application\/ld+json\" class=\"yoast-schema-graph\">{\"@context\":\"https:\\\/\\\/schema.org\",\"@graph\":[{\"@type\":\"WebPage\",\"@id\":\"https:\\\/\\\/www.kbbm.be\\\/de\\\/forest-shop\\\/jenseits-der-alten-mauer\\\/\",\"url\":\"https:\\\/\\\/www.kbbm.be\\\/de\\\/forest-shop\\\/jenseits-der-alten-mauer\\\/\",\"name\":\"Au-del\u00e0 du vieux mur - Soci\u00e9t\u00e9 Royale Foresti\u00e8re de Belgique\",\"isPartOf\":{\"@id\":\"https:\\\/\\\/srfb.be\\\/#website\"},\"primaryImageOfPage\":{\"@id\":\"https:\\\/\\\/www.kbbm.be\\\/de\\\/forest-shop\\\/jenseits-der-alten-mauer\\\/#primaryimage\"},\"image\":{\"@id\":\"https:\\\/\\\/www.kbbm.be\\\/de\\\/forest-shop\\\/jenseits-der-alten-mauer\\\/#primaryimage\"},\"thumbnailUrl\":\"https:\\\/\\\/kbbm.be\\\/wp-content\\\/uploads\\\/2024\\\/07\\\/Vieux-mur-couverture.jpg\",\"datePublished\":\"2024-07-23T07:25:28+00:00\",\"dateModified\":\"2024-07-23T07:27:14+00:00\",\"breadcrumb\":{\"@id\":\"https:\\\/\\\/www.kbbm.be\\\/de\\\/forest-shop\\\/jenseits-der-alten-mauer\\\/#breadcrumb\"},\"inLanguage\":\"nl-BE\",\"potentialAction\":[{\"@type\":\"ReadAction\",\"target\":[\"https:\\\/\\\/www.kbbm.be\\\/de\\\/forest-shop\\\/jenseits-der-alten-mauer\\\/\"]}]},{\"@type\":\"ImageObject\",\"inLanguage\":\"nl-BE\",\"@id\":\"https:\\\/\\\/www.kbbm.be\\\/de\\\/forest-shop\\\/jenseits-der-alten-mauer\\\/#primaryimage\",\"url\":\"https:\\\/\\\/kbbm.be\\\/wp-content\\\/uploads\\\/2024\\\/07\\\/Vieux-mur-couverture.jpg\",\"contentUrl\":\"https:\\\/\\\/kbbm.be\\\/wp-content\\\/uploads\\\/2024\\\/07\\\/Vieux-mur-couverture.jpg\",\"width\":720,\"height\":1207,\"caption\":\"Couverture du livre : au-del\u00e0 du vieux mur\"},{\"@type\":\"BreadcrumbList\",\"@id\":\"https:\\\/\\\/www.kbbm.be\\\/de\\\/forest-shop\\\/jenseits-der-alten-mauer\\\/#breadcrumb\",\"itemListElement\":[{\"@type\":\"ListItem\",\"position\":1,\"name\":\"Accueil\",\"item\":\"https:\\\/\\\/srfb.be\\\/\"},{\"@type\":\"ListItem\",\"position\":2,\"name\":\"Produits\",\"item\":\"https:\\\/\\\/srfb.be\\\/shop\\\/\"},{\"@type\":\"ListItem\",\"position\":3,\"name\":\"Au-del\u00e0 du vieux mur\"}]},{\"@type\":\"WebSite\",\"@id\":\"https:\\\/\\\/srfb.be\\\/#website\",\"url\":\"https:\\\/\\\/srfb.be\\\/\",\"name\":\"Soci\u00e9t\u00e9 Royale Foresti\u00e8re de Belgique\",\"description\":\"Au service de la for\u00eat et des forestiers\",\"publisher\":{\"@id\":\"https:\\\/\\\/srfb.be\\\/#organization\"},\"alternateName\":\"SRFB-KBBM\",\"potentialAction\":[{\"@type\":\"SearchAction\",\"target\":{\"@type\":\"EntryPoint\",\"urlTemplate\":\"https:\\\/\\\/srfb.be\\\/?s={search_term_string}\"},\"query-input\":{\"@type\":\"PropertyValueSpecification\",\"valueRequired\":true,\"valueName\":\"search_term_string\"}}],\"inLanguage\":\"nl-BE\"},{\"@type\":\"Organization\",\"@id\":\"https:\\\/\\\/srfb.be\\\/#organization\",\"name\":\"Soci\u00e9t\u00e9 Royale Foresti\u00e8re De Belgique - Koninklijke Belgische Bosbouwmaatschappij\",\"alternateName\":\"SRFB-KBBM\",\"url\":\"https:\\\/\\\/srfb.be\\\/\",\"logo\":{\"@type\":\"ImageObject\",\"inLanguage\":\"nl-BE\",\"@id\":\"https:\\\/\\\/srfb.be\\\/#\\\/schema\\\/logo\\\/image\\\/\",\"url\":\"https:\\\/\\\/srfb.be\\\/wp-content\\\/uploads\\\/2019\\\/06\\\/android-chrome-256x256.png\",\"contentUrl\":\"https:\\\/\\\/srfb.be\\\/wp-content\\\/uploads\\\/2019\\\/06\\\/android-chrome-256x256.png\",\"width\":1200,\"height\":1232,\"caption\":\"Soci\u00e9t\u00e9 Royale Foresti\u00e8re De Belgique - Koninklijke Belgische Bosbouwmaatschappij\"},\"image\":{\"@id\":\"https:\\\/\\\/srfb.be\\\/#\\\/schema\\\/logo\\\/image\\\/\"},\"sameAs\":[\"https:\\\/\\\/www.facebook.com\\\/srfb.be\",\"https:\\\/\\\/www.instagram.com\\\/srfb_kbbm\\\/\",\"https:\\\/\\\/www.linkedin.com\\\/company\\\/srfb-kbbm\\\/\",\"https:\\\/\\\/www.youtube.com\\\/user\\\/srfbkbbm\"]}]}<\/script>\n<!-- \/ Yoast SEO plugin. -->","yoast_head_json":{"title":"Voorbij de oude muur - Koninklijke Belgische Bosbouwmaatschappij","robots":{"index":"index","follow":"follow","max-snippet":"max-snippet:-1","max-image-preview":"max-image-preview:large","max-video-preview":"max-video-preview:-1"},"canonical":"https:\/\/www.kbbm.be\/de\/forest-shop\/jenseits-der-alten-mauer\/","og_locale":"nl_BE","og_type":"article","og_title":"Au-del\u00e0 du vieux mur - Soci\u00e9t\u00e9 Royale Foresti\u00e8re de Belgique","og_description":"J\u2019ai rencontr\u00e9 le vieil homme le soir de la temp\u00eate. Il sortait de la bergerie dans son bleu de travail d\u00e9color\u00e9. Quand il me vit, grelottant de froid et de peur, il m\u2019invita \u00e0 me r\u00e9chauffer dans le grand salon du manoir, au c\u0153ur du domaine d\u2019Hermeline.  \u00c0 la fois ch\u00e2telain et jardinier, cet homme gardait un tr\u00e9sor.  Oubli\u00e9 des hommes, le domaine d\u2019Hermeline dort en bordure du village. Dans ce royaume o\u00f9 vit un vieillard solitaire, un enfant apprend \u00e0 aimer la terre. Il y d\u00e9couvre la valeur du silence et de l\u2019amiti\u00e9. Esquisse d\u2019un monde effac\u00e9 qui, peut-\u00eatre, quelque part, existe encore.  Auteur : Olivier Terlinden","og_url":"https:\/\/www.kbbm.be\/de\/forest-shop\/jenseits-der-alten-mauer\/","og_site_name":"Soci\u00e9t\u00e9 Royale Foresti\u00e8re de Belgique","article_publisher":"https:\/\/www.facebook.com\/srfb.be","article_modified_time":"2024-07-23T07:27:14+00:00","og_image":[{"width":720,"height":1207,"url":"https:\/\/www.kbbm.be\/wp-content\/uploads\/2024\/07\/Vieux-mur-couverture.jpg","type":"image\/jpeg"}],"schema":{"@context":"https:\/\/schema.org","@graph":[{"@type":"WebPage","@id":"https:\/\/www.kbbm.be\/de\/forest-shop\/jenseits-der-alten-mauer\/","url":"https:\/\/www.kbbm.be\/de\/forest-shop\/jenseits-der-alten-mauer\/","name":"Voorbij de oude muur - Koninklijke Belgische Bosbouwmaatschappij","isPartOf":{"@id":"https:\/\/srfb.be\/#website"},"primaryImageOfPage":{"@id":"https:\/\/www.kbbm.be\/de\/forest-shop\/jenseits-der-alten-mauer\/#primaryimage"},"image":{"@id":"https:\/\/www.kbbm.be\/de\/forest-shop\/jenseits-der-alten-mauer\/#primaryimage"},"thumbnailUrl":"https:\/\/kbbm.be\/wp-content\/uploads\/2024\/07\/Vieux-mur-couverture.jpg","datePublished":"2024-07-23T07:25:28+00:00","dateModified":"2024-07-23T07:27:14+00:00","breadcrumb":{"@id":"https:\/\/www.kbbm.be\/de\/forest-shop\/jenseits-der-alten-mauer\/#breadcrumb"},"inLanguage":"nl-BE","potentialAction":[{"@type":"ReadAction","target":["https:\/\/www.kbbm.be\/de\/forest-shop\/jenseits-der-alten-mauer\/"]}]},{"@type":"ImageObject","inLanguage":"nl-BE","@id":"https:\/\/www.kbbm.be\/de\/forest-shop\/jenseits-der-alten-mauer\/#primaryimage","url":"https:\/\/kbbm.be\/wp-content\/uploads\/2024\/07\/Vieux-mur-couverture.jpg","contentUrl":"https:\/\/kbbm.be\/wp-content\/uploads\/2024\/07\/Vieux-mur-couverture.jpg","width":720,"height":1207,"caption":"Couverture du livre : au-del\u00e0 du vieux mur"},{"@type":"BreadcrumbList","@id":"https:\/\/www.kbbm.be\/de\/forest-shop\/jenseits-der-alten-mauer\/#breadcrumb","itemListElement":[{"@type":"ListItem","position":1,"name":"Accueil","item":"https:\/\/srfb.be\/"},{"@type":"ListItem","position":2,"name":"Produits","item":"https:\/\/srfb.be\/shop\/"},{"@type":"ListItem","position":3,"name":"Au-del\u00e0 du vieux mur"}]},{"@type":"WebSite","@id":"https:\/\/srfb.be\/#website","url":"https:\/\/srfb.be\/","name":"Koninklijke Belgische Bosbouwmaatschappij","description":"Ten dienste van het bos en de bosbouwers","publisher":{"@id":"https:\/\/srfb.be\/#organization"},"alternateName":"SRFB-KBBM","potentialAction":[{"@type":"SearchAction","target":{"@type":"EntryPoint","urlTemplate":"https:\/\/srfb.be\/?s={search_term_string}"},"query-input":{"@type":"PropertyValueSpecification","valueRequired":true,"valueName":"search_term_string"}}],"inLanguage":"nl-BE"},{"@type":"Organization","@id":"https:\/\/srfb.be\/#organization","name":"Soci\u00e9t\u00e9 Royale Foresti\u00e8re De Belgique - Koninklijke Belgische Bosbouwmaatschappij","alternateName":"SRFB-KBBM","url":"https:\/\/srfb.be\/","logo":{"@type":"ImageObject","inLanguage":"nl-BE","@id":"https:\/\/srfb.be\/#\/schema\/logo\/image\/","url":"https:\/\/srfb.be\/wp-content\/uploads\/2019\/06\/android-chrome-256x256.png","contentUrl":"https:\/\/srfb.be\/wp-content\/uploads\/2019\/06\/android-chrome-256x256.png","width":1200,"height":1232,"caption":"Soci\u00e9t\u00e9 Royale Foresti\u00e8re De Belgique - Koninklijke Belgische Bosbouwmaatschappij"},"image":{"@id":"https:\/\/srfb.be\/#\/schema\/logo\/image\/"},"sameAs":["https:\/\/www.facebook.com\/srfb.be","https:\/\/www.instagram.com\/srfb_kbbm\/","https:\/\/www.linkedin.com\/company\/srfb-kbbm\/","https:\/\/www.youtube.com\/user\/srfbkbbm"]}]}},"_links":{"self":[{"href":"https:\/\/kbbm.be\/nl\/wp-json\/wp\/v2\/product\/36999","targetHints":{"allow":["GET"]}}],"collection":[{"href":"https:\/\/kbbm.be\/nl\/wp-json\/wp\/v2\/product"}],"about":[{"href":"https:\/\/kbbm.be\/nl\/wp-json\/wp\/v2\/types\/product"}],"replies":[{"embeddable":true,"href":"https:\/\/kbbm.be\/nl\/wp-json\/wp\/v2\/comments?post=36999"}],"wp:featuredmedia":[{"embeddable":true,"href":"https:\/\/kbbm.be\/nl\/wp-json\/wp\/v2\/media\/37000"}],"wp:attachment":[{"href":"https:\/\/kbbm.be\/nl\/wp-json\/wp\/v2\/media?parent=36999"}],"wp:term":[{"taxonomy":"product_brand","embeddable":true,"href":"https:\/\/kbbm.be\/nl\/wp-json\/wp\/v2\/product_brand?post=36999"},{"taxonomy":"product_cat","embeddable":true,"href":"https:\/\/kbbm.be\/nl\/wp-json\/wp\/v2\/product_cat?post=36999"},{"taxonomy":"product_tag","embeddable":true,"href":"https:\/\/kbbm.be\/nl\/wp-json\/wp\/v2\/product_tag?post=36999"}],"curies":[{"name":"wp","href":"https:\/\/api.w.org\/{rel}","templated":true}]}}