{"id":33699,"date":"2023-08-31T17:33:02","date_gmt":"2023-08-31T15:33:02","guid":{"rendered":"https:\/\/srfb.be\/?post_type=product&#038;p=33699"},"modified":"2023-08-31T17:33:58","modified_gmt":"2023-08-31T15:33:58","slug":"berkenbosbouw-de-opkomende-soort-in-west-europa","status":"publish","type":"product","link":"https:\/\/kbbm.be\/nl\/forest-shop\/sylviculture-du-bouleau-lessence-montante-de-leurope-occidentale\/","title":{"rendered":"Berkenbosbouw: de opkomende soort in West-Europa"},"content":{"rendered":"<p><strong>Vraagt u zich af hoe u uw bos kunt diversifi\u00ebren? Bent u ervan overtuigd dat de berk de soort van de toekomst is? Of denkt u: \"Berken... we weten niet wat we ermee moeten doen\"? Dan is deze nieuwe bosbouwgids iets voor jou!<\/strong><\/p>\n<p>De afgelopen twee decennia hebben klimaatverandering en gezondheidsproblemen bij onze belangrijkste productiebossen het huidige beheer ernstig verstoord en twijfel gezaaid over de beslissingen die genomen moeten worden voor het bos van de toekomst. De noodzaak om opstanden te diversifi\u00ebren en nieuwe bosbouwstrategie\u00ebn te omarmen wordt duidelijk. Meer dan ooit staan we op een keerpunt waar we doordacht en ambitieus mee om moeten gaan. Hoe kan bosbouw helpen om onze bossen aan te passen aan deze veranderingen? Welke soorten moeten we nu de voorkeur geven voor de toekomst van onze bossen?<\/p>\n<p>In de 19e eeuw was het gebruik van exotische soorten om ons assortiment productiesoorten te verrijken de eerste reflex, met de spar, in de 20e eeuw gevolgd door andere soorten zoals de douglasspar, de Amerikaanse rode eik en, meer recent, de ceder en de thuja. Er zijn een aantal onzekerheden rond de vestiging van deze soorten: zullen ze gedijen in ons veranderende klimaat en op onze bodems? Zullen ze geen ziekten importeren, invasief worden en een bedreiging vormen voor lokale omgevingen en soorten? Helaas hebben ze ook te kampen met gezondheidsproblemen van verschillende ernst.<\/p>\n<p>Het zou daarom ook verstandig zijn om soorten uit ons natuurlijk boserfgoed op te nemen in de bosbouw. De berk, die snel voordeel haalt uit gaten in het bos die ontstaan door kaalkap of verstoring, past perfect in deze context. Met zijn vele bosbouwkundige en ecologische voordelen en zijn potentieel om waarde toe te voegen, trekt hij steeds meer belangstelling van landeigenaren en de houtindustrie. Maar hoewel het misschien de enige boom is die gemakkelijk herkend wordt door een beginner dankzij zijn karakteristieke witte bast, is hij paradoxaal genoeg weinig bekend bij bosbouwers en is hij in West-Europa grotendeels ondergewaardeerd. De tijd is rijp om hem in de schijnwerpers te zetten en te leren hoe we deze robuuste, wilskrachtige boom, die zich op natuurlijke wijze een weg baant naar onze geteisterde bossen om als overgangsbondgenoot de plaats in te nemen van soorten die het moeilijk hebben, kunnen temmen.<\/p>\n<p>Dit is het doel van deze gids, die gewijd is aan berkensilvicultuur. Het eerste deel behandelt de mogelijkheden die de berk biedt vanuit het oogpunt van bosbeheer en de ontwikkeling van zijn producten. Het tweede deel geeft de informatie die u nodig hebt om de berkenkwekerij te begrijpen, alvorens dieper in te gaan op technische details over berkenopstanden en enkele voorbeelden van mengsels.<\/p>","protected":false},"excerpt":{"rendered":"<p><strong>Vraagt u zich af hoe u uw bos kunt diversifi\u00ebren? Bent u ervan overtuigd dat de berk de soort van de toekomst is? Of denkt u: \"Berken... we weten niet wat we ermee moeten doen\"? Dan is deze nieuwe bosbouwgids iets voor jou!<\/strong><\/p>\n<p>De afgelopen twee decennia hebben klimaatverandering en gezondheidsproblemen bij onze belangrijkste productiebossen het huidige beheer ernstig verstoord en twijfel gezaaid over de beslissingen die genomen moeten worden voor het bos van de toekomst. De noodzaak om opstanden te diversifi\u00ebren en nieuwe bosbouwstrategie\u00ebn te omarmen wordt duidelijk. Meer dan ooit staan we op een keerpunt waar we doordacht en ambitieus mee om moeten gaan. Hoe kan bosbouw helpen om onze bossen aan te passen aan deze veranderingen? Welke soorten moeten we nu de voorkeur geven voor de toekomst van onze bossen?<\/p>","protected":false},"featured_media":33700,"comment_status":"closed","ping_status":"closed","template":"","meta":{"iawp_total_views":91},"product_brand":[],"product_cat":[688,314],"product_tag":[],"class_list":{"0":"post-33699","1":"product","2":"type-product","3":"status-publish","4":"has-post-thumbnail","6":"product_cat-sante-des-forets","7":"product_cat-sylviculture","9":"first","10":"instock","11":"shipping-taxable","12":"purchasable","13":"product-type-simple"},"yoast_head":"<!-- This site is optimized with the Yoast SEO plugin v27.4 - https:\/\/yoast.com\/product\/yoast-seo-wordpress\/ -->\n<title>Sylviculture du bouleau : L\u2019essence montante de l\u2019Europe occidentale - Soci\u00e9t\u00e9 Royale Foresti\u00e8re de Belgique<\/title>\n<meta name=\"robots\" content=\"index, follow, max-snippet:-1, max-image-preview:large, max-video-preview:-1\" \/>\n<link rel=\"canonical\" href=\"https:\/\/srfb.be\/de\/forest-shop\/sylviculture-du-bouleau-lessence-montante-de-leurope-occidentale\/\" \/>\n<meta property=\"og:locale\" content=\"nl_BE\" \/>\n<meta property=\"og:type\" content=\"article\" \/>\n<meta property=\"og:title\" content=\"Sylviculture du bouleau : L\u2019essence montante de l\u2019Europe occidentale - Soci\u00e9t\u00e9 Royale Foresti\u00e8re de Belgique\" \/>\n<meta property=\"og:description\" content=\"Vous vous questionnez sur la mani\u00e8re de diversifier votre for\u00eat ? Vous \u00eates convaincu que le bouleau est une essence d\u2019avenir ? Ou vous pensez : \u00ab Le bouleau\u2026 on ne sait rien en faire. \u00bb Alors, ce nouveau guide sylvicole est fait pour vous !  Depuis deux d\u00e9cennies, les changements climatiques et les probl\u00e8mes sanitaires, qui affectent nos principales essences foresti\u00e8res de production, perturbent fortement la gestion courante et s\u00e8ment le doute quant aux d\u00e9cisions \u00e0 prendre pour la for\u00eat future. La n\u00e9cessit\u00e9 de diversifier les peuplements et de s\u2019ouvrir \u00e0 de nouvelles strat\u00e9gies sylvicoles devient d\u00e8s lors \u00e9vidente. Plus que jamais, nous amor\u00e7ons un virage qu\u2019il faut n\u00e9gocier avec r\u00e9flexion et ambition. Comment la sylviculture peut-elle contribuer \u00e0 adapter nos for\u00eats \u00e0 ces changements\u202f? Quelles essences favoriser maintenant pour le futur de nos for\u00eats ?\" \/>\n<meta property=\"og:url\" content=\"https:\/\/srfb.be\/de\/forest-shop\/sylviculture-du-bouleau-lessence-montante-de-leurope-occidentale\/\" \/>\n<meta property=\"og:site_name\" content=\"Soci\u00e9t\u00e9 Royale Foresti\u00e8re de Belgique\" \/>\n<meta property=\"article:publisher\" content=\"https:\/\/www.facebook.com\/srfb.be\" \/>\n<meta property=\"article:modified_time\" content=\"2023-08-31T15:33:58+00:00\" \/>\n<meta property=\"og:image\" content=\"https:\/\/srfb.be\/wp-content\/uploads\/2023\/08\/bouleau.png\" \/>\n\t<meta property=\"og:image:width\" content=\"1040\" \/>\n\t<meta property=\"og:image:height\" content=\"925\" \/>\n\t<meta property=\"og:image:type\" content=\"image\/png\" \/>\n<script type=\"application\/ld+json\" class=\"yoast-schema-graph\">{\"@context\":\"https:\\\/\\\/schema.org\",\"@graph\":[{\"@type\":\"WebPage\",\"@id\":\"https:\\\/\\\/srfb.be\\\/de\\\/forest-shop\\\/sylviculture-du-bouleau-lessence-montante-de-leurope-occidentale\\\/\",\"url\":\"https:\\\/\\\/srfb.be\\\/de\\\/forest-shop\\\/sylviculture-du-bouleau-lessence-montante-de-leurope-occidentale\\\/\",\"name\":\"Sylviculture du bouleau : L\u2019essence montante de l\u2019Europe occidentale - Soci\u00e9t\u00e9 Royale Foresti\u00e8re de Belgique\",\"isPartOf\":{\"@id\":\"https:\\\/\\\/kbbm.be\\\/en\\\/#website\"},\"primaryImageOfPage\":{\"@id\":\"https:\\\/\\\/srfb.be\\\/de\\\/forest-shop\\\/sylviculture-du-bouleau-lessence-montante-de-leurope-occidentale\\\/#primaryimage\"},\"image\":{\"@id\":\"https:\\\/\\\/srfb.be\\\/de\\\/forest-shop\\\/sylviculture-du-bouleau-lessence-montante-de-leurope-occidentale\\\/#primaryimage\"},\"thumbnailUrl\":\"https:\\\/\\\/kbbm.be\\\/wp-content\\\/uploads\\\/2023\\\/08\\\/bouleau.png\",\"datePublished\":\"2023-08-31T15:33:02+00:00\",\"dateModified\":\"2023-08-31T15:33:58+00:00\",\"breadcrumb\":{\"@id\":\"https:\\\/\\\/srfb.be\\\/de\\\/forest-shop\\\/sylviculture-du-bouleau-lessence-montante-de-leurope-occidentale\\\/#breadcrumb\"},\"inLanguage\":\"nl-BE\",\"potentialAction\":[{\"@type\":\"ReadAction\",\"target\":[\"https:\\\/\\\/srfb.be\\\/de\\\/forest-shop\\\/sylviculture-du-bouleau-lessence-montante-de-leurope-occidentale\\\/\"]}]},{\"@type\":\"ImageObject\",\"inLanguage\":\"nl-BE\",\"@id\":\"https:\\\/\\\/srfb.be\\\/de\\\/forest-shop\\\/sylviculture-du-bouleau-lessence-montante-de-leurope-occidentale\\\/#primaryimage\",\"url\":\"https:\\\/\\\/kbbm.be\\\/wp-content\\\/uploads\\\/2023\\\/08\\\/bouleau.png\",\"contentUrl\":\"https:\\\/\\\/kbbm.be\\\/wp-content\\\/uploads\\\/2023\\\/08\\\/bouleau.png\",\"width\":1040,\"height\":925,\"caption\":\"Sylviculture du bouleau - L\u2019essence montante de l\u2019Europe occidentale\"},{\"@type\":\"BreadcrumbList\",\"@id\":\"https:\\\/\\\/srfb.be\\\/de\\\/forest-shop\\\/sylviculture-du-bouleau-lessence-montante-de-leurope-occidentale\\\/#breadcrumb\",\"itemListElement\":[{\"@type\":\"ListItem\",\"position\":1,\"name\":\"Accueil\",\"item\":\"https:\\\/\\\/kbbm.be\\\/en\\\/\"},{\"@type\":\"ListItem\",\"position\":2,\"name\":\"Produits\",\"item\":\"https:\\\/\\\/srfb.be\\\/shop\\\/\"},{\"@type\":\"ListItem\",\"position\":3,\"name\":\"Sylviculture du bouleau : L\u2019essence montante de l\u2019Europe occidentale\"}]},{\"@type\":\"WebSite\",\"@id\":\"https:\\\/\\\/kbbm.be\\\/en\\\/#website\",\"url\":\"https:\\\/\\\/kbbm.be\\\/en\\\/\",\"name\":\"Soci\u00e9t\u00e9 Royale Foresti\u00e8re de Belgique\",\"description\":\"Au service de la for\u00eat et des forestiers\",\"publisher\":{\"@id\":\"https:\\\/\\\/kbbm.be\\\/en\\\/#organization\"},\"alternateName\":\"SRFB-KBBM\",\"potentialAction\":[{\"@type\":\"SearchAction\",\"target\":{\"@type\":\"EntryPoint\",\"urlTemplate\":\"https:\\\/\\\/kbbm.be\\\/en\\\/?s={search_term_string}\"},\"query-input\":{\"@type\":\"PropertyValueSpecification\",\"valueRequired\":true,\"valueName\":\"search_term_string\"}}],\"inLanguage\":\"nl-BE\"},{\"@type\":\"Organization\",\"@id\":\"https:\\\/\\\/kbbm.be\\\/en\\\/#organization\",\"name\":\"Soci\u00e9t\u00e9 Royale Foresti\u00e8re De Belgique - Koninklijke Belgische Bosbouwmaatschappij\",\"alternateName\":\"SRFB-KBBM\",\"url\":\"https:\\\/\\\/kbbm.be\\\/en\\\/\",\"logo\":{\"@type\":\"ImageObject\",\"inLanguage\":\"nl-BE\",\"@id\":\"https:\\\/\\\/kbbm.be\\\/en\\\/#\\\/schema\\\/logo\\\/image\\\/\",\"url\":\"https:\\\/\\\/srfb.be\\\/wp-content\\\/uploads\\\/2019\\\/06\\\/android-chrome-256x256.png\",\"contentUrl\":\"https:\\\/\\\/srfb.be\\\/wp-content\\\/uploads\\\/2019\\\/06\\\/android-chrome-256x256.png\",\"width\":1200,\"height\":1232,\"caption\":\"Soci\u00e9t\u00e9 Royale Foresti\u00e8re De Belgique - Koninklijke Belgische Bosbouwmaatschappij\"},\"image\":{\"@id\":\"https:\\\/\\\/kbbm.be\\\/en\\\/#\\\/schema\\\/logo\\\/image\\\/\"},\"sameAs\":[\"https:\\\/\\\/www.facebook.com\\\/srfb.be\",\"https:\\\/\\\/www.instagram.com\\\/srfb_kbbm\\\/\",\"https:\\\/\\\/www.linkedin.com\\\/company\\\/srfb-kbbm\\\/\",\"https:\\\/\\\/www.youtube.com\\\/user\\\/srfbkbbm\"]}]}<\/script>\n<!-- \/ Yoast SEO plugin. -->","yoast_head_json":{"title":"Bosbouw van de berk: de opkomende soort in West-Europa - Koninklijke Belgische Bosbouwmaatschappij","robots":{"index":"index","follow":"follow","max-snippet":"max-snippet:-1","max-image-preview":"max-image-preview:large","max-video-preview":"max-video-preview:-1"},"canonical":"https:\/\/srfb.be\/de\/forest-shop\/sylviculture-du-bouleau-lessence-montante-de-leurope-occidentale\/","og_locale":"nl_BE","og_type":"article","og_title":"Sylviculture du bouleau : L\u2019essence montante de l\u2019Europe occidentale - Soci\u00e9t\u00e9 Royale Foresti\u00e8re de Belgique","og_description":"Vous vous questionnez sur la mani\u00e8re de diversifier votre for\u00eat ? Vous \u00eates convaincu que le bouleau est une essence d\u2019avenir ? Ou vous pensez : \u00ab Le bouleau\u2026 on ne sait rien en faire. \u00bb Alors, ce nouveau guide sylvicole est fait pour vous !  Depuis deux d\u00e9cennies, les changements climatiques et les probl\u00e8mes sanitaires, qui affectent nos principales essences foresti\u00e8res de production, perturbent fortement la gestion courante et s\u00e8ment le doute quant aux d\u00e9cisions \u00e0 prendre pour la for\u00eat future. La n\u00e9cessit\u00e9 de diversifier les peuplements et de s\u2019ouvrir \u00e0 de nouvelles strat\u00e9gies sylvicoles devient d\u00e8s lors \u00e9vidente. Plus que jamais, nous amor\u00e7ons un virage qu\u2019il faut n\u00e9gocier avec r\u00e9flexion et ambition. Comment la sylviculture peut-elle contribuer \u00e0 adapter nos for\u00eats \u00e0 ces changements\u202f? Quelles essences favoriser maintenant pour le futur de nos for\u00eats ?","og_url":"https:\/\/srfb.be\/de\/forest-shop\/sylviculture-du-bouleau-lessence-montante-de-leurope-occidentale\/","og_site_name":"Soci\u00e9t\u00e9 Royale Foresti\u00e8re de Belgique","article_publisher":"https:\/\/www.facebook.com\/srfb.be","article_modified_time":"2023-08-31T15:33:58+00:00","og_image":[{"width":1040,"height":925,"url":"https:\/\/srfb.be\/wp-content\/uploads\/2023\/08\/bouleau.png","type":"image\/png"}],"schema":{"@context":"https:\/\/schema.org","@graph":[{"@type":"WebPage","@id":"https:\/\/srfb.be\/de\/forest-shop\/sylviculture-du-bouleau-lessence-montante-de-leurope-occidentale\/","url":"https:\/\/srfb.be\/de\/forest-shop\/sylviculture-du-bouleau-lessence-montante-de-leurope-occidentale\/","name":"Bosbouw van de berk: de opkomende soort in West-Europa - Koninklijke Belgische Bosbouwmaatschappij","isPartOf":{"@id":"https:\/\/kbbm.be\/en\/#website"},"primaryImageOfPage":{"@id":"https:\/\/srfb.be\/de\/forest-shop\/sylviculture-du-bouleau-lessence-montante-de-leurope-occidentale\/#primaryimage"},"image":{"@id":"https:\/\/srfb.be\/de\/forest-shop\/sylviculture-du-bouleau-lessence-montante-de-leurope-occidentale\/#primaryimage"},"thumbnailUrl":"https:\/\/kbbm.be\/wp-content\/uploads\/2023\/08\/bouleau.png","datePublished":"2023-08-31T15:33:02+00:00","dateModified":"2023-08-31T15:33:58+00:00","breadcrumb":{"@id":"https:\/\/srfb.be\/de\/forest-shop\/sylviculture-du-bouleau-lessence-montante-de-leurope-occidentale\/#breadcrumb"},"inLanguage":"nl-BE","potentialAction":[{"@type":"ReadAction","target":["https:\/\/srfb.be\/de\/forest-shop\/sylviculture-du-bouleau-lessence-montante-de-leurope-occidentale\/"]}]},{"@type":"ImageObject","inLanguage":"nl-BE","@id":"https:\/\/srfb.be\/de\/forest-shop\/sylviculture-du-bouleau-lessence-montante-de-leurope-occidentale\/#primaryimage","url":"https:\/\/kbbm.be\/wp-content\/uploads\/2023\/08\/bouleau.png","contentUrl":"https:\/\/kbbm.be\/wp-content\/uploads\/2023\/08\/bouleau.png","width":1040,"height":925,"caption":"Sylviculture du bouleau - L\u2019essence montante de l\u2019Europe occidentale"},{"@type":"BreadcrumbList","@id":"https:\/\/srfb.be\/de\/forest-shop\/sylviculture-du-bouleau-lessence-montante-de-leurope-occidentale\/#breadcrumb","itemListElement":[{"@type":"ListItem","position":1,"name":"Accueil","item":"https:\/\/kbbm.be\/en\/"},{"@type":"ListItem","position":2,"name":"Produits","item":"https:\/\/srfb.be\/shop\/"},{"@type":"ListItem","position":3,"name":"Sylviculture du bouleau : L\u2019essence montante de l\u2019Europe occidentale"}]},{"@type":"WebSite","@id":"https:\/\/kbbm.be\/en\/#website","url":"https:\/\/kbbm.be\/en\/","name":"Koninklijke Belgische Bosbouwmaatschappij","description":"Ten dienste van het bos en de bosbouwers","publisher":{"@id":"https:\/\/kbbm.be\/en\/#organization"},"alternateName":"SRFB-KBBM","potentialAction":[{"@type":"SearchAction","target":{"@type":"EntryPoint","urlTemplate":"https:\/\/kbbm.be\/en\/?s={search_term_string}"},"query-input":{"@type":"PropertyValueSpecification","valueRequired":true,"valueName":"search_term_string"}}],"inLanguage":"nl-BE"},{"@type":"Organization","@id":"https:\/\/kbbm.be\/en\/#organization","name":"Soci\u00e9t\u00e9 Royale Foresti\u00e8re De Belgique - Koninklijke Belgische Bosbouwmaatschappij","alternateName":"SRFB-KBBM","url":"https:\/\/kbbm.be\/en\/","logo":{"@type":"ImageObject","inLanguage":"nl-BE","@id":"https:\/\/kbbm.be\/en\/#\/schema\/logo\/image\/","url":"https:\/\/srfb.be\/wp-content\/uploads\/2019\/06\/android-chrome-256x256.png","contentUrl":"https:\/\/srfb.be\/wp-content\/uploads\/2019\/06\/android-chrome-256x256.png","width":1200,"height":1232,"caption":"Soci\u00e9t\u00e9 Royale Foresti\u00e8re De Belgique - Koninklijke Belgische Bosbouwmaatschappij"},"image":{"@id":"https:\/\/kbbm.be\/en\/#\/schema\/logo\/image\/"},"sameAs":["https:\/\/www.facebook.com\/srfb.be","https:\/\/www.instagram.com\/srfb_kbbm\/","https:\/\/www.linkedin.com\/company\/srfb-kbbm\/","https:\/\/www.youtube.com\/user\/srfbkbbm"]}]}},"_links":{"self":[{"href":"https:\/\/kbbm.be\/nl\/wp-json\/wp\/v2\/product\/33699","targetHints":{"allow":["GET"]}}],"collection":[{"href":"https:\/\/kbbm.be\/nl\/wp-json\/wp\/v2\/product"}],"about":[{"href":"https:\/\/kbbm.be\/nl\/wp-json\/wp\/v2\/types\/product"}],"replies":[{"embeddable":true,"href":"https:\/\/kbbm.be\/nl\/wp-json\/wp\/v2\/comments?post=33699"}],"wp:featuredmedia":[{"embeddable":true,"href":"https:\/\/kbbm.be\/nl\/wp-json\/wp\/v2\/media\/33700"}],"wp:attachment":[{"href":"https:\/\/kbbm.be\/nl\/wp-json\/wp\/v2\/media?parent=33699"}],"wp:term":[{"taxonomy":"product_brand","embeddable":true,"href":"https:\/\/kbbm.be\/nl\/wp-json\/wp\/v2\/product_brand?post=33699"},{"taxonomy":"product_cat","embeddable":true,"href":"https:\/\/kbbm.be\/nl\/wp-json\/wp\/v2\/product_cat?post=33699"},{"taxonomy":"product_tag","embeddable":true,"href":"https:\/\/kbbm.be\/nl\/wp-json\/wp\/v2\/product_tag?post=33699"}],"curies":[{"name":"wp","href":"https:\/\/api.w.org\/{rel}","templated":true}]}}