{"id":10882,"date":"2020-03-20T14:44:27","date_gmt":"2020-03-20T14:44:27","guid":{"rendered":"https:\/\/new.srfb.be\/?post_type=product&#038;p=10882"},"modified":"2026-03-03T16:51:58","modified_gmt":"2026-03-03T15:51:58","slug":"les-manchons-grillages","status":"publish","type":"product","link":"https:\/\/kbbm.be\/nl\/forest-shop\/les-manchons-grillages\/","title":{"rendered":"Mesh mouwen"},"content":{"rendered":"","protected":false},"excerpt":{"rendered":"<p>Hertachtigen hebben een legitieme en noodzakelijke plaats in het ecosysteem, maar het biologisch evenwicht van bossen en open omgevingen wordt soms bedreigd door hun demografische en geografische expansie. De meest effectieve manier om de aanwezigheid van wild te combineren met boomregeneratie is het beschermen van plantages. Dit boek beschrijft alle mogelijke soorten schade aan bomen door wild en de criteria om ze in het veld te identificeren. Het doel is om het gemakkelijker te maken om het dier dat verantwoordelijk is voor de schade correct te identificeren, zodat een geschikt beschermingsproduct kan worden gekozen.<br \/>\n21 x 29,7 cm, 67 pagina's<\/p>","protected":false},"featured_media":10883,"comment_status":"open","ping_status":"closed","template":"","meta":{"iawp_total_views":38},"product_brand":[],"product_cat":[693,314],"product_tag":[],"class_list":{"0":"post-10882","1":"product","2":"type-product","3":"status-publish","4":"has-post-thumbnail","6":"product_cat-foret-gibier","7":"product_cat-sylviculture","9":"first","10":"instock","11":"shipping-taxable","12":"purchasable","13":"product-type-simple"},"yoast_head":"<!-- This site is optimized with the Yoast SEO plugin v27.4 - https:\/\/yoast.com\/product\/yoast-seo-wordpress\/ -->\n<title>Les manchons grillag\u00e9s - Soci\u00e9t\u00e9 Royale Foresti\u00e8re de Belgique<\/title>\n<meta name=\"robots\" content=\"index, follow, max-snippet:-1, max-image-preview:large, max-video-preview:-1\" \/>\n<link rel=\"canonical\" href=\"https:\/\/kbbm.be\/nl\/forest-shop\/les-manchons-grillages\/\" \/>\n<meta property=\"og:locale\" content=\"nl_BE\" \/>\n<meta property=\"og:type\" content=\"article\" \/>\n<meta property=\"og:title\" content=\"Les manchons grillag\u00e9s - Soci\u00e9t\u00e9 Royale Foresti\u00e8re de Belgique\" \/>\n<meta property=\"og:description\" content=\"Les cervid\u00e9s ont une place l\u00e9gitime et n\u00e9cessaire dans l\u2019\u00e9cosyst\u00e8me mais l\u2019\u00e9quilibre biologique de la for\u00eat et des milieux ouverts est parfois menac\u00e9 par leur expansion d\u00e9mographique et g\u00e9ographique. Pour allier la pr\u00e9sence du gibier et la r\u00e9g\u00e9n\u00e9ration des arbres, la solution la plus efficace consiste \u00e0 prot\u00e9ger les plantations. L\u2019ouvrage d\u00e9crit l\u2019ensemble des dommages possibles caus\u00e9s par le gibier aux arbres et leurs crit\u00e8res d\u2019identification sur le terrain. Il vise \u00e0 faciliter la d\u00e9termination correcte de l\u2019animal responsable des d\u00e9g\u00e2ts permettant le choix d\u2019un produit ad\u00e9quat de protection. 21 x 29,7 cm, 67 pages\" \/>\n<meta property=\"og:url\" content=\"https:\/\/kbbm.be\/nl\/forest-shop\/les-manchons-grillages\/\" \/>\n<meta property=\"og:site_name\" content=\"Soci\u00e9t\u00e9 Royale Foresti\u00e8re de Belgique\" \/>\n<meta property=\"article:publisher\" content=\"https:\/\/www.facebook.com\/srfb.be\" \/>\n<meta property=\"article:modified_time\" content=\"2026-03-03T15:51:58+00:00\" \/>\n<meta property=\"og:image\" content=\"https:\/\/kbbm.be\/wp-content\/uploads\/2020\/03\/manchons_grillag\u00e9s-scaled.jpg\" \/>\n\t<meta property=\"og:image:width\" content=\"1193\" \/>\n\t<meta property=\"og:image:height\" content=\"1700\" \/>\n\t<meta property=\"og:image:type\" content=\"image\/jpeg\" \/>\n<script type=\"application\/ld+json\" class=\"yoast-schema-graph\">{\"@context\":\"https:\\\/\\\/schema.org\",\"@graph\":[{\"@type\":\"WebPage\",\"@id\":\"https:\\\/\\\/kbbm.be\\\/de\\\/forest-shop\\\/les-manchons-grillages\\\/\",\"url\":\"https:\\\/\\\/kbbm.be\\\/de\\\/forest-shop\\\/les-manchons-grillages\\\/\",\"name\":\"Les manchons grillag\u00e9s - Soci\u00e9t\u00e9 Royale Foresti\u00e8re de Belgique\",\"isPartOf\":{\"@id\":\"https:\\\/\\\/srfb.be\\\/#website\"},\"primaryImageOfPage\":{\"@id\":\"https:\\\/\\\/kbbm.be\\\/de\\\/forest-shop\\\/les-manchons-grillages\\\/#primaryimage\"},\"image\":{\"@id\":\"https:\\\/\\\/kbbm.be\\\/de\\\/forest-shop\\\/les-manchons-grillages\\\/#primaryimage\"},\"thumbnailUrl\":\"https:\\\/\\\/kbbm.be\\\/wp-content\\\/uploads\\\/2020\\\/03\\\/manchons_grillag\u00e9s-scaled.jpg\",\"datePublished\":\"2020-03-20T14:44:27+00:00\",\"dateModified\":\"2026-03-03T15:51:58+00:00\",\"breadcrumb\":{\"@id\":\"https:\\\/\\\/kbbm.be\\\/de\\\/forest-shop\\\/les-manchons-grillages\\\/#breadcrumb\"},\"inLanguage\":\"nl-BE\",\"potentialAction\":[{\"@type\":\"ReadAction\",\"target\":[\"https:\\\/\\\/kbbm.be\\\/de\\\/forest-shop\\\/les-manchons-grillages\\\/\"]}]},{\"@type\":\"ImageObject\",\"inLanguage\":\"nl-BE\",\"@id\":\"https:\\\/\\\/kbbm.be\\\/de\\\/forest-shop\\\/les-manchons-grillages\\\/#primaryimage\",\"url\":\"https:\\\/\\\/kbbm.be\\\/wp-content\\\/uploads\\\/2020\\\/03\\\/manchons_grillag\u00e9s-scaled.jpg\",\"contentUrl\":\"https:\\\/\\\/kbbm.be\\\/wp-content\\\/uploads\\\/2020\\\/03\\\/manchons_grillag\u00e9s-scaled.jpg\",\"width\":1193,\"height\":1700},{\"@type\":\"BreadcrumbList\",\"@id\":\"https:\\\/\\\/kbbm.be\\\/de\\\/forest-shop\\\/les-manchons-grillages\\\/#breadcrumb\",\"itemListElement\":[{\"@type\":\"ListItem\",\"position\":1,\"name\":\"Accueil\",\"item\":\"https:\\\/\\\/srfb.be\\\/\"},{\"@type\":\"ListItem\",\"position\":2,\"name\":\"Produkte\",\"item\":\"https:\\\/\\\/srfb.be\\\/de\\\/shop\\\/\"},{\"@type\":\"ListItem\",\"position\":3,\"name\":\"Les manchons grillag\u00e9s\"}]},{\"@type\":\"WebSite\",\"@id\":\"https:\\\/\\\/srfb.be\\\/#website\",\"url\":\"https:\\\/\\\/srfb.be\\\/\",\"name\":\"Soci\u00e9t\u00e9 Royale Foresti\u00e8re de Belgique\",\"description\":\"Au service de la for\u00eat et des forestiers\",\"publisher\":{\"@id\":\"https:\\\/\\\/srfb.be\\\/#organization\"},\"alternateName\":\"SRFB-KBBM\",\"potentialAction\":[{\"@type\":\"SearchAction\",\"target\":{\"@type\":\"EntryPoint\",\"urlTemplate\":\"https:\\\/\\\/srfb.be\\\/?s={search_term_string}\"},\"query-input\":{\"@type\":\"PropertyValueSpecification\",\"valueRequired\":true,\"valueName\":\"search_term_string\"}}],\"inLanguage\":\"nl-BE\"},{\"@type\":\"Organization\",\"@id\":\"https:\\\/\\\/srfb.be\\\/#organization\",\"name\":\"Soci\u00e9t\u00e9 Royale Foresti\u00e8re De Belgique - Koninklijke Belgische Bosbouwmaatschappij\",\"alternateName\":\"SRFB-KBBM\",\"url\":\"https:\\\/\\\/srfb.be\\\/\",\"logo\":{\"@type\":\"ImageObject\",\"inLanguage\":\"nl-BE\",\"@id\":\"https:\\\/\\\/srfb.be\\\/#\\\/schema\\\/logo\\\/image\\\/\",\"url\":\"https:\\\/\\\/srfb.be\\\/wp-content\\\/uploads\\\/2019\\\/06\\\/android-chrome-256x256.png\",\"contentUrl\":\"https:\\\/\\\/srfb.be\\\/wp-content\\\/uploads\\\/2019\\\/06\\\/android-chrome-256x256.png\",\"width\":1200,\"height\":1232,\"caption\":\"Soci\u00e9t\u00e9 Royale Foresti\u00e8re De Belgique - Koninklijke Belgische Bosbouwmaatschappij\"},\"image\":{\"@id\":\"https:\\\/\\\/srfb.be\\\/#\\\/schema\\\/logo\\\/image\\\/\"},\"sameAs\":[\"https:\\\/\\\/www.facebook.com\\\/srfb.be\",\"https:\\\/\\\/www.instagram.com\\\/srfb_kbbm\\\/\",\"https:\\\/\\\/www.linkedin.com\\\/company\\\/srfb-kbbm\\\/\",\"https:\\\/\\\/www.youtube.com\\\/user\\\/srfbkbbm\"]}]}<\/script>\n<!-- \/ Yoast SEO plugin. -->","yoast_head_json":{"title":"Netmouwen - Koninklijke Belgische Bosbouwmaatschappij","robots":{"index":"index","follow":"follow","max-snippet":"max-snippet:-1","max-image-preview":"max-image-preview:large","max-video-preview":"max-video-preview:-1"},"canonical":"https:\/\/kbbm.be\/nl\/forest-shop\/les-manchons-grillages\/","og_locale":"nl_BE","og_type":"article","og_title":"Les manchons grillag\u00e9s - Soci\u00e9t\u00e9 Royale Foresti\u00e8re de Belgique","og_description":"Les cervid\u00e9s ont une place l\u00e9gitime et n\u00e9cessaire dans l\u2019\u00e9cosyst\u00e8me mais l\u2019\u00e9quilibre biologique de la for\u00eat et des milieux ouverts est parfois menac\u00e9 par leur expansion d\u00e9mographique et g\u00e9ographique. Pour allier la pr\u00e9sence du gibier et la r\u00e9g\u00e9n\u00e9ration des arbres, la solution la plus efficace consiste \u00e0 prot\u00e9ger les plantations. L\u2019ouvrage d\u00e9crit l\u2019ensemble des dommages possibles caus\u00e9s par le gibier aux arbres et leurs crit\u00e8res d\u2019identification sur le terrain. Il vise \u00e0 faciliter la d\u00e9termination correcte de l\u2019animal responsable des d\u00e9g\u00e2ts permettant le choix d\u2019un produit ad\u00e9quat de protection. 21 x 29,7 cm, 67 pages","og_url":"https:\/\/kbbm.be\/nl\/forest-shop\/les-manchons-grillages\/","og_site_name":"Soci\u00e9t\u00e9 Royale Foresti\u00e8re de Belgique","article_publisher":"https:\/\/www.facebook.com\/srfb.be","article_modified_time":"2026-03-03T15:51:58+00:00","og_image":[{"width":1193,"height":1700,"url":"https:\/\/kbbm.be\/wp-content\/uploads\/2020\/03\/manchons_grillag\u00e9s-scaled.jpg","type":"image\/jpeg"}],"schema":{"@context":"https:\/\/schema.org","@graph":[{"@type":"WebPage","@id":"https:\/\/kbbm.be\/de\/forest-shop\/les-manchons-grillages\/","url":"https:\/\/kbbm.be\/de\/forest-shop\/les-manchons-grillages\/","name":"Netmouwen - Koninklijke Belgische Bosbouwmaatschappij","isPartOf":{"@id":"https:\/\/srfb.be\/#website"},"primaryImageOfPage":{"@id":"https:\/\/kbbm.be\/de\/forest-shop\/les-manchons-grillages\/#primaryimage"},"image":{"@id":"https:\/\/kbbm.be\/de\/forest-shop\/les-manchons-grillages\/#primaryimage"},"thumbnailUrl":"https:\/\/kbbm.be\/wp-content\/uploads\/2020\/03\/manchons_grillag\u00e9s-scaled.jpg","datePublished":"2020-03-20T14:44:27+00:00","dateModified":"2026-03-03T15:51:58+00:00","breadcrumb":{"@id":"https:\/\/kbbm.be\/de\/forest-shop\/les-manchons-grillages\/#breadcrumb"},"inLanguage":"nl-BE","potentialAction":[{"@type":"ReadAction","target":["https:\/\/kbbm.be\/de\/forest-shop\/les-manchons-grillages\/"]}]},{"@type":"ImageObject","inLanguage":"nl-BE","@id":"https:\/\/kbbm.be\/de\/forest-shop\/les-manchons-grillages\/#primaryimage","url":"https:\/\/kbbm.be\/wp-content\/uploads\/2020\/03\/manchons_grillag\u00e9s-scaled.jpg","contentUrl":"https:\/\/kbbm.be\/wp-content\/uploads\/2020\/03\/manchons_grillag\u00e9s-scaled.jpg","width":1193,"height":1700},{"@type":"BreadcrumbList","@id":"https:\/\/kbbm.be\/de\/forest-shop\/les-manchons-grillages\/#breadcrumb","itemListElement":[{"@type":"ListItem","position":1,"name":"Accueil","item":"https:\/\/srfb.be\/"},{"@type":"ListItem","position":2,"name":"Produkte","item":"https:\/\/srfb.be\/de\/shop\/"},{"@type":"ListItem","position":3,"name":"Les manchons grillag\u00e9s"}]},{"@type":"WebSite","@id":"https:\/\/srfb.be\/#website","url":"https:\/\/srfb.be\/","name":"Koninklijke Belgische Bosbouwmaatschappij","description":"Ten dienste van het bos en de bosbouwers","publisher":{"@id":"https:\/\/srfb.be\/#organization"},"alternateName":"SRFB-KBBM","potentialAction":[{"@type":"SearchAction","target":{"@type":"EntryPoint","urlTemplate":"https:\/\/srfb.be\/?s={search_term_string}"},"query-input":{"@type":"PropertyValueSpecification","valueRequired":true,"valueName":"search_term_string"}}],"inLanguage":"nl-BE"},{"@type":"Organization","@id":"https:\/\/srfb.be\/#organization","name":"Soci\u00e9t\u00e9 Royale Foresti\u00e8re De Belgique - Koninklijke Belgische Bosbouwmaatschappij","alternateName":"SRFB-KBBM","url":"https:\/\/srfb.be\/","logo":{"@type":"ImageObject","inLanguage":"nl-BE","@id":"https:\/\/srfb.be\/#\/schema\/logo\/image\/","url":"https:\/\/srfb.be\/wp-content\/uploads\/2019\/06\/android-chrome-256x256.png","contentUrl":"https:\/\/srfb.be\/wp-content\/uploads\/2019\/06\/android-chrome-256x256.png","width":1200,"height":1232,"caption":"Soci\u00e9t\u00e9 Royale Foresti\u00e8re De Belgique - Koninklijke Belgische Bosbouwmaatschappij"},"image":{"@id":"https:\/\/srfb.be\/#\/schema\/logo\/image\/"},"sameAs":["https:\/\/www.facebook.com\/srfb.be","https:\/\/www.instagram.com\/srfb_kbbm\/","https:\/\/www.linkedin.com\/company\/srfb-kbbm\/","https:\/\/www.youtube.com\/user\/srfbkbbm"]}]}},"_links":{"self":[{"href":"https:\/\/kbbm.be\/nl\/wp-json\/wp\/v2\/product\/10882","targetHints":{"allow":["GET"]}}],"collection":[{"href":"https:\/\/kbbm.be\/nl\/wp-json\/wp\/v2\/product"}],"about":[{"href":"https:\/\/kbbm.be\/nl\/wp-json\/wp\/v2\/types\/product"}],"replies":[{"embeddable":true,"href":"https:\/\/kbbm.be\/nl\/wp-json\/wp\/v2\/comments?post=10882"}],"wp:featuredmedia":[{"embeddable":true,"href":"https:\/\/kbbm.be\/nl\/wp-json\/wp\/v2\/media\/10883"}],"wp:attachment":[{"href":"https:\/\/kbbm.be\/nl\/wp-json\/wp\/v2\/media?parent=10882"}],"wp:term":[{"taxonomy":"product_brand","embeddable":true,"href":"https:\/\/kbbm.be\/nl\/wp-json\/wp\/v2\/product_brand?post=10882"},{"taxonomy":"product_cat","embeddable":true,"href":"https:\/\/kbbm.be\/nl\/wp-json\/wp\/v2\/product_cat?post=10882"},{"taxonomy":"product_tag","embeddable":true,"href":"https:\/\/kbbm.be\/nl\/wp-json\/wp\/v2\/product_tag?post=10882"}],"curies":[{"name":"wp","href":"https:\/\/api.w.org\/{rel}","templated":true}]}}