{"id":10744,"date":"2020-03-20T13:12:13","date_gmt":"2020-03-20T12:12:13","guid":{"rendered":"https:\/\/new.srfb.be\/?post_type=product&#038;p=10744"},"modified":"2026-03-03T17:03:38","modified_gmt":"2026-03-03T16:03:38","slug":"le-grand-livre-de-la-foret","status":"publish","type":"product","link":"https:\/\/kbbm.be\/nl\/forest-shop\/le-grand-livre-de-la-foret\/","title":{"rendered":"Het grote boek van het bos!"},"content":{"rendered":"","protected":false},"excerpt":{"rendered":"<p>Aan de hand van 97 artikelen en bijlagen, geschreven door 128 auteurs, neemt dit boek je mee op een reis door het bos van gisteren en vandaag, om je te helpen beter te begrijpen wat er verbeterd moet worden zodat ons bos van morgen ons nog meer kan verbazen: van mythen en legenden tot houttechnologie, van het zaadje tot de eeuwenoude eik, van de vliegende lucanide kever, enz.<br \/>\nvan de boswachter tot het moderne huis! Eminente leden van universiteiten, hogescholen, regeringsdepartementen en verenigingen, fotografen en liefhebbers, de beste specialisten op hun gebied hebben allemaal bijgedragen om je een uitzonderlijk boek te brengen.<br \/>\n22,5 x 28,5 cm, 496 pagina's<\/p>","protected":false},"featured_media":10745,"comment_status":"open","ping_status":"closed","template":"","meta":{"iawp_total_views":145},"product_brand":[],"product_cat":[314],"product_tag":[],"class_list":{"0":"post-10744","1":"product","2":"type-product","3":"status-publish","4":"has-post-thumbnail","6":"product_cat-sylviculture","8":"first","9":"instock","10":"shipping-taxable","11":"purchasable","12":"product-type-simple"},"yoast_head":"<!-- This site is optimized with the Yoast SEO plugin v27.4 - https:\/\/yoast.com\/product\/yoast-seo-wordpress\/ -->\n<title>Le Grand Livre de la For\u00eat ! - Soci\u00e9t\u00e9 Royale Foresti\u00e8re de Belgique<\/title>\n<meta name=\"robots\" content=\"index, follow, max-snippet:-1, max-image-preview:large, max-video-preview:-1\" \/>\n<link rel=\"canonical\" href=\"https:\/\/srfb.be\/forest-shop\/le-grand-livre-de-la-foret\/\" \/>\n<meta property=\"og:locale\" content=\"nl_BE\" \/>\n<meta property=\"og:type\" content=\"article\" \/>\n<meta property=\"og:title\" content=\"Le Grand Livre de la For\u00eat ! - Soci\u00e9t\u00e9 Royale Foresti\u00e8re de Belgique\" \/>\n<meta property=\"og:description\" content=\"En parcourant la for\u00eat d\u2019hier et d\u2019aujourd\u2019hui, ce livre vous conduira, au travers de 97 articles et encarts r\u00e9dig\u00e9s par 128 auteurs, \u00e0 mieux comprendre ce qu\u2019il faut am\u00e9liorer pour que notre for\u00eat de demain nous \u00e9merveille encore plus : des mythes et l\u00e9gendes \u00e0 la technologie du bois, de la graine au ch\u00eane multicentenaire, du lucane cerf-volant au brame du cerf, du garde forestier \u00e0 la maison contemporaine ! Membres \u00e9minents d\u2019universit\u00e9s, de hautes \u00e9coles, d\u2019administrations, d\u2019associations, photographes ou simples passionn\u00e9s, les meilleurs sp\u00e9cialistes dans leur domaine ont contribu\u00e9 \u00e0 vous offrir un livre d\u2019exception. 22,5 x 28,5 cm, 496 pages\" \/>\n<meta property=\"og:url\" content=\"https:\/\/srfb.be\/forest-shop\/le-grand-livre-de-la-foret\/\" \/>\n<meta property=\"og:site_name\" content=\"Soci\u00e9t\u00e9 Royale Foresti\u00e8re de Belgique\" \/>\n<meta property=\"article:publisher\" content=\"https:\/\/www.facebook.com\/srfb.be\" \/>\n<meta property=\"article:modified_time\" content=\"2026-03-03T16:03:38+00:00\" \/>\n<meta property=\"og:image\" content=\"https:\/\/srfb.be\/wp-content\/uploads\/2020\/03\/Grand-livre-1-scaled.jpg\" \/>\n\t<meta property=\"og:image:width\" content=\"2063\" \/>\n\t<meta property=\"og:image:height\" content=\"2560\" \/>\n\t<meta property=\"og:image:type\" content=\"image\/jpeg\" \/>\n<script type=\"application\/ld+json\" class=\"yoast-schema-graph\">{\"@context\":\"https:\\\/\\\/schema.org\",\"@graph\":[{\"@type\":\"WebPage\",\"@id\":\"https:\\\/\\\/srfb.be\\\/forest-shop\\\/le-grand-livre-de-la-foret\\\/\",\"url\":\"https:\\\/\\\/srfb.be\\\/forest-shop\\\/le-grand-livre-de-la-foret\\\/\",\"name\":\"Le Grand Livre de la For\u00eat ! - Soci\u00e9t\u00e9 Royale Foresti\u00e8re de Belgique\",\"isPartOf\":{\"@id\":\"https:\\\/\\\/kbbm.be\\\/en\\\/#website\"},\"primaryImageOfPage\":{\"@id\":\"https:\\\/\\\/srfb.be\\\/forest-shop\\\/le-grand-livre-de-la-foret\\\/#primaryimage\"},\"image\":{\"@id\":\"https:\\\/\\\/srfb.be\\\/forest-shop\\\/le-grand-livre-de-la-foret\\\/#primaryimage\"},\"thumbnailUrl\":\"https:\\\/\\\/kbbm.be\\\/wp-content\\\/uploads\\\/2020\\\/03\\\/Grand-livre-1-scaled.jpg\",\"datePublished\":\"2020-03-20T12:12:13+00:00\",\"dateModified\":\"2026-03-03T16:03:38+00:00\",\"breadcrumb\":{\"@id\":\"https:\\\/\\\/srfb.be\\\/forest-shop\\\/le-grand-livre-de-la-foret\\\/#breadcrumb\"},\"inLanguage\":\"nl-BE\",\"potentialAction\":[{\"@type\":\"ReadAction\",\"target\":[\"https:\\\/\\\/srfb.be\\\/forest-shop\\\/le-grand-livre-de-la-foret\\\/\"]}]},{\"@type\":\"ImageObject\",\"inLanguage\":\"nl-BE\",\"@id\":\"https:\\\/\\\/srfb.be\\\/forest-shop\\\/le-grand-livre-de-la-foret\\\/#primaryimage\",\"url\":\"https:\\\/\\\/kbbm.be\\\/wp-content\\\/uploads\\\/2020\\\/03\\\/Grand-livre-1-scaled.jpg\",\"contentUrl\":\"https:\\\/\\\/kbbm.be\\\/wp-content\\\/uploads\\\/2020\\\/03\\\/Grand-livre-1-scaled.jpg\",\"width\":2063,\"height\":2560},{\"@type\":\"BreadcrumbList\",\"@id\":\"https:\\\/\\\/srfb.be\\\/forest-shop\\\/le-grand-livre-de-la-foret\\\/#breadcrumb\",\"itemListElement\":[{\"@type\":\"ListItem\",\"position\":1,\"name\":\"Accueil\",\"item\":\"https:\\\/\\\/kbbm.be\\\/en\\\/\"},{\"@type\":\"ListItem\",\"position\":2,\"name\":\"Produits\",\"item\":\"https:\\\/\\\/srfb.be\\\/shop\\\/\"},{\"@type\":\"ListItem\",\"position\":3,\"name\":\"Le Grand Livre de la For\u00eat !\"}]},{\"@type\":\"WebSite\",\"@id\":\"https:\\\/\\\/kbbm.be\\\/en\\\/#website\",\"url\":\"https:\\\/\\\/kbbm.be\\\/en\\\/\",\"name\":\"Soci\u00e9t\u00e9 Royale Foresti\u00e8re de Belgique\",\"description\":\"Au service de la for\u00eat et des forestiers\",\"publisher\":{\"@id\":\"https:\\\/\\\/kbbm.be\\\/en\\\/#organization\"},\"alternateName\":\"SRFB-KBBM\",\"potentialAction\":[{\"@type\":\"SearchAction\",\"target\":{\"@type\":\"EntryPoint\",\"urlTemplate\":\"https:\\\/\\\/kbbm.be\\\/en\\\/?s={search_term_string}\"},\"query-input\":{\"@type\":\"PropertyValueSpecification\",\"valueRequired\":true,\"valueName\":\"search_term_string\"}}],\"inLanguage\":\"nl-BE\"},{\"@type\":\"Organization\",\"@id\":\"https:\\\/\\\/kbbm.be\\\/en\\\/#organization\",\"name\":\"Soci\u00e9t\u00e9 Royale Foresti\u00e8re De Belgique - Koninklijke Belgische Bosbouwmaatschappij\",\"alternateName\":\"SRFB-KBBM\",\"url\":\"https:\\\/\\\/kbbm.be\\\/en\\\/\",\"logo\":{\"@type\":\"ImageObject\",\"inLanguage\":\"nl-BE\",\"@id\":\"https:\\\/\\\/kbbm.be\\\/en\\\/#\\\/schema\\\/logo\\\/image\\\/\",\"url\":\"https:\\\/\\\/srfb.be\\\/wp-content\\\/uploads\\\/2019\\\/06\\\/android-chrome-256x256.png\",\"contentUrl\":\"https:\\\/\\\/srfb.be\\\/wp-content\\\/uploads\\\/2019\\\/06\\\/android-chrome-256x256.png\",\"width\":1200,\"height\":1232,\"caption\":\"Soci\u00e9t\u00e9 Royale Foresti\u00e8re De Belgique - Koninklijke Belgische Bosbouwmaatschappij\"},\"image\":{\"@id\":\"https:\\\/\\\/kbbm.be\\\/en\\\/#\\\/schema\\\/logo\\\/image\\\/\"},\"sameAs\":[\"https:\\\/\\\/www.facebook.com\\\/srfb.be\",\"https:\\\/\\\/www.instagram.com\\\/srfb_kbbm\\\/\",\"https:\\\/\\\/www.linkedin.com\\\/company\\\/srfb-kbbm\\\/\",\"https:\\\/\\\/www.youtube.com\\\/user\\\/srfbkbbm\"]}]}<\/script>\n<!-- \/ Yoast SEO plugin. -->","yoast_head_json":{"title":"Het grote bosboek! - Koninklijk Bosbouwgenootschap van Belgi\u00eb","robots":{"index":"index","follow":"follow","max-snippet":"max-snippet:-1","max-image-preview":"max-image-preview:large","max-video-preview":"max-video-preview:-1"},"canonical":"https:\/\/srfb.be\/forest-shop\/le-grand-livre-de-la-foret\/","og_locale":"nl_BE","og_type":"article","og_title":"Le Grand Livre de la For\u00eat ! - Soci\u00e9t\u00e9 Royale Foresti\u00e8re de Belgique","og_description":"En parcourant la for\u00eat d\u2019hier et d\u2019aujourd\u2019hui, ce livre vous conduira, au travers de 97 articles et encarts r\u00e9dig\u00e9s par 128 auteurs, \u00e0 mieux comprendre ce qu\u2019il faut am\u00e9liorer pour que notre for\u00eat de demain nous \u00e9merveille encore plus : des mythes et l\u00e9gendes \u00e0 la technologie du bois, de la graine au ch\u00eane multicentenaire, du lucane cerf-volant au brame du cerf, du garde forestier \u00e0 la maison contemporaine ! Membres \u00e9minents d\u2019universit\u00e9s, de hautes \u00e9coles, d\u2019administrations, d\u2019associations, photographes ou simples passionn\u00e9s, les meilleurs sp\u00e9cialistes dans leur domaine ont contribu\u00e9 \u00e0 vous offrir un livre d\u2019exception. 22,5 x 28,5 cm, 496 pages","og_url":"https:\/\/srfb.be\/forest-shop\/le-grand-livre-de-la-foret\/","og_site_name":"Soci\u00e9t\u00e9 Royale Foresti\u00e8re de Belgique","article_publisher":"https:\/\/www.facebook.com\/srfb.be","article_modified_time":"2026-03-03T16:03:38+00:00","og_image":[{"width":2063,"height":2560,"url":"https:\/\/srfb.be\/wp-content\/uploads\/2020\/03\/Grand-livre-1-scaled.jpg","type":"image\/jpeg"}],"schema":{"@context":"https:\/\/schema.org","@graph":[{"@type":"WebPage","@id":"https:\/\/srfb.be\/forest-shop\/le-grand-livre-de-la-foret\/","url":"https:\/\/srfb.be\/forest-shop\/le-grand-livre-de-la-foret\/","name":"Het grote bosboek! - Koninklijk Bosbouwgenootschap van Belgi\u00eb","isPartOf":{"@id":"https:\/\/kbbm.be\/en\/#website"},"primaryImageOfPage":{"@id":"https:\/\/srfb.be\/forest-shop\/le-grand-livre-de-la-foret\/#primaryimage"},"image":{"@id":"https:\/\/srfb.be\/forest-shop\/le-grand-livre-de-la-foret\/#primaryimage"},"thumbnailUrl":"https:\/\/kbbm.be\/wp-content\/uploads\/2020\/03\/Grand-livre-1-scaled.jpg","datePublished":"2020-03-20T12:12:13+00:00","dateModified":"2026-03-03T16:03:38+00:00","breadcrumb":{"@id":"https:\/\/srfb.be\/forest-shop\/le-grand-livre-de-la-foret\/#breadcrumb"},"inLanguage":"nl-BE","potentialAction":[{"@type":"ReadAction","target":["https:\/\/srfb.be\/forest-shop\/le-grand-livre-de-la-foret\/"]}]},{"@type":"ImageObject","inLanguage":"nl-BE","@id":"https:\/\/srfb.be\/forest-shop\/le-grand-livre-de-la-foret\/#primaryimage","url":"https:\/\/kbbm.be\/wp-content\/uploads\/2020\/03\/Grand-livre-1-scaled.jpg","contentUrl":"https:\/\/kbbm.be\/wp-content\/uploads\/2020\/03\/Grand-livre-1-scaled.jpg","width":2063,"height":2560},{"@type":"BreadcrumbList","@id":"https:\/\/srfb.be\/forest-shop\/le-grand-livre-de-la-foret\/#breadcrumb","itemListElement":[{"@type":"ListItem","position":1,"name":"Accueil","item":"https:\/\/kbbm.be\/en\/"},{"@type":"ListItem","position":2,"name":"Produits","item":"https:\/\/srfb.be\/shop\/"},{"@type":"ListItem","position":3,"name":"Le Grand Livre de la For\u00eat !"}]},{"@type":"WebSite","@id":"https:\/\/kbbm.be\/en\/#website","url":"https:\/\/kbbm.be\/en\/","name":"Koninklijke Belgische Bosbouwmaatschappij","description":"Ten dienste van het bos en de bosbouwers","publisher":{"@id":"https:\/\/kbbm.be\/en\/#organization"},"alternateName":"SRFB-KBBM","potentialAction":[{"@type":"SearchAction","target":{"@type":"EntryPoint","urlTemplate":"https:\/\/kbbm.be\/en\/?s={search_term_string}"},"query-input":{"@type":"PropertyValueSpecification","valueRequired":true,"valueName":"search_term_string"}}],"inLanguage":"nl-BE"},{"@type":"Organization","@id":"https:\/\/kbbm.be\/en\/#organization","name":"Soci\u00e9t\u00e9 Royale Foresti\u00e8re De Belgique - Koninklijke Belgische Bosbouwmaatschappij","alternateName":"SRFB-KBBM","url":"https:\/\/kbbm.be\/en\/","logo":{"@type":"ImageObject","inLanguage":"nl-BE","@id":"https:\/\/kbbm.be\/en\/#\/schema\/logo\/image\/","url":"https:\/\/srfb.be\/wp-content\/uploads\/2019\/06\/android-chrome-256x256.png","contentUrl":"https:\/\/srfb.be\/wp-content\/uploads\/2019\/06\/android-chrome-256x256.png","width":1200,"height":1232,"caption":"Soci\u00e9t\u00e9 Royale Foresti\u00e8re De Belgique - Koninklijke Belgische Bosbouwmaatschappij"},"image":{"@id":"https:\/\/kbbm.be\/en\/#\/schema\/logo\/image\/"},"sameAs":["https:\/\/www.facebook.com\/srfb.be","https:\/\/www.instagram.com\/srfb_kbbm\/","https:\/\/www.linkedin.com\/company\/srfb-kbbm\/","https:\/\/www.youtube.com\/user\/srfbkbbm"]}]}},"_links":{"self":[{"href":"https:\/\/kbbm.be\/nl\/wp-json\/wp\/v2\/product\/10744","targetHints":{"allow":["GET"]}}],"collection":[{"href":"https:\/\/kbbm.be\/nl\/wp-json\/wp\/v2\/product"}],"about":[{"href":"https:\/\/kbbm.be\/nl\/wp-json\/wp\/v2\/types\/product"}],"replies":[{"embeddable":true,"href":"https:\/\/kbbm.be\/nl\/wp-json\/wp\/v2\/comments?post=10744"}],"wp:featuredmedia":[{"embeddable":true,"href":"https:\/\/kbbm.be\/nl\/wp-json\/wp\/v2\/media\/10745"}],"wp:attachment":[{"href":"https:\/\/kbbm.be\/nl\/wp-json\/wp\/v2\/media?parent=10744"}],"wp:term":[{"taxonomy":"product_brand","embeddable":true,"href":"https:\/\/kbbm.be\/nl\/wp-json\/wp\/v2\/product_brand?post=10744"},{"taxonomy":"product_cat","embeddable":true,"href":"https:\/\/kbbm.be\/nl\/wp-json\/wp\/v2\/product_cat?post=10744"},{"taxonomy":"product_tag","embeddable":true,"href":"https:\/\/kbbm.be\/nl\/wp-json\/wp\/v2\/product_tag?post=10744"}],"curies":[{"name":"wp","href":"https:\/\/api.w.org\/{rel}","templated":true}]}}