{"id":10699,"date":"2020-03-19T16:55:20","date_gmt":"2020-03-19T16:55:20","guid":{"rendered":"https:\/\/new.srfb.be\/?post_type=product&#038;p=10699"},"modified":"2024-03-09T07:48:54","modified_gmt":"2024-03-09T06:48:54","slug":"culture-des-chenaies-irregulieres","status":"publish","type":"product","link":"https:\/\/kbbm.be\/nl\/forest-shop\/culture-des-chenaies-irregulieres\/","title":{"rendered":"Aanplant van onregelmatige eikenbossen"},"content":{"rendered":"","protected":false},"excerpt":{"rendered":"<p>Economische, sociale en milieuveranderingen moedigen publieke en particuliere landeigenaren aan om terug te keren naar natuurlijk bos, waarbij een mix van leeftijden en groottes en natuurlijke regeneratie wordt aangemoedigd, in de hoop op het bereiken van duurzame ontwikkeling van het bos, duurzame productie, kaalkap beperkt tot kleine gebieden en, ten slotte, een bevredigend en relatief constant inkomen.<br \/>\n15 x 23 cm, 360 pagina's<\/p>\n<p>Auteurs : <strong>Anne Bary-Lenger &amp; Jean-Paul Nebout<br \/>\n<\/strong>Uitgever: <strong>Uitgeverij Perron<\/strong><\/p>","protected":false},"featured_media":10700,"comment_status":"open","ping_status":"closed","template":"","meta":{"iawp_total_views":59},"product_brand":[],"product_cat":[314],"product_tag":[],"class_list":{"0":"post-10699","1":"product","2":"type-product","3":"status-publish","4":"has-post-thumbnail","6":"product_cat-sylviculture","8":"first","9":"instock","10":"shipping-taxable","11":"purchasable","12":"product-type-simple"},"yoast_head":"<!-- This site is optimized with the Yoast SEO plugin v27.3 - https:\/\/yoast.com\/product\/yoast-seo-wordpress\/ -->\n<title>Culture des ch\u00eanaies irr\u00e9guli\u00e8res - Soci\u00e9t\u00e9 Royale Foresti\u00e8re de Belgique<\/title>\n<meta name=\"robots\" content=\"index, follow, max-snippet:-1, max-image-preview:large, max-video-preview:-1\" \/>\n<link rel=\"canonical\" href=\"https:\/\/kbbm.be\/nl\/forest-shop\/culture-des-chenaies-irregulieres\/\" \/>\n<meta property=\"og:locale\" content=\"nl_BE\" \/>\n<meta property=\"og:type\" content=\"article\" \/>\n<meta property=\"og:title\" content=\"Culture des ch\u00eanaies irr\u00e9guli\u00e8res - Soci\u00e9t\u00e9 Royale Foresti\u00e8re de Belgique\" \/>\n<meta property=\"og:description\" content=\"Les mutations \u00e9conomiques, sociales et environnementales incitent les propri\u00e9taires publics et priv\u00e9s \u00e0 un certain retour \u00e0 la for\u00eat naturelle, \u00e0 favoriser de ce fait le m\u00e9lange des \u00e2ges et des dimensions, la r\u00e9g\u00e9n\u00e9ration naturelle, dans l\u2019espoir d\u2019obtenir ainsi un d\u00e9veloppement durable de la for\u00eat, une production soutenue, des coupes rases limit\u00e9es \u00e0 de petites \u00e9tendues et finalement, un revenu satisfaisant et relativement constant. 15 x 23 cm, 360 pages  Auteurs : Anne Bary-Lenger &amp; Jean-Paul Nebout \u00c9diteur : \u00c9ditions du Perron\" \/>\n<meta property=\"og:url\" content=\"https:\/\/kbbm.be\/nl\/forest-shop\/culture-des-chenaies-irregulieres\/\" \/>\n<meta property=\"og:site_name\" content=\"Soci\u00e9t\u00e9 Royale Foresti\u00e8re de Belgique\" \/>\n<meta property=\"article:publisher\" content=\"https:\/\/www.facebook.com\/srfb.be\" \/>\n<meta property=\"article:modified_time\" content=\"2024-03-09T06:48:54+00:00\" \/>\n<meta property=\"og:image\" content=\"https:\/\/kbbm.be\/wp-content\/uploads\/2020\/03\/ch\u00eanaies-irr\u00e9guli\u00e8res.jpg\" \/>\n\t<meta property=\"og:image:width\" content=\"1125\" \/>\n\t<meta property=\"og:image:height\" content=\"1700\" \/>\n\t<meta property=\"og:image:type\" content=\"image\/jpeg\" \/>\n<script type=\"application\/ld+json\" class=\"yoast-schema-graph\">{\"@context\":\"https:\\\/\\\/schema.org\",\"@graph\":[{\"@type\":\"WebPage\",\"@id\":\"https:\\\/\\\/kbbm.be\\\/nl\\\/forest-shop\\\/culture-des-chenaies-irregulieres\\\/\",\"url\":\"https:\\\/\\\/kbbm.be\\\/nl\\\/forest-shop\\\/culture-des-chenaies-irregulieres\\\/\",\"name\":\"Culture des ch\u00eanaies irr\u00e9guli\u00e8res - Soci\u00e9t\u00e9 Royale Foresti\u00e8re de Belgique\",\"isPartOf\":{\"@id\":\"https:\\\/\\\/kbbm.be\\\/de\\\/#website\"},\"primaryImageOfPage\":{\"@id\":\"https:\\\/\\\/kbbm.be\\\/nl\\\/forest-shop\\\/culture-des-chenaies-irregulieres\\\/#primaryimage\"},\"image\":{\"@id\":\"https:\\\/\\\/kbbm.be\\\/nl\\\/forest-shop\\\/culture-des-chenaies-irregulieres\\\/#primaryimage\"},\"thumbnailUrl\":\"https:\\\/\\\/kbbm.be\\\/wp-content\\\/uploads\\\/2020\\\/03\\\/ch\u00eanaies-irr\u00e9guli\u00e8res.jpg\",\"datePublished\":\"2020-03-19T16:55:20+00:00\",\"dateModified\":\"2024-03-09T06:48:54+00:00\",\"breadcrumb\":{\"@id\":\"https:\\\/\\\/kbbm.be\\\/nl\\\/forest-shop\\\/culture-des-chenaies-irregulieres\\\/#breadcrumb\"},\"inLanguage\":\"nl-BE\",\"potentialAction\":[{\"@type\":\"ReadAction\",\"target\":[\"https:\\\/\\\/kbbm.be\\\/nl\\\/forest-shop\\\/culture-des-chenaies-irregulieres\\\/\"]}]},{\"@type\":\"ImageObject\",\"inLanguage\":\"nl-BE\",\"@id\":\"https:\\\/\\\/kbbm.be\\\/nl\\\/forest-shop\\\/culture-des-chenaies-irregulieres\\\/#primaryimage\",\"url\":\"https:\\\/\\\/kbbm.be\\\/wp-content\\\/uploads\\\/2020\\\/03\\\/ch\u00eanaies-irr\u00e9guli\u00e8res.jpg\",\"contentUrl\":\"https:\\\/\\\/kbbm.be\\\/wp-content\\\/uploads\\\/2020\\\/03\\\/ch\u00eanaies-irr\u00e9guli\u00e8res.jpg\",\"width\":1125,\"height\":1700},{\"@type\":\"BreadcrumbList\",\"@id\":\"https:\\\/\\\/kbbm.be\\\/nl\\\/forest-shop\\\/culture-des-chenaies-irregulieres\\\/#breadcrumb\",\"itemListElement\":[{\"@type\":\"ListItem\",\"position\":1,\"name\":\"Accueil\",\"item\":\"https:\\\/\\\/kbbm.be\\\/de\\\/\"},{\"@type\":\"ListItem\",\"position\":2,\"name\":\"Producten\",\"item\":\"https:\\\/\\\/kbbm.be\\\/nl\\\/shop\\\/\"},{\"@type\":\"ListItem\",\"position\":3,\"name\":\"Culture des ch\u00eanaies irr\u00e9guli\u00e8res\"}]},{\"@type\":\"WebSite\",\"@id\":\"https:\\\/\\\/kbbm.be\\\/de\\\/#website\",\"url\":\"https:\\\/\\\/kbbm.be\\\/de\\\/\",\"name\":\"Soci\u00e9t\u00e9 Royale Foresti\u00e8re de Belgique\",\"description\":\"Au service de la for\u00eat et des forestiers\",\"publisher\":{\"@id\":\"https:\\\/\\\/kbbm.be\\\/de\\\/#organization\"},\"alternateName\":\"SRFB-KBBM\",\"potentialAction\":[{\"@type\":\"SearchAction\",\"target\":{\"@type\":\"EntryPoint\",\"urlTemplate\":\"https:\\\/\\\/kbbm.be\\\/de\\\/?s={search_term_string}\"},\"query-input\":{\"@type\":\"PropertyValueSpecification\",\"valueRequired\":true,\"valueName\":\"search_term_string\"}}],\"inLanguage\":\"nl-BE\"},{\"@type\":\"Organization\",\"@id\":\"https:\\\/\\\/kbbm.be\\\/de\\\/#organization\",\"name\":\"Soci\u00e9t\u00e9 Royale Foresti\u00e8re De Belgique - Koninklijke Belgische Bosbouwmaatschappij\",\"alternateName\":\"SRFB-KBBM\",\"url\":\"https:\\\/\\\/kbbm.be\\\/de\\\/\",\"logo\":{\"@type\":\"ImageObject\",\"inLanguage\":\"nl-BE\",\"@id\":\"https:\\\/\\\/kbbm.be\\\/de\\\/#\\\/schema\\\/logo\\\/image\\\/\",\"url\":\"https:\\\/\\\/srfb.be\\\/wp-content\\\/uploads\\\/2019\\\/06\\\/android-chrome-256x256.png\",\"contentUrl\":\"https:\\\/\\\/srfb.be\\\/wp-content\\\/uploads\\\/2019\\\/06\\\/android-chrome-256x256.png\",\"width\":1200,\"height\":1232,\"caption\":\"Soci\u00e9t\u00e9 Royale Foresti\u00e8re De Belgique - Koninklijke Belgische Bosbouwmaatschappij\"},\"image\":{\"@id\":\"https:\\\/\\\/kbbm.be\\\/de\\\/#\\\/schema\\\/logo\\\/image\\\/\"},\"sameAs\":[\"https:\\\/\\\/www.facebook.com\\\/srfb.be\",\"https:\\\/\\\/www.instagram.com\\\/srfb_kbbm\\\/\",\"https:\\\/\\\/www.linkedin.com\\\/company\\\/srfb-kbbm\\\/\",\"https:\\\/\\\/www.youtube.com\\\/user\\\/srfbkbbm\"]}]}<\/script>\n<!-- \/ Yoast SEO plugin. -->","yoast_head_json":{"title":"Aanplant van onregelmatige eikenbossen - Koninklijke Belgische Bosbouwmaatschappij","robots":{"index":"index","follow":"follow","max-snippet":"max-snippet:-1","max-image-preview":"max-image-preview:large","max-video-preview":"max-video-preview:-1"},"canonical":"https:\/\/kbbm.be\/nl\/forest-shop\/culture-des-chenaies-irregulieres\/","og_locale":"nl_BE","og_type":"article","og_title":"Culture des ch\u00eanaies irr\u00e9guli\u00e8res - Soci\u00e9t\u00e9 Royale Foresti\u00e8re de Belgique","og_description":"Les mutations \u00e9conomiques, sociales et environnementales incitent les propri\u00e9taires publics et priv\u00e9s \u00e0 un certain retour \u00e0 la for\u00eat naturelle, \u00e0 favoriser de ce fait le m\u00e9lange des \u00e2ges et des dimensions, la r\u00e9g\u00e9n\u00e9ration naturelle, dans l\u2019espoir d\u2019obtenir ainsi un d\u00e9veloppement durable de la for\u00eat, une production soutenue, des coupes rases limit\u00e9es \u00e0 de petites \u00e9tendues et finalement, un revenu satisfaisant et relativement constant. 15 x 23 cm, 360 pages  Auteurs : Anne Bary-Lenger &amp; Jean-Paul Nebout \u00c9diteur : \u00c9ditions du Perron","og_url":"https:\/\/kbbm.be\/nl\/forest-shop\/culture-des-chenaies-irregulieres\/","og_site_name":"Soci\u00e9t\u00e9 Royale Foresti\u00e8re de Belgique","article_publisher":"https:\/\/www.facebook.com\/srfb.be","article_modified_time":"2024-03-09T06:48:54+00:00","og_image":[{"width":1125,"height":1700,"url":"https:\/\/kbbm.be\/wp-content\/uploads\/2020\/03\/ch\u00eanaies-irr\u00e9guli\u00e8res.jpg","type":"image\/jpeg"}],"schema":{"@context":"https:\/\/schema.org","@graph":[{"@type":"WebPage","@id":"https:\/\/kbbm.be\/nl\/forest-shop\/culture-des-chenaies-irregulieres\/","url":"https:\/\/kbbm.be\/nl\/forest-shop\/culture-des-chenaies-irregulieres\/","name":"Aanplant van onregelmatige eikenbossen - Koninklijke Belgische Bosbouwmaatschappij","isPartOf":{"@id":"https:\/\/kbbm.be\/de\/#website"},"primaryImageOfPage":{"@id":"https:\/\/kbbm.be\/nl\/forest-shop\/culture-des-chenaies-irregulieres\/#primaryimage"},"image":{"@id":"https:\/\/kbbm.be\/nl\/forest-shop\/culture-des-chenaies-irregulieres\/#primaryimage"},"thumbnailUrl":"https:\/\/kbbm.be\/wp-content\/uploads\/2020\/03\/ch\u00eanaies-irr\u00e9guli\u00e8res.jpg","datePublished":"2020-03-19T16:55:20+00:00","dateModified":"2024-03-09T06:48:54+00:00","breadcrumb":{"@id":"https:\/\/kbbm.be\/nl\/forest-shop\/culture-des-chenaies-irregulieres\/#breadcrumb"},"inLanguage":"nl-BE","potentialAction":[{"@type":"ReadAction","target":["https:\/\/kbbm.be\/nl\/forest-shop\/culture-des-chenaies-irregulieres\/"]}]},{"@type":"ImageObject","inLanguage":"nl-BE","@id":"https:\/\/kbbm.be\/nl\/forest-shop\/culture-des-chenaies-irregulieres\/#primaryimage","url":"https:\/\/kbbm.be\/wp-content\/uploads\/2020\/03\/ch\u00eanaies-irr\u00e9guli\u00e8res.jpg","contentUrl":"https:\/\/kbbm.be\/wp-content\/uploads\/2020\/03\/ch\u00eanaies-irr\u00e9guli\u00e8res.jpg","width":1125,"height":1700},{"@type":"BreadcrumbList","@id":"https:\/\/kbbm.be\/nl\/forest-shop\/culture-des-chenaies-irregulieres\/#breadcrumb","itemListElement":[{"@type":"ListItem","position":1,"name":"Accueil","item":"https:\/\/kbbm.be\/de\/"},{"@type":"ListItem","position":2,"name":"Producten","item":"https:\/\/kbbm.be\/nl\/shop\/"},{"@type":"ListItem","position":3,"name":"Culture des ch\u00eanaies irr\u00e9guli\u00e8res"}]},{"@type":"WebSite","@id":"https:\/\/kbbm.be\/de\/#website","url":"https:\/\/kbbm.be\/de\/","name":"Koninklijke Belgische Bosbouwmaatschappij","description":"Ten dienste van het bos en de bosbouwers","publisher":{"@id":"https:\/\/kbbm.be\/de\/#organization"},"alternateName":"SRFB-KBBM","potentialAction":[{"@type":"SearchAction","target":{"@type":"EntryPoint","urlTemplate":"https:\/\/kbbm.be\/de\/?s={search_term_string}"},"query-input":{"@type":"PropertyValueSpecification","valueRequired":true,"valueName":"search_term_string"}}],"inLanguage":"nl-BE"},{"@type":"Organization","@id":"https:\/\/kbbm.be\/de\/#organization","name":"Soci\u00e9t\u00e9 Royale Foresti\u00e8re De Belgique - Koninklijke Belgische Bosbouwmaatschappij","alternateName":"SRFB-KBBM","url":"https:\/\/kbbm.be\/de\/","logo":{"@type":"ImageObject","inLanguage":"nl-BE","@id":"https:\/\/kbbm.be\/de\/#\/schema\/logo\/image\/","url":"https:\/\/srfb.be\/wp-content\/uploads\/2019\/06\/android-chrome-256x256.png","contentUrl":"https:\/\/srfb.be\/wp-content\/uploads\/2019\/06\/android-chrome-256x256.png","width":1200,"height":1232,"caption":"Soci\u00e9t\u00e9 Royale Foresti\u00e8re De Belgique - Koninklijke Belgische Bosbouwmaatschappij"},"image":{"@id":"https:\/\/kbbm.be\/de\/#\/schema\/logo\/image\/"},"sameAs":["https:\/\/www.facebook.com\/srfb.be","https:\/\/www.instagram.com\/srfb_kbbm\/","https:\/\/www.linkedin.com\/company\/srfb-kbbm\/","https:\/\/www.youtube.com\/user\/srfbkbbm"]}]}},"_links":{"self":[{"href":"https:\/\/kbbm.be\/nl\/wp-json\/wp\/v2\/product\/10699","targetHints":{"allow":["GET"]}}],"collection":[{"href":"https:\/\/kbbm.be\/nl\/wp-json\/wp\/v2\/product"}],"about":[{"href":"https:\/\/kbbm.be\/nl\/wp-json\/wp\/v2\/types\/product"}],"replies":[{"embeddable":true,"href":"https:\/\/kbbm.be\/nl\/wp-json\/wp\/v2\/comments?post=10699"}],"wp:featuredmedia":[{"embeddable":true,"href":"https:\/\/kbbm.be\/nl\/wp-json\/wp\/v2\/media\/10700"}],"wp:attachment":[{"href":"https:\/\/kbbm.be\/nl\/wp-json\/wp\/v2\/media?parent=10699"}],"wp:term":[{"taxonomy":"product_brand","embeddable":true,"href":"https:\/\/kbbm.be\/nl\/wp-json\/wp\/v2\/product_brand?post=10699"},{"taxonomy":"product_cat","embeddable":true,"href":"https:\/\/kbbm.be\/nl\/wp-json\/wp\/v2\/product_cat?post=10699"},{"taxonomy":"product_tag","embeddable":true,"href":"https:\/\/kbbm.be\/nl\/wp-json\/wp\/v2\/product_tag?post=10699"}],"curies":[{"name":"wp","href":"https:\/\/api.w.org\/{rel}","templated":true}]}}