{"id":8134,"date":"2019-07-18T18:20:49","date_gmt":"2019-07-18T18:20:49","guid":{"rendered":"http:\/\/srfb-wp.dphi.be\/?page_id=8134"},"modified":"2024-03-20T14:58:11","modified_gmt":"2024-03-20T13:58:11","slug":"hout-verkopen","status":"publish","type":"page","link":"https:\/\/kbbm.be\/nl\/formations-et-activites\/je-me-forme-pour-ma-foret\/ressources-educatives-eforown\/vendre_du_bois\/","title":{"rendered":"Hout verkopen"},"content":{"rendered":"<div class=\"yoast-breadcrumbs\"><span><span><a href=\"https:\/\/srfb.be\/en\/\">Onthaal<\/a><\/span> &gt; <span><a href=\"https:\/\/srfb.be\/en\/trainings-and-activities\/\">Opleidingen en activiteiten<\/a><\/span> &gt; <span><a href=\"https:\/\/srfb.be\/en\/trainings-and-activities\/train-for-my-forest\/\">Trainen voor mijn bos<\/a><\/span> &gt; <span><a href=\"https:\/\/www.kbbm.be\/en\/trainings-and-activities\/train-for-my-forest\/ressources-educatives-eforown\/\">eForOwn leermiddelen<\/a><\/span> &gt; <span class=\"breadcrumb_last\" aria-current=\"page\"><strong>Hout verkopen<\/strong><\/span><\/span><\/div>\n\n\n<div class=\"wp-block-group is-layout-constrained wp-block-group-is-layout-constrained\" style=\"margin-top:var(--wp--preset--spacing--80);margin-bottom:var(--wp--preset--spacing--80)\">\n<figure class=\"wp-block-image aligncenter size-large is-resized\"><img loading=\"lazy\" decoding=\"async\" width=\"1024\" height=\"576\" src=\"https:\/\/srfb.be\/wp-content\/uploads\/2019\/07\/logo_label-1024x576.jpg\" alt=\"eForOwn - certificaat\" class=\"wp-image-8091\" style=\"width:auto;height:150px\" srcset=\"https:\/\/kbbm.be\/wp-content\/uploads\/2019\/07\/logo_label-1024x576.jpg 1024w, https:\/\/kbbm.be\/wp-content\/uploads\/2019\/07\/logo_label-600x338.jpg 600w, https:\/\/kbbm.be\/wp-content\/uploads\/2019\/07\/logo_label-64x36.jpg 64w, https:\/\/kbbm.be\/wp-content\/uploads\/2019\/07\/logo_label-300x169.jpg 300w, https:\/\/kbbm.be\/wp-content\/uploads\/2019\/07\/logo_label-18x10.jpg 18w, https:\/\/kbbm.be\/wp-content\/uploads\/2019\/07\/logo_label.jpg 1280w\" sizes=\"auto, (max-width: 1024px) 100vw, 1024px\" \/><\/figure>\n<\/div>\n\n\n\n<h2 class=\"wp-block-heading has-text-align-center has-large-font-size\" style=\"text-transform:uppercase\">Intermediair<\/h2>\n\n\n\n<section class=\"wp-block-group has-grey-color-background-color has-background has-medium-font-size is-content-justification-space-between is-nowrap is-layout-flex wp-container-core-group-is-layout-95e57954 wp-block-group-is-layout-flex\" style=\"padding-top:var(--wp--preset--spacing--40);padding-right:var(--wp--preset--spacing--60);padding-bottom:var(--wp--preset--spacing--40);padding-left:var(--wp--preset--spacing--60)\">\n<h4 class=\"wp-block-heading wp-container-content-9cfa9a5a\"><a href=\"https:\/\/srfb.be\/wp-content\/uploads\/2019\/07\/34_Estimer_la_qualit%C3%A9_des_bois_sur_pied_ou_abattus_et_la_valeur_d%E2%80%99une_coupe.pdf\" target=\"_blank\" rel=\"noreferrer noopener\"><i class=\"fas fa-file\"><\/i> Estimer la qualit\u00e9 des bois sur pied ou abattus et la valeur d\u2019une coupe<\/a><\/h4>\n\n\n\n<p><a href=\"https:\/\/srfb.be\/wp-content\/uploads\/2019\/07\/34_Estimer_la_qualit%C3%A9_des_bois_sur_pied_ou_abattus_et_la_valeur_d%E2%80%99une_coupe.pdf\" target=\"_blank\" rel=\"noreferrer noopener\"><i class=\"fas fa-download\"><\/i><\/a><\/p>\n<\/section>\n\n\n\n<section class=\"wp-block-group has-grey-color-background-color has-background has-medium-font-size is-content-justification-space-between is-nowrap is-layout-flex wp-container-core-group-is-layout-95e57954 wp-block-group-is-layout-flex\" style=\"padding-top:var(--wp--preset--spacing--40);padding-right:var(--wp--preset--spacing--60);padding-bottom:var(--wp--preset--spacing--40);padding-left:var(--wp--preset--spacing--60)\">\n<h4 class=\"wp-block-heading wp-container-content-9cfa9a5a\"><a href=\"https:\/\/www.youtube.com\/watch?v=PLt6U0Z9ePg\" target=\"_blank\" rel=\"noreferrer noopener\"><i class=\"fas fa-file\"><\/i> Cuber les arbres abattus (Vid\u00e9o)<\/a><\/h4>\n\n\n\n<p><a href=\"https:\/\/www.youtube.com\/watch?v=PLt6U0Z9ePg\" target=\"_blank\" rel=\"noreferrer noopener\"><i class=\"fab fa-youtube\"><\/i><\/a><\/p>\n<\/section>\n\n\n\n<section class=\"wp-block-group has-grey-color-background-color has-background has-medium-font-size is-content-justification-space-between is-nowrap is-layout-flex wp-container-core-group-is-layout-95e57954 wp-block-group-is-layout-flex\" style=\"padding-top:var(--wp--preset--spacing--40);padding-right:var(--wp--preset--spacing--60);padding-bottom:var(--wp--preset--spacing--40);padding-left:var(--wp--preset--spacing--60)\">\n<h4 class=\"wp-block-heading wp-container-content-9cfa9a5a\"><a href=\"https:\/\/srfb.be\/wp-content\/uploads\/2019\/07\/37_Les_diff%C3%A9rents_modes_de_vente_des_bois.pdf\" target=\"_blank\" rel=\"noreferrer noopener\"><i class=\"fas fa-file\"><\/i> Les diff\u00e9rents modes de vente des bois<\/a><\/h4>\n\n\n\n<p><a href=\"https:\/\/srfb.be\/wp-content\/uploads\/2019\/07\/37_Les_diff%C3%A9rents_modes_de_vente_des_bois.pdf\" target=\"_blank\" rel=\"noreferrer noopener\"><i class=\"fas fa-download\"><\/i><\/a><\/p>\n<\/section>\n\n\n\n<section class=\"wp-block-group has-grey-color-background-color has-background has-medium-font-size is-content-justification-space-between is-nowrap is-layout-flex wp-container-core-group-is-layout-95e57954 wp-block-group-is-layout-flex\" style=\"padding-top:var(--wp--preset--spacing--40);padding-right:var(--wp--preset--spacing--60);padding-bottom:var(--wp--preset--spacing--40);padding-left:var(--wp--preset--spacing--60)\">\n<h4 class=\"wp-block-heading wp-container-content-9cfa9a5a\"><a href=\"https:\/\/srfb.be\/wp-content\/uploads\/2019\/07\/R2_n_40_conclure_vente_bois_pied_REV3-nouveau-logo.pptx\" target=\"_blank\" rel=\"noreferrer noopener\"><i class=\"fas fa-file\"><\/i> Conclure un contrat de vente de bois sur pied<\/a><\/h4>\n\n\n\n<p><a href=\"https:\/\/srfb.be\/wp-content\/uploads\/2019\/07\/R2_n_40_conclure_vente_bois_pied_REV3-nouveau-logo.pptx\" target=\"_blank\" rel=\"noreferrer noopener\"><i class=\"fas fa-download\"><\/i><\/a><\/p>\n<\/section>\n\n\n\n<section class=\"wp-block-group has-grey-color-background-color has-background has-medium-font-size is-content-justification-space-between is-nowrap is-layout-flex wp-container-core-group-is-layout-95e57954 wp-block-group-is-layout-flex\" style=\"padding-top:var(--wp--preset--spacing--40);padding-right:var(--wp--preset--spacing--60);padding-bottom:var(--wp--preset--spacing--40);padding-left:var(--wp--preset--spacing--60)\">\n<h4 class=\"wp-block-heading wp-container-content-9cfa9a5a\"><a href=\"https:\/\/srfb.be\/wp-content\/uploads\/2019\/07\/43a_Certification_foresti%C3%A8re_quest_ce_que_cest.pdf\" target=\"_blank\" rel=\"noreferrer noopener\"><i class=\"fas fa-file\"><\/i> Certification foresti\u00e8re qu&rsquo;est-ce que c&rsquo;est<\/a><\/h4>\n\n\n\n<p><a href=\"https:\/\/srfb.be\/wp-content\/uploads\/2019\/07\/43a_Certification_foresti%C3%A8re_quest_ce_que_cest.pdf\" target=\"_blank\" rel=\"noreferrer noopener\"><i class=\"fas fa-download\"><\/i><\/a><\/p>\n<\/section>\n\n\n\n<section class=\"wp-block-group has-grey-color-background-color has-background has-medium-font-size is-content-justification-space-between is-nowrap is-layout-flex wp-container-core-group-is-layout-95e57954 wp-block-group-is-layout-flex\" style=\"padding-top:var(--wp--preset--spacing--40);padding-right:var(--wp--preset--spacing--60);padding-bottom:var(--wp--preset--spacing--40);padding-left:var(--wp--preset--spacing--60)\">\n<h4 class=\"wp-block-heading wp-container-content-9cfa9a5a\"><a href=\"https:\/\/srfb.be\/wp-content\/uploads\/2019\/07\/44_1_Production_et_commercialisation_biosmasse_foresti%C3%A8re.pdf\" target=\"_blank\" rel=\"noreferrer noopener\"><i class=\"fas fa-file\"><\/i> Production et commercialisation de biomasse foresti\u00e8re<\/a><\/h4>\n\n\n\n<p><a href=\"https:\/\/srfb.be\/wp-content\/uploads\/2019\/07\/44_1_Production_et_commercialisation_biosmasse_foresti%C3%A8re.pdf\" target=\"_blank\" rel=\"noreferrer noopener\"><i class=\"fas fa-download\"><\/i><\/a><\/p>\n<\/section>\n\n\n\n<section class=\"wp-block-group has-grey-color-background-color has-background has-medium-font-size is-content-justification-space-between is-nowrap is-layout-flex wp-container-core-group-is-layout-95e57954 wp-block-group-is-layout-flex\" style=\"padding-top:var(--wp--preset--spacing--40);padding-right:var(--wp--preset--spacing--60);padding-bottom:var(--wp--preset--spacing--40);padding-left:var(--wp--preset--spacing--60)\">\n<h4 class=\"wp-block-heading wp-container-content-9cfa9a5a\"><a href=\"https:\/\/srfb.be\/wp-content\/uploads\/2019\/07\/44b_1_Biomasse_foresti%C3%A8re_modalit%C3%A9_production_copeaux.pdf\" target=\"_blank\" rel=\"noreferrer noopener\"><i class=\"fas fa-file\"><\/i> Biomasse foresti\u00e8re, modalit\u00e9 de production de copeaux<\/a><\/h4>\n\n\n\n<p><a href=\"https:\/\/srfb.be\/wp-content\/uploads\/2019\/07\/44b_1_Biomasse_foresti%C3%A8re_modalit%C3%A9_production_copeaux.pdf\" target=\"_blank\" rel=\"noreferrer noopener\"><i class=\"fas fa-download\"><\/i><\/a><\/p>\n<\/section>\n\n\n\n<section class=\"wp-block-group has-grey-color-background-color has-background has-medium-font-size is-content-justification-space-between is-nowrap is-layout-flex wp-container-core-group-is-layout-95e57954 wp-block-group-is-layout-flex\" style=\"padding-top:var(--wp--preset--spacing--40);padding-right:var(--wp--preset--spacing--60);padding-bottom:var(--wp--preset--spacing--40);padding-left:var(--wp--preset--spacing--60)\">\n<h4 class=\"wp-block-heading wp-container-content-9cfa9a5a\"><a href=\"https:\/\/srfb.be\/wp-content\/uploads\/2019\/07\/44b_2_Biomasse_foresti%C3%A8re_modalit%C3%A9_production_b%C3%BBches.pdf\" target=\"_blank\" rel=\"noreferrer noopener\"><i class=\"fas fa-file\"><\/i> Biomasse foresti\u00e8re modalit\u00e9, modalit\u00e9s de production de b\u00fbches<\/a><\/h4>\n\n\n\n<p><a href=\"https:\/\/srfb.be\/wp-content\/uploads\/2019\/07\/44b_2_Biomasse_foresti%C3%A8re_modalit%C3%A9_production_b%C3%BBches.pdf\" target=\"_blank\" rel=\"noreferrer noopener\"><i class=\"fas fa-download\"><\/i><\/a><\/p>\n<\/section>\n\n\n\n<section class=\"wp-block-group has-grey-color-background-color has-background has-medium-font-size is-content-justification-space-between is-nowrap is-layout-flex wp-container-core-group-is-layout-95e57954 wp-block-group-is-layout-flex\" style=\"padding-top:var(--wp--preset--spacing--40);padding-right:var(--wp--preset--spacing--60);padding-bottom:var(--wp--preset--spacing--40);padding-left:var(--wp--preset--spacing--60)\">\n<h4 class=\"wp-block-heading wp-container-content-9cfa9a5a\"><a href=\"https:\/\/www.youtube.com\/watch?v=_gjw_UQc9qQ\" target=\"_blank\" rel=\"noreferrer noopener\"><i class=\"fas fa-file\"><\/i> Abattre un arbre en s\u00e9curit\u00e9 (Vid\u00e9o)<\/a><\/h4>\n\n\n\n<p><a href=\"https:\/\/www.youtube.com\/watch?v=_gjw_UQc9qQ\" target=\"_blank\" rel=\"noreferrer noopener\"><i class=\"fab fa-youtube\"><\/i><\/a><\/p>\n<\/section>\n\n\n\n<section class=\"wp-block-group has-grey-color-background-color has-background has-medium-font-size is-content-justification-space-between is-nowrap is-layout-flex wp-container-core-group-is-layout-95e57954 wp-block-group-is-layout-flex\" style=\"padding-top:var(--wp--preset--spacing--40);padding-right:var(--wp--preset--spacing--60);padding-bottom:var(--wp--preset--spacing--40);padding-left:var(--wp--preset--spacing--60)\">\n<h4 class=\"wp-block-heading wp-container-content-9cfa9a5a\"><a href=\"https:\/\/srfb.be\/wp-content\/uploads\/2019\/07\/47_Conclure_un_contrat_de_bois_de_chauffage.pdf\" target=\"_blank\" rel=\"noreferrer noopener\"><i class=\"fas fa-file\"><\/i> Conclure un contrat de bois de chauffage<\/a><\/h4>\n\n\n\n<p><a href=\"https:\/\/srfb.be\/wp-content\/uploads\/2019\/07\/47_Conclure_un_contrat_de_bois_de_chauffage.pdf\" target=\"_blank\" rel=\"noreferrer noopener\"><i class=\"fas fa-download\"><\/i><\/a><\/p>\n<\/section>","protected":false},"excerpt":{"rendered":"<p>Interm\u00e9diaire Estimer la qualit\u00e9 des bois sur pied ou abattus et la valeur d\u2019une coupe Cuber les arbres abattus (Vid\u00e9o) Les diff\u00e9rents modes de vente des bois Conclure un contrat de vente de bois sur pied Certification foresti\u00e8re qu&rsquo;est-ce que c&rsquo;est Production et commercialisation de biomasse foresti\u00e8re Biomasse foresti\u00e8re, modalit\u00e9 de production de copeaux Biomasse&#8230; <\/p>\n<div class=\"clear\"><\/div>\n<p><a href=\"https:\/\/kbbm.be\/nl\/formations-et-activites\/je-me-forme-pour-ma-foret\/ressources-educatives-eforown\/vendre_du_bois\/\" class=\"excerpt-read-more\">Meer lezen<\/a><\/p>","protected":false},"author":18,"featured_media":0,"parent":10975,"menu_order":0,"comment_status":"closed","ping_status":"closed","template":"","meta":{"iawp_total_views":340,"footnotes":""},"class_list":["post-8134","page","type-page","status-publish","hentry"],"yoast_head":"<!-- This site is optimized with the Yoast SEO plugin v27.4 - https:\/\/yoast.com\/product\/yoast-seo-wordpress\/ -->\n<title>Vendre du bois - Soci\u00e9t\u00e9 Royale Foresti\u00e8re de Belgique<\/title>\n<meta name=\"description\" content=\"Retrouvez ici les ressources \u00e9ducatives du projet eforown sur la th\u00e9matique &quot;Vendre du bois&quot;\" \/>\n<meta name=\"robots\" content=\"index, follow, max-snippet:-1, max-image-preview:large, max-video-preview:-1\" \/>\n<link rel=\"canonical\" href=\"https:\/\/srfb.be\/formations-et-activites\/je-me-forme-pour-ma-foret\/ressources-educatives-eforown\/vendre_du_bois\/\" \/>\n<meta property=\"og:locale\" content=\"nl_BE\" \/>\n<meta property=\"og:type\" content=\"article\" \/>\n<meta property=\"og:title\" content=\"Vendre du bois - Soci\u00e9t\u00e9 Royale Foresti\u00e8re de Belgique\" \/>\n<meta property=\"og:description\" content=\"Retrouvez ici les ressources \u00e9ducatives du projet eforown sur la th\u00e9matique &quot;Vendre du bois&quot;\" \/>\n<meta property=\"og:url\" content=\"https:\/\/srfb.be\/formations-et-activites\/je-me-forme-pour-ma-foret\/ressources-educatives-eforown\/vendre_du_bois\/\" \/>\n<meta property=\"og:site_name\" content=\"Soci\u00e9t\u00e9 Royale Foresti\u00e8re de Belgique\" \/>\n<meta property=\"article:publisher\" content=\"https:\/\/www.facebook.com\/srfb.be\" \/>\n<meta property=\"article:modified_time\" content=\"2024-03-20T13:58:11+00:00\" \/>\n<meta property=\"og:image\" content=\"https:\/\/srfb.be\/wp-content\/uploads\/2019\/07\/logo_label-1024x576.jpg\" \/>\n<script type=\"application\/ld+json\" class=\"yoast-schema-graph\">{\"@context\":\"https:\\\/\\\/schema.org\",\"@graph\":[{\"@type\":\"WebPage\",\"@id\":\"https:\\\/\\\/srfb.be\\\/formations-et-activites\\\/je-me-forme-pour-ma-foret\\\/ressources-educatives-eforown\\\/vendre_du_bois\\\/\",\"url\":\"https:\\\/\\\/srfb.be\\\/formations-et-activites\\\/je-me-forme-pour-ma-foret\\\/ressources-educatives-eforown\\\/vendre_du_bois\\\/\",\"name\":\"Vendre du bois - Soci\u00e9t\u00e9 Royale Foresti\u00e8re de Belgique\",\"isPartOf\":{\"@id\":\"https:\\\/\\\/srfb.be\\\/#website\"},\"primaryImageOfPage\":{\"@id\":\"https:\\\/\\\/srfb.be\\\/formations-et-activites\\\/je-me-forme-pour-ma-foret\\\/ressources-educatives-eforown\\\/vendre_du_bois\\\/#primaryimage\"},\"image\":{\"@id\":\"https:\\\/\\\/srfb.be\\\/formations-et-activites\\\/je-me-forme-pour-ma-foret\\\/ressources-educatives-eforown\\\/vendre_du_bois\\\/#primaryimage\"},\"thumbnailUrl\":\"https:\\\/\\\/srfb.be\\\/wp-content\\\/uploads\\\/2019\\\/07\\\/logo_label-1024x576.jpg\",\"datePublished\":\"2019-07-18T18:20:49+00:00\",\"dateModified\":\"2024-03-20T13:58:11+00:00\",\"description\":\"Retrouvez ici les ressources \u00e9ducatives du projet eforown sur la th\u00e9matique \\\"Vendre du bois\\\"\",\"breadcrumb\":{\"@id\":\"https:\\\/\\\/srfb.be\\\/formations-et-activites\\\/je-me-forme-pour-ma-foret\\\/ressources-educatives-eforown\\\/vendre_du_bois\\\/#breadcrumb\"},\"inLanguage\":\"nl-BE\",\"potentialAction\":[{\"@type\":\"ReadAction\",\"target\":[\"https:\\\/\\\/srfb.be\\\/formations-et-activites\\\/je-me-forme-pour-ma-foret\\\/ressources-educatives-eforown\\\/vendre_du_bois\\\/\"]}]},{\"@type\":\"ImageObject\",\"inLanguage\":\"nl-BE\",\"@id\":\"https:\\\/\\\/srfb.be\\\/formations-et-activites\\\/je-me-forme-pour-ma-foret\\\/ressources-educatives-eforown\\\/vendre_du_bois\\\/#primaryimage\",\"url\":\"https:\\\/\\\/srfb.be\\\/wp-content\\\/uploads\\\/2019\\\/07\\\/logo_label-1024x576.jpg\",\"contentUrl\":\"https:\\\/\\\/srfb.be\\\/wp-content\\\/uploads\\\/2019\\\/07\\\/logo_label-1024x576.jpg\"},{\"@type\":\"BreadcrumbList\",\"@id\":\"https:\\\/\\\/srfb.be\\\/formations-et-activites\\\/je-me-forme-pour-ma-foret\\\/ressources-educatives-eforown\\\/vendre_du_bois\\\/#breadcrumb\",\"itemListElement\":[{\"@type\":\"ListItem\",\"position\":1,\"name\":\"Accueil\",\"item\":\"https:\\\/\\\/srfb.be\\\/en\\\/\"},{\"@type\":\"ListItem\",\"position\":2,\"name\":\"Formations et activit\u00e9s\",\"item\":\"https:\\\/\\\/srfb.be\\\/en\\\/trainings-and-activities\\\/\"},{\"@type\":\"ListItem\",\"position\":3,\"name\":\"Je me forme pour ma for\u00eat\",\"item\":\"https:\\\/\\\/srfb.be\\\/en\\\/trainings-and-activities\\\/train-for-my-forest\\\/\"},{\"@type\":\"ListItem\",\"position\":4,\"name\":\"Ressources \u00e9ducatives eforown\",\"item\":\"https:\\\/\\\/www.kbbm.be\\\/en\\\/trainings-and-activities\\\/train-for-my-forest\\\/ressources-educatives-eforown\\\/\"},{\"@type\":\"ListItem\",\"position\":5,\"name\":\"Vendre du bois\"}]},{\"@type\":\"WebSite\",\"@id\":\"https:\\\/\\\/srfb.be\\\/#website\",\"url\":\"https:\\\/\\\/srfb.be\\\/\",\"name\":\"Soci\u00e9t\u00e9 Royale Foresti\u00e8re de Belgique\",\"description\":\"Au service de la for\u00eat et des forestiers\",\"publisher\":{\"@id\":\"https:\\\/\\\/srfb.be\\\/#organization\"},\"alternateName\":\"SRFB-KBBM\",\"potentialAction\":[{\"@type\":\"SearchAction\",\"target\":{\"@type\":\"EntryPoint\",\"urlTemplate\":\"https:\\\/\\\/srfb.be\\\/?s={search_term_string}\"},\"query-input\":{\"@type\":\"PropertyValueSpecification\",\"valueRequired\":true,\"valueName\":\"search_term_string\"}}],\"inLanguage\":\"nl-BE\"},{\"@type\":\"Organization\",\"@id\":\"https:\\\/\\\/srfb.be\\\/#organization\",\"name\":\"Soci\u00e9t\u00e9 Royale Foresti\u00e8re De Belgique - Koninklijke Belgische Bosbouwmaatschappij\",\"alternateName\":\"SRFB-KBBM\",\"url\":\"https:\\\/\\\/srfb.be\\\/\",\"logo\":{\"@type\":\"ImageObject\",\"inLanguage\":\"nl-BE\",\"@id\":\"https:\\\/\\\/srfb.be\\\/#\\\/schema\\\/logo\\\/image\\\/\",\"url\":\"https:\\\/\\\/srfb.be\\\/wp-content\\\/uploads\\\/2019\\\/06\\\/android-chrome-256x256.png\",\"contentUrl\":\"https:\\\/\\\/srfb.be\\\/wp-content\\\/uploads\\\/2019\\\/06\\\/android-chrome-256x256.png\",\"width\":1200,\"height\":1232,\"caption\":\"Soci\u00e9t\u00e9 Royale Foresti\u00e8re De Belgique - Koninklijke Belgische Bosbouwmaatschappij\"},\"image\":{\"@id\":\"https:\\\/\\\/srfb.be\\\/#\\\/schema\\\/logo\\\/image\\\/\"},\"sameAs\":[\"https:\\\/\\\/www.facebook.com\\\/srfb.be\",\"https:\\\/\\\/www.instagram.com\\\/srfb_kbbm\\\/\",\"https:\\\/\\\/www.linkedin.com\\\/company\\\/srfb-kbbm\\\/\",\"https:\\\/\\\/www.youtube.com\\\/user\\\/srfbkbbm\"]}]}<\/script>\n<!-- \/ Yoast SEO plugin. -->","yoast_head_json":{"title":"Hout verkopen - Koninklijke Belgische Boswachterij","description":"Retrouvez ici les ressources \u00e9ducatives du projet eforown sur la th\u00e9matique \"Vendre du bois\"","robots":{"index":"index","follow":"follow","max-snippet":"max-snippet:-1","max-image-preview":"max-image-preview:large","max-video-preview":"max-video-preview:-1"},"canonical":"https:\/\/srfb.be\/formations-et-activites\/je-me-forme-pour-ma-foret\/ressources-educatives-eforown\/vendre_du_bois\/","og_locale":"nl_BE","og_type":"article","og_title":"Vendre du bois - Soci\u00e9t\u00e9 Royale Foresti\u00e8re de Belgique","og_description":"Retrouvez ici les ressources \u00e9ducatives du projet eforown sur la th\u00e9matique \"Vendre du bois\"","og_url":"https:\/\/srfb.be\/formations-et-activites\/je-me-forme-pour-ma-foret\/ressources-educatives-eforown\/vendre_du_bois\/","og_site_name":"Soci\u00e9t\u00e9 Royale Foresti\u00e8re de Belgique","article_publisher":"https:\/\/www.facebook.com\/srfb.be","article_modified_time":"2024-03-20T13:58:11+00:00","og_image":[{"url":"https:\/\/srfb.be\/wp-content\/uploads\/2019\/07\/logo_label-1024x576.jpg","type":"","width":"","height":""}],"schema":{"@context":"https:\/\/schema.org","@graph":[{"@type":"WebPage","@id":"https:\/\/srfb.be\/formations-et-activites\/je-me-forme-pour-ma-foret\/ressources-educatives-eforown\/vendre_du_bois\/","url":"https:\/\/srfb.be\/formations-et-activites\/je-me-forme-pour-ma-foret\/ressources-educatives-eforown\/vendre_du_bois\/","name":"Hout verkopen - Koninklijke Belgische Boswachterij","isPartOf":{"@id":"https:\/\/srfb.be\/#website"},"primaryImageOfPage":{"@id":"https:\/\/srfb.be\/formations-et-activites\/je-me-forme-pour-ma-foret\/ressources-educatives-eforown\/vendre_du_bois\/#primaryimage"},"image":{"@id":"https:\/\/srfb.be\/formations-et-activites\/je-me-forme-pour-ma-foret\/ressources-educatives-eforown\/vendre_du_bois\/#primaryimage"},"thumbnailUrl":"https:\/\/srfb.be\/wp-content\/uploads\/2019\/07\/logo_label-1024x576.jpg","datePublished":"2019-07-18T18:20:49+00:00","dateModified":"2024-03-20T13:58:11+00:00","description":"Retrouvez ici les ressources \u00e9ducatives du projet eforown sur la th\u00e9matique \"Vendre du bois\"","breadcrumb":{"@id":"https:\/\/srfb.be\/formations-et-activites\/je-me-forme-pour-ma-foret\/ressources-educatives-eforown\/vendre_du_bois\/#breadcrumb"},"inLanguage":"nl-BE","potentialAction":[{"@type":"ReadAction","target":["https:\/\/srfb.be\/formations-et-activites\/je-me-forme-pour-ma-foret\/ressources-educatives-eforown\/vendre_du_bois\/"]}]},{"@type":"ImageObject","inLanguage":"nl-BE","@id":"https:\/\/srfb.be\/formations-et-activites\/je-me-forme-pour-ma-foret\/ressources-educatives-eforown\/vendre_du_bois\/#primaryimage","url":"https:\/\/srfb.be\/wp-content\/uploads\/2019\/07\/logo_label-1024x576.jpg","contentUrl":"https:\/\/srfb.be\/wp-content\/uploads\/2019\/07\/logo_label-1024x576.jpg"},{"@type":"BreadcrumbList","@id":"https:\/\/srfb.be\/formations-et-activites\/je-me-forme-pour-ma-foret\/ressources-educatives-eforown\/vendre_du_bois\/#breadcrumb","itemListElement":[{"@type":"ListItem","position":1,"name":"Accueil","item":"https:\/\/srfb.be\/en\/"},{"@type":"ListItem","position":2,"name":"Formations et activit\u00e9s","item":"https:\/\/srfb.be\/en\/trainings-and-activities\/"},{"@type":"ListItem","position":3,"name":"Je me forme pour ma for\u00eat","item":"https:\/\/srfb.be\/en\/trainings-and-activities\/train-for-my-forest\/"},{"@type":"ListItem","position":4,"name":"Ressources \u00e9ducatives eforown","item":"https:\/\/www.kbbm.be\/en\/trainings-and-activities\/train-for-my-forest\/ressources-educatives-eforown\/"},{"@type":"ListItem","position":5,"name":"Vendre du bois"}]},{"@type":"WebSite","@id":"https:\/\/srfb.be\/#website","url":"https:\/\/srfb.be\/","name":"Koninklijke Belgische Bosbouwmaatschappij","description":"Ten dienste van het bos en de bosbouwers","publisher":{"@id":"https:\/\/srfb.be\/#organization"},"alternateName":"SRFB-KBBM","potentialAction":[{"@type":"SearchAction","target":{"@type":"EntryPoint","urlTemplate":"https:\/\/srfb.be\/?s={search_term_string}"},"query-input":{"@type":"PropertyValueSpecification","valueRequired":true,"valueName":"search_term_string"}}],"inLanguage":"nl-BE"},{"@type":"Organization","@id":"https:\/\/srfb.be\/#organization","name":"Soci\u00e9t\u00e9 Royale Foresti\u00e8re De Belgique - Koninklijke Belgische Bosbouwmaatschappij","alternateName":"SRFB-KBBM","url":"https:\/\/srfb.be\/","logo":{"@type":"ImageObject","inLanguage":"nl-BE","@id":"https:\/\/srfb.be\/#\/schema\/logo\/image\/","url":"https:\/\/srfb.be\/wp-content\/uploads\/2019\/06\/android-chrome-256x256.png","contentUrl":"https:\/\/srfb.be\/wp-content\/uploads\/2019\/06\/android-chrome-256x256.png","width":1200,"height":1232,"caption":"Soci\u00e9t\u00e9 Royale Foresti\u00e8re De Belgique - Koninklijke Belgische Bosbouwmaatschappij"},"image":{"@id":"https:\/\/srfb.be\/#\/schema\/logo\/image\/"},"sameAs":["https:\/\/www.facebook.com\/srfb.be","https:\/\/www.instagram.com\/srfb_kbbm\/","https:\/\/www.linkedin.com\/company\/srfb-kbbm\/","https:\/\/www.youtube.com\/user\/srfbkbbm"]}]}},"_links":{"self":[{"href":"https:\/\/kbbm.be\/nl\/wp-json\/wp\/v2\/pages\/8134","targetHints":{"allow":["GET"]}}],"collection":[{"href":"https:\/\/kbbm.be\/nl\/wp-json\/wp\/v2\/pages"}],"about":[{"href":"https:\/\/kbbm.be\/nl\/wp-json\/wp\/v2\/types\/page"}],"author":[{"embeddable":true,"href":"https:\/\/kbbm.be\/nl\/wp-json\/wp\/v2\/users\/18"}],"replies":[{"embeddable":true,"href":"https:\/\/kbbm.be\/nl\/wp-json\/wp\/v2\/comments?post=8134"}],"version-history":[{"count":0,"href":"https:\/\/kbbm.be\/nl\/wp-json\/wp\/v2\/pages\/8134\/revisions"}],"up":[{"embeddable":true,"href":"https:\/\/kbbm.be\/nl\/wp-json\/wp\/v2\/pages\/10975"}],"wp:attachment":[{"href":"https:\/\/kbbm.be\/nl\/wp-json\/wp\/v2\/media?parent=8134"}],"curies":[{"name":"wp","href":"https:\/\/api.w.org\/{rel}","templated":true}]}}