{"id":6719,"date":"2019-06-30T14:24:50","date_gmt":"2019-06-30T14:24:50","guid":{"rendered":"http:\/\/srfb-wp.dphi.be\/?page_id=6719"},"modified":"2024-03-06T12:07:26","modified_gmt":"2024-03-06T11:07:26","slug":"aanmelden-silva-nieuwsbrief","status":"publish","type":"page","link":"https:\/\/kbbm.be\/nl\/inscription-newsletter-silva\/","title":{"rendered":"Aanmelden voor de Silva-nieuwsbrief"},"content":{"rendered":"<iframe loading=\"lazy\" data-w-type=\"embedded\" frameborder=\"0\" scrolling=\"no\" marginheight=\"0\" marginwidth=\"0\" src=\"https:\/\/00o5y.mjt.lu\/wgt\/00o5y\/25z\/form?c=24aa071f\" width=\"500\" height=\"400\" style=\"margin: auto; display: block;\"><\/iframe>\n\n<script type=\"text\/javascript\" src=\"https:\/\/app.mailjet.com\/pas-nc-embedded-v1.js\"><\/script>\n\n\n\n<p class=\"has-text-align-center has-small-font-size translation-block\" style=\"margin-top:var(--wp--preset--spacing--30);margin-bottom:var(--wp--preset--spacing--30)\"><em>Door te klikken op \"Inschrijven\", gaat u akkoord met de <a href=\"\/nl\/privacy-en-cookiesbeleid\/\" target=\"_blank\" rel=\"noreferrer noopener\">Privacyverklaring van het Koninklijke Belgische Bosbouwmaatschappij<\/a><\/em>.<\/p>","protected":false},"excerpt":{"rendered":"<p class=\"translation-block\"><em>Door te klikken op \"Inschrijven\", gaat u akkoord met de <a href=\"\/nl\/privacy-en-cookiesbeleid\/\" target=\"_blank\" rel=\"noreferrer noopener\">Privacyverklaring van het Koninklijke Belgische Bosbouwmaatschappij<\/a><\/em>.<\/p>","protected":false},"author":18,"featured_media":0,"parent":0,"menu_order":0,"comment_status":"closed","ping_status":"closed","template":"","meta":{"iawp_total_views":590,"footnotes":""},"class_list":["post-6719","page","type-page","status-publish","hentry"],"yoast_head":"<!-- This site is optimized with the Yoast SEO plugin v27.4 - https:\/\/yoast.com\/product\/yoast-seo-wordpress\/ -->\n<title>Inscription Newsletter Silva - Soci\u00e9t\u00e9 Royale Foresti\u00e8re de Belgique<\/title>\n<meta name=\"description\" content=\"SILVA Mail, la newsletter mensuelle et gratuite pour les forestiers. Inscrivez-vous pour la recevoir chaque mois dans votre boite mail.\" \/>\n<meta name=\"robots\" content=\"index, follow, max-snippet:-1, max-image-preview:large, max-video-preview:-1\" \/>\n<link rel=\"canonical\" href=\"https:\/\/srfb.be\/de\/anmeldung-silva-newsletter\/\" \/>\n<meta property=\"og:locale\" content=\"nl_BE\" \/>\n<meta property=\"og:type\" content=\"article\" \/>\n<meta property=\"og:title\" content=\"Inscription Newsletter Silva - Soci\u00e9t\u00e9 Royale Foresti\u00e8re de Belgique\" \/>\n<meta property=\"og:description\" content=\"SILVA Mail, la newsletter mensuelle et gratuite pour les forestiers. Inscrivez-vous pour la recevoir chaque mois dans votre boite mail.\" \/>\n<meta property=\"og:url\" content=\"https:\/\/srfb.be\/de\/anmeldung-silva-newsletter\/\" \/>\n<meta property=\"og:site_name\" content=\"Soci\u00e9t\u00e9 Royale Foresti\u00e8re de Belgique\" \/>\n<meta property=\"article:publisher\" content=\"https:\/\/www.facebook.com\/srfb.be\" \/>\n<meta property=\"article:modified_time\" content=\"2024-03-06T11:07:26+00:00\" \/>\n<script type=\"application\/ld+json\" class=\"yoast-schema-graph\">{\"@context\":\"https:\\\/\\\/schema.org\",\"@graph\":[{\"@type\":\"WebPage\",\"@id\":\"https:\\\/\\\/srfb.be\\\/de\\\/anmeldung-silva-newsletter\\\/\",\"url\":\"https:\\\/\\\/srfb.be\\\/de\\\/anmeldung-silva-newsletter\\\/\",\"name\":\"Inscription Newsletter Silva - Soci\u00e9t\u00e9 Royale Foresti\u00e8re de Belgique\",\"isPartOf\":{\"@id\":\"https:\\\/\\\/srfb.be\\\/#website\"},\"datePublished\":\"2019-06-30T14:24:50+00:00\",\"dateModified\":\"2024-03-06T11:07:26+00:00\",\"description\":\"SILVA Mail, la newsletter mensuelle et gratuite pour les forestiers. Inscrivez-vous pour la recevoir chaque mois dans votre boite mail.\",\"breadcrumb\":{\"@id\":\"https:\\\/\\\/srfb.be\\\/de\\\/anmeldung-silva-newsletter\\\/#breadcrumb\"},\"inLanguage\":\"nl-BE\",\"potentialAction\":[{\"@type\":\"ReadAction\",\"target\":[\"https:\\\/\\\/srfb.be\\\/de\\\/anmeldung-silva-newsletter\\\/\"]}]},{\"@type\":\"BreadcrumbList\",\"@id\":\"https:\\\/\\\/srfb.be\\\/de\\\/anmeldung-silva-newsletter\\\/#breadcrumb\",\"itemListElement\":[{\"@type\":\"ListItem\",\"position\":1,\"name\":\"Accueil\",\"item\":\"https:\\\/\\\/srfb.be\\\/en\\\/\"},{\"@type\":\"ListItem\",\"position\":2,\"name\":\"Inscription Newsletter Silva\"}]},{\"@type\":\"WebSite\",\"@id\":\"https:\\\/\\\/srfb.be\\\/#website\",\"url\":\"https:\\\/\\\/srfb.be\\\/\",\"name\":\"Soci\u00e9t\u00e9 Royale Foresti\u00e8re de Belgique\",\"description\":\"Au service de la for\u00eat et des forestiers\",\"publisher\":{\"@id\":\"https:\\\/\\\/srfb.be\\\/#organization\"},\"alternateName\":\"SRFB-KBBM\",\"potentialAction\":[{\"@type\":\"SearchAction\",\"target\":{\"@type\":\"EntryPoint\",\"urlTemplate\":\"https:\\\/\\\/srfb.be\\\/?s={search_term_string}\"},\"query-input\":{\"@type\":\"PropertyValueSpecification\",\"valueRequired\":true,\"valueName\":\"search_term_string\"}}],\"inLanguage\":\"nl-BE\"},{\"@type\":\"Organization\",\"@id\":\"https:\\\/\\\/srfb.be\\\/#organization\",\"name\":\"Soci\u00e9t\u00e9 Royale Foresti\u00e8re De Belgique - Koninklijke Belgische Bosbouwmaatschappij\",\"alternateName\":\"SRFB-KBBM\",\"url\":\"https:\\\/\\\/srfb.be\\\/\",\"logo\":{\"@type\":\"ImageObject\",\"inLanguage\":\"nl-BE\",\"@id\":\"https:\\\/\\\/srfb.be\\\/#\\\/schema\\\/logo\\\/image\\\/\",\"url\":\"https:\\\/\\\/srfb.be\\\/wp-content\\\/uploads\\\/2019\\\/06\\\/android-chrome-256x256.png\",\"contentUrl\":\"https:\\\/\\\/srfb.be\\\/wp-content\\\/uploads\\\/2019\\\/06\\\/android-chrome-256x256.png\",\"width\":1200,\"height\":1232,\"caption\":\"Soci\u00e9t\u00e9 Royale Foresti\u00e8re De Belgique - Koninklijke Belgische Bosbouwmaatschappij\"},\"image\":{\"@id\":\"https:\\\/\\\/srfb.be\\\/#\\\/schema\\\/logo\\\/image\\\/\"},\"sameAs\":[\"https:\\\/\\\/www.facebook.com\\\/srfb.be\",\"https:\\\/\\\/www.instagram.com\\\/srfb_kbbm\\\/\",\"https:\\\/\\\/www.linkedin.com\\\/company\\\/srfb-kbbm\\\/\",\"https:\\\/\\\/www.youtube.com\\\/user\\\/srfbkbbm\"]}]}<\/script>\n<!-- \/ Yoast SEO plugin. -->","yoast_head_json":{"title":"Inschrijven voor de Silva-nieuwsbrief - Koninklijke Belgische Bosbouwmaatschappij","description":"SILVA Mail, de gratis maandelijkse nieuwsbrief voor bosbouwers. Meld je aan en ontvang hem elke maand in je inbox.","robots":{"index":"index","follow":"follow","max-snippet":"max-snippet:-1","max-image-preview":"max-image-preview:large","max-video-preview":"max-video-preview:-1"},"canonical":"https:\/\/srfb.be\/de\/anmeldung-silva-newsletter\/","og_locale":"nl_BE","og_type":"article","og_title":"Inscription Newsletter Silva - Soci\u00e9t\u00e9 Royale Foresti\u00e8re de Belgique","og_description":"SILVA Mail, la newsletter mensuelle et gratuite pour les forestiers. Inscrivez-vous pour la recevoir chaque mois dans votre boite mail.","og_url":"https:\/\/srfb.be\/de\/anmeldung-silva-newsletter\/","og_site_name":"Soci\u00e9t\u00e9 Royale Foresti\u00e8re de Belgique","article_publisher":"https:\/\/www.facebook.com\/srfb.be","article_modified_time":"2024-03-06T11:07:26+00:00","schema":{"@context":"https:\/\/schema.org","@graph":[{"@type":"WebPage","@id":"https:\/\/srfb.be\/de\/anmeldung-silva-newsletter\/","url":"https:\/\/srfb.be\/de\/anmeldung-silva-newsletter\/","name":"Inschrijven voor de Silva-nieuwsbrief - Koninklijke Belgische Bosbouwmaatschappij","isPartOf":{"@id":"https:\/\/srfb.be\/#website"},"datePublished":"2019-06-30T14:24:50+00:00","dateModified":"2024-03-06T11:07:26+00:00","description":"SILVA Mail, de gratis maandelijkse nieuwsbrief voor bosbouwers. Meld je aan en ontvang hem elke maand in je inbox.","breadcrumb":{"@id":"https:\/\/srfb.be\/de\/anmeldung-silva-newsletter\/#breadcrumb"},"inLanguage":"nl-BE","potentialAction":[{"@type":"ReadAction","target":["https:\/\/srfb.be\/de\/anmeldung-silva-newsletter\/"]}]},{"@type":"BreadcrumbList","@id":"https:\/\/srfb.be\/de\/anmeldung-silva-newsletter\/#breadcrumb","itemListElement":[{"@type":"ListItem","position":1,"name":"Accueil","item":"https:\/\/srfb.be\/en\/"},{"@type":"ListItem","position":2,"name":"Inscription Newsletter Silva"}]},{"@type":"WebSite","@id":"https:\/\/srfb.be\/#website","url":"https:\/\/srfb.be\/","name":"Koninklijke Belgische Bosbouwmaatschappij","description":"Ten dienste van het bos en de bosbouwers","publisher":{"@id":"https:\/\/srfb.be\/#organization"},"alternateName":"SRFB-KBBM","potentialAction":[{"@type":"SearchAction","target":{"@type":"EntryPoint","urlTemplate":"https:\/\/srfb.be\/?s={search_term_string}"},"query-input":{"@type":"PropertyValueSpecification","valueRequired":true,"valueName":"search_term_string"}}],"inLanguage":"nl-BE"},{"@type":"Organization","@id":"https:\/\/srfb.be\/#organization","name":"Soci\u00e9t\u00e9 Royale Foresti\u00e8re De Belgique - Koninklijke Belgische Bosbouwmaatschappij","alternateName":"SRFB-KBBM","url":"https:\/\/srfb.be\/","logo":{"@type":"ImageObject","inLanguage":"nl-BE","@id":"https:\/\/srfb.be\/#\/schema\/logo\/image\/","url":"https:\/\/srfb.be\/wp-content\/uploads\/2019\/06\/android-chrome-256x256.png","contentUrl":"https:\/\/srfb.be\/wp-content\/uploads\/2019\/06\/android-chrome-256x256.png","width":1200,"height":1232,"caption":"Soci\u00e9t\u00e9 Royale Foresti\u00e8re De Belgique - Koninklijke Belgische Bosbouwmaatschappij"},"image":{"@id":"https:\/\/srfb.be\/#\/schema\/logo\/image\/"},"sameAs":["https:\/\/www.facebook.com\/srfb.be","https:\/\/www.instagram.com\/srfb_kbbm\/","https:\/\/www.linkedin.com\/company\/srfb-kbbm\/","https:\/\/www.youtube.com\/user\/srfbkbbm"]}]}},"_links":{"self":[{"href":"https:\/\/kbbm.be\/nl\/wp-json\/wp\/v2\/pages\/6719","targetHints":{"allow":["GET"]}}],"collection":[{"href":"https:\/\/kbbm.be\/nl\/wp-json\/wp\/v2\/pages"}],"about":[{"href":"https:\/\/kbbm.be\/nl\/wp-json\/wp\/v2\/types\/page"}],"author":[{"embeddable":true,"href":"https:\/\/kbbm.be\/nl\/wp-json\/wp\/v2\/users\/18"}],"replies":[{"embeddable":true,"href":"https:\/\/kbbm.be\/nl\/wp-json\/wp\/v2\/comments?post=6719"}],"version-history":[{"count":0,"href":"https:\/\/kbbm.be\/nl\/wp-json\/wp\/v2\/pages\/6719\/revisions"}],"wp:attachment":[{"href":"https:\/\/kbbm.be\/nl\/wp-json\/wp\/v2\/media?parent=6719"}],"curies":[{"name":"wp","href":"https:\/\/api.w.org\/{rel}","templated":true}]}}