{"id":23101,"date":"2022-04-12T11:27:48","date_gmt":"2022-04-12T09:27:48","guid":{"rendered":"https:\/\/www.srfb.be\/?page_id=23101"},"modified":"2026-01-07T13:32:10","modified_gmt":"2026-01-07T12:32:10","slug":"bestaansreden","status":"publish","type":"page","link":"https:\/\/kbbm.be\/nl\/a-propos\/raison-etre\/","title":{"rendered":"Onze bestaansreden"},"content":{"rendered":"<div class=\"yoast-breadcrumbs\"><span><span><a href=\"https:\/\/srfb.be\/nl\/\">Onthaal<\/a><\/span> &gt; <span><a href=\"https:\/\/srfb.be\/a-propos\/\">Over de KBBM<\/a><\/span> &gt; <span class=\"breadcrumb_last\" aria-current=\"page\"><strong>Onze bestaansreden<\/strong><\/span><\/span><\/div>\n\n\n<div class=\"wp-block-columns is-layout-flex wp-container-core-columns-is-layout-3e1d588b wp-block-columns-is-layout-flex\" style=\"margin-top:var(--wp--preset--spacing--70)\">\n<div class=\"wp-block-column is-layout-flow wp-block-column-is-layout-flow\" style=\"padding-top:50px;padding-right:50px;padding-bottom:50px;padding-left:50px\">\n<h2 class=\"wp-block-heading\">Waar wij voor staan<\/h2>\n\n\n\n<h3 class=\"wp-block-heading\">Visie<\/h3>\n\n\n\n<p>De Koninklijke Belgische Bosbouwmaatschappij staat ten dienste van het bos en begeleidt de bosbouwers opdat zij aan de volgende generaties een&nbsp;<a href=\"\/nl\/mozaiekbos\/\">gezond en multifunctioneel bos overdragen<\/a>.<\/p>\n\n\n\n<h3 class=\"wp-block-heading\">Missie<\/h3>\n\n\n\n<p>De KBBM stimuleert een duurzaam bosbeheer aan de hand van<a href=\"\/nl\/informatie-over-de-bossen\/\">informatie<\/a>, het&nbsp;<a href=\"\/nl\/opleidingen-en-activiteiten\/\">opleidingen<\/a>&nbsp;aangepaste diensten zoals&nbsp;<a href=\"\/nl\/verzekeringen\/\">verzekeringen<\/a>, het&nbsp;<a href=\"\/nl\/pefc-certificatie\/\">certificatie<\/a>en de&nbsp;<a href=\"\/nl\/plant-een-boom\/\">steun voor de herbebossing<\/a>. Zij kan hiervoor bogen&nbsp;<strong>op meer dan 125 jaar ervaring<\/strong>, een aangepaste pedagogiek en een holistische benadering.<\/p>\n\n\n\n<p>Daarnaast heeft de KBBM een bewustmakingscomponent ontwikkeld om het&nbsp;<strong>grote publiek te sensibiliseren<\/strong>&nbsp;en&nbsp;<strong>werkt ze mee aan verscheidene toegepaste onderzoeksprojecten<\/strong>. Ze richt zich in de eerste plaats tot haar leden&nbsp;<em>(boseigenaars, bosbeheerders en bosliefhebbers)<\/em>en met haar activiteiten wil ze het uitwisselen van ervaringen en ontmoetingen tussen de verschillende actoren van het bos stimuleren.&nbsp;<strong>Daarbij worden aangeboden aan de bosbouwers zodat zij vrij hun eigen keuzes kunnen maken.<\/strong>.<\/p>\n\n\n<figure class=\"wp-block-post-featured-image\"><img loading=\"lazy\" decoding=\"async\" width=\"794\" height=\"457\" src=\"https:\/\/kbbm.be\/wp-content\/uploads\/2022\/04\/main-arbre.png\" class=\"attachment-post-thumbnail size-post-thumbnail wp-post-image\" alt=\"Hand op een boom\" style=\"object-fit:cover;\" srcset=\"https:\/\/kbbm.be\/wp-content\/uploads\/2022\/04\/main-arbre.png 794w, https:\/\/kbbm.be\/wp-content\/uploads\/2022\/04\/main-arbre-600x345.png 600w, https:\/\/kbbm.be\/wp-content\/uploads\/2022\/04\/main-arbre-300x173.png 300w, https:\/\/kbbm.be\/wp-content\/uploads\/2022\/04\/main-arbre-18x10.png 18w\" sizes=\"auto, (max-width: 794px) 100vw, 794px\" \/><\/figure><\/div>\n\n\n\n<div class=\"wp-block-column has-white-color has-orange-color-background-color has-text-color has-background has-link-color wp-elements-7688f3387a253387c5848d54fa52471c is-layout-flow wp-block-column-is-layout-flow\" style=\"padding-top:50px;padding-right:50px;padding-bottom:50px;padding-left:50px\">\n<h2 class=\"wp-block-heading has-white-color has-text-color has-link-color wp-elements-41334a79dfb6d3c09c246a559123a2d8\">Onze waarden<\/h2>\n\n\n\n<h3 class=\"wp-block-heading has-white-color has-text-color has-link-color wp-elements-5b04cf5c50fc8b64f7e29aa254b3aca9\">Know-how<\/h3>\n\n\n\n<p>De KBBM zet een hele waaier aan vakkennis in om elk van haar opdrachten tot een goed einde te brengen. Daarvoor heeft zij een&nbsp;<strong>team met veldervaring&nbsp;<\/strong><strong>, dat zich permanent bijschoolt, dat initiatieven neemt en met een openheid van geest nieuwe ontwikkelingen omarmt.<\/strong>. Zo kan het KBBM-team doeltreffende en kwaliteitsvolle diensten leveren.<\/p>\n\n\n\n<h3 class=\"wp-block-heading has-white-color has-text-color has-link-color wp-elements-7cfed9e54ea861fa4ca754880b4d19bb\">Openheid<\/h3>\n\n\n\n<p>Via haar activiteiten plaatst de KBBM het delen van&nbsp;<strong>ervaringen op de voorgrond<\/strong>. Het organiseert partnerschappen met contacten in zijn bedrijfssector. Dit gebeurt in een&nbsp;<strong>geest van openheid<\/strong>&nbsp;en de beschikbaarheid van het team, dat nuttige en gemakkelijk toegankelijke tools biedt.<\/p>\n\n\n\n<h3 class=\"wp-block-heading has-white-color has-text-color has-link-color wp-elements-1799b59c729f48b196c054d77d7f99ae\">Passie<\/h3>\n\n\n\n<p>De KBBM en haar team zijn&nbsp;<strong>gepassioneerd door het bos<\/strong>en dragen die passie ook uit. Wat het onderwerp ook is, het team van de KBBM wordt gedreven door toewijding en een levendige interesse voor het bos.<\/p>\n\n\n\n<h3 class=\"wp-block-heading has-white-color has-text-color has-link-color wp-elements-ac6940dd03beea5fd46a92efd28cd4a8\">Durf<\/h3>\n\n\n\n<p>De KBBM durft te&nbsp;<strong>ondernemen en te innoveren<\/strong>als dit nodig is voor het bos en de bosbouwers Ze durft open te staan voor&nbsp;<strong>uiteenlopende meningen en werkwijzen<\/strong>. Ze zet in op de kracht van de collectieve intelligentie en op de kracht van het samenwerken.<\/p>\n<\/div>\n<\/div>\n\n\n\n<div class=\"wp-block-group is-layout-constrained wp-block-group-is-layout-constrained\" style=\"margin-top:var(--wp--preset--spacing--80);margin-bottom:var(--wp--preset--spacing--80)\">\n<figure class=\"wp-block-image aligncenter size-large is-resized\"><img loading=\"lazy\" decoding=\"async\" width=\"1024\" height=\"299\" src=\"https:\/\/srfb.be\/wp-content\/uploads\/2024\/03\/baseline_SRFB_NL_positif.png\" alt=\"Ten dienste van het bos en de bosbouwers\" class=\"wp-image-35463\" style=\"width:500px\" srcset=\"\" sizes=\"auto, (max-width: 1024px) 100vw, 1024px\" data-srcset=\"\" \/><\/figure>\n<\/div>","protected":false},"excerpt":{"rendered":"<p>Ce que nous sommes Vision Au service de la for\u00eat, La Soci\u00e9t\u00e9 Royale Foresti\u00e8re de Belgique accompagne les forestiers pour qu\u2019ils transmettent aux g\u00e9n\u00e9rations futures une&nbsp;for\u00eat saine et multifonctionnelle. Mission La SRFB encourage une gestion foresti\u00e8re durable gr\u00e2ce \u00e0 l\u2019information, la&nbsp;formation&nbsp;et des services adapt\u00e9s tels que des&nbsp;assurances, la&nbsp;certification, ou le&nbsp;soutien au reboisement. Pour y arriver&#8230; <\/p>\n<div class=\"clear\"><\/div>\n<p><a href=\"https:\/\/kbbm.be\/nl\/a-propos\/raison-etre\/\" class=\"excerpt-read-more\">Meer lezen<\/a><\/p>","protected":false},"author":18,"featured_media":23116,"parent":5856,"menu_order":0,"comment_status":"closed","ping_status":"closed","template":"","meta":{"iawp_total_views":231,"footnotes":""},"class_list":["post-23101","page","type-page","status-publish","has-post-thumbnail","hentry"],"yoast_head":"<!-- This site is optimized with the Yoast SEO plugin v27.3 - https:\/\/yoast.com\/product\/yoast-seo-wordpress\/ -->\n<title>Notre raison d&#039;\u00eatre - Soci\u00e9t\u00e9 Royale Foresti\u00e8re de Belgique<\/title>\n<meta name=\"description\" content=\"La SRFB pr\u00e9sente leur raison d&#039;\u00eatre \u00e0 travers leur vision, mission et valeurs. Toujours au service de la for\u00eat et des forestiers.\" \/>\n<meta name=\"robots\" content=\"index, follow, max-snippet:-1, max-image-preview:large, max-video-preview:-1\" \/>\n<link rel=\"canonical\" href=\"https:\/\/srfb.be\/en\/about\/purpose\/\" \/>\n<meta property=\"og:locale\" content=\"nl_BE\" \/>\n<meta property=\"og:type\" content=\"article\" \/>\n<meta property=\"og:title\" content=\"Notre raison d&#039;\u00eatre - Soci\u00e9t\u00e9 Royale Foresti\u00e8re de Belgique\" \/>\n<meta property=\"og:description\" content=\"La SRFB pr\u00e9sente leur raison d&#039;\u00eatre \u00e0 travers leur vision, mission et valeurs. Toujours au service de la for\u00eat et des forestiers.\" \/>\n<meta property=\"og:url\" content=\"https:\/\/srfb.be\/en\/about\/purpose\/\" \/>\n<meta property=\"og:site_name\" content=\"Soci\u00e9t\u00e9 Royale Foresti\u00e8re de Belgique\" \/>\n<meta property=\"article:publisher\" content=\"https:\/\/www.facebook.com\/srfb.be\" \/>\n<meta property=\"article:modified_time\" content=\"2026-01-07T12:32:10+00:00\" \/>\n<meta property=\"og:image\" content=\"https:\/\/srfb.be\/wp-content\/uploads\/2022\/04\/main-arbre.png\" \/>\n\t<meta property=\"og:image:width\" content=\"794\" \/>\n\t<meta property=\"og:image:height\" content=\"457\" \/>\n\t<meta property=\"og:image:type\" content=\"image\/png\" \/>\n<script type=\"application\/ld+json\" class=\"yoast-schema-graph\">{\"@context\":\"https:\\\/\\\/schema.org\",\"@graph\":[{\"@type\":\"WebPage\",\"@id\":\"https:\\\/\\\/srfb.be\\\/en\\\/about\\\/purpose\\\/\",\"url\":\"https:\\\/\\\/srfb.be\\\/en\\\/about\\\/purpose\\\/\",\"name\":\"Notre raison d'\u00eatre - Soci\u00e9t\u00e9 Royale Foresti\u00e8re de Belgique\",\"isPartOf\":{\"@id\":\"https:\\\/\\\/srfb.be\\\/nl\\\/#website\"},\"primaryImageOfPage\":{\"@id\":\"https:\\\/\\\/srfb.be\\\/en\\\/about\\\/purpose\\\/#primaryimage\"},\"image\":{\"@id\":\"https:\\\/\\\/srfb.be\\\/en\\\/about\\\/purpose\\\/#primaryimage\"},\"thumbnailUrl\":\"https:\\\/\\\/kbbm.be\\\/wp-content\\\/uploads\\\/2022\\\/04\\\/main-arbre.png\",\"datePublished\":\"2022-04-12T09:27:48+00:00\",\"dateModified\":\"2026-01-07T12:32:10+00:00\",\"description\":\"La SRFB pr\u00e9sente leur raison d'\u00eatre \u00e0 travers leur vision, mission et valeurs. Toujours au service de la for\u00eat et des forestiers.\",\"breadcrumb\":{\"@id\":\"https:\\\/\\\/srfb.be\\\/en\\\/about\\\/purpose\\\/#breadcrumb\"},\"inLanguage\":\"nl-BE\",\"potentialAction\":[{\"@type\":\"ReadAction\",\"target\":[\"https:\\\/\\\/srfb.be\\\/en\\\/about\\\/purpose\\\/\"]}]},{\"@type\":\"ImageObject\",\"inLanguage\":\"nl-BE\",\"@id\":\"https:\\\/\\\/srfb.be\\\/en\\\/about\\\/purpose\\\/#primaryimage\",\"url\":\"https:\\\/\\\/kbbm.be\\\/wp-content\\\/uploads\\\/2022\\\/04\\\/main-arbre.png\",\"contentUrl\":\"https:\\\/\\\/kbbm.be\\\/wp-content\\\/uploads\\\/2022\\\/04\\\/main-arbre.png\",\"width\":794,\"height\":457,\"caption\":\"Main pos\u00e9e sur un arbre\"},{\"@type\":\"BreadcrumbList\",\"@id\":\"https:\\\/\\\/srfb.be\\\/en\\\/about\\\/purpose\\\/#breadcrumb\",\"itemListElement\":[{\"@type\":\"ListItem\",\"position\":1,\"name\":\"Accueil\",\"item\":\"https:\\\/\\\/srfb.be\\\/nl\\\/\"},{\"@type\":\"ListItem\",\"position\":2,\"name\":\"\u00c0 propos de la SRFB\",\"item\":\"https:\\\/\\\/srfb.be\\\/a-propos\\\/\"},{\"@type\":\"ListItem\",\"position\":3,\"name\":\"Notre raison d&rsquo;\u00eatre\"}]},{\"@type\":\"WebSite\",\"@id\":\"https:\\\/\\\/srfb.be\\\/nl\\\/#website\",\"url\":\"https:\\\/\\\/srfb.be\\\/nl\\\/\",\"name\":\"Soci\u00e9t\u00e9 Royale Foresti\u00e8re de Belgique\",\"description\":\"Au service de la for\u00eat et des forestiers\",\"publisher\":{\"@id\":\"https:\\\/\\\/srfb.be\\\/nl\\\/#organization\"},\"alternateName\":\"SRFB-KBBM\",\"potentialAction\":[{\"@type\":\"SearchAction\",\"target\":{\"@type\":\"EntryPoint\",\"urlTemplate\":\"https:\\\/\\\/srfb.be\\\/nl\\\/?s={search_term_string}\"},\"query-input\":{\"@type\":\"PropertyValueSpecification\",\"valueRequired\":true,\"valueName\":\"search_term_string\"}}],\"inLanguage\":\"nl-BE\"},{\"@type\":\"Organization\",\"@id\":\"https:\\\/\\\/srfb.be\\\/nl\\\/#organization\",\"name\":\"Soci\u00e9t\u00e9 Royale Foresti\u00e8re De Belgique - Koninklijke Belgische Bosbouwmaatschappij\",\"alternateName\":\"SRFB-KBBM\",\"url\":\"https:\\\/\\\/srfb.be\\\/nl\\\/\",\"logo\":{\"@type\":\"ImageObject\",\"inLanguage\":\"nl-BE\",\"@id\":\"https:\\\/\\\/srfb.be\\\/nl\\\/#\\\/schema\\\/logo\\\/image\\\/\",\"url\":\"https:\\\/\\\/srfb.be\\\/wp-content\\\/uploads\\\/2019\\\/06\\\/android-chrome-256x256.png\",\"contentUrl\":\"https:\\\/\\\/srfb.be\\\/wp-content\\\/uploads\\\/2019\\\/06\\\/android-chrome-256x256.png\",\"width\":1200,\"height\":1232,\"caption\":\"Soci\u00e9t\u00e9 Royale Foresti\u00e8re De Belgique - Koninklijke Belgische Bosbouwmaatschappij\"},\"image\":{\"@id\":\"https:\\\/\\\/srfb.be\\\/nl\\\/#\\\/schema\\\/logo\\\/image\\\/\"},\"sameAs\":[\"https:\\\/\\\/www.facebook.com\\\/srfb.be\",\"https:\\\/\\\/www.instagram.com\\\/srfb_kbbm\\\/\",\"https:\\\/\\\/www.linkedin.com\\\/company\\\/srfb-kbbm\\\/\",\"https:\\\/\\\/www.youtube.com\\\/user\\\/srfbkbbm\"]}]}<\/script>\n<!-- \/ Yoast SEO plugin. -->","yoast_head_json":{"title":"Onze bestaansreden - Koninklijke Belgische Bosbouwmaatschappij","description":"SRFB presenteert haar bestaansrecht via haar visie, missie en waarden. Altijd in dienst van bossen en bosbouwers.","robots":{"index":"index","follow":"follow","max-snippet":"max-snippet:-1","max-image-preview":"max-image-preview:large","max-video-preview":"max-video-preview:-1"},"canonical":"https:\/\/srfb.be\/en\/about\/purpose\/","og_locale":"nl_BE","og_type":"article","og_title":"Notre raison d'\u00eatre - Soci\u00e9t\u00e9 Royale Foresti\u00e8re de Belgique","og_description":"La SRFB pr\u00e9sente leur raison d'\u00eatre \u00e0 travers leur vision, mission et valeurs. Toujours au service de la for\u00eat et des forestiers.","og_url":"https:\/\/srfb.be\/en\/about\/purpose\/","og_site_name":"Soci\u00e9t\u00e9 Royale Foresti\u00e8re de Belgique","article_publisher":"https:\/\/www.facebook.com\/srfb.be","article_modified_time":"2026-01-07T12:32:10+00:00","og_image":[{"width":794,"height":457,"url":"https:\/\/srfb.be\/wp-content\/uploads\/2022\/04\/main-arbre.png","type":"image\/png"}],"schema":{"@context":"https:\/\/schema.org","@graph":[{"@type":"WebPage","@id":"https:\/\/srfb.be\/en\/about\/purpose\/","url":"https:\/\/srfb.be\/en\/about\/purpose\/","name":"Onze bestaansreden - Koninklijke Belgische Bosbouwmaatschappij","isPartOf":{"@id":"https:\/\/srfb.be\/nl\/#website"},"primaryImageOfPage":{"@id":"https:\/\/srfb.be\/en\/about\/purpose\/#primaryimage"},"image":{"@id":"https:\/\/srfb.be\/en\/about\/purpose\/#primaryimage"},"thumbnailUrl":"https:\/\/kbbm.be\/wp-content\/uploads\/2022\/04\/main-arbre.png","datePublished":"2022-04-12T09:27:48+00:00","dateModified":"2026-01-07T12:32:10+00:00","description":"SRFB presenteert haar bestaansrecht via haar visie, missie en waarden. Altijd in dienst van bossen en bosbouwers.","breadcrumb":{"@id":"https:\/\/srfb.be\/en\/about\/purpose\/#breadcrumb"},"inLanguage":"nl-BE","potentialAction":[{"@type":"ReadAction","target":["https:\/\/srfb.be\/en\/about\/purpose\/"]}]},{"@type":"ImageObject","inLanguage":"nl-BE","@id":"https:\/\/srfb.be\/en\/about\/purpose\/#primaryimage","url":"https:\/\/kbbm.be\/wp-content\/uploads\/2022\/04\/main-arbre.png","contentUrl":"https:\/\/kbbm.be\/wp-content\/uploads\/2022\/04\/main-arbre.png","width":794,"height":457,"caption":"Main pos\u00e9e sur un arbre"},{"@type":"BreadcrumbList","@id":"https:\/\/srfb.be\/en\/about\/purpose\/#breadcrumb","itemListElement":[{"@type":"ListItem","position":1,"name":"Accueil","item":"https:\/\/srfb.be\/nl\/"},{"@type":"ListItem","position":2,"name":"\u00c0 propos de la SRFB","item":"https:\/\/srfb.be\/a-propos\/"},{"@type":"ListItem","position":3,"name":"Notre raison d&rsquo;\u00eatre"}]},{"@type":"WebSite","@id":"https:\/\/srfb.be\/nl\/#website","url":"https:\/\/srfb.be\/nl\/","name":"Koninklijke Belgische Bosbouwmaatschappij","description":"Ten dienste van het bos en de bosbouwers","publisher":{"@id":"https:\/\/srfb.be\/nl\/#organization"},"alternateName":"SRFB-KBBM","potentialAction":[{"@type":"SearchAction","target":{"@type":"EntryPoint","urlTemplate":"https:\/\/srfb.be\/nl\/?s={search_term_string}"},"query-input":{"@type":"PropertyValueSpecification","valueRequired":true,"valueName":"search_term_string"}}],"inLanguage":"nl-BE"},{"@type":"Organization","@id":"https:\/\/srfb.be\/nl\/#organization","name":"Soci\u00e9t\u00e9 Royale Foresti\u00e8re De Belgique - Koninklijke Belgische Bosbouwmaatschappij","alternateName":"SRFB-KBBM","url":"https:\/\/srfb.be\/nl\/","logo":{"@type":"ImageObject","inLanguage":"nl-BE","@id":"https:\/\/srfb.be\/nl\/#\/schema\/logo\/image\/","url":"https:\/\/srfb.be\/wp-content\/uploads\/2019\/06\/android-chrome-256x256.png","contentUrl":"https:\/\/srfb.be\/wp-content\/uploads\/2019\/06\/android-chrome-256x256.png","width":1200,"height":1232,"caption":"Soci\u00e9t\u00e9 Royale Foresti\u00e8re De Belgique - Koninklijke Belgische Bosbouwmaatschappij"},"image":{"@id":"https:\/\/srfb.be\/nl\/#\/schema\/logo\/image\/"},"sameAs":["https:\/\/www.facebook.com\/srfb.be","https:\/\/www.instagram.com\/srfb_kbbm\/","https:\/\/www.linkedin.com\/company\/srfb-kbbm\/","https:\/\/www.youtube.com\/user\/srfbkbbm"]}]}},"_links":{"self":[{"href":"https:\/\/kbbm.be\/nl\/wp-json\/wp\/v2\/pages\/23101","targetHints":{"allow":["GET"]}}],"collection":[{"href":"https:\/\/kbbm.be\/nl\/wp-json\/wp\/v2\/pages"}],"about":[{"href":"https:\/\/kbbm.be\/nl\/wp-json\/wp\/v2\/types\/page"}],"author":[{"embeddable":true,"href":"https:\/\/kbbm.be\/nl\/wp-json\/wp\/v2\/users\/18"}],"replies":[{"embeddable":true,"href":"https:\/\/kbbm.be\/nl\/wp-json\/wp\/v2\/comments?post=23101"}],"version-history":[{"count":0,"href":"https:\/\/kbbm.be\/nl\/wp-json\/wp\/v2\/pages\/23101\/revisions"}],"up":[{"embeddable":true,"href":"https:\/\/kbbm.be\/nl\/wp-json\/wp\/v2\/pages\/5856"}],"wp:featuredmedia":[{"embeddable":true,"href":"https:\/\/kbbm.be\/nl\/wp-json\/wp\/v2\/media\/23116"}],"wp:attachment":[{"href":"https:\/\/kbbm.be\/nl\/wp-json\/wp\/v2\/media?parent=23101"}],"curies":[{"name":"wp","href":"https:\/\/api.w.org\/{rel}","templated":true}]}}