{"id":21152,"date":"2021-12-08T11:17:33","date_gmt":"2021-12-08T10:17:33","guid":{"rendered":"https:\/\/www.srfb.be\/?page_id=21152"},"modified":"2024-11-12T16:14:44","modified_gmt":"2024-11-12T15:14:44","slug":"menselijke-gezondheid-in-het-bos","status":"publish","type":"page","link":"https:\/\/kbbm.be\/nl\/formations-et-activites\/je-me-forme-pour-ma-foret\/ressources-educatives\/la-sante-humaine-en-foret\/","title":{"rendered":"Menselijke gezondheid in het bos"},"content":{"rendered":"<div class=\"yoast-breadcrumbs\"><span><span><a href=\"https:\/\/kbbm.be\/de\/\">Onthaal<\/a><\/span> &gt; <span><a href=\"https:\/\/kbbm.be\/en\/trainings-and-activities\/\">Opleidingen en activiteiten<\/a><\/span> &gt; <span><a href=\"https:\/\/kbbm.be\/en\/trainings-and-activities\/train-for-my-forest\/\">Trainen voor mijn bos<\/a><\/span> &gt; <span><a href=\"https:\/\/kbbm.be\/en\/trainings-and-activities\/train-for-my-forest\/educational-resources\/\">Onderwijsmiddelen<\/a><\/span> &gt; <span class=\"breadcrumb_last\" aria-current=\"page\"><strong>Menselijke gezondheid in het bos<\/strong><\/span><\/span><\/div>\n\n\n<div class=\"wp-block-group alignfull is-layout-constrained wp-block-group-is-layout-constrained\" style=\"margin-top:var(--wp--preset--spacing--80);margin-bottom:0\">\n<iframe style=\"width: 100%; height: 85vh; display: block; padding: 0; margin: 0; max-width: 100%;\" src=\"https:\/\/padlet.com\/embed\/bo8553xaifms3u9h\" frameborder=\"0\"><\/iframe>\n<\/div>","protected":false},"excerpt":{"rendered":"<p>Het bos brengt ons gezondheid en welzijn, maar steken, allergie\u00ebn en zo\u00f6nosen zijn er ook. Laten we deze twee aspecten verkennen!<\/p>","protected":false},"author":18,"featured_media":31972,"parent":35919,"menu_order":0,"comment_status":"closed","ping_status":"closed","template":"","meta":{"iawp_total_views":32,"footnotes":""},"class_list":["post-21152","page","type-page","status-publish","has-post-thumbnail","hentry"],"yoast_head":"<!-- This site is optimized with the Yoast SEO plugin v27.3 - https:\/\/yoast.com\/product\/yoast-seo-wordpress\/ -->\n<title>La sant\u00e9 humaine en for\u00eat - Soci\u00e9t\u00e9 Royale Foresti\u00e8re de Belgique<\/title>\n<meta name=\"robots\" content=\"index, follow, max-snippet:-1, max-image-preview:large, max-video-preview:-1\" \/>\n<link rel=\"canonical\" href=\"https:\/\/srfb.be\/formations-et-activites\/je-me-forme-pour-ma-foret\/ressources-educatives\/la-sante-humaine-en-foret\/\" \/>\n<meta property=\"og:locale\" content=\"nl_BE\" \/>\n<meta property=\"og:type\" content=\"article\" \/>\n<meta property=\"og:title\" content=\"La sant\u00e9 humaine en for\u00eat - Soci\u00e9t\u00e9 Royale Foresti\u00e8re de Belgique\" \/>\n<meta property=\"og:description\" content=\"La for\u00eat nous apporte sant\u00e9 et bien-\u00eatre, mais piqures, allergies et zoonoses sont aussi au rendez-vous. Explorons ces deux aspects !\" \/>\n<meta property=\"og:url\" content=\"https:\/\/srfb.be\/formations-et-activites\/je-me-forme-pour-ma-foret\/ressources-educatives\/la-sante-humaine-en-foret\/\" \/>\n<meta property=\"og:site_name\" content=\"Soci\u00e9t\u00e9 Royale Foresti\u00e8re de Belgique\" \/>\n<meta property=\"article:publisher\" content=\"https:\/\/www.facebook.com\/srfb.be\" \/>\n<meta property=\"article:modified_time\" content=\"2024-11-12T15:14:44+00:00\" \/>\n<meta property=\"og:image\" content=\"https:\/\/srfb.be\/wp-content\/uploads\/2023\/06\/image1.webp\" \/>\n\t<meta property=\"og:image:width\" content=\"817\" \/>\n\t<meta property=\"og:image:height\" content=\"545\" \/>\n\t<meta property=\"og:image:type\" content=\"image\/webp\" \/>\n<script type=\"application\/ld+json\" class=\"yoast-schema-graph\">{\"@context\":\"https:\\\/\\\/schema.org\",\"@graph\":[{\"@type\":\"WebPage\",\"@id\":\"https:\\\/\\\/srfb.be\\\/formations-et-activites\\\/je-me-forme-pour-ma-foret\\\/ressources-educatives\\\/la-sante-humaine-en-foret\\\/\",\"url\":\"https:\\\/\\\/srfb.be\\\/formations-et-activites\\\/je-me-forme-pour-ma-foret\\\/ressources-educatives\\\/la-sante-humaine-en-foret\\\/\",\"name\":\"La sant\u00e9 humaine en for\u00eat - Soci\u00e9t\u00e9 Royale Foresti\u00e8re de Belgique\",\"isPartOf\":{\"@id\":\"https:\\\/\\\/kbbm.be\\\/de\\\/#website\"},\"primaryImageOfPage\":{\"@id\":\"https:\\\/\\\/srfb.be\\\/formations-et-activites\\\/je-me-forme-pour-ma-foret\\\/ressources-educatives\\\/la-sante-humaine-en-foret\\\/#primaryimage\"},\"image\":{\"@id\":\"https:\\\/\\\/srfb.be\\\/formations-et-activites\\\/je-me-forme-pour-ma-foret\\\/ressources-educatives\\\/la-sante-humaine-en-foret\\\/#primaryimage\"},\"thumbnailUrl\":\"https:\\\/\\\/kbbm.be\\\/wp-content\\\/uploads\\\/2023\\\/06\\\/image1.webp\",\"datePublished\":\"2021-12-08T10:17:33+00:00\",\"dateModified\":\"2024-11-12T15:14:44+00:00\",\"breadcrumb\":{\"@id\":\"https:\\\/\\\/srfb.be\\\/formations-et-activites\\\/je-me-forme-pour-ma-foret\\\/ressources-educatives\\\/la-sante-humaine-en-foret\\\/#breadcrumb\"},\"inLanguage\":\"nl-BE\",\"potentialAction\":[{\"@type\":\"ReadAction\",\"target\":[\"https:\\\/\\\/srfb.be\\\/formations-et-activites\\\/je-me-forme-pour-ma-foret\\\/ressources-educatives\\\/la-sante-humaine-en-foret\\\/\"]}]},{\"@type\":\"ImageObject\",\"inLanguage\":\"nl-BE\",\"@id\":\"https:\\\/\\\/srfb.be\\\/formations-et-activites\\\/je-me-forme-pour-ma-foret\\\/ressources-educatives\\\/la-sante-humaine-en-foret\\\/#primaryimage\",\"url\":\"https:\\\/\\\/kbbm.be\\\/wp-content\\\/uploads\\\/2023\\\/06\\\/image1.webp\",\"contentUrl\":\"https:\\\/\\\/kbbm.be\\\/wp-content\\\/uploads\\\/2023\\\/06\\\/image1.webp\",\"width\":817,\"height\":545,\"caption\":\"Personne r\u00e9alisant un c\u00e2lin \u00e0 un arbre\"},{\"@type\":\"BreadcrumbList\",\"@id\":\"https:\\\/\\\/srfb.be\\\/formations-et-activites\\\/je-me-forme-pour-ma-foret\\\/ressources-educatives\\\/la-sante-humaine-en-foret\\\/#breadcrumb\",\"itemListElement\":[{\"@type\":\"ListItem\",\"position\":1,\"name\":\"Accueil\",\"item\":\"https:\\\/\\\/kbbm.be\\\/de\\\/\"},{\"@type\":\"ListItem\",\"position\":2,\"name\":\"Formations et activit\u00e9s\",\"item\":\"https:\\\/\\\/kbbm.be\\\/en\\\/trainings-and-activities\\\/\"},{\"@type\":\"ListItem\",\"position\":3,\"name\":\"Je me forme pour ma for\u00eat\",\"item\":\"https:\\\/\\\/kbbm.be\\\/en\\\/trainings-and-activities\\\/train-for-my-forest\\\/\"},{\"@type\":\"ListItem\",\"position\":4,\"name\":\"Ressources \u00e9ducatives\",\"item\":\"https:\\\/\\\/kbbm.be\\\/en\\\/trainings-and-activities\\\/train-for-my-forest\\\/educational-resources\\\/\"},{\"@type\":\"ListItem\",\"position\":5,\"name\":\"La sant\u00e9 humaine en for\u00eat\"}]},{\"@type\":\"WebSite\",\"@id\":\"https:\\\/\\\/kbbm.be\\\/de\\\/#website\",\"url\":\"https:\\\/\\\/kbbm.be\\\/de\\\/\",\"name\":\"Soci\u00e9t\u00e9 Royale Foresti\u00e8re de Belgique\",\"description\":\"Au service de la for\u00eat et des forestiers\",\"publisher\":{\"@id\":\"https:\\\/\\\/kbbm.be\\\/de\\\/#organization\"},\"alternateName\":\"SRFB-KBBM\",\"potentialAction\":[{\"@type\":\"SearchAction\",\"target\":{\"@type\":\"EntryPoint\",\"urlTemplate\":\"https:\\\/\\\/kbbm.be\\\/de\\\/?s={search_term_string}\"},\"query-input\":{\"@type\":\"PropertyValueSpecification\",\"valueRequired\":true,\"valueName\":\"search_term_string\"}}],\"inLanguage\":\"nl-BE\"},{\"@type\":\"Organization\",\"@id\":\"https:\\\/\\\/kbbm.be\\\/de\\\/#organization\",\"name\":\"Soci\u00e9t\u00e9 Royale Foresti\u00e8re De Belgique - Koninklijke Belgische Bosbouwmaatschappij\",\"alternateName\":\"SRFB-KBBM\",\"url\":\"https:\\\/\\\/kbbm.be\\\/de\\\/\",\"logo\":{\"@type\":\"ImageObject\",\"inLanguage\":\"nl-BE\",\"@id\":\"https:\\\/\\\/kbbm.be\\\/de\\\/#\\\/schema\\\/logo\\\/image\\\/\",\"url\":\"https:\\\/\\\/srfb.be\\\/wp-content\\\/uploads\\\/2019\\\/06\\\/android-chrome-256x256.png\",\"contentUrl\":\"https:\\\/\\\/srfb.be\\\/wp-content\\\/uploads\\\/2019\\\/06\\\/android-chrome-256x256.png\",\"width\":1200,\"height\":1232,\"caption\":\"Soci\u00e9t\u00e9 Royale Foresti\u00e8re De Belgique - Koninklijke Belgische Bosbouwmaatschappij\"},\"image\":{\"@id\":\"https:\\\/\\\/kbbm.be\\\/de\\\/#\\\/schema\\\/logo\\\/image\\\/\"},\"sameAs\":[\"https:\\\/\\\/www.facebook.com\\\/srfb.be\",\"https:\\\/\\\/www.instagram.com\\\/srfb_kbbm\\\/\",\"https:\\\/\\\/www.linkedin.com\\\/company\\\/srfb-kbbm\\\/\",\"https:\\\/\\\/www.youtube.com\\\/user\\\/srfbkbbm\"]}]}<\/script>\n<!-- \/ Yoast SEO plugin. -->","yoast_head_json":{"title":"Menselijke gezondheid in bossen - Koninklijke Belgische Bosvereniging","robots":{"index":"index","follow":"follow","max-snippet":"max-snippet:-1","max-image-preview":"max-image-preview:large","max-video-preview":"max-video-preview:-1"},"canonical":"https:\/\/srfb.be\/formations-et-activites\/je-me-forme-pour-ma-foret\/ressources-educatives\/la-sante-humaine-en-foret\/","og_locale":"nl_BE","og_type":"article","og_title":"La sant\u00e9 humaine en for\u00eat - Soci\u00e9t\u00e9 Royale Foresti\u00e8re de Belgique","og_description":"La for\u00eat nous apporte sant\u00e9 et bien-\u00eatre, mais piqures, allergies et zoonoses sont aussi au rendez-vous. Explorons ces deux aspects !","og_url":"https:\/\/srfb.be\/formations-et-activites\/je-me-forme-pour-ma-foret\/ressources-educatives\/la-sante-humaine-en-foret\/","og_site_name":"Soci\u00e9t\u00e9 Royale Foresti\u00e8re de Belgique","article_publisher":"https:\/\/www.facebook.com\/srfb.be","article_modified_time":"2024-11-12T15:14:44+00:00","og_image":[{"width":817,"height":545,"url":"https:\/\/srfb.be\/wp-content\/uploads\/2023\/06\/image1.webp","type":"image\/webp"}],"schema":{"@context":"https:\/\/schema.org","@graph":[{"@type":"WebPage","@id":"https:\/\/srfb.be\/formations-et-activites\/je-me-forme-pour-ma-foret\/ressources-educatives\/la-sante-humaine-en-foret\/","url":"https:\/\/srfb.be\/formations-et-activites\/je-me-forme-pour-ma-foret\/ressources-educatives\/la-sante-humaine-en-foret\/","name":"Menselijke gezondheid in bossen - Koninklijke Belgische Bosvereniging","isPartOf":{"@id":"https:\/\/kbbm.be\/de\/#website"},"primaryImageOfPage":{"@id":"https:\/\/srfb.be\/formations-et-activites\/je-me-forme-pour-ma-foret\/ressources-educatives\/la-sante-humaine-en-foret\/#primaryimage"},"image":{"@id":"https:\/\/srfb.be\/formations-et-activites\/je-me-forme-pour-ma-foret\/ressources-educatives\/la-sante-humaine-en-foret\/#primaryimage"},"thumbnailUrl":"https:\/\/kbbm.be\/wp-content\/uploads\/2023\/06\/image1.webp","datePublished":"2021-12-08T10:17:33+00:00","dateModified":"2024-11-12T15:14:44+00:00","breadcrumb":{"@id":"https:\/\/srfb.be\/formations-et-activites\/je-me-forme-pour-ma-foret\/ressources-educatives\/la-sante-humaine-en-foret\/#breadcrumb"},"inLanguage":"nl-BE","potentialAction":[{"@type":"ReadAction","target":["https:\/\/srfb.be\/formations-et-activites\/je-me-forme-pour-ma-foret\/ressources-educatives\/la-sante-humaine-en-foret\/"]}]},{"@type":"ImageObject","inLanguage":"nl-BE","@id":"https:\/\/srfb.be\/formations-et-activites\/je-me-forme-pour-ma-foret\/ressources-educatives\/la-sante-humaine-en-foret\/#primaryimage","url":"https:\/\/kbbm.be\/wp-content\/uploads\/2023\/06\/image1.webp","contentUrl":"https:\/\/kbbm.be\/wp-content\/uploads\/2023\/06\/image1.webp","width":817,"height":545,"caption":"Personne r\u00e9alisant un c\u00e2lin \u00e0 un arbre"},{"@type":"BreadcrumbList","@id":"https:\/\/srfb.be\/formations-et-activites\/je-me-forme-pour-ma-foret\/ressources-educatives\/la-sante-humaine-en-foret\/#breadcrumb","itemListElement":[{"@type":"ListItem","position":1,"name":"Accueil","item":"https:\/\/kbbm.be\/de\/"},{"@type":"ListItem","position":2,"name":"Formations et activit\u00e9s","item":"https:\/\/kbbm.be\/en\/trainings-and-activities\/"},{"@type":"ListItem","position":3,"name":"Je me forme pour ma for\u00eat","item":"https:\/\/kbbm.be\/en\/trainings-and-activities\/train-for-my-forest\/"},{"@type":"ListItem","position":4,"name":"Ressources \u00e9ducatives","item":"https:\/\/kbbm.be\/en\/trainings-and-activities\/train-for-my-forest\/educational-resources\/"},{"@type":"ListItem","position":5,"name":"La sant\u00e9 humaine en for\u00eat"}]},{"@type":"WebSite","@id":"https:\/\/kbbm.be\/de\/#website","url":"https:\/\/kbbm.be\/de\/","name":"Koninklijke Belgische Bosbouwmaatschappij","description":"Ten dienste van het bos en de bosbouwers","publisher":{"@id":"https:\/\/kbbm.be\/de\/#organization"},"alternateName":"SRFB-KBBM","potentialAction":[{"@type":"SearchAction","target":{"@type":"EntryPoint","urlTemplate":"https:\/\/kbbm.be\/de\/?s={search_term_string}"},"query-input":{"@type":"PropertyValueSpecification","valueRequired":true,"valueName":"search_term_string"}}],"inLanguage":"nl-BE"},{"@type":"Organization","@id":"https:\/\/kbbm.be\/de\/#organization","name":"Soci\u00e9t\u00e9 Royale Foresti\u00e8re De Belgique - Koninklijke Belgische Bosbouwmaatschappij","alternateName":"SRFB-KBBM","url":"https:\/\/kbbm.be\/de\/","logo":{"@type":"ImageObject","inLanguage":"nl-BE","@id":"https:\/\/kbbm.be\/de\/#\/schema\/logo\/image\/","url":"https:\/\/srfb.be\/wp-content\/uploads\/2019\/06\/android-chrome-256x256.png","contentUrl":"https:\/\/srfb.be\/wp-content\/uploads\/2019\/06\/android-chrome-256x256.png","width":1200,"height":1232,"caption":"Soci\u00e9t\u00e9 Royale Foresti\u00e8re De Belgique - Koninklijke Belgische Bosbouwmaatschappij"},"image":{"@id":"https:\/\/kbbm.be\/de\/#\/schema\/logo\/image\/"},"sameAs":["https:\/\/www.facebook.com\/srfb.be","https:\/\/www.instagram.com\/srfb_kbbm\/","https:\/\/www.linkedin.com\/company\/srfb-kbbm\/","https:\/\/www.youtube.com\/user\/srfbkbbm"]}]}},"_links":{"self":[{"href":"https:\/\/kbbm.be\/nl\/wp-json\/wp\/v2\/pages\/21152","targetHints":{"allow":["GET"]}}],"collection":[{"href":"https:\/\/kbbm.be\/nl\/wp-json\/wp\/v2\/pages"}],"about":[{"href":"https:\/\/kbbm.be\/nl\/wp-json\/wp\/v2\/types\/page"}],"author":[{"embeddable":true,"href":"https:\/\/kbbm.be\/nl\/wp-json\/wp\/v2\/users\/18"}],"replies":[{"embeddable":true,"href":"https:\/\/kbbm.be\/nl\/wp-json\/wp\/v2\/comments?post=21152"}],"version-history":[{"count":0,"href":"https:\/\/kbbm.be\/nl\/wp-json\/wp\/v2\/pages\/21152\/revisions"}],"up":[{"embeddable":true,"href":"https:\/\/kbbm.be\/nl\/wp-json\/wp\/v2\/pages\/35919"}],"wp:featuredmedia":[{"embeddable":true,"href":"https:\/\/kbbm.be\/nl\/wp-json\/wp\/v2\/media\/31972"}],"wp:attachment":[{"href":"https:\/\/kbbm.be\/nl\/wp-json\/wp\/v2\/media?parent=21152"}],"curies":[{"name":"wp","href":"https:\/\/api.w.org\/{rel}","templated":true}]}}