{"id":38688,"date":"2025-05-22T11:59:16","date_gmt":"2025-05-22T09:59:16","guid":{"rendered":"https:\/\/srfb.be\/?post_type=product&#038;p=38688"},"modified":"2025-05-22T12:53:17","modified_gmt":"2025-05-22T10:53:17","slug":"martelage-en-traitement-irregulier","status":"publish","type":"product","link":"https:\/\/kbbm.be\/en\/forest-shop\/martelage-en-traitement-irregulier\/","title":{"rendered":"Hammering in irregular treatment"},"content":{"rendered":"<h2><span data-olk-copy-source=\"MessageBody\">Hammering in irregular treatment<\/span><\/h2>\n<p><strong>Silvicultural choices and related concepts<\/strong><\/p>\n<p>In irregular treatment, tree marking is the central operation, because it concentrates all the objectives, which come together in positioning and then maintaining the stands in a state of equilibrium, which enables them to produce and regenerate continuously.<\/p>\n<p>In practice, irregular hammering is not an application of rules, standards or dogmas. The hammering instructions are imbued with simplicity and common sense, and favour observation, experience, the reversibility of choices, constant quality improvement and pragmatism. The approach is both precise and demanding, as each selection must be explained and justified.<\/p>\n<p>In this book, the tree-hammering process is broken down into the different stages of observation and the technical elements needed to understand natural dynamics are detailed. For each technical element, the practical aspects associated with hammering are highlighted for ease of reading.<\/p>","protected":false},"excerpt":{"rendered":"<p><strong>Silvicultural choices and related concepts<\/strong><\/p>\n<p>In irregular treatment, tree marking is the central operation, because it concentrates all the objectives, which come together in positioning and then maintaining the stands in a state of equilibrium, which enables them to produce and regenerate continuously.<\/p>\n<p>In practice, irregular hammering is not an application of rules, standards or dogmas. The hammering instructions are imbued with simplicity and common sense, and favour observation, experience, the reversibility of choices, constant quality improvement and pragmatism. The approach is both precise and demanding, as each selection must be explained and justified.<\/p>\n<p>In this book, the tree-hammering process is broken down into the different stages of observation and the technical elements needed to understand natural dynamics are detailed. For each technical element, the practical aspects associated with hammering are highlighted for ease of reading.<\/p>","protected":false},"featured_media":38689,"comment_status":"open","ping_status":"closed","template":"","meta":{"iawp_total_views":54},"product_brand":[],"product_cat":[314],"product_tag":[],"class_list":{"0":"post-38688","1":"product","2":"type-product","3":"status-publish","4":"has-post-thumbnail","6":"product_cat-sylviculture","8":"first","9":"instock","10":"shipping-taxable","11":"purchasable","12":"product-type-simple"},"yoast_head":"<!-- This site is optimized with the Yoast SEO plugin v27.4 - https:\/\/yoast.com\/product\/yoast-seo-wordpress\/ -->\n<title>Martelage en traitement irr\u00e9gulier - Soci\u00e9t\u00e9 Royale Foresti\u00e8re de Belgique<\/title>\n<meta name=\"robots\" content=\"index, follow, max-snippet:-1, max-image-preview:large, max-video-preview:-1\" \/>\n<link rel=\"canonical\" href=\"https:\/\/kbbm.be\/en\/forest-shop\/martelage-en-traitement-irregulier\/\" \/>\n<meta property=\"og:locale\" content=\"en_GB\" \/>\n<meta property=\"og:type\" content=\"article\" \/>\n<meta property=\"og:title\" content=\"Martelage en traitement irr\u00e9gulier - Soci\u00e9t\u00e9 Royale Foresti\u00e8re de Belgique\" \/>\n<meta property=\"og:description\" content=\"Choix sylvicoles et notions associ\u00e9es  En traitement irr\u00e9gulier, le martelage est l\u2019op\u00e9ration centrale, car elle concentre l\u2019ensemble des objectifs, qui se regroupent dans le positionnement puis le maintien des peuplements dans un \u00e9tat d\u2019\u00e9quilibre, qui permet \u00e0 la fois de produire et de r\u00e9g\u00e9n\u00e9rer en continu.  Dans la pratique, le martelage en irr\u00e9gulier n\u2019est pas une application de r\u00e8gles, normes ou dogmes. Les consignes de martelage sont empreintes de simplicit\u00e9 et de bon sens et privil\u00e9gient l\u2019observation, l\u2019exp\u00e9rience, la r\u00e9versibilit\u00e9 des choix, l\u2019am\u00e9lioration constante de la qualit\u00e9 et le pragmatisme. La d\u00e9marche est fine et exigeante, car chaque pr\u00e9l\u00e8vement doit pouvoir \u00eatre expliqu\u00e9 et argument\u00e9.  Dans cet ouvrage, la d\u00e9marche de martelage est d\u00e9compos\u00e9e en diff\u00e9rentes \u00e9tapes d\u2019observations et les \u00e9l\u00e9ments techniques n\u00e9cessaires \u00e0 la compr\u00e9hension des dynamiques naturelles sont d\u00e9taill\u00e9s. Pour chaque \u00e9l\u00e9ment technique, les aspects pratiques li\u00e9s au martelage sont mis en avant afin de faciliter la lecture.\" \/>\n<meta property=\"og:url\" content=\"https:\/\/kbbm.be\/en\/forest-shop\/martelage-en-traitement-irregulier\/\" \/>\n<meta property=\"og:site_name\" content=\"Soci\u00e9t\u00e9 Royale Foresti\u00e8re de Belgique\" \/>\n<meta property=\"article:publisher\" content=\"https:\/\/www.facebook.com\/srfb.be\" \/>\n<meta property=\"article:modified_time\" content=\"2025-05-22T10:53:17+00:00\" \/>\n<meta property=\"og:image\" content=\"https:\/\/kbbm.be\/wp-content\/uploads\/2025\/05\/martelage-bd.jpeg\" \/>\n\t<meta property=\"og:image:width\" content=\"690\" \/>\n\t<meta property=\"og:image:height\" content=\"983\" \/>\n\t<meta property=\"og:image:type\" content=\"image\/jpeg\" \/>\n<script type=\"application\/ld+json\" class=\"yoast-schema-graph\">{\"@context\":\"https:\\\/\\\/schema.org\",\"@graph\":[{\"@type\":\"WebPage\",\"@id\":\"https:\\\/\\\/kbbm.be\\\/en\\\/forest-shop\\\/martelage-en-traitement-irregulier\\\/\",\"url\":\"https:\\\/\\\/kbbm.be\\\/en\\\/forest-shop\\\/martelage-en-traitement-irregulier\\\/\",\"name\":\"Martelage en traitement irr\u00e9gulier - Soci\u00e9t\u00e9 Royale Foresti\u00e8re de Belgique\",\"isPartOf\":{\"@id\":\"https:\\\/\\\/kbbm.be\\\/en\\\/#website\"},\"primaryImageOfPage\":{\"@id\":\"https:\\\/\\\/kbbm.be\\\/en\\\/forest-shop\\\/martelage-en-traitement-irregulier\\\/#primaryimage\"},\"image\":{\"@id\":\"https:\\\/\\\/kbbm.be\\\/en\\\/forest-shop\\\/martelage-en-traitement-irregulier\\\/#primaryimage\"},\"thumbnailUrl\":\"https:\\\/\\\/kbbm.be\\\/wp-content\\\/uploads\\\/2025\\\/05\\\/martelage-bd.jpeg\",\"datePublished\":\"2025-05-22T09:59:16+00:00\",\"dateModified\":\"2025-05-22T10:53:17+00:00\",\"breadcrumb\":{\"@id\":\"https:\\\/\\\/kbbm.be\\\/en\\\/forest-shop\\\/martelage-en-traitement-irregulier\\\/#breadcrumb\"},\"inLanguage\":\"en-GB\",\"potentialAction\":[{\"@type\":\"ReadAction\",\"target\":[\"https:\\\/\\\/kbbm.be\\\/en\\\/forest-shop\\\/martelage-en-traitement-irregulier\\\/\"]}]},{\"@type\":\"ImageObject\",\"inLanguage\":\"en-GB\",\"@id\":\"https:\\\/\\\/kbbm.be\\\/en\\\/forest-shop\\\/martelage-en-traitement-irregulier\\\/#primaryimage\",\"url\":\"https:\\\/\\\/kbbm.be\\\/wp-content\\\/uploads\\\/2025\\\/05\\\/martelage-bd.jpeg\",\"contentUrl\":\"https:\\\/\\\/kbbm.be\\\/wp-content\\\/uploads\\\/2025\\\/05\\\/martelage-bd.jpeg\",\"width\":690,\"height\":983,\"caption\":\"martelage\"},{\"@type\":\"BreadcrumbList\",\"@id\":\"https:\\\/\\\/kbbm.be\\\/en\\\/forest-shop\\\/martelage-en-traitement-irregulier\\\/#breadcrumb\",\"itemListElement\":[{\"@type\":\"ListItem\",\"position\":1,\"name\":\"Accueil\",\"item\":\"https:\\\/\\\/kbbm.be\\\/en\\\/\"},{\"@type\":\"ListItem\",\"position\":2,\"name\":\"Produits\",\"item\":\"https:\\\/\\\/srfb.be\\\/shop\\\/\"},{\"@type\":\"ListItem\",\"position\":3,\"name\":\"Martelage en traitement irr\u00e9gulier\"}]},{\"@type\":\"WebSite\",\"@id\":\"https:\\\/\\\/kbbm.be\\\/en\\\/#website\",\"url\":\"https:\\\/\\\/kbbm.be\\\/en\\\/\",\"name\":\"Soci\u00e9t\u00e9 Royale Foresti\u00e8re de Belgique\",\"description\":\"Au service de la for\u00eat et des forestiers\",\"publisher\":{\"@id\":\"https:\\\/\\\/kbbm.be\\\/en\\\/#organization\"},\"alternateName\":\"SRFB-KBBM\",\"potentialAction\":[{\"@type\":\"SearchAction\",\"target\":{\"@type\":\"EntryPoint\",\"urlTemplate\":\"https:\\\/\\\/kbbm.be\\\/en\\\/?s={search_term_string}\"},\"query-input\":{\"@type\":\"PropertyValueSpecification\",\"valueRequired\":true,\"valueName\":\"search_term_string\"}}],\"inLanguage\":\"en-GB\"},{\"@type\":\"Organization\",\"@id\":\"https:\\\/\\\/kbbm.be\\\/en\\\/#organization\",\"name\":\"Soci\u00e9t\u00e9 Royale Foresti\u00e8re De Belgique - Koninklijke Belgische Bosbouwmaatschappij\",\"alternateName\":\"SRFB-KBBM\",\"url\":\"https:\\\/\\\/kbbm.be\\\/en\\\/\",\"logo\":{\"@type\":\"ImageObject\",\"inLanguage\":\"en-GB\",\"@id\":\"https:\\\/\\\/kbbm.be\\\/en\\\/#\\\/schema\\\/logo\\\/image\\\/\",\"url\":\"https:\\\/\\\/srfb.be\\\/wp-content\\\/uploads\\\/2019\\\/06\\\/android-chrome-256x256.png\",\"contentUrl\":\"https:\\\/\\\/srfb.be\\\/wp-content\\\/uploads\\\/2019\\\/06\\\/android-chrome-256x256.png\",\"width\":1200,\"height\":1232,\"caption\":\"Soci\u00e9t\u00e9 Royale Foresti\u00e8re De Belgique - Koninklijke Belgische Bosbouwmaatschappij\"},\"image\":{\"@id\":\"https:\\\/\\\/kbbm.be\\\/en\\\/#\\\/schema\\\/logo\\\/image\\\/\"},\"sameAs\":[\"https:\\\/\\\/www.facebook.com\\\/srfb.be\",\"https:\\\/\\\/www.instagram.com\\\/srfb_kbbm\\\/\",\"https:\\\/\\\/www.linkedin.com\\\/company\\\/srfb-kbbm\\\/\",\"https:\\\/\\\/www.youtube.com\\\/user\\\/srfbkbbm\"]}]}<\/script>\n<!-- \/ Yoast SEO plugin. -->","yoast_head_json":{"title":"Martelage in irregular treatment - Royal Forestry Society of Belgium","robots":{"index":"index","follow":"follow","max-snippet":"max-snippet:-1","max-image-preview":"max-image-preview:large","max-video-preview":"max-video-preview:-1"},"canonical":"https:\/\/kbbm.be\/en\/forest-shop\/martelage-en-traitement-irregulier\/","og_locale":"en_GB","og_type":"article","og_title":"Martelage en traitement irr\u00e9gulier - Soci\u00e9t\u00e9 Royale Foresti\u00e8re de Belgique","og_description":"Choix sylvicoles et notions associ\u00e9es  En traitement irr\u00e9gulier, le martelage est l\u2019op\u00e9ration centrale, car elle concentre l\u2019ensemble des objectifs, qui se regroupent dans le positionnement puis le maintien des peuplements dans un \u00e9tat d\u2019\u00e9quilibre, qui permet \u00e0 la fois de produire et de r\u00e9g\u00e9n\u00e9rer en continu.  Dans la pratique, le martelage en irr\u00e9gulier n\u2019est pas une application de r\u00e8gles, normes ou dogmes. Les consignes de martelage sont empreintes de simplicit\u00e9 et de bon sens et privil\u00e9gient l\u2019observation, l\u2019exp\u00e9rience, la r\u00e9versibilit\u00e9 des choix, l\u2019am\u00e9lioration constante de la qualit\u00e9 et le pragmatisme. La d\u00e9marche est fine et exigeante, car chaque pr\u00e9l\u00e8vement doit pouvoir \u00eatre expliqu\u00e9 et argument\u00e9.  Dans cet ouvrage, la d\u00e9marche de martelage est d\u00e9compos\u00e9e en diff\u00e9rentes \u00e9tapes d\u2019observations et les \u00e9l\u00e9ments techniques n\u00e9cessaires \u00e0 la compr\u00e9hension des dynamiques naturelles sont d\u00e9taill\u00e9s. Pour chaque \u00e9l\u00e9ment technique, les aspects pratiques li\u00e9s au martelage sont mis en avant afin de faciliter la lecture.","og_url":"https:\/\/kbbm.be\/en\/forest-shop\/martelage-en-traitement-irregulier\/","og_site_name":"Soci\u00e9t\u00e9 Royale Foresti\u00e8re de Belgique","article_publisher":"https:\/\/www.facebook.com\/srfb.be","article_modified_time":"2025-05-22T10:53:17+00:00","og_image":[{"width":690,"height":983,"url":"https:\/\/kbbm.be\/wp-content\/uploads\/2025\/05\/martelage-bd.jpeg","type":"image\/jpeg"}],"schema":{"@context":"https:\/\/schema.org","@graph":[{"@type":"WebPage","@id":"https:\/\/kbbm.be\/en\/forest-shop\/martelage-en-traitement-irregulier\/","url":"https:\/\/kbbm.be\/en\/forest-shop\/martelage-en-traitement-irregulier\/","name":"Martelage in irregular treatment - Royal Forestry Society of Belgium","isPartOf":{"@id":"https:\/\/kbbm.be\/en\/#website"},"primaryImageOfPage":{"@id":"https:\/\/kbbm.be\/en\/forest-shop\/martelage-en-traitement-irregulier\/#primaryimage"},"image":{"@id":"https:\/\/kbbm.be\/en\/forest-shop\/martelage-en-traitement-irregulier\/#primaryimage"},"thumbnailUrl":"https:\/\/kbbm.be\/wp-content\/uploads\/2025\/05\/martelage-bd.jpeg","datePublished":"2025-05-22T09:59:16+00:00","dateModified":"2025-05-22T10:53:17+00:00","breadcrumb":{"@id":"https:\/\/kbbm.be\/en\/forest-shop\/martelage-en-traitement-irregulier\/#breadcrumb"},"inLanguage":"en-GB","potentialAction":[{"@type":"ReadAction","target":["https:\/\/kbbm.be\/en\/forest-shop\/martelage-en-traitement-irregulier\/"]}]},{"@type":"ImageObject","inLanguage":"en-GB","@id":"https:\/\/kbbm.be\/en\/forest-shop\/martelage-en-traitement-irregulier\/#primaryimage","url":"https:\/\/kbbm.be\/wp-content\/uploads\/2025\/05\/martelage-bd.jpeg","contentUrl":"https:\/\/kbbm.be\/wp-content\/uploads\/2025\/05\/martelage-bd.jpeg","width":690,"height":983,"caption":"martelage"},{"@type":"BreadcrumbList","@id":"https:\/\/kbbm.be\/en\/forest-shop\/martelage-en-traitement-irregulier\/#breadcrumb","itemListElement":[{"@type":"ListItem","position":1,"name":"Accueil","item":"https:\/\/kbbm.be\/en\/"},{"@type":"ListItem","position":2,"name":"Produits","item":"https:\/\/srfb.be\/shop\/"},{"@type":"ListItem","position":3,"name":"Martelage en traitement irr\u00e9gulier"}]},{"@type":"WebSite","@id":"https:\/\/kbbm.be\/en\/#website","url":"https:\/\/kbbm.be\/en\/","name":"Royal Forestry Society of Belgium","description":"Serving forests and foresters","publisher":{"@id":"https:\/\/kbbm.be\/en\/#organization"},"alternateName":"SRFB-KBBM","potentialAction":[{"@type":"SearchAction","target":{"@type":"EntryPoint","urlTemplate":"https:\/\/kbbm.be\/en\/?s={search_term_string}"},"query-input":{"@type":"PropertyValueSpecification","valueRequired":true,"valueName":"search_term_string"}}],"inLanguage":"en-GB"},{"@type":"Organization","@id":"https:\/\/kbbm.be\/en\/#organization","name":"Soci\u00e9t\u00e9 Royale Foresti\u00e8re De Belgique - Koninklijke Belgische Bosbouwmaatschappij","alternateName":"SRFB-KBBM","url":"https:\/\/kbbm.be\/en\/","logo":{"@type":"ImageObject","inLanguage":"en-GB","@id":"https:\/\/kbbm.be\/en\/#\/schema\/logo\/image\/","url":"https:\/\/srfb.be\/wp-content\/uploads\/2019\/06\/android-chrome-256x256.png","contentUrl":"https:\/\/srfb.be\/wp-content\/uploads\/2019\/06\/android-chrome-256x256.png","width":1200,"height":1232,"caption":"Soci\u00e9t\u00e9 Royale Foresti\u00e8re De Belgique - Koninklijke Belgische Bosbouwmaatschappij"},"image":{"@id":"https:\/\/kbbm.be\/en\/#\/schema\/logo\/image\/"},"sameAs":["https:\/\/www.facebook.com\/srfb.be","https:\/\/www.instagram.com\/srfb_kbbm\/","https:\/\/www.linkedin.com\/company\/srfb-kbbm\/","https:\/\/www.youtube.com\/user\/srfbkbbm"]}]}},"_links":{"self":[{"href":"https:\/\/kbbm.be\/en\/wp-json\/wp\/v2\/product\/38688","targetHints":{"allow":["GET"]}}],"collection":[{"href":"https:\/\/kbbm.be\/en\/wp-json\/wp\/v2\/product"}],"about":[{"href":"https:\/\/kbbm.be\/en\/wp-json\/wp\/v2\/types\/product"}],"replies":[{"embeddable":true,"href":"https:\/\/kbbm.be\/en\/wp-json\/wp\/v2\/comments?post=38688"}],"wp:featuredmedia":[{"embeddable":true,"href":"https:\/\/kbbm.be\/en\/wp-json\/wp\/v2\/media\/38689"}],"wp:attachment":[{"href":"https:\/\/kbbm.be\/en\/wp-json\/wp\/v2\/media?parent=38688"}],"wp:term":[{"taxonomy":"product_brand","embeddable":true,"href":"https:\/\/kbbm.be\/en\/wp-json\/wp\/v2\/product_brand?post=38688"},{"taxonomy":"product_cat","embeddable":true,"href":"https:\/\/kbbm.be\/en\/wp-json\/wp\/v2\/product_cat?post=38688"},{"taxonomy":"product_tag","embeddable":true,"href":"https:\/\/kbbm.be\/en\/wp-json\/wp\/v2\/product_tag?post=38688"}],"curies":[{"name":"wp","href":"https:\/\/api.w.org\/{rel}","templated":true}]}}