{"id":16374,"date":"2021-04-02T18:23:01","date_gmt":"2021-04-02T16:23:01","guid":{"rendered":"https:\/\/www.srfb.be\/?post_type=product&#038;p=16374"},"modified":"2026-03-03T17:21:43","modified_gmt":"2026-03-03T16:21:43","slug":"bourgeons-et-rameaux","status":"publish","type":"product","link":"https:\/\/kbbm.be\/en\/forest-shop\/bourgeons-et-rameaux\/","title":{"rendered":"Buds and twigs"},"content":{"rendered":"","protected":false},"excerpt":{"rendered":"<p>Identifying woody plants without their leaves is an art that has to be learned. And anyone interested in trees, whether by profession or for pleasure, should also be able to identify them in winter. In fact, most of our trees and shrubs can be identified without their leaves, and anyone who has learned to identify a particular species in winter will find it easier to recognise it in summer.<\/p>\n<p>All the native species and the most frequently cultivated are covered in this guide: more than 270 species of trees and shrubs belonging to 140 genera are easily recognisable, even in winter.<\/p>\n<p>The book includes :<\/p>\n<ul>\n<li>a detailed identification key;<\/li>\n<li>460 drawings and watercolours to help identify diagnostic features.<\/li>\n<\/ul>\n<p><strong>13cm x 20cm, 192 pages<\/strong><\/p>\n<p>Author: <strong>Bernd Schulz<br \/>\n<\/strong>Publisher:\u00a0<strong>Delachaux et Niestl\u00e9<\/strong><\/p>\n<div id=\"ConnectiveDocSignExtentionInstalled\" data-extension-version=\"1.0.4\"><\/div>","protected":false},"featured_media":16375,"comment_status":"open","ping_status":"closed","template":"","meta":{"iawp_total_views":116},"product_brand":[],"product_cat":[690,688],"product_tag":[],"class_list":{"0":"post-16374","1":"product","2":"type-product","3":"status-publish","4":"has-post-thumbnail","6":"product_cat-livres-illustres","7":"product_cat-sante-des-forets","9":"first","10":"instock","11":"shipping-taxable","12":"purchasable","13":"product-type-simple"},"yoast_head":"<!-- This site is optimized with the Yoast SEO plugin v27.3 - https:\/\/yoast.com\/product\/yoast-seo-wordpress\/ -->\n<title>Bourgeons et rameaux - SRFB<\/title>\n<meta name=\"description\" content=\"Plus de 270 esp\u00e8ces d\u2019arbres et d\u2019arbustes appartenant \u00e0 140 genres deviennent ainsi ais\u00e9ment reconnaissables dans ce guide, m\u00eame en hiver.\" \/>\n<meta name=\"robots\" content=\"index, follow, max-snippet:-1, max-image-preview:large, max-video-preview:-1\" \/>\n<link rel=\"canonical\" href=\"https:\/\/srfb.be\/nl\/forest-shop\/bourgeons-et-rameaux\/\" \/>\n<meta property=\"og:locale\" content=\"en_GB\" \/>\n<meta property=\"og:type\" content=\"article\" \/>\n<meta property=\"og:title\" content=\"Bourgeons et rameaux - SRFB\" \/>\n<meta property=\"og:description\" content=\"Plus de 270 esp\u00e8ces d\u2019arbres et d\u2019arbustes appartenant \u00e0 140 genres deviennent ainsi ais\u00e9ment reconnaissables dans ce guide, m\u00eame en hiver.\" \/>\n<meta property=\"og:url\" content=\"https:\/\/srfb.be\/nl\/forest-shop\/bourgeons-et-rameaux\/\" \/>\n<meta property=\"og:site_name\" content=\"Soci\u00e9t\u00e9 Royale Foresti\u00e8re de Belgique\" \/>\n<meta property=\"article:publisher\" content=\"https:\/\/www.facebook.com\/srfb.be\" \/>\n<meta property=\"article:modified_time\" content=\"2026-03-03T16:21:43+00:00\" \/>\n<meta property=\"og:image\" content=\"https:\/\/srfb.be\/wp-content\/uploads\/2021\/04\/bourgeons-rameaux.jpg\" \/>\n\t<meta property=\"og:image:width\" content=\"1082\" \/>\n\t<meta property=\"og:image:height\" content=\"1700\" \/>\n\t<meta property=\"og:image:type\" content=\"image\/jpeg\" \/>\n<script type=\"application\/ld+json\" class=\"yoast-schema-graph\">{\"@context\":\"https:\\\/\\\/schema.org\",\"@graph\":[{\"@type\":\"WebPage\",\"@id\":\"https:\\\/\\\/srfb.be\\\/nl\\\/forest-shop\\\/bourgeons-et-rameaux\\\/\",\"url\":\"https:\\\/\\\/srfb.be\\\/nl\\\/forest-shop\\\/bourgeons-et-rameaux\\\/\",\"name\":\"Bourgeons et rameaux - SRFB\",\"isPartOf\":{\"@id\":\"https:\\\/\\\/kbbm.be\\\/de\\\/#website\"},\"primaryImageOfPage\":{\"@id\":\"https:\\\/\\\/srfb.be\\\/nl\\\/forest-shop\\\/bourgeons-et-rameaux\\\/#primaryimage\"},\"image\":{\"@id\":\"https:\\\/\\\/srfb.be\\\/nl\\\/forest-shop\\\/bourgeons-et-rameaux\\\/#primaryimage\"},\"thumbnailUrl\":\"https:\\\/\\\/kbbm.be\\\/wp-content\\\/uploads\\\/2021\\\/04\\\/bourgeons-rameaux.jpg\",\"datePublished\":\"2021-04-02T16:23:01+00:00\",\"dateModified\":\"2026-03-03T16:21:43+00:00\",\"description\":\"Plus de 270 esp\u00e8ces d\u2019arbres et d\u2019arbustes appartenant \u00e0 140 genres deviennent ainsi ais\u00e9ment reconnaissables dans ce guide, m\u00eame en hiver.\",\"breadcrumb\":{\"@id\":\"https:\\\/\\\/srfb.be\\\/nl\\\/forest-shop\\\/bourgeons-et-rameaux\\\/#breadcrumb\"},\"inLanguage\":\"en-GB\",\"potentialAction\":[{\"@type\":\"ReadAction\",\"target\":[\"https:\\\/\\\/srfb.be\\\/nl\\\/forest-shop\\\/bourgeons-et-rameaux\\\/\"]}]},{\"@type\":\"ImageObject\",\"inLanguage\":\"en-GB\",\"@id\":\"https:\\\/\\\/srfb.be\\\/nl\\\/forest-shop\\\/bourgeons-et-rameaux\\\/#primaryimage\",\"url\":\"https:\\\/\\\/kbbm.be\\\/wp-content\\\/uploads\\\/2021\\\/04\\\/bourgeons-rameaux.jpg\",\"contentUrl\":\"https:\\\/\\\/kbbm.be\\\/wp-content\\\/uploads\\\/2021\\\/04\\\/bourgeons-rameaux.jpg\",\"width\":1082,\"height\":1700},{\"@type\":\"BreadcrumbList\",\"@id\":\"https:\\\/\\\/srfb.be\\\/nl\\\/forest-shop\\\/bourgeons-et-rameaux\\\/#breadcrumb\",\"itemListElement\":[{\"@type\":\"ListItem\",\"position\":1,\"name\":\"Accueil\",\"item\":\"https:\\\/\\\/kbbm.be\\\/de\\\/\"},{\"@type\":\"ListItem\",\"position\":2,\"name\":\"Producten\",\"item\":\"https:\\\/\\\/kbbm.be\\\/nl\\\/shop\\\/\"},{\"@type\":\"ListItem\",\"position\":3,\"name\":\"Bourgeons et rameaux\"}]},{\"@type\":\"WebSite\",\"@id\":\"https:\\\/\\\/kbbm.be\\\/de\\\/#website\",\"url\":\"https:\\\/\\\/kbbm.be\\\/de\\\/\",\"name\":\"Soci\u00e9t\u00e9 Royale Foresti\u00e8re de Belgique\",\"description\":\"Au service de la for\u00eat et des forestiers\",\"publisher\":{\"@id\":\"https:\\\/\\\/kbbm.be\\\/de\\\/#organization\"},\"alternateName\":\"SRFB-KBBM\",\"potentialAction\":[{\"@type\":\"SearchAction\",\"target\":{\"@type\":\"EntryPoint\",\"urlTemplate\":\"https:\\\/\\\/kbbm.be\\\/de\\\/?s={search_term_string}\"},\"query-input\":{\"@type\":\"PropertyValueSpecification\",\"valueRequired\":true,\"valueName\":\"search_term_string\"}}],\"inLanguage\":\"en-GB\"},{\"@type\":\"Organization\",\"@id\":\"https:\\\/\\\/kbbm.be\\\/de\\\/#organization\",\"name\":\"Soci\u00e9t\u00e9 Royale Foresti\u00e8re De Belgique - Koninklijke Belgische Bosbouwmaatschappij\",\"alternateName\":\"SRFB-KBBM\",\"url\":\"https:\\\/\\\/kbbm.be\\\/de\\\/\",\"logo\":{\"@type\":\"ImageObject\",\"inLanguage\":\"en-GB\",\"@id\":\"https:\\\/\\\/kbbm.be\\\/de\\\/#\\\/schema\\\/logo\\\/image\\\/\",\"url\":\"https:\\\/\\\/srfb.be\\\/wp-content\\\/uploads\\\/2019\\\/06\\\/android-chrome-256x256.png\",\"contentUrl\":\"https:\\\/\\\/srfb.be\\\/wp-content\\\/uploads\\\/2019\\\/06\\\/android-chrome-256x256.png\",\"width\":1200,\"height\":1232,\"caption\":\"Soci\u00e9t\u00e9 Royale Foresti\u00e8re De Belgique - Koninklijke Belgische Bosbouwmaatschappij\"},\"image\":{\"@id\":\"https:\\\/\\\/kbbm.be\\\/de\\\/#\\\/schema\\\/logo\\\/image\\\/\"},\"sameAs\":[\"https:\\\/\\\/www.facebook.com\\\/srfb.be\",\"https:\\\/\\\/www.instagram.com\\\/srfb_kbbm\\\/\",\"https:\\\/\\\/www.linkedin.com\\\/company\\\/srfb-kbbm\\\/\",\"https:\\\/\\\/www.youtube.com\\\/user\\\/srfbkbbm\"]}]}<\/script>\n<!-- \/ Yoast SEO plugin. -->","yoast_head_json":{"title":"Buds and twigs - SRFB","description":"More than 270 species of trees and shrubs in 140 genera are easily recognisable in this guide, even in winter.","robots":{"index":"index","follow":"follow","max-snippet":"max-snippet:-1","max-image-preview":"max-image-preview:large","max-video-preview":"max-video-preview:-1"},"canonical":"https:\/\/srfb.be\/nl\/forest-shop\/bourgeons-et-rameaux\/","og_locale":"en_GB","og_type":"article","og_title":"Bourgeons et rameaux - SRFB","og_description":"Plus de 270 esp\u00e8ces d\u2019arbres et d\u2019arbustes appartenant \u00e0 140 genres deviennent ainsi ais\u00e9ment reconnaissables dans ce guide, m\u00eame en hiver.","og_url":"https:\/\/srfb.be\/nl\/forest-shop\/bourgeons-et-rameaux\/","og_site_name":"Soci\u00e9t\u00e9 Royale Foresti\u00e8re de Belgique","article_publisher":"https:\/\/www.facebook.com\/srfb.be","article_modified_time":"2026-03-03T16:21:43+00:00","og_image":[{"width":1082,"height":1700,"url":"https:\/\/srfb.be\/wp-content\/uploads\/2021\/04\/bourgeons-rameaux.jpg","type":"image\/jpeg"}],"schema":{"@context":"https:\/\/schema.org","@graph":[{"@type":"WebPage","@id":"https:\/\/srfb.be\/nl\/forest-shop\/bourgeons-et-rameaux\/","url":"https:\/\/srfb.be\/nl\/forest-shop\/bourgeons-et-rameaux\/","name":"Buds and twigs - SRFB","isPartOf":{"@id":"https:\/\/kbbm.be\/de\/#website"},"primaryImageOfPage":{"@id":"https:\/\/srfb.be\/nl\/forest-shop\/bourgeons-et-rameaux\/#primaryimage"},"image":{"@id":"https:\/\/srfb.be\/nl\/forest-shop\/bourgeons-et-rameaux\/#primaryimage"},"thumbnailUrl":"https:\/\/kbbm.be\/wp-content\/uploads\/2021\/04\/bourgeons-rameaux.jpg","datePublished":"2021-04-02T16:23:01+00:00","dateModified":"2026-03-03T16:21:43+00:00","description":"More than 270 species of trees and shrubs in 140 genera are easily recognisable in this guide, even in winter.","breadcrumb":{"@id":"https:\/\/srfb.be\/nl\/forest-shop\/bourgeons-et-rameaux\/#breadcrumb"},"inLanguage":"en-GB","potentialAction":[{"@type":"ReadAction","target":["https:\/\/srfb.be\/nl\/forest-shop\/bourgeons-et-rameaux\/"]}]},{"@type":"ImageObject","inLanguage":"en-GB","@id":"https:\/\/srfb.be\/nl\/forest-shop\/bourgeons-et-rameaux\/#primaryimage","url":"https:\/\/kbbm.be\/wp-content\/uploads\/2021\/04\/bourgeons-rameaux.jpg","contentUrl":"https:\/\/kbbm.be\/wp-content\/uploads\/2021\/04\/bourgeons-rameaux.jpg","width":1082,"height":1700},{"@type":"BreadcrumbList","@id":"https:\/\/srfb.be\/nl\/forest-shop\/bourgeons-et-rameaux\/#breadcrumb","itemListElement":[{"@type":"ListItem","position":1,"name":"Accueil","item":"https:\/\/kbbm.be\/de\/"},{"@type":"ListItem","position":2,"name":"Producten","item":"https:\/\/kbbm.be\/nl\/shop\/"},{"@type":"ListItem","position":3,"name":"Bourgeons et rameaux"}]},{"@type":"WebSite","@id":"https:\/\/kbbm.be\/de\/#website","url":"https:\/\/kbbm.be\/de\/","name":"Royal Forestry Society of Belgium","description":"Serving forests and foresters","publisher":{"@id":"https:\/\/kbbm.be\/de\/#organization"},"alternateName":"SRFB-KBBM","potentialAction":[{"@type":"SearchAction","target":{"@type":"EntryPoint","urlTemplate":"https:\/\/kbbm.be\/de\/?s={search_term_string}"},"query-input":{"@type":"PropertyValueSpecification","valueRequired":true,"valueName":"search_term_string"}}],"inLanguage":"en-GB"},{"@type":"Organization","@id":"https:\/\/kbbm.be\/de\/#organization","name":"Soci\u00e9t\u00e9 Royale Foresti\u00e8re De Belgique - Koninklijke Belgische Bosbouwmaatschappij","alternateName":"SRFB-KBBM","url":"https:\/\/kbbm.be\/de\/","logo":{"@type":"ImageObject","inLanguage":"en-GB","@id":"https:\/\/kbbm.be\/de\/#\/schema\/logo\/image\/","url":"https:\/\/srfb.be\/wp-content\/uploads\/2019\/06\/android-chrome-256x256.png","contentUrl":"https:\/\/srfb.be\/wp-content\/uploads\/2019\/06\/android-chrome-256x256.png","width":1200,"height":1232,"caption":"Soci\u00e9t\u00e9 Royale Foresti\u00e8re De Belgique - Koninklijke Belgische Bosbouwmaatschappij"},"image":{"@id":"https:\/\/kbbm.be\/de\/#\/schema\/logo\/image\/"},"sameAs":["https:\/\/www.facebook.com\/srfb.be","https:\/\/www.instagram.com\/srfb_kbbm\/","https:\/\/www.linkedin.com\/company\/srfb-kbbm\/","https:\/\/www.youtube.com\/user\/srfbkbbm"]}]}},"_links":{"self":[{"href":"https:\/\/kbbm.be\/en\/wp-json\/wp\/v2\/product\/16374","targetHints":{"allow":["GET"]}}],"collection":[{"href":"https:\/\/kbbm.be\/en\/wp-json\/wp\/v2\/product"}],"about":[{"href":"https:\/\/kbbm.be\/en\/wp-json\/wp\/v2\/types\/product"}],"replies":[{"embeddable":true,"href":"https:\/\/kbbm.be\/en\/wp-json\/wp\/v2\/comments?post=16374"}],"wp:featuredmedia":[{"embeddable":true,"href":"https:\/\/kbbm.be\/en\/wp-json\/wp\/v2\/media\/16375"}],"wp:attachment":[{"href":"https:\/\/kbbm.be\/en\/wp-json\/wp\/v2\/media?parent=16374"}],"wp:term":[{"taxonomy":"product_brand","embeddable":true,"href":"https:\/\/kbbm.be\/en\/wp-json\/wp\/v2\/product_brand?post=16374"},{"taxonomy":"product_cat","embeddable":true,"href":"https:\/\/kbbm.be\/en\/wp-json\/wp\/v2\/product_cat?post=16374"},{"taxonomy":"product_tag","embeddable":true,"href":"https:\/\/kbbm.be\/en\/wp-json\/wp\/v2\/product_tag?post=16374"}],"curies":[{"name":"wp","href":"https:\/\/api.w.org\/{rel}","templated":true}]}}