{"id":10825,"date":"2020-03-20T14:17:05","date_gmt":"2020-03-20T13:17:05","guid":{"rendered":"https:\/\/new.srfb.be\/?post_type=product&#038;p=10825"},"modified":"2026-03-03T17:05:32","modified_gmt":"2026-03-03T16:05:32","slug":"tables-de-production-relatives-au-douglas","status":"publish","type":"product","link":"https:\/\/kbbm.be\/en\/forest-shop\/tables-de-production-relatives-au-douglas\/","title":{"rendered":"Douglas production tables"},"content":{"rendered":"","protected":false},"excerpt":{"rendered":"<p>These tables can be used to produce production estimates and forecasts, as well as financial estimates. They can also be used to guide the treatment of Douglas-fir stands in line with the objectives set by the manager.<br \/>\n24 x 17 cm, 152 pages<\/p>","protected":false},"featured_media":10826,"comment_status":"open","ping_status":"closed","template":"","meta":{"iawp_total_views":51},"product_brand":[],"product_cat":[695],"product_tag":[],"class_list":{"0":"post-10825","1":"product","2":"type-product","3":"status-publish","4":"has-post-thumbnail","6":"product_cat-lexique","8":"first","9":"instock","10":"shipping-taxable","11":"purchasable","12":"product-type-simple"},"yoast_head":"<!-- This site is optimized with the Yoast SEO plugin v27.4 - https:\/\/yoast.com\/product\/yoast-seo-wordpress\/ -->\n<title>Tables de production relatives au Douglas - Soci\u00e9t\u00e9 Royale Foresti\u00e8re de Belgique<\/title>\n<meta name=\"robots\" content=\"index, follow, max-snippet:-1, max-image-preview:large, max-video-preview:-1\" \/>\n<link rel=\"canonical\" href=\"https:\/\/kbbm.be\/en\/forest-shop\/tables-de-production-relatives-au-douglas\/\" \/>\n<meta property=\"og:locale\" content=\"en_GB\" \/>\n<meta property=\"og:type\" content=\"article\" \/>\n<meta property=\"og:title\" content=\"Tables de production relatives au Douglas - Soci\u00e9t\u00e9 Royale Foresti\u00e8re de Belgique\" \/>\n<meta property=\"og:description\" content=\"Ces tables permettent de r\u00e9aliser des estimations et des pr\u00e9visions de production, ainsi que des estimations financi\u00e8res. Elles peuvent aussi servir \u00e0 orienter le traitement des douglasaies en fonction des objectifs fix\u00e9s par le gestionnaire. 24 x 17 cm, 152 pages\" \/>\n<meta property=\"og:url\" content=\"https:\/\/kbbm.be\/en\/forest-shop\/tables-de-production-relatives-au-douglas\/\" \/>\n<meta property=\"og:site_name\" content=\"Soci\u00e9t\u00e9 Royale Foresti\u00e8re de Belgique\" \/>\n<meta property=\"article:publisher\" content=\"https:\/\/www.facebook.com\/srfb.be\" \/>\n<meta property=\"article:modified_time\" content=\"2026-03-03T16:05:32+00:00\" \/>\n<meta property=\"og:image\" content=\"https:\/\/kbbm.be\/wp-content\/uploads\/2020\/03\/table-production-Douglas.jpg\" \/>\n\t<meta property=\"og:image:width\" content=\"1162\" \/>\n\t<meta property=\"og:image:height\" content=\"1700\" \/>\n\t<meta property=\"og:image:type\" content=\"image\/jpeg\" \/>\n<script type=\"application\/ld+json\" class=\"yoast-schema-graph\">{\"@context\":\"https:\\\/\\\/schema.org\",\"@graph\":[{\"@type\":\"WebPage\",\"@id\":\"https:\\\/\\\/kbbm.be\\\/de\\\/forest-shop\\\/tables-de-production-relatives-au-douglas\\\/\",\"url\":\"https:\\\/\\\/kbbm.be\\\/de\\\/forest-shop\\\/tables-de-production-relatives-au-douglas\\\/\",\"name\":\"Tables de production relatives au Douglas - Soci\u00e9t\u00e9 Royale Foresti\u00e8re de Belgique\",\"isPartOf\":{\"@id\":\"https:\\\/\\\/kbbm.be\\\/en\\\/#website\"},\"primaryImageOfPage\":{\"@id\":\"https:\\\/\\\/kbbm.be\\\/de\\\/forest-shop\\\/tables-de-production-relatives-au-douglas\\\/#primaryimage\"},\"image\":{\"@id\":\"https:\\\/\\\/kbbm.be\\\/de\\\/forest-shop\\\/tables-de-production-relatives-au-douglas\\\/#primaryimage\"},\"thumbnailUrl\":\"https:\\\/\\\/kbbm.be\\\/wp-content\\\/uploads\\\/2020\\\/03\\\/table-production-Douglas.jpg\",\"datePublished\":\"2020-03-20T13:17:05+00:00\",\"dateModified\":\"2026-03-03T16:05:32+00:00\",\"breadcrumb\":{\"@id\":\"https:\\\/\\\/kbbm.be\\\/de\\\/forest-shop\\\/tables-de-production-relatives-au-douglas\\\/#breadcrumb\"},\"inLanguage\":\"en-GB\",\"potentialAction\":[{\"@type\":\"ReadAction\",\"target\":[\"https:\\\/\\\/kbbm.be\\\/de\\\/forest-shop\\\/tables-de-production-relatives-au-douglas\\\/\"]}]},{\"@type\":\"ImageObject\",\"inLanguage\":\"en-GB\",\"@id\":\"https:\\\/\\\/kbbm.be\\\/de\\\/forest-shop\\\/tables-de-production-relatives-au-douglas\\\/#primaryimage\",\"url\":\"https:\\\/\\\/kbbm.be\\\/wp-content\\\/uploads\\\/2020\\\/03\\\/table-production-Douglas.jpg\",\"contentUrl\":\"https:\\\/\\\/kbbm.be\\\/wp-content\\\/uploads\\\/2020\\\/03\\\/table-production-Douglas.jpg\",\"width\":1162,\"height\":1700},{\"@type\":\"BreadcrumbList\",\"@id\":\"https:\\\/\\\/kbbm.be\\\/de\\\/forest-shop\\\/tables-de-production-relatives-au-douglas\\\/#breadcrumb\",\"itemListElement\":[{\"@type\":\"ListItem\",\"position\":1,\"name\":\"Accueil\",\"item\":\"https:\\\/\\\/kbbm.be\\\/en\\\/\"},{\"@type\":\"ListItem\",\"position\":2,\"name\":\"Produits\",\"item\":\"https:\\\/\\\/srfb.be\\\/shop\\\/\"},{\"@type\":\"ListItem\",\"position\":3,\"name\":\"Tables de production relatives au Douglas\"}]},{\"@type\":\"WebSite\",\"@id\":\"https:\\\/\\\/kbbm.be\\\/en\\\/#website\",\"url\":\"https:\\\/\\\/kbbm.be\\\/en\\\/\",\"name\":\"Soci\u00e9t\u00e9 Royale Foresti\u00e8re de Belgique\",\"description\":\"Au service de la for\u00eat et des forestiers\",\"publisher\":{\"@id\":\"https:\\\/\\\/kbbm.be\\\/en\\\/#organization\"},\"alternateName\":\"SRFB-KBBM\",\"potentialAction\":[{\"@type\":\"SearchAction\",\"target\":{\"@type\":\"EntryPoint\",\"urlTemplate\":\"https:\\\/\\\/kbbm.be\\\/en\\\/?s={search_term_string}\"},\"query-input\":{\"@type\":\"PropertyValueSpecification\",\"valueRequired\":true,\"valueName\":\"search_term_string\"}}],\"inLanguage\":\"en-GB\"},{\"@type\":\"Organization\",\"@id\":\"https:\\\/\\\/kbbm.be\\\/en\\\/#organization\",\"name\":\"Soci\u00e9t\u00e9 Royale Foresti\u00e8re De Belgique - Koninklijke Belgische Bosbouwmaatschappij\",\"alternateName\":\"SRFB-KBBM\",\"url\":\"https:\\\/\\\/kbbm.be\\\/en\\\/\",\"logo\":{\"@type\":\"ImageObject\",\"inLanguage\":\"en-GB\",\"@id\":\"https:\\\/\\\/kbbm.be\\\/en\\\/#\\\/schema\\\/logo\\\/image\\\/\",\"url\":\"https:\\\/\\\/srfb.be\\\/wp-content\\\/uploads\\\/2019\\\/06\\\/android-chrome-256x256.png\",\"contentUrl\":\"https:\\\/\\\/srfb.be\\\/wp-content\\\/uploads\\\/2019\\\/06\\\/android-chrome-256x256.png\",\"width\":1200,\"height\":1232,\"caption\":\"Soci\u00e9t\u00e9 Royale Foresti\u00e8re De Belgique - Koninklijke Belgische Bosbouwmaatschappij\"},\"image\":{\"@id\":\"https:\\\/\\\/kbbm.be\\\/en\\\/#\\\/schema\\\/logo\\\/image\\\/\"},\"sameAs\":[\"https:\\\/\\\/www.facebook.com\\\/srfb.be\",\"https:\\\/\\\/www.instagram.com\\\/srfb_kbbm\\\/\",\"https:\\\/\\\/www.linkedin.com\\\/company\\\/srfb-kbbm\\\/\",\"https:\\\/\\\/www.youtube.com\\\/user\\\/srfbkbbm\"]}]}<\/script>\n<!-- \/ Yoast SEO plugin. -->","yoast_head_json":{"title":"Production tables for Douglas fir - Soci\u00e9t\u00e9 Royale Foresti\u00e8re de Belgique","robots":{"index":"index","follow":"follow","max-snippet":"max-snippet:-1","max-image-preview":"max-image-preview:large","max-video-preview":"max-video-preview:-1"},"canonical":"https:\/\/kbbm.be\/en\/forest-shop\/tables-de-production-relatives-au-douglas\/","og_locale":"en_GB","og_type":"article","og_title":"Tables de production relatives au Douglas - Soci\u00e9t\u00e9 Royale Foresti\u00e8re de Belgique","og_description":"Ces tables permettent de r\u00e9aliser des estimations et des pr\u00e9visions de production, ainsi que des estimations financi\u00e8res. Elles peuvent aussi servir \u00e0 orienter le traitement des douglasaies en fonction des objectifs fix\u00e9s par le gestionnaire. 24 x 17 cm, 152 pages","og_url":"https:\/\/kbbm.be\/en\/forest-shop\/tables-de-production-relatives-au-douglas\/","og_site_name":"Soci\u00e9t\u00e9 Royale Foresti\u00e8re de Belgique","article_publisher":"https:\/\/www.facebook.com\/srfb.be","article_modified_time":"2026-03-03T16:05:32+00:00","og_image":[{"width":1162,"height":1700,"url":"https:\/\/kbbm.be\/wp-content\/uploads\/2020\/03\/table-production-Douglas.jpg","type":"image\/jpeg"}],"schema":{"@context":"https:\/\/schema.org","@graph":[{"@type":"WebPage","@id":"https:\/\/kbbm.be\/de\/forest-shop\/tables-de-production-relatives-au-douglas\/","url":"https:\/\/kbbm.be\/de\/forest-shop\/tables-de-production-relatives-au-douglas\/","name":"Production tables for Douglas fir - Soci\u00e9t\u00e9 Royale Foresti\u00e8re de Belgique","isPartOf":{"@id":"https:\/\/kbbm.be\/en\/#website"},"primaryImageOfPage":{"@id":"https:\/\/kbbm.be\/de\/forest-shop\/tables-de-production-relatives-au-douglas\/#primaryimage"},"image":{"@id":"https:\/\/kbbm.be\/de\/forest-shop\/tables-de-production-relatives-au-douglas\/#primaryimage"},"thumbnailUrl":"https:\/\/kbbm.be\/wp-content\/uploads\/2020\/03\/table-production-Douglas.jpg","datePublished":"2020-03-20T13:17:05+00:00","dateModified":"2026-03-03T16:05:32+00:00","breadcrumb":{"@id":"https:\/\/kbbm.be\/de\/forest-shop\/tables-de-production-relatives-au-douglas\/#breadcrumb"},"inLanguage":"en-GB","potentialAction":[{"@type":"ReadAction","target":["https:\/\/kbbm.be\/de\/forest-shop\/tables-de-production-relatives-au-douglas\/"]}]},{"@type":"ImageObject","inLanguage":"en-GB","@id":"https:\/\/kbbm.be\/de\/forest-shop\/tables-de-production-relatives-au-douglas\/#primaryimage","url":"https:\/\/kbbm.be\/wp-content\/uploads\/2020\/03\/table-production-Douglas.jpg","contentUrl":"https:\/\/kbbm.be\/wp-content\/uploads\/2020\/03\/table-production-Douglas.jpg","width":1162,"height":1700},{"@type":"BreadcrumbList","@id":"https:\/\/kbbm.be\/de\/forest-shop\/tables-de-production-relatives-au-douglas\/#breadcrumb","itemListElement":[{"@type":"ListItem","position":1,"name":"Accueil","item":"https:\/\/kbbm.be\/en\/"},{"@type":"ListItem","position":2,"name":"Produits","item":"https:\/\/srfb.be\/shop\/"},{"@type":"ListItem","position":3,"name":"Tables de production relatives au Douglas"}]},{"@type":"WebSite","@id":"https:\/\/kbbm.be\/en\/#website","url":"https:\/\/kbbm.be\/en\/","name":"Royal Forestry Society of Belgium","description":"Serving forests and foresters","publisher":{"@id":"https:\/\/kbbm.be\/en\/#organization"},"alternateName":"SRFB-KBBM","potentialAction":[{"@type":"SearchAction","target":{"@type":"EntryPoint","urlTemplate":"https:\/\/kbbm.be\/en\/?s={search_term_string}"},"query-input":{"@type":"PropertyValueSpecification","valueRequired":true,"valueName":"search_term_string"}}],"inLanguage":"en-GB"},{"@type":"Organization","@id":"https:\/\/kbbm.be\/en\/#organization","name":"Soci\u00e9t\u00e9 Royale Foresti\u00e8re De Belgique - Koninklijke Belgische Bosbouwmaatschappij","alternateName":"SRFB-KBBM","url":"https:\/\/kbbm.be\/en\/","logo":{"@type":"ImageObject","inLanguage":"en-GB","@id":"https:\/\/kbbm.be\/en\/#\/schema\/logo\/image\/","url":"https:\/\/srfb.be\/wp-content\/uploads\/2019\/06\/android-chrome-256x256.png","contentUrl":"https:\/\/srfb.be\/wp-content\/uploads\/2019\/06\/android-chrome-256x256.png","width":1200,"height":1232,"caption":"Soci\u00e9t\u00e9 Royale Foresti\u00e8re De Belgique - Koninklijke Belgische Bosbouwmaatschappij"},"image":{"@id":"https:\/\/kbbm.be\/en\/#\/schema\/logo\/image\/"},"sameAs":["https:\/\/www.facebook.com\/srfb.be","https:\/\/www.instagram.com\/srfb_kbbm\/","https:\/\/www.linkedin.com\/company\/srfb-kbbm\/","https:\/\/www.youtube.com\/user\/srfbkbbm"]}]}},"_links":{"self":[{"href":"https:\/\/kbbm.be\/en\/wp-json\/wp\/v2\/product\/10825","targetHints":{"allow":["GET"]}}],"collection":[{"href":"https:\/\/kbbm.be\/en\/wp-json\/wp\/v2\/product"}],"about":[{"href":"https:\/\/kbbm.be\/en\/wp-json\/wp\/v2\/types\/product"}],"replies":[{"embeddable":true,"href":"https:\/\/kbbm.be\/en\/wp-json\/wp\/v2\/comments?post=10825"}],"wp:featuredmedia":[{"embeddable":true,"href":"https:\/\/kbbm.be\/en\/wp-json\/wp\/v2\/media\/10826"}],"wp:attachment":[{"href":"https:\/\/kbbm.be\/en\/wp-json\/wp\/v2\/media?parent=10825"}],"wp:term":[{"taxonomy":"product_brand","embeddable":true,"href":"https:\/\/kbbm.be\/en\/wp-json\/wp\/v2\/product_brand?post=10825"},{"taxonomy":"product_cat","embeddable":true,"href":"https:\/\/kbbm.be\/en\/wp-json\/wp\/v2\/product_cat?post=10825"},{"taxonomy":"product_tag","embeddable":true,"href":"https:\/\/kbbm.be\/en\/wp-json\/wp\/v2\/product_tag?post=10825"}],"curies":[{"name":"wp","href":"https:\/\/api.w.org\/{rel}","templated":true}]}}