{"id":10744,"date":"2020-03-20T13:12:13","date_gmt":"2020-03-20T12:12:13","guid":{"rendered":"https:\/\/new.srfb.be\/?post_type=product&#038;p=10744"},"modified":"2026-03-03T17:03:38","modified_gmt":"2026-03-03T16:03:38","slug":"le-grand-livre-de-la-foret","status":"publish","type":"product","link":"https:\/\/kbbm.be\/en\/forest-shop\/le-grand-livre-de-la-foret\/","title":{"rendered":"The Big Book of the Forest!"},"content":{"rendered":"","protected":false},"excerpt":{"rendered":"<p>Through 97 articles and inserts written by 128 authors, this book will take you on a journey through the forest of yesterday and today, to help you better understand what needs to be improved so that our forest of tomorrow can amaze us even more: from myths and legends to wood technology, from the seed to the multi-century-old oak, from the kite-flying lucanid beetle, etc.<br \/>\nfrom the forest ranger to the modern house! Eminent members of universities, colleges, government departments and associations, photographers and enthusiasts alike, the best specialists in their field have all contributed to bringing you an exceptional book.<br \/>\n22.5 x 28.5 cm, 496 pages<\/p>","protected":false},"featured_media":10745,"comment_status":"open","ping_status":"closed","template":"","meta":{"iawp_total_views":145},"product_brand":[],"product_cat":[314],"product_tag":[],"class_list":{"0":"post-10744","1":"product","2":"type-product","3":"status-publish","4":"has-post-thumbnail","6":"product_cat-sylviculture","8":"first","9":"instock","10":"shipping-taxable","11":"purchasable","12":"product-type-simple"},"yoast_head":"<!-- This site is optimized with the Yoast SEO plugin v27.4 - https:\/\/yoast.com\/product\/yoast-seo-wordpress\/ -->\n<title>Le Grand Livre de la For\u00eat ! - Soci\u00e9t\u00e9 Royale Foresti\u00e8re de Belgique<\/title>\n<meta name=\"robots\" content=\"index, follow, max-snippet:-1, max-image-preview:large, max-video-preview:-1\" \/>\n<link rel=\"canonical\" href=\"https:\/\/srfb.be\/forest-shop\/le-grand-livre-de-la-foret\/\" \/>\n<meta property=\"og:locale\" content=\"en_GB\" \/>\n<meta property=\"og:type\" content=\"article\" \/>\n<meta property=\"og:title\" content=\"Le Grand Livre de la For\u00eat ! - Soci\u00e9t\u00e9 Royale Foresti\u00e8re de Belgique\" \/>\n<meta property=\"og:description\" content=\"En parcourant la for\u00eat d\u2019hier et d\u2019aujourd\u2019hui, ce livre vous conduira, au travers de 97 articles et encarts r\u00e9dig\u00e9s par 128 auteurs, \u00e0 mieux comprendre ce qu\u2019il faut am\u00e9liorer pour que notre for\u00eat de demain nous \u00e9merveille encore plus : des mythes et l\u00e9gendes \u00e0 la technologie du bois, de la graine au ch\u00eane multicentenaire, du lucane cerf-volant au brame du cerf, du garde forestier \u00e0 la maison contemporaine ! Membres \u00e9minents d\u2019universit\u00e9s, de hautes \u00e9coles, d\u2019administrations, d\u2019associations, photographes ou simples passionn\u00e9s, les meilleurs sp\u00e9cialistes dans leur domaine ont contribu\u00e9 \u00e0 vous offrir un livre d\u2019exception. 22,5 x 28,5 cm, 496 pages\" \/>\n<meta property=\"og:url\" content=\"https:\/\/srfb.be\/forest-shop\/le-grand-livre-de-la-foret\/\" \/>\n<meta property=\"og:site_name\" content=\"Soci\u00e9t\u00e9 Royale Foresti\u00e8re de Belgique\" \/>\n<meta property=\"article:publisher\" content=\"https:\/\/www.facebook.com\/srfb.be\" \/>\n<meta property=\"article:modified_time\" content=\"2026-03-03T16:03:38+00:00\" \/>\n<meta property=\"og:image\" content=\"https:\/\/srfb.be\/wp-content\/uploads\/2020\/03\/Grand-livre-1-scaled.jpg\" \/>\n\t<meta property=\"og:image:width\" content=\"2063\" \/>\n\t<meta property=\"og:image:height\" content=\"2560\" \/>\n\t<meta property=\"og:image:type\" content=\"image\/jpeg\" \/>\n<script type=\"application\/ld+json\" class=\"yoast-schema-graph\">{\"@context\":\"https:\\\/\\\/schema.org\",\"@graph\":[{\"@type\":\"WebPage\",\"@id\":\"https:\\\/\\\/srfb.be\\\/forest-shop\\\/le-grand-livre-de-la-foret\\\/\",\"url\":\"https:\\\/\\\/srfb.be\\\/forest-shop\\\/le-grand-livre-de-la-foret\\\/\",\"name\":\"Le Grand Livre de la For\u00eat ! - Soci\u00e9t\u00e9 Royale Foresti\u00e8re de Belgique\",\"isPartOf\":{\"@id\":\"https:\\\/\\\/srfb.be\\\/#website\"},\"primaryImageOfPage\":{\"@id\":\"https:\\\/\\\/srfb.be\\\/forest-shop\\\/le-grand-livre-de-la-foret\\\/#primaryimage\"},\"image\":{\"@id\":\"https:\\\/\\\/srfb.be\\\/forest-shop\\\/le-grand-livre-de-la-foret\\\/#primaryimage\"},\"thumbnailUrl\":\"https:\\\/\\\/kbbm.be\\\/wp-content\\\/uploads\\\/2020\\\/03\\\/Grand-livre-1-scaled.jpg\",\"datePublished\":\"2020-03-20T12:12:13+00:00\",\"dateModified\":\"2026-03-03T16:03:38+00:00\",\"breadcrumb\":{\"@id\":\"https:\\\/\\\/srfb.be\\\/forest-shop\\\/le-grand-livre-de-la-foret\\\/#breadcrumb\"},\"inLanguage\":\"en-GB\",\"potentialAction\":[{\"@type\":\"ReadAction\",\"target\":[\"https:\\\/\\\/srfb.be\\\/forest-shop\\\/le-grand-livre-de-la-foret\\\/\"]}]},{\"@type\":\"ImageObject\",\"inLanguage\":\"en-GB\",\"@id\":\"https:\\\/\\\/srfb.be\\\/forest-shop\\\/le-grand-livre-de-la-foret\\\/#primaryimage\",\"url\":\"https:\\\/\\\/kbbm.be\\\/wp-content\\\/uploads\\\/2020\\\/03\\\/Grand-livre-1-scaled.jpg\",\"contentUrl\":\"https:\\\/\\\/kbbm.be\\\/wp-content\\\/uploads\\\/2020\\\/03\\\/Grand-livre-1-scaled.jpg\",\"width\":2063,\"height\":2560},{\"@type\":\"BreadcrumbList\",\"@id\":\"https:\\\/\\\/srfb.be\\\/forest-shop\\\/le-grand-livre-de-la-foret\\\/#breadcrumb\",\"itemListElement\":[{\"@type\":\"ListItem\",\"position\":1,\"name\":\"Accueil\",\"item\":\"https:\\\/\\\/srfb.be\\\/\"},{\"@type\":\"ListItem\",\"position\":2,\"name\":\"Produits\",\"item\":\"https:\\\/\\\/srfb.be\\\/shop\\\/\"},{\"@type\":\"ListItem\",\"position\":3,\"name\":\"Le Grand Livre de la For\u00eat !\"}]},{\"@type\":\"WebSite\",\"@id\":\"https:\\\/\\\/srfb.be\\\/#website\",\"url\":\"https:\\\/\\\/srfb.be\\\/\",\"name\":\"Soci\u00e9t\u00e9 Royale Foresti\u00e8re de Belgique\",\"description\":\"Au service de la for\u00eat et des forestiers\",\"publisher\":{\"@id\":\"https:\\\/\\\/srfb.be\\\/#organization\"},\"alternateName\":\"SRFB-KBBM\",\"potentialAction\":[{\"@type\":\"SearchAction\",\"target\":{\"@type\":\"EntryPoint\",\"urlTemplate\":\"https:\\\/\\\/srfb.be\\\/?s={search_term_string}\"},\"query-input\":{\"@type\":\"PropertyValueSpecification\",\"valueRequired\":true,\"valueName\":\"search_term_string\"}}],\"inLanguage\":\"en-GB\"},{\"@type\":\"Organization\",\"@id\":\"https:\\\/\\\/srfb.be\\\/#organization\",\"name\":\"Soci\u00e9t\u00e9 Royale Foresti\u00e8re De Belgique - Koninklijke Belgische Bosbouwmaatschappij\",\"alternateName\":\"SRFB-KBBM\",\"url\":\"https:\\\/\\\/srfb.be\\\/\",\"logo\":{\"@type\":\"ImageObject\",\"inLanguage\":\"en-GB\",\"@id\":\"https:\\\/\\\/srfb.be\\\/#\\\/schema\\\/logo\\\/image\\\/\",\"url\":\"https:\\\/\\\/srfb.be\\\/wp-content\\\/uploads\\\/2019\\\/06\\\/android-chrome-256x256.png\",\"contentUrl\":\"https:\\\/\\\/srfb.be\\\/wp-content\\\/uploads\\\/2019\\\/06\\\/android-chrome-256x256.png\",\"width\":1200,\"height\":1232,\"caption\":\"Soci\u00e9t\u00e9 Royale Foresti\u00e8re De Belgique - Koninklijke Belgische Bosbouwmaatschappij\"},\"image\":{\"@id\":\"https:\\\/\\\/srfb.be\\\/#\\\/schema\\\/logo\\\/image\\\/\"},\"sameAs\":[\"https:\\\/\\\/www.facebook.com\\\/srfb.be\",\"https:\\\/\\\/www.instagram.com\\\/srfb_kbbm\\\/\",\"https:\\\/\\\/www.linkedin.com\\\/company\\\/srfb-kbbm\\\/\",\"https:\\\/\\\/www.youtube.com\\\/user\\\/srfbkbbm\"]}]}<\/script>\n<!-- \/ Yoast SEO plugin. -->","yoast_head_json":{"title":"The Great Forest Book! - Royal Forestry Society of Belgium","robots":{"index":"index","follow":"follow","max-snippet":"max-snippet:-1","max-image-preview":"max-image-preview:large","max-video-preview":"max-video-preview:-1"},"canonical":"https:\/\/srfb.be\/forest-shop\/le-grand-livre-de-la-foret\/","og_locale":"en_GB","og_type":"article","og_title":"Le Grand Livre de la For\u00eat ! - Soci\u00e9t\u00e9 Royale Foresti\u00e8re de Belgique","og_description":"En parcourant la for\u00eat d\u2019hier et d\u2019aujourd\u2019hui, ce livre vous conduira, au travers de 97 articles et encarts r\u00e9dig\u00e9s par 128 auteurs, \u00e0 mieux comprendre ce qu\u2019il faut am\u00e9liorer pour que notre for\u00eat de demain nous \u00e9merveille encore plus : des mythes et l\u00e9gendes \u00e0 la technologie du bois, de la graine au ch\u00eane multicentenaire, du lucane cerf-volant au brame du cerf, du garde forestier \u00e0 la maison contemporaine ! Membres \u00e9minents d\u2019universit\u00e9s, de hautes \u00e9coles, d\u2019administrations, d\u2019associations, photographes ou simples passionn\u00e9s, les meilleurs sp\u00e9cialistes dans leur domaine ont contribu\u00e9 \u00e0 vous offrir un livre d\u2019exception. 22,5 x 28,5 cm, 496 pages","og_url":"https:\/\/srfb.be\/forest-shop\/le-grand-livre-de-la-foret\/","og_site_name":"Soci\u00e9t\u00e9 Royale Foresti\u00e8re de Belgique","article_publisher":"https:\/\/www.facebook.com\/srfb.be","article_modified_time":"2026-03-03T16:03:38+00:00","og_image":[{"width":2063,"height":2560,"url":"https:\/\/srfb.be\/wp-content\/uploads\/2020\/03\/Grand-livre-1-scaled.jpg","type":"image\/jpeg"}],"schema":{"@context":"https:\/\/schema.org","@graph":[{"@type":"WebPage","@id":"https:\/\/srfb.be\/forest-shop\/le-grand-livre-de-la-foret\/","url":"https:\/\/srfb.be\/forest-shop\/le-grand-livre-de-la-foret\/","name":"The Great Forest Book! - Royal Forestry Society of Belgium","isPartOf":{"@id":"https:\/\/srfb.be\/#website"},"primaryImageOfPage":{"@id":"https:\/\/srfb.be\/forest-shop\/le-grand-livre-de-la-foret\/#primaryimage"},"image":{"@id":"https:\/\/srfb.be\/forest-shop\/le-grand-livre-de-la-foret\/#primaryimage"},"thumbnailUrl":"https:\/\/kbbm.be\/wp-content\/uploads\/2020\/03\/Grand-livre-1-scaled.jpg","datePublished":"2020-03-20T12:12:13+00:00","dateModified":"2026-03-03T16:03:38+00:00","breadcrumb":{"@id":"https:\/\/srfb.be\/forest-shop\/le-grand-livre-de-la-foret\/#breadcrumb"},"inLanguage":"en-GB","potentialAction":[{"@type":"ReadAction","target":["https:\/\/srfb.be\/forest-shop\/le-grand-livre-de-la-foret\/"]}]},{"@type":"ImageObject","inLanguage":"en-GB","@id":"https:\/\/srfb.be\/forest-shop\/le-grand-livre-de-la-foret\/#primaryimage","url":"https:\/\/kbbm.be\/wp-content\/uploads\/2020\/03\/Grand-livre-1-scaled.jpg","contentUrl":"https:\/\/kbbm.be\/wp-content\/uploads\/2020\/03\/Grand-livre-1-scaled.jpg","width":2063,"height":2560},{"@type":"BreadcrumbList","@id":"https:\/\/srfb.be\/forest-shop\/le-grand-livre-de-la-foret\/#breadcrumb","itemListElement":[{"@type":"ListItem","position":1,"name":"Accueil","item":"https:\/\/srfb.be\/"},{"@type":"ListItem","position":2,"name":"Produits","item":"https:\/\/srfb.be\/shop\/"},{"@type":"ListItem","position":3,"name":"Le Grand Livre de la For\u00eat !"}]},{"@type":"WebSite","@id":"https:\/\/srfb.be\/#website","url":"https:\/\/srfb.be\/","name":"Royal Forestry Society of Belgium","description":"Serving forests and foresters","publisher":{"@id":"https:\/\/srfb.be\/#organization"},"alternateName":"SRFB-KBBM","potentialAction":[{"@type":"SearchAction","target":{"@type":"EntryPoint","urlTemplate":"https:\/\/srfb.be\/?s={search_term_string}"},"query-input":{"@type":"PropertyValueSpecification","valueRequired":true,"valueName":"search_term_string"}}],"inLanguage":"en-GB"},{"@type":"Organization","@id":"https:\/\/srfb.be\/#organization","name":"Soci\u00e9t\u00e9 Royale Foresti\u00e8re De Belgique - Koninklijke Belgische Bosbouwmaatschappij","alternateName":"SRFB-KBBM","url":"https:\/\/srfb.be\/","logo":{"@type":"ImageObject","inLanguage":"en-GB","@id":"https:\/\/srfb.be\/#\/schema\/logo\/image\/","url":"https:\/\/srfb.be\/wp-content\/uploads\/2019\/06\/android-chrome-256x256.png","contentUrl":"https:\/\/srfb.be\/wp-content\/uploads\/2019\/06\/android-chrome-256x256.png","width":1200,"height":1232,"caption":"Soci\u00e9t\u00e9 Royale Foresti\u00e8re De Belgique - Koninklijke Belgische Bosbouwmaatschappij"},"image":{"@id":"https:\/\/srfb.be\/#\/schema\/logo\/image\/"},"sameAs":["https:\/\/www.facebook.com\/srfb.be","https:\/\/www.instagram.com\/srfb_kbbm\/","https:\/\/www.linkedin.com\/company\/srfb-kbbm\/","https:\/\/www.youtube.com\/user\/srfbkbbm"]}]}},"_links":{"self":[{"href":"https:\/\/kbbm.be\/en\/wp-json\/wp\/v2\/product\/10744","targetHints":{"allow":["GET"]}}],"collection":[{"href":"https:\/\/kbbm.be\/en\/wp-json\/wp\/v2\/product"}],"about":[{"href":"https:\/\/kbbm.be\/en\/wp-json\/wp\/v2\/types\/product"}],"replies":[{"embeddable":true,"href":"https:\/\/kbbm.be\/en\/wp-json\/wp\/v2\/comments?post=10744"}],"wp:featuredmedia":[{"embeddable":true,"href":"https:\/\/kbbm.be\/en\/wp-json\/wp\/v2\/media\/10745"}],"wp:attachment":[{"href":"https:\/\/kbbm.be\/en\/wp-json\/wp\/v2\/media?parent=10744"}],"wp:term":[{"taxonomy":"product_brand","embeddable":true,"href":"https:\/\/kbbm.be\/en\/wp-json\/wp\/v2\/product_brand?post=10744"},{"taxonomy":"product_cat","embeddable":true,"href":"https:\/\/kbbm.be\/en\/wp-json\/wp\/v2\/product_cat?post=10744"},{"taxonomy":"product_tag","embeddable":true,"href":"https:\/\/kbbm.be\/en\/wp-json\/wp\/v2\/product_tag?post=10744"}],"curies":[{"name":"wp","href":"https:\/\/api.w.org\/{rel}","templated":true}]}}