{"id":8158,"date":"2019-07-18T18:59:02","date_gmt":"2019-07-18T18:59:02","guid":{"rendered":"http:\/\/srfb-wp.dphi.be\/?page_id=8158"},"modified":"2024-03-20T15:01:27","modified_gmt":"2024-03-20T14:01:27","slug":"ensuring_administrative_processes","status":"publish","type":"page","link":"https:\/\/kbbm.be\/en\/formations-et-activites\/je-me-forme-pour-ma-foret\/ressources-educatives-eforown\/assurer_demarches_administratives\/","title":{"rendered":"Taking care of administrative procedures"},"content":{"rendered":"<div class=\"yoast-breadcrumbs\"><span><span><a href=\"https:\/\/srfb.be\/de\/\">Home<\/a><\/span> &gt; <span><a href=\"https:\/\/kbbm.be\/de\/schulungen-und-aktivitaten\/\">Trainings and activities<\/a><\/span> &gt; <span><a href=\"https:\/\/kbbm.be\/de\/schulungen-und-aktivitaten\/trainiere-fur-meinen-wald\/\">Training for my forest<\/a><\/span> &gt; <span><a href=\"https:\/\/srfb.be\/de\/schulungen-und-aktivitaten\/trainiere-fur-meinen-wald\/ressources-educatives-eforown\/\">eforown educational resources<\/a><\/span> &gt; <span class=\"breadcrumb_last\" aria-current=\"page\"><strong>Taking care of administrative procedures<\/strong><\/span><\/span><\/div>\n\n\n<div class=\"wp-block-group is-layout-constrained wp-block-group-is-layout-constrained\" style=\"margin-top:var(--wp--preset--spacing--80);margin-bottom:var(--wp--preset--spacing--80)\">\n<figure class=\"wp-block-image aligncenter size-large is-resized\"><img loading=\"lazy\" decoding=\"async\" width=\"1024\" height=\"576\" src=\"https:\/\/srfb.be\/wp-content\/uploads\/2019\/07\/logo_label-1024x576.jpg\" alt=\"eForOwn - certificate\" class=\"wp-image-8091\" style=\"width:auto;height:150px\" srcset=\"https:\/\/kbbm.be\/wp-content\/uploads\/2019\/07\/logo_label-1024x576.jpg 1024w, https:\/\/kbbm.be\/wp-content\/uploads\/2019\/07\/logo_label-600x338.jpg 600w, https:\/\/kbbm.be\/wp-content\/uploads\/2019\/07\/logo_label-64x36.jpg 64w, https:\/\/kbbm.be\/wp-content\/uploads\/2019\/07\/logo_label-300x169.jpg 300w, https:\/\/kbbm.be\/wp-content\/uploads\/2019\/07\/logo_label-18x10.jpg 18w, https:\/\/kbbm.be\/wp-content\/uploads\/2019\/07\/logo_label.jpg 1280w\" sizes=\"auto, (max-width: 1024px) 100vw, 1024px\" \/><\/figure>\n<\/div>\n\n\n\n<h2 class=\"wp-block-heading has-text-align-center has-large-font-size\" style=\"text-transform:uppercase\">Beginner<\/h2>\n\n\n\n<section class=\"wp-block-group has-grey-color-background-color has-background has-medium-font-size is-content-justification-space-between is-nowrap is-layout-flex wp-container-core-group-is-layout-95e57954 wp-block-group-is-layout-flex\" style=\"padding-top:var(--wp--preset--spacing--40);padding-right:var(--wp--preset--spacing--60);padding-bottom:var(--wp--preset--spacing--40);padding-left:var(--wp--preset--spacing--60)\">\n<h4 class=\"wp-block-heading wp-container-content-9cfa9a5a\"><a href=\"https:\/\/srfb.be\/wp-content\/uploads\/2019\/07\/62_Le_document_de_gestion_durable.pptx\" target=\"_blank\" rel=\"noreferrer noopener\"><i class=\"fas fa-file\"><\/i> The sustainable management document<\/a><\/h4>\n\n\n\n<p><a href=\"https:\/\/srfb.be\/wp-content\/uploads\/2019\/07\/62_Le_document_de_gestion_durable.pptx\" target=\"_blank\" rel=\"noreferrer noopener\"><i class=\"fas fa-download\"><\/i><\/a><\/p>\n<\/section>\n\n\n\n<section class=\"wp-block-group has-grey-color-background-color has-background has-medium-font-size is-content-justification-space-between is-nowrap is-layout-flex wp-container-core-group-is-layout-95e57954 wp-block-group-is-layout-flex\" style=\"padding-top:var(--wp--preset--spacing--40);padding-right:var(--wp--preset--spacing--60);padding-bottom:var(--wp--preset--spacing--40);padding-left:var(--wp--preset--spacing--60)\">\n<h4 class=\"wp-block-heading wp-container-content-9cfa9a5a\"><a href=\"https:\/\/srfb.be\/wp-content\/uploads\/2019\/07\/R5_n_68_les_assurances_forestieres_V3-nouveau-logo-2.pdf\" target=\"_blank\" rel=\"noreferrer noopener\"><i class=\"fas fa-file\"><\/i> Forestry insurance<\/a><\/h4>\n\n\n\n<p><a href=\"https:\/\/srfb.be\/wp-content\/uploads\/2019\/07\/R5_n_68_les_assurances_forestieres_V3-nouveau-logo-2.pdf\" target=\"_blank\" rel=\"noreferrer noopener\"><i class=\"fas fa-download\"><\/i><\/a><\/p>\n<\/section>\n\n\n\n<hr class=\"wp-block-separator has-text-color has-grey-color-color has-alpha-channel-opacity has-grey-color-background-color has-background\" style=\"margin-top:var(--wp--preset--spacing--60);margin-bottom:var(--wp--preset--spacing--60)\"\/>\n\n\n\n<h2 class=\"wp-block-heading has-text-align-center has-large-font-size\" style=\"text-transform:uppercase\">Intermediate<\/h2>\n\n\n\n<section class=\"wp-block-group has-grey-color-background-color has-background has-medium-font-size is-content-justification-space-between is-nowrap is-layout-flex wp-container-core-group-is-layout-95e57954 wp-block-group-is-layout-flex\" style=\"padding-top:var(--wp--preset--spacing--40);padding-right:var(--wp--preset--spacing--60);padding-bottom:var(--wp--preset--spacing--40);padding-left:var(--wp--preset--spacing--60)\">\n<h4 class=\"wp-block-heading wp-container-content-9cfa9a5a\"><a href=\"https:\/\/srfb.be\/wp-content\/uploads\/2019\/07\/59_Informations_cartographiques_pour_ma_for%C3%AAt.pdf\" target=\"_blank\" rel=\"noreferrer noopener\"><i class=\"fas fa-file\"><\/i> Map information for my forest<\/a><\/h4>\n\n\n\n<p><a href=\"https:\/\/srfb.be\/wp-content\/uploads\/2019\/07\/59_Informations_cartographiques_pour_ma_for%C3%AAt.pdf\" target=\"_blank\" rel=\"noreferrer noopener\"><i class=\"fas fa-download\"><\/i><\/a><\/p>\n<\/section>\n\n\n\n<section class=\"wp-block-group has-grey-color-background-color has-background has-medium-font-size is-content-justification-space-between is-nowrap is-layout-flex wp-container-core-group-is-layout-95e57954 wp-block-group-is-layout-flex\" style=\"padding-top:var(--wp--preset--spacing--40);padding-right:var(--wp--preset--spacing--60);padding-bottom:var(--wp--preset--spacing--40);padding-left:var(--wp--preset--spacing--60)\">\n<h4 class=\"wp-block-heading wp-container-content-9cfa9a5a\"><a href=\"https:\/\/srfb.be\/wp-content\/uploads\/2019\/07\/R1_n_63_documents_de_gestion_durable_2-nouveau-logo.pdf\" target=\"_blank\" rel=\"noreferrer noopener\"><i class=\"fas fa-file\"><\/i> The sustainable management document<\/a><\/h4>\n\n\n\n<p><a href=\"https:\/\/srfb.be\/wp-content\/uploads\/2019\/07\/R1_n_63_documents_de_gestion_durable_2-nouveau-logo.pdf\" target=\"_blank\" rel=\"noreferrer noopener\"><i class=\"fas fa-download\"><\/i><\/a><\/p>\n<\/section>","protected":false},"excerpt":{"rendered":"<p>D\u00e9butant Le document de gestion durable Les assurances forestieres Interm\u00e9diaire Informations cartographiques pour ma for\u00eat Le document de gestion durable<\/p>","protected":false},"author":18,"featured_media":0,"parent":10975,"menu_order":0,"comment_status":"closed","ping_status":"closed","template":"","meta":{"iawp_total_views":13,"footnotes":""},"class_list":["post-8158","page","type-page","status-publish","hentry"],"yoast_head":"<!-- This site is optimized with the Yoast SEO plugin v27.3 - https:\/\/yoast.com\/product\/yoast-seo-wordpress\/ -->\n<title>Assurer les d\u00e9marches administratives - SRFB<\/title>\n<meta name=\"description\" content=\"Retrouvez sur cette page les ressoucres \u00e9ducatives du projet europ\u00e9en eforown sur la th\u00e9matique &quot;Assurer les d\u00e9marches administratives&quot;.\" \/>\n<meta name=\"robots\" content=\"index, follow, max-snippet:-1, max-image-preview:large, max-video-preview:-1\" \/>\n<link rel=\"canonical\" href=\"https:\/\/kbbm.be\/en\/trainings-and-activities\/train-for-my-forest\/ressources-educatives-eforown\/ensuring_administrative_processes\/\" \/>\n<meta property=\"og:locale\" content=\"en_GB\" \/>\n<meta property=\"og:type\" content=\"article\" \/>\n<meta property=\"og:title\" content=\"Assurer les d\u00e9marches administratives - SRFB\" \/>\n<meta property=\"og:description\" content=\"Retrouvez sur cette page les ressoucres \u00e9ducatives du projet europ\u00e9en eforown sur la th\u00e9matique &quot;Assurer les d\u00e9marches administratives&quot;.\" \/>\n<meta property=\"og:url\" content=\"https:\/\/kbbm.be\/en\/trainings-and-activities\/train-for-my-forest\/ressources-educatives-eforown\/ensuring_administrative_processes\/\" \/>\n<meta property=\"og:site_name\" content=\"Soci\u00e9t\u00e9 Royale Foresti\u00e8re de Belgique\" \/>\n<meta property=\"article:publisher\" content=\"https:\/\/www.facebook.com\/srfb.be\" \/>\n<meta property=\"article:modified_time\" content=\"2024-03-20T14:01:27+00:00\" \/>\n<meta property=\"og:image\" content=\"https:\/\/srfb.be\/wp-content\/uploads\/2019\/07\/logo_label-1024x576.jpg\" \/>\n<script type=\"application\/ld+json\" class=\"yoast-schema-graph\">{\"@context\":\"https:\\\/\\\/schema.org\",\"@graph\":[{\"@type\":\"WebPage\",\"@id\":\"https:\\\/\\\/kbbm.be\\\/en\\\/trainings-and-activities\\\/train-for-my-forest\\\/ressources-educatives-eforown\\\/ensuring_administrative_processes\\\/\",\"url\":\"https:\\\/\\\/kbbm.be\\\/en\\\/trainings-and-activities\\\/train-for-my-forest\\\/ressources-educatives-eforown\\\/ensuring_administrative_processes\\\/\",\"name\":\"Assurer les d\u00e9marches administratives - SRFB\",\"isPartOf\":{\"@id\":\"https:\\\/\\\/srfb.be\\\/de\\\/#website\"},\"primaryImageOfPage\":{\"@id\":\"https:\\\/\\\/kbbm.be\\\/en\\\/trainings-and-activities\\\/train-for-my-forest\\\/ressources-educatives-eforown\\\/ensuring_administrative_processes\\\/#primaryimage\"},\"image\":{\"@id\":\"https:\\\/\\\/kbbm.be\\\/en\\\/trainings-and-activities\\\/train-for-my-forest\\\/ressources-educatives-eforown\\\/ensuring_administrative_processes\\\/#primaryimage\"},\"thumbnailUrl\":\"https:\\\/\\\/srfb.be\\\/wp-content\\\/uploads\\\/2019\\\/07\\\/logo_label-1024x576.jpg\",\"datePublished\":\"2019-07-18T18:59:02+00:00\",\"dateModified\":\"2024-03-20T14:01:27+00:00\",\"description\":\"Retrouvez sur cette page les ressoucres \u00e9ducatives du projet europ\u00e9en eforown sur la th\u00e9matique \\\"Assurer les d\u00e9marches administratives\\\".\",\"breadcrumb\":{\"@id\":\"https:\\\/\\\/kbbm.be\\\/en\\\/trainings-and-activities\\\/train-for-my-forest\\\/ressources-educatives-eforown\\\/ensuring_administrative_processes\\\/#breadcrumb\"},\"inLanguage\":\"en-GB\",\"potentialAction\":[{\"@type\":\"ReadAction\",\"target\":[\"https:\\\/\\\/kbbm.be\\\/en\\\/trainings-and-activities\\\/train-for-my-forest\\\/ressources-educatives-eforown\\\/ensuring_administrative_processes\\\/\"]}]},{\"@type\":\"ImageObject\",\"inLanguage\":\"en-GB\",\"@id\":\"https:\\\/\\\/kbbm.be\\\/en\\\/trainings-and-activities\\\/train-for-my-forest\\\/ressources-educatives-eforown\\\/ensuring_administrative_processes\\\/#primaryimage\",\"url\":\"https:\\\/\\\/srfb.be\\\/wp-content\\\/uploads\\\/2019\\\/07\\\/logo_label-1024x576.jpg\",\"contentUrl\":\"https:\\\/\\\/srfb.be\\\/wp-content\\\/uploads\\\/2019\\\/07\\\/logo_label-1024x576.jpg\"},{\"@type\":\"BreadcrumbList\",\"@id\":\"https:\\\/\\\/kbbm.be\\\/en\\\/trainings-and-activities\\\/train-for-my-forest\\\/ressources-educatives-eforown\\\/ensuring_administrative_processes\\\/#breadcrumb\",\"itemListElement\":[{\"@type\":\"ListItem\",\"position\":1,\"name\":\"Accueil\",\"item\":\"https:\\\/\\\/srfb.be\\\/de\\\/\"},{\"@type\":\"ListItem\",\"position\":2,\"name\":\"Formations et activit\u00e9s\",\"item\":\"https:\\\/\\\/kbbm.be\\\/de\\\/schulungen-und-aktivitaten\\\/\"},{\"@type\":\"ListItem\",\"position\":3,\"name\":\"Je me forme pour ma for\u00eat\",\"item\":\"https:\\\/\\\/kbbm.be\\\/de\\\/schulungen-und-aktivitaten\\\/trainiere-fur-meinen-wald\\\/\"},{\"@type\":\"ListItem\",\"position\":4,\"name\":\"Ressources \u00e9ducatives eforown\",\"item\":\"https:\\\/\\\/srfb.be\\\/de\\\/schulungen-und-aktivitaten\\\/trainiere-fur-meinen-wald\\\/ressources-educatives-eforown\\\/\"},{\"@type\":\"ListItem\",\"position\":5,\"name\":\"Assurer les d\u00e9marches administratives\"}]},{\"@type\":\"WebSite\",\"@id\":\"https:\\\/\\\/srfb.be\\\/de\\\/#website\",\"url\":\"https:\\\/\\\/srfb.be\\\/de\\\/\",\"name\":\"Soci\u00e9t\u00e9 Royale Foresti\u00e8re de Belgique\",\"description\":\"Au service de la for\u00eat et des forestiers\",\"publisher\":{\"@id\":\"https:\\\/\\\/srfb.be\\\/de\\\/#organization\"},\"alternateName\":\"SRFB-KBBM\",\"potentialAction\":[{\"@type\":\"SearchAction\",\"target\":{\"@type\":\"EntryPoint\",\"urlTemplate\":\"https:\\\/\\\/srfb.be\\\/de\\\/?s={search_term_string}\"},\"query-input\":{\"@type\":\"PropertyValueSpecification\",\"valueRequired\":true,\"valueName\":\"search_term_string\"}}],\"inLanguage\":\"en-GB\"},{\"@type\":\"Organization\",\"@id\":\"https:\\\/\\\/srfb.be\\\/de\\\/#organization\",\"name\":\"Soci\u00e9t\u00e9 Royale Foresti\u00e8re De Belgique - Koninklijke Belgische Bosbouwmaatschappij\",\"alternateName\":\"SRFB-KBBM\",\"url\":\"https:\\\/\\\/srfb.be\\\/de\\\/\",\"logo\":{\"@type\":\"ImageObject\",\"inLanguage\":\"en-GB\",\"@id\":\"https:\\\/\\\/srfb.be\\\/de\\\/#\\\/schema\\\/logo\\\/image\\\/\",\"url\":\"https:\\\/\\\/srfb.be\\\/wp-content\\\/uploads\\\/2019\\\/06\\\/android-chrome-256x256.png\",\"contentUrl\":\"https:\\\/\\\/srfb.be\\\/wp-content\\\/uploads\\\/2019\\\/06\\\/android-chrome-256x256.png\",\"width\":1200,\"height\":1232,\"caption\":\"Soci\u00e9t\u00e9 Royale Foresti\u00e8re De Belgique - Koninklijke Belgische Bosbouwmaatschappij\"},\"image\":{\"@id\":\"https:\\\/\\\/srfb.be\\\/de\\\/#\\\/schema\\\/logo\\\/image\\\/\"},\"sameAs\":[\"https:\\\/\\\/www.facebook.com\\\/srfb.be\",\"https:\\\/\\\/www.instagram.com\\\/srfb_kbbm\\\/\",\"https:\\\/\\\/www.linkedin.com\\\/company\\\/srfb-kbbm\\\/\",\"https:\\\/\\\/www.youtube.com\\\/user\\\/srfbkbbm\"]}]}<\/script>\n<!-- \/ Yoast SEO plugin. -->","yoast_head_json":{"title":"Taking care of administrative procedures - SRFB","description":"On this page you will find the educational resources for the European eforown project on the theme of \"Handling administrative procedures\".","robots":{"index":"index","follow":"follow","max-snippet":"max-snippet:-1","max-image-preview":"max-image-preview:large","max-video-preview":"max-video-preview:-1"},"canonical":"https:\/\/kbbm.be\/en\/trainings-and-activities\/train-for-my-forest\/ressources-educatives-eforown\/ensuring_administrative_processes\/","og_locale":"en_GB","og_type":"article","og_title":"Assurer les d\u00e9marches administratives - SRFB","og_description":"Retrouvez sur cette page les ressoucres \u00e9ducatives du projet europ\u00e9en eforown sur la th\u00e9matique \"Assurer les d\u00e9marches administratives\".","og_url":"https:\/\/kbbm.be\/en\/trainings-and-activities\/train-for-my-forest\/ressources-educatives-eforown\/ensuring_administrative_processes\/","og_site_name":"Soci\u00e9t\u00e9 Royale Foresti\u00e8re de Belgique","article_publisher":"https:\/\/www.facebook.com\/srfb.be","article_modified_time":"2024-03-20T14:01:27+00:00","og_image":[{"url":"https:\/\/srfb.be\/wp-content\/uploads\/2019\/07\/logo_label-1024x576.jpg","type":"","width":"","height":""}],"schema":{"@context":"https:\/\/schema.org","@graph":[{"@type":"WebPage","@id":"https:\/\/kbbm.be\/en\/trainings-and-activities\/train-for-my-forest\/ressources-educatives-eforown\/ensuring_administrative_processes\/","url":"https:\/\/kbbm.be\/en\/trainings-and-activities\/train-for-my-forest\/ressources-educatives-eforown\/ensuring_administrative_processes\/","name":"Taking care of administrative procedures - SRFB","isPartOf":{"@id":"https:\/\/srfb.be\/de\/#website"},"primaryImageOfPage":{"@id":"https:\/\/kbbm.be\/en\/trainings-and-activities\/train-for-my-forest\/ressources-educatives-eforown\/ensuring_administrative_processes\/#primaryimage"},"image":{"@id":"https:\/\/kbbm.be\/en\/trainings-and-activities\/train-for-my-forest\/ressources-educatives-eforown\/ensuring_administrative_processes\/#primaryimage"},"thumbnailUrl":"https:\/\/srfb.be\/wp-content\/uploads\/2019\/07\/logo_label-1024x576.jpg","datePublished":"2019-07-18T18:59:02+00:00","dateModified":"2024-03-20T14:01:27+00:00","description":"On this page you will find the educational resources for the European eforown project on the theme of \"Handling administrative procedures\".","breadcrumb":{"@id":"https:\/\/kbbm.be\/en\/trainings-and-activities\/train-for-my-forest\/ressources-educatives-eforown\/ensuring_administrative_processes\/#breadcrumb"},"inLanguage":"en-GB","potentialAction":[{"@type":"ReadAction","target":["https:\/\/kbbm.be\/en\/trainings-and-activities\/train-for-my-forest\/ressources-educatives-eforown\/ensuring_administrative_processes\/"]}]},{"@type":"ImageObject","inLanguage":"en-GB","@id":"https:\/\/kbbm.be\/en\/trainings-and-activities\/train-for-my-forest\/ressources-educatives-eforown\/ensuring_administrative_processes\/#primaryimage","url":"https:\/\/srfb.be\/wp-content\/uploads\/2019\/07\/logo_label-1024x576.jpg","contentUrl":"https:\/\/srfb.be\/wp-content\/uploads\/2019\/07\/logo_label-1024x576.jpg"},{"@type":"BreadcrumbList","@id":"https:\/\/kbbm.be\/en\/trainings-and-activities\/train-for-my-forest\/ressources-educatives-eforown\/ensuring_administrative_processes\/#breadcrumb","itemListElement":[{"@type":"ListItem","position":1,"name":"Accueil","item":"https:\/\/srfb.be\/de\/"},{"@type":"ListItem","position":2,"name":"Formations et activit\u00e9s","item":"https:\/\/kbbm.be\/de\/schulungen-und-aktivitaten\/"},{"@type":"ListItem","position":3,"name":"Je me forme pour ma for\u00eat","item":"https:\/\/kbbm.be\/de\/schulungen-und-aktivitaten\/trainiere-fur-meinen-wald\/"},{"@type":"ListItem","position":4,"name":"Ressources \u00e9ducatives eforown","item":"https:\/\/srfb.be\/de\/schulungen-und-aktivitaten\/trainiere-fur-meinen-wald\/ressources-educatives-eforown\/"},{"@type":"ListItem","position":5,"name":"Assurer les d\u00e9marches administratives"}]},{"@type":"WebSite","@id":"https:\/\/srfb.be\/de\/#website","url":"https:\/\/srfb.be\/de\/","name":"Royal Forestry Society of Belgium","description":"Serving forests and foresters","publisher":{"@id":"https:\/\/srfb.be\/de\/#organization"},"alternateName":"SRFB-KBBM","potentialAction":[{"@type":"SearchAction","target":{"@type":"EntryPoint","urlTemplate":"https:\/\/srfb.be\/de\/?s={search_term_string}"},"query-input":{"@type":"PropertyValueSpecification","valueRequired":true,"valueName":"search_term_string"}}],"inLanguage":"en-GB"},{"@type":"Organization","@id":"https:\/\/srfb.be\/de\/#organization","name":"Soci\u00e9t\u00e9 Royale Foresti\u00e8re De Belgique - Koninklijke Belgische Bosbouwmaatschappij","alternateName":"SRFB-KBBM","url":"https:\/\/srfb.be\/de\/","logo":{"@type":"ImageObject","inLanguage":"en-GB","@id":"https:\/\/srfb.be\/de\/#\/schema\/logo\/image\/","url":"https:\/\/srfb.be\/wp-content\/uploads\/2019\/06\/android-chrome-256x256.png","contentUrl":"https:\/\/srfb.be\/wp-content\/uploads\/2019\/06\/android-chrome-256x256.png","width":1200,"height":1232,"caption":"Soci\u00e9t\u00e9 Royale Foresti\u00e8re De Belgique - Koninklijke Belgische Bosbouwmaatschappij"},"image":{"@id":"https:\/\/srfb.be\/de\/#\/schema\/logo\/image\/"},"sameAs":["https:\/\/www.facebook.com\/srfb.be","https:\/\/www.instagram.com\/srfb_kbbm\/","https:\/\/www.linkedin.com\/company\/srfb-kbbm\/","https:\/\/www.youtube.com\/user\/srfbkbbm"]}]}},"_links":{"self":[{"href":"https:\/\/kbbm.be\/en\/wp-json\/wp\/v2\/pages\/8158","targetHints":{"allow":["GET"]}}],"collection":[{"href":"https:\/\/kbbm.be\/en\/wp-json\/wp\/v2\/pages"}],"about":[{"href":"https:\/\/kbbm.be\/en\/wp-json\/wp\/v2\/types\/page"}],"author":[{"embeddable":true,"href":"https:\/\/kbbm.be\/en\/wp-json\/wp\/v2\/users\/18"}],"replies":[{"embeddable":true,"href":"https:\/\/kbbm.be\/en\/wp-json\/wp\/v2\/comments?post=8158"}],"version-history":[{"count":0,"href":"https:\/\/kbbm.be\/en\/wp-json\/wp\/v2\/pages\/8158\/revisions"}],"up":[{"embeddable":true,"href":"https:\/\/kbbm.be\/en\/wp-json\/wp\/v2\/pages\/10975"}],"wp:attachment":[{"href":"https:\/\/kbbm.be\/en\/wp-json\/wp\/v2\/media?parent=8158"}],"curies":[{"name":"wp","href":"https:\/\/api.w.org\/{rel}","templated":true}]}}