{"id":8117,"date":"2019-07-18T17:39:53","date_gmt":"2019-07-18T17:39:53","guid":{"rendered":"http:\/\/srfb-wp.dphi.be\/?page_id=8117"},"modified":"2024-03-20T14:51:04","modified_gmt":"2024-03-20T13:51:04","slug":"maintain_my_forest","status":"publish","type":"page","link":"https:\/\/kbbm.be\/en\/formations-et-activites\/je-me-forme-pour-ma-foret\/ressources-educatives-eforown\/entretenir_ma_foret\/","title":{"rendered":"Looking after my forest"},"content":{"rendered":"<div class=\"yoast-breadcrumbs\"><span><span><a href=\"https:\/\/kbbm.be\/en\/\">Home<\/a><\/span> &gt; <span><a href=\"https:\/\/kbbm.be\/en\/trainings-and-activities\/\">Trainings and activities<\/a><\/span> &gt; <span><a href=\"https:\/\/www.kbbm.be\/en\/trainings-and-activities\/train-for-my-forest\/\">Training for my forest<\/a><\/span> &gt; <span><a href=\"https:\/\/srfb.be\/formations-et-activites\/je-me-forme-pour-ma-foret\/ressources-educatives-eforown\/\">eforown educational resources<\/a><\/span> &gt; <span class=\"breadcrumb_last\" aria-current=\"page\"><strong>Looking after my forest<\/strong><\/span><\/span><\/div>\n\n\n<div class=\"wp-block-group is-layout-constrained wp-block-group-is-layout-constrained\" style=\"margin-top:var(--wp--preset--spacing--80);margin-bottom:var(--wp--preset--spacing--80)\">\n<figure class=\"wp-block-image aligncenter size-large is-resized\"><img loading=\"lazy\" decoding=\"async\" width=\"1024\" height=\"576\" src=\"https:\/\/srfb.be\/wp-content\/uploads\/2019\/07\/logo_label-1024x576.jpg\" alt=\"eForOwn - certificate\" class=\"wp-image-8091\" style=\"width:auto;height:150px\" srcset=\"https:\/\/kbbm.be\/wp-content\/uploads\/2019\/07\/logo_label-1024x576.jpg 1024w, https:\/\/kbbm.be\/wp-content\/uploads\/2019\/07\/logo_label-600x338.jpg 600w, https:\/\/kbbm.be\/wp-content\/uploads\/2019\/07\/logo_label-64x36.jpg 64w, https:\/\/kbbm.be\/wp-content\/uploads\/2019\/07\/logo_label-300x169.jpg 300w, https:\/\/kbbm.be\/wp-content\/uploads\/2019\/07\/logo_label-18x10.jpg 18w, https:\/\/kbbm.be\/wp-content\/uploads\/2019\/07\/logo_label.jpg 1280w\" sizes=\"auto, (max-width: 1024px) 100vw, 1024px\" \/><\/figure>\n<\/div>\n\n\n\n<h2 class=\"wp-block-heading has-text-align-center has-large-font-size\" style=\"text-transform:uppercase\">Beginner<\/h2>\n\n\n\n<section class=\"wp-block-group has-grey-color-background-color has-background has-medium-font-size is-content-justification-space-between is-nowrap is-layout-flex wp-container-core-group-is-layout-95e57954 wp-block-group-is-layout-flex\" style=\"padding-top:var(--wp--preset--spacing--40);padding-right:var(--wp--preset--spacing--60);padding-bottom:var(--wp--preset--spacing--40);padding-left:var(--wp--preset--spacing--60)\">\n<h4 class=\"wp-block-heading wp-container-content-9cfa9a5a\"><a href=\"https:\/\/srfb.be\/wp-content\/uploads\/2019\/07\/19_La_notion_d%C3%A9claircie.pdf\" target=\"_blank\" rel=\"noreferrer noopener\"><i class=\"fas fa-file\"><\/i> The concept of thinning<\/a><\/h4>\n\n\n\n<p><a href=\"https:\/\/srfb.be\/wp-content\/uploads\/2019\/07\/19_La_notion_d%C3%A9claircie.pdf\" target=\"_blank\" rel=\"noreferrer noopener\"><i class=\"fas fa-download\"><\/i><\/a><\/p>\n<\/section>\n\n\n\n<section class=\"wp-block-group has-grey-color-background-color has-background has-medium-font-size is-content-justification-space-between is-nowrap is-layout-flex wp-container-core-group-is-layout-95e57954 wp-block-group-is-layout-flex\" style=\"padding-top:var(--wp--preset--spacing--40);padding-right:var(--wp--preset--spacing--60);padding-bottom:var(--wp--preset--spacing--40);padding-left:var(--wp--preset--spacing--60)\">\n<h4 class=\"wp-block-heading wp-container-content-9cfa9a5a\"><a href=\"https:\/\/srfb.be\/wp-content\/uploads\/2019\/07\/28_Comment_affronter_les_effets_du_changement_climatique-.pdf\" target=\"_blank\" rel=\"noreferrer noopener\"><i class=\"fas fa-file\"><\/i> How to cope with the effects of climate change<\/a><\/h4>\n\n\n\n<p><a href=\"https:\/\/srfb.be\/wp-content\/uploads\/2019\/07\/28_Comment_affronter_les_effets_du_changement_climatique-.pdf\" target=\"_blank\" rel=\"noreferrer noopener\"><i class=\"fas fa-download\"><\/i><\/a><\/p>\n<\/section>\n\n\n\n<section class=\"wp-block-group has-grey-color-background-color has-background has-medium-font-size is-content-justification-space-between is-nowrap is-layout-flex wp-container-core-group-is-layout-95e57954 wp-block-group-is-layout-flex\" style=\"padding-top:var(--wp--preset--spacing--40);padding-right:var(--wp--preset--spacing--60);padding-bottom:var(--wp--preset--spacing--40);padding-left:var(--wp--preset--spacing--60)\">\n<h4 class=\"wp-block-heading wp-container-content-9cfa9a5a\"><a href=\"https:\/\/srfb.be\/wp-content\/uploads\/2019\/07\/31_Am%C3%A9liorer_la_desserte_de-_ma_for%C3%AAt.pdf\" target=\"_blank\" rel=\"noreferrer noopener\"><i class=\"fas fa-file\"><\/i> Improving access to my forest<\/a><\/h4>\n\n\n\n<p><a href=\"https:\/\/srfb.be\/wp-content\/uploads\/2019\/07\/31_Am%C3%A9liorer_la_desserte_de-_ma_for%C3%AAt.pdf\" target=\"_blank\" rel=\"noreferrer noopener\"><i class=\"fas fa-download\"><\/i><\/a><\/p>\n<\/section>\n\n\n\n<hr class=\"wp-block-separator has-text-color has-grey-color-color has-alpha-channel-opacity has-grey-color-background-color has-background\" style=\"margin-top:var(--wp--preset--spacing--60);margin-bottom:var(--wp--preset--spacing--60)\"\/>\n\n\n\n<h2 class=\"wp-block-heading has-text-align-center has-large-font-size\" style=\"text-transform:uppercase\">Intermediate<\/h2>\n\n\n\n<section class=\"wp-block-group has-grey-color-background-color has-background has-medium-font-size is-content-justification-space-between is-nowrap is-layout-flex wp-container-core-group-is-layout-95e57954 wp-block-group-is-layout-flex\" style=\"padding-top:var(--wp--preset--spacing--40);padding-right:var(--wp--preset--spacing--60);padding-bottom:var(--wp--preset--spacing--40);padding-left:var(--wp--preset--spacing--60)\">\n<h4 class=\"wp-block-heading wp-container-content-9cfa9a5a\"><a href=\"https:\/\/srfb.be\/wp-content\/uploads\/2019\/07\/18_R%C3%A9aliser_une_%C3%A9claircie.pdf\" target=\"_blank\" rel=\"noreferrer noopener\"><i class=\"fas fa-file\"><\/i> Carrying out a thinning<\/a><\/h4>\n\n\n\n<p><a href=\"https:\/\/srfb.be\/wp-content\/uploads\/2019\/07\/18_R%C3%A9aliser_une_%C3%A9claircie.pdf\" target=\"_blank\" rel=\"noreferrer noopener\"><i class=\"fas fa-download\"><\/i><\/a><\/p>\n<\/section>\n\n\n\n<section class=\"wp-block-group has-grey-color-background-color has-background has-medium-font-size is-content-justification-space-between is-nowrap is-layout-flex wp-container-core-group-is-layout-95e57954 wp-block-group-is-layout-flex\" style=\"padding-top:var(--wp--preset--spacing--40);padding-right:var(--wp--preset--spacing--60);padding-bottom:var(--wp--preset--spacing--40);padding-left:var(--wp--preset--spacing--60)\">\n<h4 class=\"wp-block-heading wp-container-content-9cfa9a5a\"><a href=\"https:\/\/www.youtube.com\/watch?v=o2yKgsnQ0Rs\" target=\"_blank\" rel=\"noreferrer noopener\"><i class=\"fas fa-file\"><\/i> Carrying out a thinning (Video)<\/a><\/h4>\n\n\n\n<p><a href=\"https:\/\/www.youtube.com\/watch?v=o2yKgsnQ0Rs\" target=\"_blank\" rel=\"noreferrer noopener\"><i class=\"fab fa-youtube\"><\/i><\/a><\/p>\n<\/section>\n\n\n\n<section class=\"wp-block-group has-grey-color-background-color has-background has-medium-font-size is-content-justification-space-between is-nowrap is-layout-flex wp-container-core-group-is-layout-95e57954 wp-block-group-is-layout-flex\" style=\"padding-top:var(--wp--preset--spacing--40);padding-right:var(--wp--preset--spacing--60);padding-bottom:var(--wp--preset--spacing--40);padding-left:var(--wp--preset--spacing--60)\">\n<h4 class=\"wp-block-heading wp-container-content-9cfa9a5a\"><a href=\"https:\/\/srfb.be\/wp-content\/uploads\/2019\/07\/29_Agir_en_foret_face_aux_changements_climatiques-Copie.pdf\" target=\"_blank\" rel=\"noreferrer noopener\"><i class=\"fas fa-file\"><\/i> Taking action in the forest in the face of climate change<\/a><\/h4>\n\n\n\n<p><a href=\"https:\/\/srfb.be\/wp-content\/uploads\/2019\/07\/29_Agir_en_foret_face_aux_changements_climatiques-Copie.pdf\" target=\"_blank\" rel=\"noreferrer noopener\"><i class=\"fas fa-download\"><\/i><\/a><\/p>\n<\/section>\n\n\n\n<section class=\"wp-block-group has-grey-color-background-color has-background has-medium-font-size is-content-justification-space-between is-nowrap is-layout-flex wp-container-core-group-is-layout-95e57954 wp-block-group-is-layout-flex\" style=\"padding-top:var(--wp--preset--spacing--40);padding-right:var(--wp--preset--spacing--60);padding-bottom:var(--wp--preset--spacing--40);padding-left:var(--wp--preset--spacing--60)\">\n<h4 class=\"wp-block-heading wp-container-content-9cfa9a5a\"><a href=\"https:\/\/srfb.be\/wp-content\/uploads\/2019\/07\/30_Mesures_sylvicoles_pr%C3%A9ventives_contre_feux_for%C3%AAts-Copie.pdf\" target=\"_blank\" rel=\"noreferrer noopener\"><i class=\"fas fa-file\"><\/i> Preventive forestry measures against forest fires<\/a><\/h4>\n\n\n\n<p><a href=\"https:\/\/srfb.be\/wp-content\/uploads\/2019\/07\/30_Mesures_sylvicoles_pr%C3%A9ventives_contre_feux_for%C3%AAts-Copie.pdf\" target=\"_blank\" rel=\"noreferrer noopener\"><i class=\"fas fa-download\"><\/i><\/a><\/p>\n<\/section>","protected":false},"excerpt":{"rendered":"<p>D\u00e9butant La notion d&rsquo;\u00e9claircie Comment affronter les effets du changement climatique Am\u00e9liorer la desserte de ma for\u00eat Interm\u00e9diaire R\u00e9aliser une \u00e9claircie R\u00e9aliser une \u00e9claircie (Vid\u00e9o) Agir en foret face aux changements climatiques Mesures sylvicoles pr\u00e9ventives contre les feux de for\u00eats<\/p>","protected":false},"author":18,"featured_media":0,"parent":10975,"menu_order":0,"comment_status":"closed","ping_status":"closed","template":"","meta":{"iawp_total_views":46,"footnotes":""},"class_list":["post-8117","page","type-page","status-publish","hentry"],"yoast_head":"<!-- This site is optimized with the Yoast SEO plugin v27.4 - https:\/\/yoast.com\/product\/yoast-seo-wordpress\/ -->\n<title>Entretenir ma for\u00eat - Soci\u00e9t\u00e9 Royale Foresti\u00e8re de Belgique<\/title>\n<meta name=\"description\" content=\"Retrouvez sur cette page les ressources \u00e9ducatives du projet europ\u00e9en eforown sur la th\u00e9matique &quot;Entretenir ma for\u00eat&quot;.\" \/>\n<meta name=\"robots\" content=\"index, follow, max-snippet:-1, max-image-preview:large, max-video-preview:-1\" \/>\n<link rel=\"canonical\" href=\"https:\/\/kbbm.be\/en\/trainings-and-activities\/train-for-my-forest\/ressources-educatives-eforown\/maintain_my_forest\/\" \/>\n<meta property=\"og:locale\" content=\"en_GB\" \/>\n<meta property=\"og:type\" content=\"article\" \/>\n<meta property=\"og:title\" content=\"Entretenir ma for\u00eat - Soci\u00e9t\u00e9 Royale Foresti\u00e8re de Belgique\" \/>\n<meta property=\"og:description\" content=\"Retrouvez sur cette page les ressources \u00e9ducatives du projet europ\u00e9en eforown sur la th\u00e9matique &quot;Entretenir ma for\u00eat&quot;.\" \/>\n<meta property=\"og:url\" content=\"https:\/\/kbbm.be\/en\/trainings-and-activities\/train-for-my-forest\/ressources-educatives-eforown\/maintain_my_forest\/\" \/>\n<meta property=\"og:site_name\" content=\"Soci\u00e9t\u00e9 Royale Foresti\u00e8re de Belgique\" \/>\n<meta property=\"article:publisher\" content=\"https:\/\/www.facebook.com\/srfb.be\" \/>\n<meta property=\"article:modified_time\" content=\"2024-03-20T13:51:04+00:00\" \/>\n<meta property=\"og:image\" content=\"https:\/\/srfb.be\/wp-content\/uploads\/2019\/07\/logo_label-1024x576.jpg\" \/>\n<script type=\"application\/ld+json\" class=\"yoast-schema-graph\">{\"@context\":\"https:\\\/\\\/schema.org\",\"@graph\":[{\"@type\":\"WebPage\",\"@id\":\"https:\\\/\\\/kbbm.be\\\/nl\\\/opleidingen-en-activiteiten\\\/trainen-voor-mijn-bos\\\/eforown-leermiddelen\\\/onderhoud_mijn_bos\\\/\",\"url\":\"https:\\\/\\\/kbbm.be\\\/nl\\\/opleidingen-en-activiteiten\\\/trainen-voor-mijn-bos\\\/eforown-leermiddelen\\\/onderhoud_mijn_bos\\\/\",\"name\":\"Entretenir ma for\u00eat - Soci\u00e9t\u00e9 Royale Foresti\u00e8re de Belgique\",\"isPartOf\":{\"@id\":\"https:\\\/\\\/kbbm.be\\\/en\\\/#website\"},\"primaryImageOfPage\":{\"@id\":\"https:\\\/\\\/kbbm.be\\\/nl\\\/opleidingen-en-activiteiten\\\/trainen-voor-mijn-bos\\\/eforown-leermiddelen\\\/onderhoud_mijn_bos\\\/#primaryimage\"},\"image\":{\"@id\":\"https:\\\/\\\/kbbm.be\\\/nl\\\/opleidingen-en-activiteiten\\\/trainen-voor-mijn-bos\\\/eforown-leermiddelen\\\/onderhoud_mijn_bos\\\/#primaryimage\"},\"thumbnailUrl\":\"https:\\\/\\\/srfb.be\\\/wp-content\\\/uploads\\\/2019\\\/07\\\/logo_label-1024x576.jpg\",\"datePublished\":\"2019-07-18T17:39:53+00:00\",\"dateModified\":\"2024-03-20T13:51:04+00:00\",\"description\":\"Retrouvez sur cette page les ressources \u00e9ducatives du projet europ\u00e9en eforown sur la th\u00e9matique \\\"Entretenir ma for\u00eat\\\".\",\"breadcrumb\":{\"@id\":\"https:\\\/\\\/kbbm.be\\\/nl\\\/opleidingen-en-activiteiten\\\/trainen-voor-mijn-bos\\\/eforown-leermiddelen\\\/onderhoud_mijn_bos\\\/#breadcrumb\"},\"inLanguage\":\"en-GB\",\"potentialAction\":[{\"@type\":\"ReadAction\",\"target\":[\"https:\\\/\\\/kbbm.be\\\/nl\\\/opleidingen-en-activiteiten\\\/trainen-voor-mijn-bos\\\/eforown-leermiddelen\\\/onderhoud_mijn_bos\\\/\"]}]},{\"@type\":\"ImageObject\",\"inLanguage\":\"en-GB\",\"@id\":\"https:\\\/\\\/kbbm.be\\\/nl\\\/opleidingen-en-activiteiten\\\/trainen-voor-mijn-bos\\\/eforown-leermiddelen\\\/onderhoud_mijn_bos\\\/#primaryimage\",\"url\":\"https:\\\/\\\/srfb.be\\\/wp-content\\\/uploads\\\/2019\\\/07\\\/logo_label-1024x576.jpg\",\"contentUrl\":\"https:\\\/\\\/srfb.be\\\/wp-content\\\/uploads\\\/2019\\\/07\\\/logo_label-1024x576.jpg\"},{\"@type\":\"BreadcrumbList\",\"@id\":\"https:\\\/\\\/kbbm.be\\\/nl\\\/opleidingen-en-activiteiten\\\/trainen-voor-mijn-bos\\\/eforown-leermiddelen\\\/onderhoud_mijn_bos\\\/#breadcrumb\",\"itemListElement\":[{\"@type\":\"ListItem\",\"position\":1,\"name\":\"Accueil\",\"item\":\"https:\\\/\\\/kbbm.be\\\/en\\\/\"},{\"@type\":\"ListItem\",\"position\":2,\"name\":\"Formations et activit\u00e9s\",\"item\":\"https:\\\/\\\/kbbm.be\\\/formations-et-activites\\\/\"},{\"@type\":\"ListItem\",\"position\":3,\"name\":\"Je me forme pour ma for\u00eat\",\"item\":\"https:\\\/\\\/www.kbbm.be\\\/en\\\/trainings-and-activities\\\/train-for-my-forest\\\/\"},{\"@type\":\"ListItem\",\"position\":4,\"name\":\"Ressources \u00e9ducatives eforown\",\"item\":\"https:\\\/\\\/srfb.be\\\/formations-et-activites\\\/je-me-forme-pour-ma-foret\\\/ressources-educatives-eforown\\\/\"},{\"@type\":\"ListItem\",\"position\":5,\"name\":\"Entretenir ma for\u00eat\"}]},{\"@type\":\"WebSite\",\"@id\":\"https:\\\/\\\/kbbm.be\\\/en\\\/#website\",\"url\":\"https:\\\/\\\/kbbm.be\\\/en\\\/\",\"name\":\"Soci\u00e9t\u00e9 Royale Foresti\u00e8re de Belgique\",\"description\":\"Au service de la for\u00eat et des forestiers\",\"publisher\":{\"@id\":\"https:\\\/\\\/kbbm.be\\\/en\\\/#organization\"},\"alternateName\":\"SRFB-KBBM\",\"potentialAction\":[{\"@type\":\"SearchAction\",\"target\":{\"@type\":\"EntryPoint\",\"urlTemplate\":\"https:\\\/\\\/kbbm.be\\\/en\\\/?s={search_term_string}\"},\"query-input\":{\"@type\":\"PropertyValueSpecification\",\"valueRequired\":true,\"valueName\":\"search_term_string\"}}],\"inLanguage\":\"en-GB\"},{\"@type\":\"Organization\",\"@id\":\"https:\\\/\\\/kbbm.be\\\/en\\\/#organization\",\"name\":\"Soci\u00e9t\u00e9 Royale Foresti\u00e8re De Belgique - Koninklijke Belgische Bosbouwmaatschappij\",\"alternateName\":\"SRFB-KBBM\",\"url\":\"https:\\\/\\\/kbbm.be\\\/en\\\/\",\"logo\":{\"@type\":\"ImageObject\",\"inLanguage\":\"en-GB\",\"@id\":\"https:\\\/\\\/kbbm.be\\\/en\\\/#\\\/schema\\\/logo\\\/image\\\/\",\"url\":\"https:\\\/\\\/srfb.be\\\/wp-content\\\/uploads\\\/2019\\\/06\\\/android-chrome-256x256.png\",\"contentUrl\":\"https:\\\/\\\/srfb.be\\\/wp-content\\\/uploads\\\/2019\\\/06\\\/android-chrome-256x256.png\",\"width\":1200,\"height\":1232,\"caption\":\"Soci\u00e9t\u00e9 Royale Foresti\u00e8re De Belgique - Koninklijke Belgische Bosbouwmaatschappij\"},\"image\":{\"@id\":\"https:\\\/\\\/kbbm.be\\\/en\\\/#\\\/schema\\\/logo\\\/image\\\/\"},\"sameAs\":[\"https:\\\/\\\/www.facebook.com\\\/srfb.be\",\"https:\\\/\\\/www.instagram.com\\\/srfb_kbbm\\\/\",\"https:\\\/\\\/www.linkedin.com\\\/company\\\/srfb-kbbm\\\/\",\"https:\\\/\\\/www.youtube.com\\\/user\\\/srfbkbbm\"]}]}<\/script>\n<!-- \/ Yoast SEO plugin. -->","yoast_head_json":{"title":"Looking after my forest - Royal Forestry Society of Belgium","description":"On this page you will find the educational resources for the European eforown project on the theme of \"Maintaining my forest\".","robots":{"index":"index","follow":"follow","max-snippet":"max-snippet:-1","max-image-preview":"max-image-preview:large","max-video-preview":"max-video-preview:-1"},"canonical":"https:\/\/kbbm.be\/en\/trainings-and-activities\/train-for-my-forest\/ressources-educatives-eforown\/maintain_my_forest\/","og_locale":"en_GB","og_type":"article","og_title":"Entretenir ma for\u00eat - Soci\u00e9t\u00e9 Royale Foresti\u00e8re de Belgique","og_description":"Retrouvez sur cette page les ressources \u00e9ducatives du projet europ\u00e9en eforown sur la th\u00e9matique \"Entretenir ma for\u00eat\".","og_url":"https:\/\/kbbm.be\/en\/trainings-and-activities\/train-for-my-forest\/ressources-educatives-eforown\/maintain_my_forest\/","og_site_name":"Soci\u00e9t\u00e9 Royale Foresti\u00e8re de Belgique","article_publisher":"https:\/\/www.facebook.com\/srfb.be","article_modified_time":"2024-03-20T13:51:04+00:00","og_image":[{"url":"https:\/\/srfb.be\/wp-content\/uploads\/2019\/07\/logo_label-1024x576.jpg","type":"","width":"","height":""}],"schema":{"@context":"https:\/\/schema.org","@graph":[{"@type":"WebPage","@id":"https:\/\/kbbm.be\/nl\/opleidingen-en-activiteiten\/trainen-voor-mijn-bos\/eforown-leermiddelen\/onderhoud_mijn_bos\/","url":"https:\/\/kbbm.be\/nl\/opleidingen-en-activiteiten\/trainen-voor-mijn-bos\/eforown-leermiddelen\/onderhoud_mijn_bos\/","name":"Looking after my forest - Royal Forestry Society of Belgium","isPartOf":{"@id":"https:\/\/kbbm.be\/en\/#website"},"primaryImageOfPage":{"@id":"https:\/\/kbbm.be\/nl\/opleidingen-en-activiteiten\/trainen-voor-mijn-bos\/eforown-leermiddelen\/onderhoud_mijn_bos\/#primaryimage"},"image":{"@id":"https:\/\/kbbm.be\/nl\/opleidingen-en-activiteiten\/trainen-voor-mijn-bos\/eforown-leermiddelen\/onderhoud_mijn_bos\/#primaryimage"},"thumbnailUrl":"https:\/\/srfb.be\/wp-content\/uploads\/2019\/07\/logo_label-1024x576.jpg","datePublished":"2019-07-18T17:39:53+00:00","dateModified":"2024-03-20T13:51:04+00:00","description":"On this page you will find the educational resources for the European eforown project on the theme of \"Maintaining my forest\".","breadcrumb":{"@id":"https:\/\/kbbm.be\/nl\/opleidingen-en-activiteiten\/trainen-voor-mijn-bos\/eforown-leermiddelen\/onderhoud_mijn_bos\/#breadcrumb"},"inLanguage":"en-GB","potentialAction":[{"@type":"ReadAction","target":["https:\/\/kbbm.be\/nl\/opleidingen-en-activiteiten\/trainen-voor-mijn-bos\/eforown-leermiddelen\/onderhoud_mijn_bos\/"]}]},{"@type":"ImageObject","inLanguage":"en-GB","@id":"https:\/\/kbbm.be\/nl\/opleidingen-en-activiteiten\/trainen-voor-mijn-bos\/eforown-leermiddelen\/onderhoud_mijn_bos\/#primaryimage","url":"https:\/\/srfb.be\/wp-content\/uploads\/2019\/07\/logo_label-1024x576.jpg","contentUrl":"https:\/\/srfb.be\/wp-content\/uploads\/2019\/07\/logo_label-1024x576.jpg"},{"@type":"BreadcrumbList","@id":"https:\/\/kbbm.be\/nl\/opleidingen-en-activiteiten\/trainen-voor-mijn-bos\/eforown-leermiddelen\/onderhoud_mijn_bos\/#breadcrumb","itemListElement":[{"@type":"ListItem","position":1,"name":"Accueil","item":"https:\/\/kbbm.be\/en\/"},{"@type":"ListItem","position":2,"name":"Formations et activit\u00e9s","item":"https:\/\/kbbm.be\/formations-et-activites\/"},{"@type":"ListItem","position":3,"name":"Je me forme pour ma for\u00eat","item":"https:\/\/www.kbbm.be\/en\/trainings-and-activities\/train-for-my-forest\/"},{"@type":"ListItem","position":4,"name":"Ressources \u00e9ducatives eforown","item":"https:\/\/srfb.be\/formations-et-activites\/je-me-forme-pour-ma-foret\/ressources-educatives-eforown\/"},{"@type":"ListItem","position":5,"name":"Entretenir ma for\u00eat"}]},{"@type":"WebSite","@id":"https:\/\/kbbm.be\/en\/#website","url":"https:\/\/kbbm.be\/en\/","name":"Royal Forestry Society of Belgium","description":"Serving forests and foresters","publisher":{"@id":"https:\/\/kbbm.be\/en\/#organization"},"alternateName":"SRFB-KBBM","potentialAction":[{"@type":"SearchAction","target":{"@type":"EntryPoint","urlTemplate":"https:\/\/kbbm.be\/en\/?s={search_term_string}"},"query-input":{"@type":"PropertyValueSpecification","valueRequired":true,"valueName":"search_term_string"}}],"inLanguage":"en-GB"},{"@type":"Organization","@id":"https:\/\/kbbm.be\/en\/#organization","name":"Soci\u00e9t\u00e9 Royale Foresti\u00e8re De Belgique - Koninklijke Belgische Bosbouwmaatschappij","alternateName":"SRFB-KBBM","url":"https:\/\/kbbm.be\/en\/","logo":{"@type":"ImageObject","inLanguage":"en-GB","@id":"https:\/\/kbbm.be\/en\/#\/schema\/logo\/image\/","url":"https:\/\/srfb.be\/wp-content\/uploads\/2019\/06\/android-chrome-256x256.png","contentUrl":"https:\/\/srfb.be\/wp-content\/uploads\/2019\/06\/android-chrome-256x256.png","width":1200,"height":1232,"caption":"Soci\u00e9t\u00e9 Royale Foresti\u00e8re De Belgique - Koninklijke Belgische Bosbouwmaatschappij"},"image":{"@id":"https:\/\/kbbm.be\/en\/#\/schema\/logo\/image\/"},"sameAs":["https:\/\/www.facebook.com\/srfb.be","https:\/\/www.instagram.com\/srfb_kbbm\/","https:\/\/www.linkedin.com\/company\/srfb-kbbm\/","https:\/\/www.youtube.com\/user\/srfbkbbm"]}]}},"_links":{"self":[{"href":"https:\/\/kbbm.be\/en\/wp-json\/wp\/v2\/pages\/8117","targetHints":{"allow":["GET"]}}],"collection":[{"href":"https:\/\/kbbm.be\/en\/wp-json\/wp\/v2\/pages"}],"about":[{"href":"https:\/\/kbbm.be\/en\/wp-json\/wp\/v2\/types\/page"}],"author":[{"embeddable":true,"href":"https:\/\/kbbm.be\/en\/wp-json\/wp\/v2\/users\/18"}],"replies":[{"embeddable":true,"href":"https:\/\/kbbm.be\/en\/wp-json\/wp\/v2\/comments?post=8117"}],"version-history":[{"count":0,"href":"https:\/\/kbbm.be\/en\/wp-json\/wp\/v2\/pages\/8117\/revisions"}],"up":[{"embeddable":true,"href":"https:\/\/kbbm.be\/en\/wp-json\/wp\/v2\/pages\/10975"}],"wp:attachment":[{"href":"https:\/\/kbbm.be\/en\/wp-json\/wp\/v2\/media?parent=8117"}],"curies":[{"name":"wp","href":"https:\/\/api.w.org\/{rel}","templated":true}]}}