{"id":5916,"date":"2015-10-08T11:15:18","date_gmt":"2015-10-08T11:15:18","guid":{"rendered":"http:\/\/demo.goodlayers.com\/greennature\/?page_id=5916"},"modified":"2026-01-07T13:26:24","modified_gmt":"2026-01-07T12:26:24","slug":"insurances","status":"publish","type":"page","link":"https:\/\/kbbm.be\/en\/assurances\/","title":{"rendered":"Insurance for your forest"},"content":{"rendered":"<div class=\"wp-block-group is-layout-constrained wp-block-group-is-layout-constrained\" style=\"border-bottom-color:var(--wp--preset--color--vert-fonce-color);border-bottom-width:1px;padding-bottom:var(--wp--preset--spacing--60)\">\n<h2 class=\"wp-block-heading has-text-align-center\">La SRFB vous propose une assurance collective<br><mark style=\"background-color:rgba(0, 0, 0, 0)\" class=\"has-inline-color has-vert-fonce-color-color\">CL forest<\/mark><\/h2>\n<\/div>\n\n\n\n<div class=\"wp-block-columns is-layout-flex wp-container-core-columns-is-layout-28f84493 wp-block-columns-is-layout-flex\">\n<div class=\"wp-block-column has-grey-color-background-color has-background is-layout-flow wp-block-column-is-layout-flow\" style=\"padding-top:var(--wp--preset--spacing--60);padding-right:var(--wp--preset--spacing--60);padding-bottom:var(--wp--preset--spacing--60);padding-left:var(--wp--preset--spacing--60)\">\n<h3 class=\"wp-block-heading\">What is it all about?<\/h3>\n\n\n\n<p>Owners may be held civilly liable for damage caused to third parties by trees or branches falling from their property.<\/p>\n\n\n\n<p><strong>La SRFB vous propose, en tant que membre, une assurance collective RC \u00ab&nbsp;For\u00eat&nbsp;\u00bb.&nbsp;<\/strong>Cette assurance est souscrite par la Soci\u00e9t\u00e9 Royale Foresti\u00e8re de Belgique aupr\u00e8s de la <a href=\"https:\/\/vivium.be\/fr\/private-individuals\/home\" target=\"_blank\" rel=\"noreferrer noopener\">Cie Vivium<\/a> par l&rsquo;interm\u00e9diaire d&rsquo;un courtier ind\u00e9pendant (FSMA 0419 138 285).<\/p>\n\n\n\n<h3 class=\"wp-block-heading\">Rate<\/h3>\n\n\n\n<p>This service is included in the Premium membership fee of&nbsp;<strong>53,50\u20ac (forfait unique) + 1,34\u20ac\/ha<\/strong>&nbsp;at&nbsp;<strong>in addition to your basic contribution<\/strong>. Forest liability insurance also includes legal protection.<\/p>\n\n\n\n<p>Manage your woodland with peace of mind, with Forest Liability insurance!<\/p>\n<\/div>\n\n\n\n<div class=\"wp-block-column has-grey-color-background-color has-background is-layout-flow wp-block-column-is-layout-flow\" style=\"padding-top:var(--wp--preset--spacing--60);padding-right:var(--wp--preset--spacing--60);padding-bottom:var(--wp--preset--spacing--60);padding-left:var(--wp--preset--spacing--60)\">\n<div class=\"wp-block-group is-layout-constrained wp-block-group-is-layout-constrained\">\n<h3 class=\"wp-block-heading\">Updating your insurance?<\/h3>\n\n\n\n<p class=\"translation-block\">If you wish to update your hectares, send an e-mail to the RFSB secretariat (<a href=\"mailto:secretariat@srfb-kbbm.be\" target=\"_self\">secretariat@srfb-kbbm.be<\/a>) giving your personal details and the areas to be updated.<\/p>\n<\/div>\n\n\n\n<hr class=\"wp-block-separator has-text-color has-vert-fonce-color-color has-alpha-channel-opacity has-vert-fonce-color-background-color has-background is-style-dots\"\/>\n\n\n\n<div class=\"wp-block-group is-layout-constrained wp-block-group-is-layout-constrained\">\n<h3 class=\"wp-block-heading\">D\u00e9clarer un sinistre ?<\/h3>\n\n\n\n<p>Pour introduire une d\u00e9claration de sinistre, veuillez vous diriger vers\u00a0<a href=\"https:\/\/srfb.be\/assurances\/comment-declarer-votre-sinistre\/\">la proc\u00e9dure<\/a>\u00a0en ligne.<\/p>\n\n\n\n<div class=\"wp-block-buttons is-content-justification-center is-layout-flex wp-container-core-buttons-is-layout-a89b3969 wp-block-buttons-is-layout-flex\">\n<div class=\"wp-block-button\"><a class=\"wp-block-button__link has-small-font-size has-custom-font-size wp-element-button\" href=\"https:\/\/srfb.be\/assurances\/comment-declarer-votre-sinistre\/\"><strong>Comment d\u00e9clarer votre sinistre et que devez-vous faire ?<\/strong><\/a><\/div>\n<\/div>\n<\/div>\n<\/div>\n<\/div>\n\n\n\n<div class=\"wp-block-group has-white-color has-vert-fonce-color-background-color has-text-color has-background has-link-color wp-elements-f744520b7be9a5ce00ba1e735749fab5 is-layout-constrained wp-container-core-group-is-layout-db32e940 wp-block-group-is-layout-constrained\" style=\"border-radius:8px;padding-top:var(--wp--preset--spacing--60);padding-right:var(--wp--preset--spacing--60);padding-bottom:var(--wp--preset--spacing--60);padding-left:var(--wp--preset--spacing--60)\">\n<div class=\"wp-block-media-text is-stacked-on-mobile is-image-fill-element\" style=\"grid-template-columns:48% auto\"><figure  class=\"wp-block-media-text__media\"><img loading=\"lazy\" decoding=\"async\" width=\"1748\" height=\"1240\" alt=\"Car accident with a tree - RC For\u00eat\" src=\"https:\/\/kbbm.be\/wp-content\/uploads\/2022\/02\/accident-rotated.jpg\" style=\"object-position:66% 36%;\" class=\"wp-image-22247 size-full\" srcset=\"https:\/\/kbbm.be\/wp-content\/uploads\/2022\/02\/accident-rotated.jpg 1748w, https:\/\/kbbm.be\/wp-content\/uploads\/2022\/02\/accident-300x213.jpg 300w, https:\/\/kbbm.be\/wp-content\/uploads\/2022\/02\/accident-1024x726.jpg 1024w, https:\/\/kbbm.be\/wp-content\/uploads\/2022\/02\/accident-768x545.jpg 768w, https:\/\/kbbm.be\/wp-content\/uploads\/2022\/02\/accident-1536x1090.jpg 1536w, https:\/\/kbbm.be\/wp-content\/uploads\/2022\/02\/accident-18x12.jpg 18w, https:\/\/kbbm.be\/wp-content\/uploads\/2022\/02\/accident-600x426.jpg 600w\" sizes=\"auto, (max-width: 1748px) 100vw, 1748px\" \/><\/figure><div class=\"wp-block-media-text__content\">\n<h2 class=\"wp-block-heading has-text-align-left has-white-color has-text-color has-link-color wp-elements-216902bc531df4a0bada679729d999b5\">How do I take out forestry liability insurance?<\/h2>\n\n\n\n<p class=\"has-text-align-left\" style=\"font-style:normal;font-weight:700\">Notre assurance RC For\u00eat est uniquement accessible aux membres de la SRFB en ordre de cotisation premium.<\/p>\n\n\n\n<p>Obtenez la RC For\u00eat en souscrivant \u00e0 la <a href=\"https:\/\/srfb.be\/devenir-membre\/formulaire-membre\/?cotisation=premium\">premium contribution<\/a>.<\/p>\n\n\n\n<p>Discover the <a href=\"https:\/\/srfb.be\/wp-content\/uploads\/2025\/11\/2.-MODALITES_RC_Foret_2026.pdf\" target=\"_blank\" rel=\"noreferrer noopener\">modalit\u00e9s de couverture<\/a> de l&rsquo;assurance collective RC For\u00eat.<\/p>\n\n\n\n<p>T\u00e9l\u00e9chargez les <a href=\"\/wp-content\/uploads\/2021\/05\/VIVIUM_ConditionsGenerales_EN.pdf\" target=\"_blank\" rel=\"noreferrer noopener\">general terms and conditions<\/a> de l&rsquo;assurance collective RC For\u00eat.<\/p>\n\n\n\n<div class=\"wp-block-buttons is-content-justification-left is-layout-flex wp-container-core-buttons-is-layout-fc4fd283 wp-block-buttons-is-layout-flex\">\n<div class=\"wp-block-button\"><a class=\"wp-block-button__link has-vert-fonce-color-color has-white-background-color has-text-color has-background has-link-color wp-element-button\" href=\"\/en\/insurances\/become-member-of-cl-forest\/\"><span class=\"wp-rich-text-font-awesome-icon wp-font-awesome-icon\"><svg aria-hidden=\"true\" focusable=\"false\" data-prefix=\"fas\" data-icon=\"pen-clip\" class=\"svg-inline--fa fa-pen-clip\" role=\"img\" xmlns=\"http:\/\/www.w3.org\/2000\/svg\" viewbox=\"0 0 512 512\"><path fill=\"currentColor\" d=\"M453.3 19.3l39.4 39.4c25 25 25 65.5 0 90.5l-52.1 52.1 0 0-1-1 0 0-16-16-96-96-17-17 52.1-52.1c25-25 65.5-25 90.5 0zM241 114.9c-9.4-9.4-24.6-9.4-33.9 0L105 217c-9.4 9.4-24.6 9.4-33.9 0s-9.4-24.6 0-33.9L173.1 81c28.1-28.1 73.7-28.1 101.8 0L288 94.1l17 17 96 96 16 16 1 1-17 17L229.5 412.5c-48 48-109.2 80.8-175.8 94.1l-25 5c-7.9 1.6-16-.9-21.7-6.6s-8.1-13.8-6.6-21.7l5-25c13.3-66.6 46.1-127.8 94.1-175.8L254.1 128 241 114.9z\"><\/path><\/svg><\/span> Insuring your forest<\/a><\/div>\n<\/div>\n<\/div><\/div>\n<\/div>","protected":false},"excerpt":{"rendered":"<p>La SRFB vous propose une assurance collectiveRC for\u00eat De quoi s\u2019agit-il ? La responsabilit\u00e9 civile du propri\u00e9taire peut \u00eatre engag\u00e9e en cas de d\u00e9g\u00e2ts caus\u00e9s aux tiers par la chute d\u2019un arbre ou d\u2019une branche de sa propri\u00e9t\u00e9. La SRFB vous propose, en tant que membre, une assurance collective RC \u00ab&nbsp;For\u00eat&nbsp;\u00bb.&nbsp;Cette assurance est souscrite par&#8230; <\/p>\n<div class=\"clear\"><\/div>\n<p><a href=\"https:\/\/kbbm.be\/en\/assurances\/\" class=\"excerpt-read-more\">Read More<\/a><\/p>","protected":false},"author":18,"featured_media":22247,"parent":0,"menu_order":0,"comment_status":"closed","ping_status":"closed","template":"","meta":{"iawp_total_views":772,"footnotes":""},"class_list":["post-5916","page","type-page","status-publish","has-post-thumbnail","hentry"],"yoast_head":"<!-- This site is optimized with the Yoast SEO plugin v27.3 - https:\/\/yoast.com\/product\/yoast-seo-wordpress\/ -->\n<title>Assurances pour votre for\u00eat - Soci\u00e9t\u00e9 Royale Foresti\u00e8re de Belgique<\/title>\n<meta name=\"description\" content=\"La SRFB vous propose, en tant que membre, une assurance collective &#039;R.C. For\u00eat&#039;, ainsi qu&#039;une assurance contre l&#039;incendie de for\u00eat &#039;Amifor&#039;.\" \/>\n<meta name=\"robots\" content=\"index, follow, max-snippet:-1, max-image-preview:large, max-video-preview:-1\" \/>\n<link rel=\"canonical\" href=\"https:\/\/srfb.be\/nl\/verzekeringen\/\" \/>\n<meta property=\"og:locale\" content=\"en_GB\" \/>\n<meta property=\"og:type\" content=\"article\" \/>\n<meta property=\"og:title\" content=\"Assurances pour votre for\u00eat - Soci\u00e9t\u00e9 Royale Foresti\u00e8re de Belgique\" \/>\n<meta property=\"og:description\" content=\"La SRFB vous propose, en tant que membre, une assurance collective &#039;R.C. For\u00eat&#039;, ainsi qu&#039;une assurance contre l&#039;incendie de for\u00eat &#039;Amifor&#039;.\" \/>\n<meta property=\"og:url\" content=\"https:\/\/srfb.be\/nl\/verzekeringen\/\" \/>\n<meta property=\"og:site_name\" content=\"Soci\u00e9t\u00e9 Royale Foresti\u00e8re de Belgique\" \/>\n<meta property=\"article:publisher\" content=\"https:\/\/www.facebook.com\/srfb.be\" \/>\n<meta property=\"article:modified_time\" content=\"2026-01-07T12:26:24+00:00\" \/>\n<meta property=\"og:image\" content=\"https:\/\/srfb.be\/wp-content\/uploads\/2022\/02\/accident-rotated.jpg\" \/>\n\t<meta property=\"og:image:width\" content=\"1748\" \/>\n\t<meta property=\"og:image:height\" content=\"1240\" \/>\n\t<meta property=\"og:image:type\" content=\"image\/jpeg\" \/>\n<script type=\"application\/ld+json\" class=\"yoast-schema-graph\">{\"@context\":\"https:\\\/\\\/schema.org\",\"@graph\":[{\"@type\":\"WebPage\",\"@id\":\"https:\\\/\\\/srfb.be\\\/nl\\\/verzekeringen\\\/\",\"url\":\"https:\\\/\\\/srfb.be\\\/nl\\\/verzekeringen\\\/\",\"name\":\"Assurances pour votre for\u00eat - Soci\u00e9t\u00e9 Royale Foresti\u00e8re de Belgique\",\"isPartOf\":{\"@id\":\"https:\\\/\\\/srfb.be\\\/de\\\/#website\"},\"primaryImageOfPage\":{\"@id\":\"https:\\\/\\\/srfb.be\\\/nl\\\/verzekeringen\\\/#primaryimage\"},\"image\":{\"@id\":\"https:\\\/\\\/srfb.be\\\/nl\\\/verzekeringen\\\/#primaryimage\"},\"thumbnailUrl\":\"https:\\\/\\\/kbbm.be\\\/wp-content\\\/uploads\\\/2022\\\/02\\\/accident-rotated.jpg\",\"datePublished\":\"2015-10-08T11:15:18+00:00\",\"dateModified\":\"2026-01-07T12:26:24+00:00\",\"description\":\"La SRFB vous propose, en tant que membre, une assurance collective 'R.C. For\u00eat', ainsi qu'une assurance contre l'incendie de for\u00eat 'Amifor'.\",\"breadcrumb\":{\"@id\":\"https:\\\/\\\/srfb.be\\\/nl\\\/verzekeringen\\\/#breadcrumb\"},\"inLanguage\":\"en-GB\",\"potentialAction\":[{\"@type\":\"ReadAction\",\"target\":[\"https:\\\/\\\/srfb.be\\\/nl\\\/verzekeringen\\\/\"]}]},{\"@type\":\"ImageObject\",\"inLanguage\":\"en-GB\",\"@id\":\"https:\\\/\\\/srfb.be\\\/nl\\\/verzekeringen\\\/#primaryimage\",\"url\":\"https:\\\/\\\/kbbm.be\\\/wp-content\\\/uploads\\\/2022\\\/02\\\/accident-rotated.jpg\",\"contentUrl\":\"https:\\\/\\\/kbbm.be\\\/wp-content\\\/uploads\\\/2022\\\/02\\\/accident-rotated.jpg\",\"width\":1748,\"height\":1240,\"caption\":\"Voiture accident\u00e9e avec un arbre - RC For\u00eat\"},{\"@type\":\"BreadcrumbList\",\"@id\":\"https:\\\/\\\/srfb.be\\\/nl\\\/verzekeringen\\\/#breadcrumb\",\"itemListElement\":[{\"@type\":\"ListItem\",\"position\":1,\"name\":\"Accueil\",\"item\":\"https:\\\/\\\/srfb.be\\\/de\\\/\"},{\"@type\":\"ListItem\",\"position\":2,\"name\":\"Assurances pour votre for\u00eat\"}]},{\"@type\":\"WebSite\",\"@id\":\"https:\\\/\\\/srfb.be\\\/de\\\/#website\",\"url\":\"https:\\\/\\\/srfb.be\\\/de\\\/\",\"name\":\"Soci\u00e9t\u00e9 Royale Foresti\u00e8re de Belgique\",\"description\":\"Au service de la for\u00eat et des forestiers\",\"publisher\":{\"@id\":\"https:\\\/\\\/srfb.be\\\/de\\\/#organization\"},\"alternateName\":\"SRFB-KBBM\",\"potentialAction\":[{\"@type\":\"SearchAction\",\"target\":{\"@type\":\"EntryPoint\",\"urlTemplate\":\"https:\\\/\\\/srfb.be\\\/de\\\/?s={search_term_string}\"},\"query-input\":{\"@type\":\"PropertyValueSpecification\",\"valueRequired\":true,\"valueName\":\"search_term_string\"}}],\"inLanguage\":\"en-GB\"},{\"@type\":\"Organization\",\"@id\":\"https:\\\/\\\/srfb.be\\\/de\\\/#organization\",\"name\":\"Soci\u00e9t\u00e9 Royale Foresti\u00e8re De Belgique - Koninklijke Belgische Bosbouwmaatschappij\",\"alternateName\":\"SRFB-KBBM\",\"url\":\"https:\\\/\\\/srfb.be\\\/de\\\/\",\"logo\":{\"@type\":\"ImageObject\",\"inLanguage\":\"en-GB\",\"@id\":\"https:\\\/\\\/srfb.be\\\/de\\\/#\\\/schema\\\/logo\\\/image\\\/\",\"url\":\"https:\\\/\\\/srfb.be\\\/wp-content\\\/uploads\\\/2019\\\/06\\\/android-chrome-256x256.png\",\"contentUrl\":\"https:\\\/\\\/srfb.be\\\/wp-content\\\/uploads\\\/2019\\\/06\\\/android-chrome-256x256.png\",\"width\":1200,\"height\":1232,\"caption\":\"Soci\u00e9t\u00e9 Royale Foresti\u00e8re De Belgique - Koninklijke Belgische Bosbouwmaatschappij\"},\"image\":{\"@id\":\"https:\\\/\\\/srfb.be\\\/de\\\/#\\\/schema\\\/logo\\\/image\\\/\"},\"sameAs\":[\"https:\\\/\\\/www.facebook.com\\\/srfb.be\",\"https:\\\/\\\/www.instagram.com\\\/srfb_kbbm\\\/\",\"https:\\\/\\\/www.linkedin.com\\\/company\\\/srfb-kbbm\\\/\",\"https:\\\/\\\/www.youtube.com\\\/user\\\/srfbkbbm\"]}]}<\/script>\n<!-- \/ Yoast SEO plugin. -->","yoast_head_json":{"title":"Insurance for your forest - Soci\u00e9t\u00e9 Royale Foresti\u00e8re de Belgique","description":"SRFB offers you, as a member, a group insurance policy 'R.C. For\u00eat', as well as an insurance policy against forest fires 'Amifor'.","robots":{"index":"index","follow":"follow","max-snippet":"max-snippet:-1","max-image-preview":"max-image-preview:large","max-video-preview":"max-video-preview:-1"},"canonical":"https:\/\/srfb.be\/nl\/verzekeringen\/","og_locale":"en_GB","og_type":"article","og_title":"Assurances pour votre for\u00eat - Soci\u00e9t\u00e9 Royale Foresti\u00e8re de Belgique","og_description":"La SRFB vous propose, en tant que membre, une assurance collective 'R.C. For\u00eat', ainsi qu'une assurance contre l'incendie de for\u00eat 'Amifor'.","og_url":"https:\/\/srfb.be\/nl\/verzekeringen\/","og_site_name":"Soci\u00e9t\u00e9 Royale Foresti\u00e8re de Belgique","article_publisher":"https:\/\/www.facebook.com\/srfb.be","article_modified_time":"2026-01-07T12:26:24+00:00","og_image":[{"width":1748,"height":1240,"url":"https:\/\/srfb.be\/wp-content\/uploads\/2022\/02\/accident-rotated.jpg","type":"image\/jpeg"}],"schema":{"@context":"https:\/\/schema.org","@graph":[{"@type":"WebPage","@id":"https:\/\/srfb.be\/nl\/verzekeringen\/","url":"https:\/\/srfb.be\/nl\/verzekeringen\/","name":"Insurance for your forest - Soci\u00e9t\u00e9 Royale Foresti\u00e8re de Belgique","isPartOf":{"@id":"https:\/\/srfb.be\/de\/#website"},"primaryImageOfPage":{"@id":"https:\/\/srfb.be\/nl\/verzekeringen\/#primaryimage"},"image":{"@id":"https:\/\/srfb.be\/nl\/verzekeringen\/#primaryimage"},"thumbnailUrl":"https:\/\/kbbm.be\/wp-content\/uploads\/2022\/02\/accident-rotated.jpg","datePublished":"2015-10-08T11:15:18+00:00","dateModified":"2026-01-07T12:26:24+00:00","description":"SRFB offers you, as a member, a group insurance policy 'R.C. For\u00eat', as well as an insurance policy against forest fires 'Amifor'.","breadcrumb":{"@id":"https:\/\/srfb.be\/nl\/verzekeringen\/#breadcrumb"},"inLanguage":"en-GB","potentialAction":[{"@type":"ReadAction","target":["https:\/\/srfb.be\/nl\/verzekeringen\/"]}]},{"@type":"ImageObject","inLanguage":"en-GB","@id":"https:\/\/srfb.be\/nl\/verzekeringen\/#primaryimage","url":"https:\/\/kbbm.be\/wp-content\/uploads\/2022\/02\/accident-rotated.jpg","contentUrl":"https:\/\/kbbm.be\/wp-content\/uploads\/2022\/02\/accident-rotated.jpg","width":1748,"height":1240,"caption":"Voiture accident\u00e9e avec un arbre - RC For\u00eat"},{"@type":"BreadcrumbList","@id":"https:\/\/srfb.be\/nl\/verzekeringen\/#breadcrumb","itemListElement":[{"@type":"ListItem","position":1,"name":"Accueil","item":"https:\/\/srfb.be\/de\/"},{"@type":"ListItem","position":2,"name":"Assurances pour votre for\u00eat"}]},{"@type":"WebSite","@id":"https:\/\/srfb.be\/de\/#website","url":"https:\/\/srfb.be\/de\/","name":"Royal Forestry Society of Belgium","description":"Serving forests and foresters","publisher":{"@id":"https:\/\/srfb.be\/de\/#organization"},"alternateName":"SRFB-KBBM","potentialAction":[{"@type":"SearchAction","target":{"@type":"EntryPoint","urlTemplate":"https:\/\/srfb.be\/de\/?s={search_term_string}"},"query-input":{"@type":"PropertyValueSpecification","valueRequired":true,"valueName":"search_term_string"}}],"inLanguage":"en-GB"},{"@type":"Organization","@id":"https:\/\/srfb.be\/de\/#organization","name":"Soci\u00e9t\u00e9 Royale Foresti\u00e8re De Belgique - Koninklijke Belgische Bosbouwmaatschappij","alternateName":"SRFB-KBBM","url":"https:\/\/srfb.be\/de\/","logo":{"@type":"ImageObject","inLanguage":"en-GB","@id":"https:\/\/srfb.be\/de\/#\/schema\/logo\/image\/","url":"https:\/\/srfb.be\/wp-content\/uploads\/2019\/06\/android-chrome-256x256.png","contentUrl":"https:\/\/srfb.be\/wp-content\/uploads\/2019\/06\/android-chrome-256x256.png","width":1200,"height":1232,"caption":"Soci\u00e9t\u00e9 Royale Foresti\u00e8re De Belgique - Koninklijke Belgische Bosbouwmaatschappij"},"image":{"@id":"https:\/\/srfb.be\/de\/#\/schema\/logo\/image\/"},"sameAs":["https:\/\/www.facebook.com\/srfb.be","https:\/\/www.instagram.com\/srfb_kbbm\/","https:\/\/www.linkedin.com\/company\/srfb-kbbm\/","https:\/\/www.youtube.com\/user\/srfbkbbm"]}]}},"_links":{"self":[{"href":"https:\/\/kbbm.be\/en\/wp-json\/wp\/v2\/pages\/5916","targetHints":{"allow":["GET"]}}],"collection":[{"href":"https:\/\/kbbm.be\/en\/wp-json\/wp\/v2\/pages"}],"about":[{"href":"https:\/\/kbbm.be\/en\/wp-json\/wp\/v2\/types\/page"}],"author":[{"embeddable":true,"href":"https:\/\/kbbm.be\/en\/wp-json\/wp\/v2\/users\/18"}],"replies":[{"embeddable":true,"href":"https:\/\/kbbm.be\/en\/wp-json\/wp\/v2\/comments?post=5916"}],"version-history":[{"count":0,"href":"https:\/\/kbbm.be\/en\/wp-json\/wp\/v2\/pages\/5916\/revisions"}],"wp:featuredmedia":[{"embeddable":true,"href":"https:\/\/kbbm.be\/en\/wp-json\/wp\/v2\/media\/22247"}],"wp:attachment":[{"href":"https:\/\/kbbm.be\/en\/wp-json\/wp\/v2\/media?parent=5916"}],"curies":[{"name":"wp","href":"https:\/\/api.w.org\/{rel}","templated":true}]}}