{"id":28520,"date":"2023-01-25T11:20:11","date_gmt":"2023-01-25T10:20:11","guid":{"rendered":"https:\/\/www.srfb.be\/?page_id=28520"},"modified":"2024-06-25T16:28:17","modified_gmt":"2024-06-25T14:28:17","slug":"soiree-ng","status":"publish","type":"page","link":"https:\/\/kbbm.be\/en\/devenir-membre\/new-generation\/soiree-ng\/","title":{"rendered":"New Generation\" welcome evening"},"content":{"rendered":"<h2 class=\"wp-block-heading has-text-align-center\">Invitation<\/h2>\n\n\n\n<div class=\"wp-block-group is-layout-constrained wp-block-group-is-layout-constrained\">\n<figure class=\"wp-block-image aligncenter size-large is-resized\"><img decoding=\"async\" src=\"https:\/\/srfb.be\/wp-content\/uploads\/2023\/01\/New_Gen-1024x706.png\" alt=\"New generation evening\" class=\"wp-image-28552\" style=\"width:500px\"\/><\/figure>\n<\/div>\n\n\n\n<h5 class=\"wp-block-heading has-text-align-center\"><strong>As part of the\u00ab&nbsp;<a href=\"https:\/\/srfb.be\/\/srfb.be\/\/srfb.be\/new-generation\/\" target=\"_blank\" rel=\"noreferrer noopener\">New Generation<\/a>&nbsp;\u00bbSRFB and NTF are pleased to invite you to their welcome evening on the theme:<\/strong><\/h5>\n\n\n\n<blockquote class=\"wp-block-quote is-layout-flow wp-block-quote-is-layout-flow\">\n<p class=\"has-vert-fonce-color-color has-text-color has-link-color wp-elements-fb3626daf1e970ef35be146d43f467b3\" style=\"font-size:clamp(20px, 1.25rem + ((1vw - 3.2px) * 0.938), 32px);\"><strong>Sharing your passion: more than a legacy, a transmission<\/strong><\/p>\n<\/blockquote>\n\n\n\n<div class=\"wp-block-columns is-layout-flex wp-container-core-columns-is-layout-28232c24 wp-block-columns-is-layout-flex\">\n<div class=\"wp-block-column is-vertically-aligned-stretch has-grey-color-background-color has-background is-layout-flow wp-block-column-is-layout-flow\" style=\"padding-top:var(--wp--preset--spacing--60);padding-right:var(--wp--preset--spacing--60);padding-bottom:var(--wp--preset--spacing--60);padding-left:var(--wp--preset--spacing--60);flex-basis:66.66%\">\n<h2 class=\"wp-block-heading\">Program<\/h2>\n\n\n\n<ul class=\"wp-block-list\">\n<li>19h00 -\u00a0<strong>Home<\/strong><\/li>\n\n\n\n<li>19h30 -\u00a0<strong>Presentation of the services offered by SRFB and NTF<\/strong><\/li>\n\n\n\n<li>20h00 -\u00a0<strong>Share your passion: more than a legacy, a transmission\u00ab conference\u00bb<\/strong><em><br>(with B\u00e9n\u00e9dicte Van Maele and Charles Kesteloot)<\/em><\/li>\n\n\n\n<li>21h00 -\u00a0<strong>Walking dinner<\/strong><\/li>\n<\/ul>\n<\/div>\n\n\n\n<div class=\"wp-block-column is-vertically-aligned-stretch has-white-color has-vert-fonce-color-background-color has-text-color has-background has-link-color wp-elements-ced9457946cd2f170c7c0eeeb4262a6a is-layout-flow wp-block-column-is-layout-flow\" style=\"padding-top:var(--wp--preset--spacing--60);padding-right:var(--wp--preset--spacing--60);padding-bottom:var(--wp--preset--spacing--60);padding-left:var(--wp--preset--spacing--60);flex-basis:33.33%\">\n<h2 class=\"wp-block-heading has-white-color has-text-color has-link-color wp-elements-ab80495c29253f9411b67223ed9a1c97\">Where and when?<\/h2>\n\n\n\n<p>The&nbsp;<strong>Wednesday 19 April at Moulins de Beez<\/strong><br><em>(rue du moulin de Meuse, 4 - 5000 Namur)<\/em><\/p>\n<\/div>\n<\/div>\n\n\n\n<div class=\"wp-block-group is-layout-constrained wp-block-group-is-layout-constrained\" style=\"margin-top:var(--wp--preset--spacing--60);margin-bottom:var(--wp--preset--spacing--60)\">\n<h2 class=\"wp-block-heading has-text-align-center\">Speakers<\/h2>\n\n\n\n<p class=\"has-text-align-center\"><strong>With the kind support of<\/strong><\/p>\n\n\n\n<figure class=\"wp-block-image aligncenter size-full is-resized\"><img decoding=\"async\" src=\"https:\/\/srfb.be\/wp-content\/uploads\/2023\/01\/Orateurs-1.png\" alt=\"Speakers - new generation\" class=\"wp-image-28584\" style=\"width:500px\"\/><\/figure>\n<\/div>\n\n\n\n<h2 class=\"wp-block-heading\">Registrations<\/h2>\n\n\n\n<p>You can register for this event until&nbsp;<strong>17 April<\/strong>&nbsp;by completing the form available here. Registrations will be subject to availability and priority will be given to \u00abNew Generation\u00bb beneficiaries and their sponsors.<\/p>\n\n\n\n<ul class=\"wp-block-list\">\n<li>Participation is free for New Generation beneficiaries and their sponsors.<\/li>\n\n\n\n<li>SRFB\/NTF members: \u20ac40 incl. VAT<\/li>\n\n\n\n<li>For non-members: \u20ac80 inc.<\/li>\n<\/ul>\n\n\n\n<p>Once you have entered your registration details on the form, you will receive an acknowledgement of receipt and we will get back to you with payment details and other practical information.<\/p>\n\n\n\n<p>If you're not already familiar with the \u00abNew Generation\u00bb action,\u00a0<a href=\"\/en\/new-generation\/\" target=\"_blank\" rel=\"noreferrer noopener\">visit our page<\/a>\u00a0on this subject to take advantage of this exceptional offer.<\/p>\n\n\n\n<p class=\"has-text-align-center\"><em>Registration closed<\/em><\/p>\n\n\n\n<p class=\"has-text-align-center\"><strong>We look forward to seeing you or meeting you again!<\/strong><\/p>","protected":false},"excerpt":{"rendered":"<p>Invitation Dans le cadre de l\u2019action \u00ab&nbsp;New Generation&nbsp;\u00bb, la SRFB et NTF ont le plaisir de vous convier \u00e0 leur soir\u00e9e d\u2019accueil sur le th\u00e8me: Partager votre passion : plus qu\u2019un h\u00e9ritage, une transmission Programme O\u00f9 et quand? Le&nbsp;mercredi 19 avril aux Moulins de Beez(rue du moulin de Meuse, 4 \u2013 5000 Namur) Orateurs Avec&#8230; <\/p>\n<div class=\"clear\"><\/div>\n<p><a href=\"https:\/\/kbbm.be\/en\/devenir-membre\/new-generation\/soiree-ng\/\" class=\"excerpt-read-more\">Read More<\/a><\/p>","protected":false},"author":21,"featured_media":28551,"parent":24750,"menu_order":0,"comment_status":"closed","ping_status":"closed","template":"","meta":{"iawp_total_views":20,"footnotes":""},"class_list":["post-28520","page","type-page","status-publish","has-post-thumbnail","hentry"],"yoast_head":"<!-- This site is optimized with the Yoast SEO plugin v27.4 - https:\/\/yoast.com\/product\/yoast-seo-wordpress\/ -->\n<title>Soir\u00e9e d&#039;accueil &quot;New Generation&quot; - SRFB<\/title>\n<meta name=\"description\" content=\"Dans le cadre de l\u2019action \u00ab New Generation \u00bb, la SRFB et NTF ont le plaisir de vous convier \u00e0 leur soir\u00e9e d\u2019accueil.\" \/>\n<meta name=\"robots\" content=\"index, follow, max-snippet:-1, max-image-preview:large, max-video-preview:-1\" \/>\n<link rel=\"canonical\" href=\"https:\/\/srfb.be\/nl\/lid-worden\/new-generation\/soiree-ng\/\" \/>\n<meta property=\"og:locale\" content=\"en_GB\" \/>\n<meta property=\"og:type\" content=\"article\" \/>\n<meta property=\"og:title\" content=\"Soir\u00e9e d&#039;accueil &quot;New Generation&quot; - SRFB\" \/>\n<meta property=\"og:description\" content=\"Dans le cadre de l\u2019action \u00ab New Generation \u00bb, la SRFB et NTF ont le plaisir de vous convier \u00e0 leur soir\u00e9e d\u2019accueil.\" \/>\n<meta property=\"og:url\" content=\"https:\/\/srfb.be\/nl\/lid-worden\/new-generation\/soiree-ng\/\" \/>\n<meta property=\"og:site_name\" content=\"Soci\u00e9t\u00e9 Royale Foresti\u00e8re de Belgique\" \/>\n<meta property=\"article:publisher\" content=\"https:\/\/www.facebook.com\/srfb.be\" \/>\n<meta property=\"article:modified_time\" content=\"2024-06-25T14:28:17+00:00\" \/>\n<meta property=\"og:image\" content=\"https:\/\/srfb.be\/wp-content\/uploads\/2023\/01\/New_Gen.png\" \/>\n\t<meta property=\"og:image:width\" content=\"1200\" \/>\n\t<meta property=\"og:image:height\" content=\"827\" \/>\n\t<meta property=\"og:image:type\" content=\"image\/jpeg\" \/>\n<script type=\"application\/ld+json\" class=\"yoast-schema-graph\">{\"@context\":\"https:\\\/\\\/schema.org\",\"@graph\":[{\"@type\":\"WebPage\",\"@id\":\"https:\\\/\\\/srfb.be\\\/nl\\\/lid-worden\\\/new-generation\\\/soiree-ng\\\/\",\"url\":\"https:\\\/\\\/srfb.be\\\/nl\\\/lid-worden\\\/new-generation\\\/soiree-ng\\\/\",\"name\":\"Soir\u00e9e d'accueil \\\"New Generation\\\" - SRFB\",\"isPartOf\":{\"@id\":\"https:\\\/\\\/kbbm.be\\\/de\\\/#website\"},\"primaryImageOfPage\":{\"@id\":\"https:\\\/\\\/srfb.be\\\/nl\\\/lid-worden\\\/new-generation\\\/soiree-ng\\\/#primaryimage\"},\"image\":{\"@id\":\"https:\\\/\\\/srfb.be\\\/nl\\\/lid-worden\\\/new-generation\\\/soiree-ng\\\/#primaryimage\"},\"thumbnailUrl\":\"https:\\\/\\\/kbbm.be\\\/wp-content\\\/uploads\\\/2023\\\/01\\\/New_Gen.png\",\"datePublished\":\"2023-01-25T10:20:11+00:00\",\"dateModified\":\"2024-06-25T14:28:17+00:00\",\"description\":\"Dans le cadre de l\u2019action \u00ab New Generation \u00bb, la SRFB et NTF ont le plaisir de vous convier \u00e0 leur soir\u00e9e d\u2019accueil.\",\"breadcrumb\":{\"@id\":\"https:\\\/\\\/srfb.be\\\/nl\\\/lid-worden\\\/new-generation\\\/soiree-ng\\\/#breadcrumb\"},\"inLanguage\":\"en-GB\",\"potentialAction\":[{\"@type\":\"ReadAction\",\"target\":[\"https:\\\/\\\/srfb.be\\\/nl\\\/lid-worden\\\/new-generation\\\/soiree-ng\\\/\"]}]},{\"@type\":\"ImageObject\",\"inLanguage\":\"en-GB\",\"@id\":\"https:\\\/\\\/srfb.be\\\/nl\\\/lid-worden\\\/new-generation\\\/soiree-ng\\\/#primaryimage\",\"url\":\"https:\\\/\\\/kbbm.be\\\/wp-content\\\/uploads\\\/2023\\\/01\\\/New_Gen.png\",\"contentUrl\":\"https:\\\/\\\/kbbm.be\\\/wp-content\\\/uploads\\\/2023\\\/01\\\/New_Gen.png\",\"width\":1200,\"height\":827,\"caption\":\"Soir\u00e9e new generation\"},{\"@type\":\"BreadcrumbList\",\"@id\":\"https:\\\/\\\/srfb.be\\\/nl\\\/lid-worden\\\/new-generation\\\/soiree-ng\\\/#breadcrumb\",\"itemListElement\":[{\"@type\":\"ListItem\",\"position\":1,\"name\":\"Accueil\",\"item\":\"https:\\\/\\\/kbbm.be\\\/de\\\/\"},{\"@type\":\"ListItem\",\"position\":2,\"name\":\"Devenir membre\",\"item\":\"https:\\\/\\\/srfb.be\\\/en\\\/become-member\\\/\"},{\"@type\":\"ListItem\",\"position\":3,\"name\":\"New Generation\",\"item\":\"https:\\\/\\\/srfb.be\\\/devenir-membre\\\/new-generation\\\/\"},{\"@type\":\"ListItem\",\"position\":4,\"name\":\"Soir\u00e9e d&rsquo;accueil \u00ab\u00a0New Generation\u00a0\u00bb\"}]},{\"@type\":\"WebSite\",\"@id\":\"https:\\\/\\\/kbbm.be\\\/de\\\/#website\",\"url\":\"https:\\\/\\\/kbbm.be\\\/de\\\/\",\"name\":\"Soci\u00e9t\u00e9 Royale Foresti\u00e8re de Belgique\",\"description\":\"Au service de la for\u00eat et des forestiers\",\"publisher\":{\"@id\":\"https:\\\/\\\/kbbm.be\\\/de\\\/#organization\"},\"alternateName\":\"SRFB-KBBM\",\"potentialAction\":[{\"@type\":\"SearchAction\",\"target\":{\"@type\":\"EntryPoint\",\"urlTemplate\":\"https:\\\/\\\/kbbm.be\\\/de\\\/?s={search_term_string}\"},\"query-input\":{\"@type\":\"PropertyValueSpecification\",\"valueRequired\":true,\"valueName\":\"search_term_string\"}}],\"inLanguage\":\"en-GB\"},{\"@type\":\"Organization\",\"@id\":\"https:\\\/\\\/kbbm.be\\\/de\\\/#organization\",\"name\":\"Soci\u00e9t\u00e9 Royale Foresti\u00e8re De Belgique - Koninklijke Belgische Bosbouwmaatschappij\",\"alternateName\":\"SRFB-KBBM\",\"url\":\"https:\\\/\\\/kbbm.be\\\/de\\\/\",\"logo\":{\"@type\":\"ImageObject\",\"inLanguage\":\"en-GB\",\"@id\":\"https:\\\/\\\/kbbm.be\\\/de\\\/#\\\/schema\\\/logo\\\/image\\\/\",\"url\":\"https:\\\/\\\/srfb.be\\\/wp-content\\\/uploads\\\/2019\\\/06\\\/android-chrome-256x256.png\",\"contentUrl\":\"https:\\\/\\\/srfb.be\\\/wp-content\\\/uploads\\\/2019\\\/06\\\/android-chrome-256x256.png\",\"width\":1200,\"height\":1232,\"caption\":\"Soci\u00e9t\u00e9 Royale Foresti\u00e8re De Belgique - Koninklijke Belgische Bosbouwmaatschappij\"},\"image\":{\"@id\":\"https:\\\/\\\/kbbm.be\\\/de\\\/#\\\/schema\\\/logo\\\/image\\\/\"},\"sameAs\":[\"https:\\\/\\\/www.facebook.com\\\/srfb.be\",\"https:\\\/\\\/www.instagram.com\\\/srfb_kbbm\\\/\",\"https:\\\/\\\/www.linkedin.com\\\/company\\\/srfb-kbbm\\\/\",\"https:\\\/\\\/www.youtube.com\\\/user\\\/srfbkbbm\"]}]}<\/script>\n<!-- \/ Yoast SEO plugin. -->","yoast_head_json":{"title":"New Generation\" welcome evening - SRFB","description":"As part of the \u00abNew Generation\u00bb initiative, SRFB and NTF are pleased to invite you to their welcome evening.","robots":{"index":"index","follow":"follow","max-snippet":"max-snippet:-1","max-image-preview":"max-image-preview:large","max-video-preview":"max-video-preview:-1"},"canonical":"https:\/\/srfb.be\/nl\/lid-worden\/new-generation\/soiree-ng\/","og_locale":"en_GB","og_type":"article","og_title":"Soir\u00e9e d'accueil \"New Generation\" - SRFB","og_description":"Dans le cadre de l\u2019action \u00ab New Generation \u00bb, la SRFB et NTF ont le plaisir de vous convier \u00e0 leur soir\u00e9e d\u2019accueil.","og_url":"https:\/\/srfb.be\/nl\/lid-worden\/new-generation\/soiree-ng\/","og_site_name":"Soci\u00e9t\u00e9 Royale Foresti\u00e8re de Belgique","article_publisher":"https:\/\/www.facebook.com\/srfb.be","article_modified_time":"2024-06-25T14:28:17+00:00","og_image":[{"width":1200,"height":827,"url":"https:\/\/srfb.be\/wp-content\/uploads\/2023\/01\/New_Gen.png","type":"image\/jpeg"}],"schema":{"@context":"https:\/\/schema.org","@graph":[{"@type":"WebPage","@id":"https:\/\/srfb.be\/nl\/lid-worden\/new-generation\/soiree-ng\/","url":"https:\/\/srfb.be\/nl\/lid-worden\/new-generation\/soiree-ng\/","name":"New Generation\" welcome evening - SRFB","isPartOf":{"@id":"https:\/\/kbbm.be\/de\/#website"},"primaryImageOfPage":{"@id":"https:\/\/srfb.be\/nl\/lid-worden\/new-generation\/soiree-ng\/#primaryimage"},"image":{"@id":"https:\/\/srfb.be\/nl\/lid-worden\/new-generation\/soiree-ng\/#primaryimage"},"thumbnailUrl":"https:\/\/kbbm.be\/wp-content\/uploads\/2023\/01\/New_Gen.png","datePublished":"2023-01-25T10:20:11+00:00","dateModified":"2024-06-25T14:28:17+00:00","description":"As part of the \u00abNew Generation\u00bb initiative, SRFB and NTF are pleased to invite you to their welcome evening.","breadcrumb":{"@id":"https:\/\/srfb.be\/nl\/lid-worden\/new-generation\/soiree-ng\/#breadcrumb"},"inLanguage":"en-GB","potentialAction":[{"@type":"ReadAction","target":["https:\/\/srfb.be\/nl\/lid-worden\/new-generation\/soiree-ng\/"]}]},{"@type":"ImageObject","inLanguage":"en-GB","@id":"https:\/\/srfb.be\/nl\/lid-worden\/new-generation\/soiree-ng\/#primaryimage","url":"https:\/\/kbbm.be\/wp-content\/uploads\/2023\/01\/New_Gen.png","contentUrl":"https:\/\/kbbm.be\/wp-content\/uploads\/2023\/01\/New_Gen.png","width":1200,"height":827,"caption":"Soir\u00e9e new generation"},{"@type":"BreadcrumbList","@id":"https:\/\/srfb.be\/nl\/lid-worden\/new-generation\/soiree-ng\/#breadcrumb","itemListElement":[{"@type":"ListItem","position":1,"name":"Accueil","item":"https:\/\/kbbm.be\/de\/"},{"@type":"ListItem","position":2,"name":"Devenir membre","item":"https:\/\/srfb.be\/en\/become-member\/"},{"@type":"ListItem","position":3,"name":"New Generation","item":"https:\/\/srfb.be\/devenir-membre\/new-generation\/"},{"@type":"ListItem","position":4,"name":"Soir\u00e9e d&rsquo;accueil \u00ab\u00a0New Generation\u00a0\u00bb"}]},{"@type":"WebSite","@id":"https:\/\/kbbm.be\/de\/#website","url":"https:\/\/kbbm.be\/de\/","name":"Royal Forestry Society of Belgium","description":"Serving forests and foresters","publisher":{"@id":"https:\/\/kbbm.be\/de\/#organization"},"alternateName":"SRFB-KBBM","potentialAction":[{"@type":"SearchAction","target":{"@type":"EntryPoint","urlTemplate":"https:\/\/kbbm.be\/de\/?s={search_term_string}"},"query-input":{"@type":"PropertyValueSpecification","valueRequired":true,"valueName":"search_term_string"}}],"inLanguage":"en-GB"},{"@type":"Organization","@id":"https:\/\/kbbm.be\/de\/#organization","name":"Soci\u00e9t\u00e9 Royale Foresti\u00e8re De Belgique - Koninklijke Belgische Bosbouwmaatschappij","alternateName":"SRFB-KBBM","url":"https:\/\/kbbm.be\/de\/","logo":{"@type":"ImageObject","inLanguage":"en-GB","@id":"https:\/\/kbbm.be\/de\/#\/schema\/logo\/image\/","url":"https:\/\/srfb.be\/wp-content\/uploads\/2019\/06\/android-chrome-256x256.png","contentUrl":"https:\/\/srfb.be\/wp-content\/uploads\/2019\/06\/android-chrome-256x256.png","width":1200,"height":1232,"caption":"Soci\u00e9t\u00e9 Royale Foresti\u00e8re De Belgique - Koninklijke Belgische Bosbouwmaatschappij"},"image":{"@id":"https:\/\/kbbm.be\/de\/#\/schema\/logo\/image\/"},"sameAs":["https:\/\/www.facebook.com\/srfb.be","https:\/\/www.instagram.com\/srfb_kbbm\/","https:\/\/www.linkedin.com\/company\/srfb-kbbm\/","https:\/\/www.youtube.com\/user\/srfbkbbm"]}]}},"_links":{"self":[{"href":"https:\/\/kbbm.be\/en\/wp-json\/wp\/v2\/pages\/28520","targetHints":{"allow":["GET"]}}],"collection":[{"href":"https:\/\/kbbm.be\/en\/wp-json\/wp\/v2\/pages"}],"about":[{"href":"https:\/\/kbbm.be\/en\/wp-json\/wp\/v2\/types\/page"}],"author":[{"embeddable":true,"href":"https:\/\/kbbm.be\/en\/wp-json\/wp\/v2\/users\/21"}],"replies":[{"embeddable":true,"href":"https:\/\/kbbm.be\/en\/wp-json\/wp\/v2\/comments?post=28520"}],"version-history":[{"count":0,"href":"https:\/\/kbbm.be\/en\/wp-json\/wp\/v2\/pages\/28520\/revisions"}],"up":[{"embeddable":true,"href":"https:\/\/kbbm.be\/en\/wp-json\/wp\/v2\/pages\/24750"}],"wp:featuredmedia":[{"embeddable":true,"href":"https:\/\/kbbm.be\/en\/wp-json\/wp\/v2\/media\/28551"}],"wp:attachment":[{"href":"https:\/\/kbbm.be\/en\/wp-json\/wp\/v2\/media?parent=28520"}],"curies":[{"name":"wp","href":"https:\/\/api.w.org\/{rel}","templated":true}]}}