{"id":39884,"date":"2026-03-24T13:33:35","date_gmt":"2026-03-24T12:33:35","guid":{"rendered":"https:\/\/srfb.be\/?post_type=product&#038;p=39884"},"modified":"2026-03-24T13:34:25","modified_gmt":"2026-03-24T12:34:25","slug":"le-guide-de-la-foret","status":"publish","type":"product","link":"https:\/\/kbbm.be\/de\/forest-shop\/le-guide-de-la-foret\/","title":{"rendered":"Der Waldf\u00fchrer"},"content":{"rendered":"<h3>Milieu, Fauna und Flora der Laub- und Mischw\u00e4lder Europas<\/h3>\n<p>Dieser praktische, mit 900 Fotos illustrierte Feldf\u00fchrer l\u00e4dt den Spazierg\u00e4nger ein, die Waldumgebung zu entdecken. Er erm\u00f6glicht ihm, sich mit ihrer Flora und Fauna vertraut zu machen, die Funktionsweise ihres \u00d6kosystems besser zu verstehen, die Lebensbedingungen in dieser Umgebung, die Struktur sowie die Waldtypen unserer Regionen kennenzulernen. Dieser F\u00fchrer erm\u00f6glicht es auch, den Lebenszyklus verschiedener Organismen, ihre Rolle in der Natur und die Organisation ihrer Beziehungen zu verstehen.<\/p>\n<ul>\n<li>\u00dcber 300 Tierarten, darunter zahlreiche Wirbellose, wie die Gallenerzeuger und die unauff\u00e4llige Mikrofauna, die f\u00fcr die Zersetzung von Streu von entscheidender Bedeutung ist.<\/li>\n<li>\u00dcber 200 Pflanzenarten, von der Moosschicht bis zu B\u00e4umen und Str\u00e4uchern, und alle charakteristischen Pflanzengesellschaften.<\/li>\n<li>Etwa drei\u00dfig gew\u00f6hnliche Pilze.<\/li>\n<\/ul>\n<p><strong>134 x 192 mm \u2013 384 Seiten \u2013 Ref. 131 DL06<\/strong><\/p>","protected":false},"excerpt":{"rendered":"<h3>Milieu, Fauna und Flora der Laub- und Mischw\u00e4lder Europas<\/h3>\n<p>Dieser praktische, mit 900 Fotos illustrierte Feldf\u00fchrer l\u00e4dt den Spazierg\u00e4nger ein, die Waldumgebung zu entdecken. Er erm\u00f6glicht ihm, sich mit ihrer Flora und Fauna vertraut zu machen, die Funktionsweise ihres \u00d6kosystems besser zu verstehen, die Lebensbedingungen in dieser Umgebung, die Struktur sowie die Waldtypen unserer Regionen kennenzulernen. Dieser F\u00fchrer erm\u00f6glicht es auch, den Lebenszyklus verschiedener Organismen, ihre Rolle in der Natur und die Organisation ihrer Beziehungen zu verstehen.<\/p>","protected":false},"featured_media":39885,"comment_status":"open","ping_status":"closed","template":"","meta":{"iawp_total_views":3},"product_brand":[],"product_cat":[691,693,690],"product_tag":[],"class_list":{"0":"post-39884","1":"product","2":"type-product","3":"status-publish","4":"has-post-thumbnail","6":"product_cat-biodiversite","7":"product_cat-foret-gibier","8":"product_cat-livres-illustres","10":"first","11":"instock","12":"shipping-taxable","13":"purchasable","14":"product-type-simple"},"yoast_head":"<!-- This site is optimized with the Yoast SEO plugin v27.4 - https:\/\/yoast.com\/product\/yoast-seo-wordpress\/ -->\n<title>Le Guide de la for\u00eat - Soci\u00e9t\u00e9 Royale Foresti\u00e8re de Belgique<\/title>\n<meta name=\"robots\" content=\"index, follow, max-snippet:-1, max-image-preview:large, max-video-preview:-1\" \/>\n<link rel=\"canonical\" href=\"https:\/\/kbbm.be\/de\/forest-shop\/le-guide-de-la-foret\/\" \/>\n<meta property=\"og:locale\" content=\"de_DE\" \/>\n<meta property=\"og:type\" content=\"article\" \/>\n<meta property=\"og:title\" content=\"Le Guide de la for\u00eat - Soci\u00e9t\u00e9 Royale Foresti\u00e8re de Belgique\" \/>\n<meta property=\"og:description\" content=\"Milieu, faune et flore des for\u00eats d\u2019Europe temp\u00e9r\u00e9e Ce guide pratique de terrain, illustr\u00e9 de 900 photos, invite le promeneur \u00e0 d\u00e9couvrir le milieu forestier. Il lui permet de se familiariser avec sa faune et sa flore, de mieux comprendre le fonctionnement de son \u00e9cosyst\u00e8me, les conditions de vie dans ce milieu, la structure ainsi que les types des for\u00eats de nos r\u00e9gions. Ce guide permet aussi de comprendre le cycle de vie de divers organismes, leur r\u00f4le dans la nature et l\u2019organisation de leurs relations.\" \/>\n<meta property=\"og:url\" content=\"https:\/\/kbbm.be\/de\/forest-shop\/le-guide-de-la-foret\/\" \/>\n<meta property=\"og:site_name\" content=\"Soci\u00e9t\u00e9 Royale Foresti\u00e8re de Belgique\" \/>\n<meta property=\"article:publisher\" content=\"https:\/\/www.facebook.com\/srfb.be\" \/>\n<meta property=\"article:modified_time\" content=\"2026-03-24T12:34:25+00:00\" \/>\n<meta property=\"og:image\" content=\"https:\/\/kbbm.be\/wp-content\/uploads\/2026\/03\/cover-le-guide-de-la-foret.jpeg\" \/>\n\t<meta property=\"og:image:width\" content=\"1560\" \/>\n\t<meta property=\"og:image:height\" content=\"2266\" \/>\n\t<meta property=\"og:image:type\" content=\"image\/jpeg\" \/>\n<script type=\"application\/ld+json\" class=\"yoast-schema-graph\">{\"@context\":\"https:\\\/\\\/schema.org\",\"@graph\":[{\"@type\":\"WebPage\",\"@id\":\"https:\\\/\\\/kbbm.be\\\/en\\\/forest-shop\\\/le-guide-de-la-foret\\\/\",\"url\":\"https:\\\/\\\/kbbm.be\\\/en\\\/forest-shop\\\/le-guide-de-la-foret\\\/\",\"name\":\"Le Guide de la for\u00eat - Soci\u00e9t\u00e9 Royale Foresti\u00e8re de Belgique\",\"isPartOf\":{\"@id\":\"https:\\\/\\\/kbbm.be\\\/en\\\/#website\"},\"primaryImageOfPage\":{\"@id\":\"https:\\\/\\\/kbbm.be\\\/en\\\/forest-shop\\\/le-guide-de-la-foret\\\/#primaryimage\"},\"image\":{\"@id\":\"https:\\\/\\\/kbbm.be\\\/en\\\/forest-shop\\\/le-guide-de-la-foret\\\/#primaryimage\"},\"thumbnailUrl\":\"https:\\\/\\\/kbbm.be\\\/wp-content\\\/uploads\\\/2026\\\/03\\\/cover-le-guide-de-la-foret.jpeg\",\"datePublished\":\"2026-03-24T12:33:35+00:00\",\"dateModified\":\"2026-03-24T12:34:25+00:00\",\"breadcrumb\":{\"@id\":\"https:\\\/\\\/kbbm.be\\\/en\\\/forest-shop\\\/le-guide-de-la-foret\\\/#breadcrumb\"},\"inLanguage\":\"de\",\"potentialAction\":[{\"@type\":\"ReadAction\",\"target\":[\"https:\\\/\\\/kbbm.be\\\/en\\\/forest-shop\\\/le-guide-de-la-foret\\\/\"]}]},{\"@type\":\"ImageObject\",\"inLanguage\":\"de\",\"@id\":\"https:\\\/\\\/kbbm.be\\\/en\\\/forest-shop\\\/le-guide-de-la-foret\\\/#primaryimage\",\"url\":\"https:\\\/\\\/kbbm.be\\\/wp-content\\\/uploads\\\/2026\\\/03\\\/cover-le-guide-de-la-foret.jpeg\",\"contentUrl\":\"https:\\\/\\\/kbbm.be\\\/wp-content\\\/uploads\\\/2026\\\/03\\\/cover-le-guide-de-la-foret.jpeg\",\"width\":1560,\"height\":2266,\"caption\":\"Couverture : Le Guide de la For\u00eat\"},{\"@type\":\"BreadcrumbList\",\"@id\":\"https:\\\/\\\/kbbm.be\\\/en\\\/forest-shop\\\/le-guide-de-la-foret\\\/#breadcrumb\",\"itemListElement\":[{\"@type\":\"ListItem\",\"position\":1,\"name\":\"Accueil\",\"item\":\"https:\\\/\\\/kbbm.be\\\/en\\\/\"},{\"@type\":\"ListItem\",\"position\":2,\"name\":\"Produits\",\"item\":\"https:\\\/\\\/srfb.be\\\/shop\\\/\"},{\"@type\":\"ListItem\",\"position\":3,\"name\":\"Le Guide de la for\u00eat\"}]},{\"@type\":\"WebSite\",\"@id\":\"https:\\\/\\\/kbbm.be\\\/en\\\/#website\",\"url\":\"https:\\\/\\\/kbbm.be\\\/en\\\/\",\"name\":\"Soci\u00e9t\u00e9 Royale Foresti\u00e8re de Belgique\",\"description\":\"Au service de la for\u00eat et des forestiers\",\"publisher\":{\"@id\":\"https:\\\/\\\/kbbm.be\\\/en\\\/#organization\"},\"alternateName\":\"SRFB-KBBM\",\"potentialAction\":[{\"@type\":\"SearchAction\",\"target\":{\"@type\":\"EntryPoint\",\"urlTemplate\":\"https:\\\/\\\/kbbm.be\\\/en\\\/?s={search_term_string}\"},\"query-input\":{\"@type\":\"PropertyValueSpecification\",\"valueRequired\":true,\"valueName\":\"search_term_string\"}}],\"inLanguage\":\"de\"},{\"@type\":\"Organization\",\"@id\":\"https:\\\/\\\/kbbm.be\\\/en\\\/#organization\",\"name\":\"Soci\u00e9t\u00e9 Royale Foresti\u00e8re De Belgique - Koninklijke Belgische Bosbouwmaatschappij\",\"alternateName\":\"SRFB-KBBM\",\"url\":\"https:\\\/\\\/kbbm.be\\\/en\\\/\",\"logo\":{\"@type\":\"ImageObject\",\"inLanguage\":\"de\",\"@id\":\"https:\\\/\\\/kbbm.be\\\/en\\\/#\\\/schema\\\/logo\\\/image\\\/\",\"url\":\"https:\\\/\\\/srfb.be\\\/wp-content\\\/uploads\\\/2019\\\/06\\\/android-chrome-256x256.png\",\"contentUrl\":\"https:\\\/\\\/srfb.be\\\/wp-content\\\/uploads\\\/2019\\\/06\\\/android-chrome-256x256.png\",\"width\":1200,\"height\":1232,\"caption\":\"Soci\u00e9t\u00e9 Royale Foresti\u00e8re De Belgique - Koninklijke Belgische Bosbouwmaatschappij\"},\"image\":{\"@id\":\"https:\\\/\\\/kbbm.be\\\/en\\\/#\\\/schema\\\/logo\\\/image\\\/\"},\"sameAs\":[\"https:\\\/\\\/www.facebook.com\\\/srfb.be\",\"https:\\\/\\\/www.instagram.com\\\/srfb_kbbm\\\/\",\"https:\\\/\\\/www.linkedin.com\\\/company\\\/srfb-kbbm\\\/\",\"https:\\\/\\\/www.youtube.com\\\/user\\\/srfbkbbm\"]}]}<\/script>\n<!-- \/ Yoast SEO plugin. -->","yoast_head_json":{"title":"Der Waldf\u00fchrer - K\u00f6nigliche Forstgesellschaft von Belgien","robots":{"index":"index","follow":"follow","max-snippet":"max-snippet:-1","max-image-preview":"max-image-preview:large","max-video-preview":"max-video-preview:-1"},"canonical":"https:\/\/kbbm.be\/de\/forest-shop\/le-guide-de-la-foret\/","og_locale":"de_DE","og_type":"article","og_title":"Le Guide de la for\u00eat - Soci\u00e9t\u00e9 Royale Foresti\u00e8re de Belgique","og_description":"Milieu, faune et flore des for\u00eats d\u2019Europe temp\u00e9r\u00e9e Ce guide pratique de terrain, illustr\u00e9 de 900 photos, invite le promeneur \u00e0 d\u00e9couvrir le milieu forestier. Il lui permet de se familiariser avec sa faune et sa flore, de mieux comprendre le fonctionnement de son \u00e9cosyst\u00e8me, les conditions de vie dans ce milieu, la structure ainsi que les types des for\u00eats de nos r\u00e9gions. Ce guide permet aussi de comprendre le cycle de vie de divers organismes, leur r\u00f4le dans la nature et l\u2019organisation de leurs relations.","og_url":"https:\/\/kbbm.be\/de\/forest-shop\/le-guide-de-la-foret\/","og_site_name":"Soci\u00e9t\u00e9 Royale Foresti\u00e8re de Belgique","article_publisher":"https:\/\/www.facebook.com\/srfb.be","article_modified_time":"2026-03-24T12:34:25+00:00","og_image":[{"width":1560,"height":2266,"url":"https:\/\/kbbm.be\/wp-content\/uploads\/2026\/03\/cover-le-guide-de-la-foret.jpeg","type":"image\/jpeg"}],"schema":{"@context":"https:\/\/schema.org","@graph":[{"@type":"WebPage","@id":"https:\/\/kbbm.be\/en\/forest-shop\/le-guide-de-la-foret\/","url":"https:\/\/kbbm.be\/en\/forest-shop\/le-guide-de-la-foret\/","name":"Der Waldf\u00fchrer - K\u00f6nigliche Forstgesellschaft von Belgien","isPartOf":{"@id":"https:\/\/kbbm.be\/en\/#website"},"primaryImageOfPage":{"@id":"https:\/\/kbbm.be\/en\/forest-shop\/le-guide-de-la-foret\/#primaryimage"},"image":{"@id":"https:\/\/kbbm.be\/en\/forest-shop\/le-guide-de-la-foret\/#primaryimage"},"thumbnailUrl":"https:\/\/kbbm.be\/wp-content\/uploads\/2026\/03\/cover-le-guide-de-la-foret.jpeg","datePublished":"2026-03-24T12:33:35+00:00","dateModified":"2026-03-24T12:34:25+00:00","breadcrumb":{"@id":"https:\/\/kbbm.be\/en\/forest-shop\/le-guide-de-la-foret\/#breadcrumb"},"inLanguage":"de","potentialAction":[{"@type":"ReadAction","target":["https:\/\/kbbm.be\/en\/forest-shop\/le-guide-de-la-foret\/"]}]},{"@type":"ImageObject","inLanguage":"de","@id":"https:\/\/kbbm.be\/en\/forest-shop\/le-guide-de-la-foret\/#primaryimage","url":"https:\/\/kbbm.be\/wp-content\/uploads\/2026\/03\/cover-le-guide-de-la-foret.jpeg","contentUrl":"https:\/\/kbbm.be\/wp-content\/uploads\/2026\/03\/cover-le-guide-de-la-foret.jpeg","width":1560,"height":2266,"caption":"Couverture : Le Guide de la For\u00eat"},{"@type":"BreadcrumbList","@id":"https:\/\/kbbm.be\/en\/forest-shop\/le-guide-de-la-foret\/#breadcrumb","itemListElement":[{"@type":"ListItem","position":1,"name":"Accueil","item":"https:\/\/kbbm.be\/en\/"},{"@type":"ListItem","position":2,"name":"Produits","item":"https:\/\/srfb.be\/shop\/"},{"@type":"ListItem","position":3,"name":"Le Guide de la for\u00eat"}]},{"@type":"WebSite","@id":"https:\/\/kbbm.be\/en\/#website","url":"https:\/\/kbbm.be\/en\/","name":"K\u00f6nigliche Forstverein Belgiens","description":"Im Dienste des Waldes und der F\u00f6rster","publisher":{"@id":"https:\/\/kbbm.be\/en\/#organization"},"alternateName":"SRFB-KBBM","potentialAction":[{"@type":"SearchAction","target":{"@type":"EntryPoint","urlTemplate":"https:\/\/kbbm.be\/en\/?s={search_term_string}"},"query-input":{"@type":"PropertyValueSpecification","valueRequired":true,"valueName":"search_term_string"}}],"inLanguage":"de"},{"@type":"Organization","@id":"https:\/\/kbbm.be\/en\/#organization","name":"Soci\u00e9t\u00e9 Royale Foresti\u00e8re De Belgique - Koninklijke Belgische Bosbouwmaatschappij","alternateName":"SRFB-KBBM","url":"https:\/\/kbbm.be\/en\/","logo":{"@type":"ImageObject","inLanguage":"de","@id":"https:\/\/kbbm.be\/en\/#\/schema\/logo\/image\/","url":"https:\/\/srfb.be\/wp-content\/uploads\/2019\/06\/android-chrome-256x256.png","contentUrl":"https:\/\/srfb.be\/wp-content\/uploads\/2019\/06\/android-chrome-256x256.png","width":1200,"height":1232,"caption":"Soci\u00e9t\u00e9 Royale Foresti\u00e8re De Belgique - Koninklijke Belgische Bosbouwmaatschappij"},"image":{"@id":"https:\/\/kbbm.be\/en\/#\/schema\/logo\/image\/"},"sameAs":["https:\/\/www.facebook.com\/srfb.be","https:\/\/www.instagram.com\/srfb_kbbm\/","https:\/\/www.linkedin.com\/company\/srfb-kbbm\/","https:\/\/www.youtube.com\/user\/srfbkbbm"]}]}},"_links":{"self":[{"href":"https:\/\/kbbm.be\/de\/wp-json\/wp\/v2\/product\/39884","targetHints":{"allow":["GET"]}}],"collection":[{"href":"https:\/\/kbbm.be\/de\/wp-json\/wp\/v2\/product"}],"about":[{"href":"https:\/\/kbbm.be\/de\/wp-json\/wp\/v2\/types\/product"}],"replies":[{"embeddable":true,"href":"https:\/\/kbbm.be\/de\/wp-json\/wp\/v2\/comments?post=39884"}],"wp:featuredmedia":[{"embeddable":true,"href":"https:\/\/kbbm.be\/de\/wp-json\/wp\/v2\/media\/39885"}],"wp:attachment":[{"href":"https:\/\/kbbm.be\/de\/wp-json\/wp\/v2\/media?parent=39884"}],"wp:term":[{"taxonomy":"product_brand","embeddable":true,"href":"https:\/\/kbbm.be\/de\/wp-json\/wp\/v2\/product_brand?post=39884"},{"taxonomy":"product_cat","embeddable":true,"href":"https:\/\/kbbm.be\/de\/wp-json\/wp\/v2\/product_cat?post=39884"},{"taxonomy":"product_tag","embeddable":true,"href":"https:\/\/kbbm.be\/de\/wp-json\/wp\/v2\/product_tag?post=39884"}],"curies":[{"name":"wp","href":"https:\/\/api.w.org\/{rel}","templated":true}]}}