{"id":35456,"date":"2024-03-06T16:27:53","date_gmt":"2024-03-06T15:27:53","guid":{"rendered":"https:\/\/srfb.be\/?post_type=product&#038;p=35456"},"modified":"2026-03-03T17:00:55","modified_gmt":"2026-03-03T16:00:55","slug":"franzosische-waldfauna","status":"publish","type":"product","link":"https:\/\/kbbm.be\/de\/forest-shop\/faune-forestiere-francaise\/","title":{"rendered":"Franz\u00f6sische Waldfauna"},"content":{"rendered":"","protected":false},"excerpt":{"rendered":"<p>Dieses sehr sch\u00f6ne Buch ist ein v\u00f6llig neuer F\u00fchrer \u00fcber die Waldfauna. Es erm\u00f6glicht dem Leser, diese faszinierende Welt zu verstehen und stellt f\u00fcr jede Art :<\/p>\n<ul>\n<li>seine Erkennungskriterien (mit Zeichnungen, Schreien dank Flashcodes...) ;<\/li>\n<li>ihre Biologie ;<\/li>\n<li>ihre Rollen und Funktionen in Wald\u00f6kosystemen ;<\/li>\n<li>Faktoren, die ihre Entwicklung f\u00f6rdern oder behindern ;<\/li>\n<li>ihre Verteilung, ihren Status und ihre wichtigsten Herausforderungen<\/li>\n<\/ul>\n<p>Im Sinne der Sammlung Flore foresti\u00e8re fran\u00e7aise enth\u00e4lt dieses Buch einf\u00fchrende Kapitel zu jeder gro\u00dfen Faunengruppe und eine Karteikarte pro Art, die wundersch\u00f6n mit Aquarellen illustriert ist, sowie ein umfassendes Lexikon und zwei Indizes (franz\u00f6sisch-lateinisch und lateinisch-franz\u00f6sisch). In Band 1 werden alle forstlichen Wirbeltiere, d.h. 237 Arten, vorgestellt.<\/p>\n<p>Zwischen einem praktischen Leitfaden und einem sch\u00f6nen Buch angesiedelt, richtet sich die franz\u00f6sische Waldfauna an alle Naturliebhaber, Forstleute oder Nicht-Forstleute, Berufst\u00e4tige oder Amateure, Lehrer und Studenten.<\/p>","protected":false},"featured_media":35460,"comment_status":"open","ping_status":"closed","template":"","meta":{"iawp_total_views":413},"product_brand":[],"product_cat":[691,693,690],"product_tag":[],"class_list":{"0":"post-35456","1":"product","2":"type-product","3":"status-publish","4":"has-post-thumbnail","6":"product_cat-biodiversite","7":"product_cat-foret-gibier","8":"product_cat-livres-illustres","10":"first","11":"instock","12":"shipping-taxable","13":"purchasable","14":"product-type-simple"},"yoast_head":"<!-- This site is optimized with the Yoast SEO plugin v27.4 - https:\/\/yoast.com\/product\/yoast-seo-wordpress\/ -->\n<title>Faune foresti\u00e8re fran\u00e7aise - SRFB<\/title>\n<meta name=\"description\" content=\"Les planches sont illustr\u00e9es de magnifiques photographies des habitats et de centaines d\u2019illustrations des esp\u00e8ces r\u00e9alis\u00e9es par un c\u00e9l\u00e8bre illustrateur.\" \/>\n<meta name=\"robots\" content=\"index, follow, max-snippet:-1, max-image-preview:large, max-video-preview:-1\" \/>\n<link rel=\"canonical\" href=\"https:\/\/www.kbbm.be\/en\/forest-shop\/french-forest-fauna\/\" \/>\n<meta property=\"og:locale\" content=\"de_DE\" \/>\n<meta property=\"og:type\" content=\"article\" \/>\n<meta property=\"og:title\" content=\"Faune foresti\u00e8re fran\u00e7aise - SRFB\" \/>\n<meta property=\"og:description\" content=\"Les planches sont illustr\u00e9es de magnifiques photographies des habitats et de centaines d\u2019illustrations des esp\u00e8ces r\u00e9alis\u00e9es par un c\u00e9l\u00e8bre illustrateur.\" \/>\n<meta property=\"og:url\" content=\"https:\/\/www.kbbm.be\/en\/forest-shop\/french-forest-fauna\/\" \/>\n<meta property=\"og:site_name\" content=\"Soci\u00e9t\u00e9 Royale Foresti\u00e8re de Belgique\" \/>\n<meta property=\"article:publisher\" content=\"https:\/\/www.facebook.com\/srfb.be\" \/>\n<meta property=\"article:modified_time\" content=\"2026-03-03T16:00:55+00:00\" \/>\n<meta property=\"og:image\" content=\"https:\/\/www.kbbm.be\/wp-content\/uploads\/2024\/03\/Faune-forestiere-scaled.jpg\" \/>\n\t<meta property=\"og:image:width\" content=\"1708\" \/>\n\t<meta property=\"og:image:height\" content=\"2560\" \/>\n\t<meta property=\"og:image:type\" content=\"image\/jpeg\" \/>\n<script type=\"application\/ld+json\" class=\"yoast-schema-graph\">{\"@context\":\"https:\\\/\\\/schema.org\",\"@graph\":[{\"@type\":\"WebPage\",\"@id\":\"https:\\\/\\\/www.kbbm.be\\\/en\\\/forest-shop\\\/french-forest-fauna\\\/\",\"url\":\"https:\\\/\\\/www.kbbm.be\\\/en\\\/forest-shop\\\/french-forest-fauna\\\/\",\"name\":\"Faune foresti\u00e8re fran\u00e7aise - SRFB\",\"isPartOf\":{\"@id\":\"https:\\\/\\\/srfb.be\\\/#website\"},\"primaryImageOfPage\":{\"@id\":\"https:\\\/\\\/www.kbbm.be\\\/en\\\/forest-shop\\\/french-forest-fauna\\\/#primaryimage\"},\"image\":{\"@id\":\"https:\\\/\\\/www.kbbm.be\\\/en\\\/forest-shop\\\/french-forest-fauna\\\/#primaryimage\"},\"thumbnailUrl\":\"https:\\\/\\\/kbbm.be\\\/wp-content\\\/uploads\\\/2024\\\/03\\\/Faune-forestiere-scaled.jpg\",\"datePublished\":\"2024-03-06T15:27:53+00:00\",\"dateModified\":\"2026-03-03T16:00:55+00:00\",\"description\":\"Les planches sont illustr\u00e9es de magnifiques photographies des habitats et de centaines d\u2019illustrations des esp\u00e8ces r\u00e9alis\u00e9es par un c\u00e9l\u00e8bre illustrateur.\",\"breadcrumb\":{\"@id\":\"https:\\\/\\\/www.kbbm.be\\\/en\\\/forest-shop\\\/french-forest-fauna\\\/#breadcrumb\"},\"inLanguage\":\"de\",\"potentialAction\":[{\"@type\":\"ReadAction\",\"target\":[\"https:\\\/\\\/www.kbbm.be\\\/en\\\/forest-shop\\\/french-forest-fauna\\\/\"]}]},{\"@type\":\"ImageObject\",\"inLanguage\":\"de\",\"@id\":\"https:\\\/\\\/www.kbbm.be\\\/en\\\/forest-shop\\\/french-forest-fauna\\\/#primaryimage\",\"url\":\"https:\\\/\\\/kbbm.be\\\/wp-content\\\/uploads\\\/2024\\\/03\\\/Faune-forestiere-scaled.jpg\",\"contentUrl\":\"https:\\\/\\\/kbbm.be\\\/wp-content\\\/uploads\\\/2024\\\/03\\\/Faune-forestiere-scaled.jpg\",\"width\":1708,\"height\":2560,\"caption\":\"Faune foresti\u00e8re\"},{\"@type\":\"BreadcrumbList\",\"@id\":\"https:\\\/\\\/www.kbbm.be\\\/en\\\/forest-shop\\\/french-forest-fauna\\\/#breadcrumb\",\"itemListElement\":[{\"@type\":\"ListItem\",\"position\":1,\"name\":\"Accueil\",\"item\":\"https:\\\/\\\/srfb.be\\\/en\\\/\"},{\"@type\":\"ListItem\",\"position\":2,\"name\":\"Produkte\",\"item\":\"https:\\\/\\\/srfb.be\\\/de\\\/shop\\\/\"},{\"@type\":\"ListItem\",\"position\":3,\"name\":\"Faune foresti\u00e8re fran\u00e7aise\"}]},{\"@type\":\"WebSite\",\"@id\":\"https:\\\/\\\/srfb.be\\\/#website\",\"url\":\"https:\\\/\\\/srfb.be\\\/\",\"name\":\"Soci\u00e9t\u00e9 Royale Foresti\u00e8re de Belgique\",\"description\":\"Au service de la for\u00eat et des forestiers\",\"publisher\":{\"@id\":\"https:\\\/\\\/srfb.be\\\/#organization\"},\"alternateName\":\"SRFB-KBBM\",\"potentialAction\":[{\"@type\":\"SearchAction\",\"target\":{\"@type\":\"EntryPoint\",\"urlTemplate\":\"https:\\\/\\\/srfb.be\\\/?s={search_term_string}\"},\"query-input\":{\"@type\":\"PropertyValueSpecification\",\"valueRequired\":true,\"valueName\":\"search_term_string\"}}],\"inLanguage\":\"de\"},{\"@type\":\"Organization\",\"@id\":\"https:\\\/\\\/srfb.be\\\/#organization\",\"name\":\"Soci\u00e9t\u00e9 Royale Foresti\u00e8re De Belgique - Koninklijke Belgische Bosbouwmaatschappij\",\"alternateName\":\"SRFB-KBBM\",\"url\":\"https:\\\/\\\/srfb.be\\\/\",\"logo\":{\"@type\":\"ImageObject\",\"inLanguage\":\"de\",\"@id\":\"https:\\\/\\\/srfb.be\\\/#\\\/schema\\\/logo\\\/image\\\/\",\"url\":\"https:\\\/\\\/srfb.be\\\/wp-content\\\/uploads\\\/2019\\\/06\\\/android-chrome-256x256.png\",\"contentUrl\":\"https:\\\/\\\/srfb.be\\\/wp-content\\\/uploads\\\/2019\\\/06\\\/android-chrome-256x256.png\",\"width\":1200,\"height\":1232,\"caption\":\"Soci\u00e9t\u00e9 Royale Foresti\u00e8re De Belgique - Koninklijke Belgische Bosbouwmaatschappij\"},\"image\":{\"@id\":\"https:\\\/\\\/srfb.be\\\/#\\\/schema\\\/logo\\\/image\\\/\"},\"sameAs\":[\"https:\\\/\\\/www.facebook.com\\\/srfb.be\",\"https:\\\/\\\/www.instagram.com\\\/srfb_kbbm\\\/\",\"https:\\\/\\\/www.linkedin.com\\\/company\\\/srfb-kbbm\\\/\",\"https:\\\/\\\/www.youtube.com\\\/user\\\/srfbkbbm\"]}]}<\/script>\n<!-- \/ Yoast SEO plugin. -->","yoast_head_json":{"title":"Franz\u00f6sische Waldfauna - SRFB","description":"Die Tafeln sind mit wundersch\u00f6nen Fotografien der Lebensr\u00e4ume und Hunderten von Abbildungen der Arten illustriert, die von einem ber\u00fchmten Illustrator angefertigt wurden.","robots":{"index":"index","follow":"follow","max-snippet":"max-snippet:-1","max-image-preview":"max-image-preview:large","max-video-preview":"max-video-preview:-1"},"canonical":"https:\/\/www.kbbm.be\/en\/forest-shop\/french-forest-fauna\/","og_locale":"de_DE","og_type":"article","og_title":"Faune foresti\u00e8re fran\u00e7aise - SRFB","og_description":"Les planches sont illustr\u00e9es de magnifiques photographies des habitats et de centaines d\u2019illustrations des esp\u00e8ces r\u00e9alis\u00e9es par un c\u00e9l\u00e8bre illustrateur.","og_url":"https:\/\/www.kbbm.be\/en\/forest-shop\/french-forest-fauna\/","og_site_name":"Soci\u00e9t\u00e9 Royale Foresti\u00e8re de Belgique","article_publisher":"https:\/\/www.facebook.com\/srfb.be","article_modified_time":"2026-03-03T16:00:55+00:00","og_image":[{"width":1708,"height":2560,"url":"https:\/\/www.kbbm.be\/wp-content\/uploads\/2024\/03\/Faune-forestiere-scaled.jpg","type":"image\/jpeg"}],"schema":{"@context":"https:\/\/schema.org","@graph":[{"@type":"WebPage","@id":"https:\/\/www.kbbm.be\/en\/forest-shop\/french-forest-fauna\/","url":"https:\/\/www.kbbm.be\/en\/forest-shop\/french-forest-fauna\/","name":"Franz\u00f6sische Waldfauna - SRFB","isPartOf":{"@id":"https:\/\/srfb.be\/#website"},"primaryImageOfPage":{"@id":"https:\/\/www.kbbm.be\/en\/forest-shop\/french-forest-fauna\/#primaryimage"},"image":{"@id":"https:\/\/www.kbbm.be\/en\/forest-shop\/french-forest-fauna\/#primaryimage"},"thumbnailUrl":"https:\/\/kbbm.be\/wp-content\/uploads\/2024\/03\/Faune-forestiere-scaled.jpg","datePublished":"2024-03-06T15:27:53+00:00","dateModified":"2026-03-03T16:00:55+00:00","description":"Die Tafeln sind mit wundersch\u00f6nen Fotografien der Lebensr\u00e4ume und Hunderten von Abbildungen der Arten illustriert, die von einem ber\u00fchmten Illustrator angefertigt wurden.","breadcrumb":{"@id":"https:\/\/www.kbbm.be\/en\/forest-shop\/french-forest-fauna\/#breadcrumb"},"inLanguage":"de","potentialAction":[{"@type":"ReadAction","target":["https:\/\/www.kbbm.be\/en\/forest-shop\/french-forest-fauna\/"]}]},{"@type":"ImageObject","inLanguage":"de","@id":"https:\/\/www.kbbm.be\/en\/forest-shop\/french-forest-fauna\/#primaryimage","url":"https:\/\/kbbm.be\/wp-content\/uploads\/2024\/03\/Faune-forestiere-scaled.jpg","contentUrl":"https:\/\/kbbm.be\/wp-content\/uploads\/2024\/03\/Faune-forestiere-scaled.jpg","width":1708,"height":2560,"caption":"Faune foresti\u00e8re"},{"@type":"BreadcrumbList","@id":"https:\/\/www.kbbm.be\/en\/forest-shop\/french-forest-fauna\/#breadcrumb","itemListElement":[{"@type":"ListItem","position":1,"name":"Accueil","item":"https:\/\/srfb.be\/en\/"},{"@type":"ListItem","position":2,"name":"Produkte","item":"https:\/\/srfb.be\/de\/shop\/"},{"@type":"ListItem","position":3,"name":"Faune foresti\u00e8re fran\u00e7aise"}]},{"@type":"WebSite","@id":"https:\/\/srfb.be\/#website","url":"https:\/\/srfb.be\/","name":"K\u00f6nigliche Forstverein Belgiens","description":"Im Dienste des Waldes und der F\u00f6rster","publisher":{"@id":"https:\/\/srfb.be\/#organization"},"alternateName":"SRFB-KBBM","potentialAction":[{"@type":"SearchAction","target":{"@type":"EntryPoint","urlTemplate":"https:\/\/srfb.be\/?s={search_term_string}"},"query-input":{"@type":"PropertyValueSpecification","valueRequired":true,"valueName":"search_term_string"}}],"inLanguage":"de"},{"@type":"Organization","@id":"https:\/\/srfb.be\/#organization","name":"Soci\u00e9t\u00e9 Royale Foresti\u00e8re De Belgique - Koninklijke Belgische Bosbouwmaatschappij","alternateName":"SRFB-KBBM","url":"https:\/\/srfb.be\/","logo":{"@type":"ImageObject","inLanguage":"de","@id":"https:\/\/srfb.be\/#\/schema\/logo\/image\/","url":"https:\/\/srfb.be\/wp-content\/uploads\/2019\/06\/android-chrome-256x256.png","contentUrl":"https:\/\/srfb.be\/wp-content\/uploads\/2019\/06\/android-chrome-256x256.png","width":1200,"height":1232,"caption":"Soci\u00e9t\u00e9 Royale Foresti\u00e8re De Belgique - Koninklijke Belgische Bosbouwmaatschappij"},"image":{"@id":"https:\/\/srfb.be\/#\/schema\/logo\/image\/"},"sameAs":["https:\/\/www.facebook.com\/srfb.be","https:\/\/www.instagram.com\/srfb_kbbm\/","https:\/\/www.linkedin.com\/company\/srfb-kbbm\/","https:\/\/www.youtube.com\/user\/srfbkbbm"]}]}},"_links":{"self":[{"href":"https:\/\/kbbm.be\/de\/wp-json\/wp\/v2\/product\/35456","targetHints":{"allow":["GET"]}}],"collection":[{"href":"https:\/\/kbbm.be\/de\/wp-json\/wp\/v2\/product"}],"about":[{"href":"https:\/\/kbbm.be\/de\/wp-json\/wp\/v2\/types\/product"}],"replies":[{"embeddable":true,"href":"https:\/\/kbbm.be\/de\/wp-json\/wp\/v2\/comments?post=35456"}],"wp:featuredmedia":[{"embeddable":true,"href":"https:\/\/kbbm.be\/de\/wp-json\/wp\/v2\/media\/35460"}],"wp:attachment":[{"href":"https:\/\/kbbm.be\/de\/wp-json\/wp\/v2\/media?parent=35456"}],"wp:term":[{"taxonomy":"product_brand","embeddable":true,"href":"https:\/\/kbbm.be\/de\/wp-json\/wp\/v2\/product_brand?post=35456"},{"taxonomy":"product_cat","embeddable":true,"href":"https:\/\/kbbm.be\/de\/wp-json\/wp\/v2\/product_cat?post=35456"},{"taxonomy":"product_tag","embeddable":true,"href":"https:\/\/kbbm.be\/de\/wp-json\/wp\/v2\/product_tag?post=35456"}],"curies":[{"name":"wp","href":"https:\/\/api.w.org\/{rel}","templated":true}]}}