{"id":33699,"date":"2023-08-31T17:33:02","date_gmt":"2023-08-31T15:33:02","guid":{"rendered":"https:\/\/srfb.be\/?post_type=product&#038;p=33699"},"modified":"2023-08-31T17:33:58","modified_gmt":"2023-08-31T15:33:58","slug":"birken-forstwirtschaft-westeuropas-aufstrebende-baumart","status":"publish","type":"product","link":"https:\/\/kbbm.be\/de\/forest-shop\/sylviculture-du-bouleau-lessence-montante-de-leurope-occidentale\/","title":{"rendered":"Birken-Forstwirtschaft: Westeuropas aufstrebende Baumart"},"content":{"rendered":"<p><strong>Fragen Sie sich, wie Sie Ihren Wald diversifizieren k\u00f6nnen? Sind Sie \u00fcberzeugt, dass die Birke eine Baumart mit Zukunft ist? Oder Sie denken: \"Birke ... damit k\u00f6nnen wir nichts anfangen\"? Dann ist dieser neue waldbauliche Leitfaden genau das Richtige f\u00fcr Sie!<\/strong><\/p>\n<p>In den letzten zwei Jahrzehnten haben der Klimawandel und Gesundheitsprobleme, die unsere wichtigsten Nutzwaldarten betreffen, die laufende Bewirtschaftung stark beeintr\u00e4chtigt und Zweifel an den Entscheidungen f\u00fcr den zuk\u00fcnftigen Wald ges\u00e4t. Die Notwendigkeit, die Best\u00e4nde zu diversifizieren und neue waldbauliche Strategien zu entwickeln, ist daher offensichtlich. Mehr denn je stehen wir vor einer Wende, die mit Bedacht und Ehrgeiz angegangen werden muss. Wie kann die Forstwirtschaft dazu beitragen, unsere W\u00e4lder an diese Ver\u00e4nderungen anzupassen? Welche Baumarten sollten jetzt f\u00fcr die Zukunft unserer W\u00e4lder gef\u00f6rdert werden?<\/p>\n<p>Jahrhundert mit der Fichte, im 20. Jahrhundert folgten andere wie die Douglasie, die amerikanische Roteiche und in j\u00fcngerer Zeit die Zeder oder die Thuja, um unsere Palette an Nutzholzarten zu bereichern. Ihre Ansiedlung ist mit Unsicherheiten behaftet: Werden diese Baumarten in unserem sich ver\u00e4ndernden Klima und auf unseren B\u00f6den gut gedeihen? Besteht nicht die Gefahr, dass sie Krankheiten einschleppen, invasiv werden und lokale Lebensr\u00e4ume oder Arten bedrohen? Leider werden sie auch von mehr oder weniger ernsthaften Gesundheitsproblemen befallen.<\/p>\n<p>Daher w\u00e4re es auch sinnvoll, die Baumarten unseres nat\u00fcrlichen Walderbes in die Forstwirtschaft zu integrieren. Die Birke, die bereitwillig Waldl\u00fccken nutzt, die durch Kahlschl\u00e4ge oder St\u00f6rungen entstanden sind, passt perfekt in diesen Kontext. Aufgrund ihrer zahlreichen waldbaulichen und \u00f6kologischen Vorteile und ihres Aufwertungspotenzials weckt sie bei den Waldbesitzern und der Holzindustrie zunehmend Neugierde. Doch erstaunlicherweise ist er, obwohl er vielleicht der einzige Baum ist, den jeder Neuling leicht an seiner charakteristischen wei\u00dfen Rinde erkennt, paradoxerweise den Forstleuten unbekannt und wurde in Westeuropa weitgehend unterbewertet. Es ist an der Zeit, ihn ins Rampenlicht zu r\u00fccken und zu lernen, wie man diesen robusten und willensstarken Baum z\u00e4hmt, der sich auf nat\u00fcrliche Weise in unsere geschundenen W\u00e4lder einschleicht, um als \u00dcbergangsverb\u00fcndeter den Platz von Baumarten einzunehmen, die in Schwierigkeiten stecken.<\/p>\n<p>Dies ist das Ziel dieses Leitfadens, der sich mit der Forstwirtschaft der Birke befasst. In einem ersten Teil werden die M\u00f6glichkeiten der Birke in Bezug auf die Waldbewirtschaftung und die Verwertung ihrer Produkte erl\u00e4utert. Im zweiten Teil werden die notwendigen Informationen zum Verst\u00e4ndnis des Birkenwaldes gegeben, bevor er in technischer Hinsicht in Birkenw\u00e4ldern und anhand einiger Mischungsbeispiele erl\u00e4utert wird.<\/p>","protected":false},"excerpt":{"rendered":"<p><strong>Fragen Sie sich, wie Sie Ihren Wald diversifizieren k\u00f6nnen? Sind Sie \u00fcberzeugt, dass die Birke eine Baumart mit Zukunft ist? Oder Sie denken: \"Birke ... damit k\u00f6nnen wir nichts anfangen\"? Dann ist dieser neue waldbauliche Leitfaden genau das Richtige f\u00fcr Sie!<\/strong><\/p>\n<p>In den letzten zwei Jahrzehnten haben der Klimawandel und Gesundheitsprobleme, die unsere wichtigsten Nutzwaldarten betreffen, die laufende Bewirtschaftung stark beeintr\u00e4chtigt und Zweifel an den Entscheidungen f\u00fcr den zuk\u00fcnftigen Wald ges\u00e4t. Die Notwendigkeit, die Best\u00e4nde zu diversifizieren und neue waldbauliche Strategien zu entwickeln, ist daher offensichtlich. Mehr denn je stehen wir vor einer Wende, die mit Bedacht und Ehrgeiz angegangen werden muss. Wie kann die Forstwirtschaft dazu beitragen, unsere W\u00e4lder an diese Ver\u00e4nderungen anzupassen? Welche Baumarten sollten jetzt f\u00fcr die Zukunft unserer W\u00e4lder gef\u00f6rdert werden?<\/p>","protected":false},"featured_media":33700,"comment_status":"closed","ping_status":"closed","template":"","meta":{"iawp_total_views":92},"product_brand":[],"product_cat":[688,314],"product_tag":[],"class_list":{"0":"post-33699","1":"product","2":"type-product","3":"status-publish","4":"has-post-thumbnail","6":"product_cat-sante-des-forets","7":"product_cat-sylviculture","9":"first","10":"instock","11":"shipping-taxable","12":"purchasable","13":"product-type-simple"},"yoast_head":"<!-- This site is optimized with the Yoast SEO plugin v27.4 - https:\/\/yoast.com\/product\/yoast-seo-wordpress\/ -->\n<title>Sylviculture du bouleau : L\u2019essence montante de l\u2019Europe occidentale - Soci\u00e9t\u00e9 Royale Foresti\u00e8re de Belgique<\/title>\n<meta name=\"robots\" content=\"index, follow, max-snippet:-1, max-image-preview:large, max-video-preview:-1\" \/>\n<link rel=\"canonical\" href=\"https:\/\/srfb.be\/nl\/forest-shop\/berkenbosbouw-de-opkomende-soort-in-west-europa\/\" \/>\n<meta property=\"og:locale\" content=\"de_DE\" \/>\n<meta property=\"og:type\" content=\"article\" \/>\n<meta property=\"og:title\" content=\"Sylviculture du bouleau : L\u2019essence montante de l\u2019Europe occidentale - Soci\u00e9t\u00e9 Royale Foresti\u00e8re de Belgique\" \/>\n<meta property=\"og:description\" content=\"Vous vous questionnez sur la mani\u00e8re de diversifier votre for\u00eat ? Vous \u00eates convaincu que le bouleau est une essence d\u2019avenir ? Ou vous pensez : \u00ab Le bouleau\u2026 on ne sait rien en faire. \u00bb Alors, ce nouveau guide sylvicole est fait pour vous !  Depuis deux d\u00e9cennies, les changements climatiques et les probl\u00e8mes sanitaires, qui affectent nos principales essences foresti\u00e8res de production, perturbent fortement la gestion courante et s\u00e8ment le doute quant aux d\u00e9cisions \u00e0 prendre pour la for\u00eat future. La n\u00e9cessit\u00e9 de diversifier les peuplements et de s\u2019ouvrir \u00e0 de nouvelles strat\u00e9gies sylvicoles devient d\u00e8s lors \u00e9vidente. Plus que jamais, nous amor\u00e7ons un virage qu\u2019il faut n\u00e9gocier avec r\u00e9flexion et ambition. Comment la sylviculture peut-elle contribuer \u00e0 adapter nos for\u00eats \u00e0 ces changements\u202f? Quelles essences favoriser maintenant pour le futur de nos for\u00eats ?\" \/>\n<meta property=\"og:url\" content=\"https:\/\/srfb.be\/nl\/forest-shop\/berkenbosbouw-de-opkomende-soort-in-west-europa\/\" \/>\n<meta property=\"og:site_name\" content=\"Soci\u00e9t\u00e9 Royale Foresti\u00e8re de Belgique\" \/>\n<meta property=\"article:publisher\" content=\"https:\/\/www.facebook.com\/srfb.be\" \/>\n<meta property=\"article:modified_time\" content=\"2023-08-31T15:33:58+00:00\" \/>\n<meta property=\"og:image\" content=\"https:\/\/srfb.be\/wp-content\/uploads\/2023\/08\/bouleau.png\" \/>\n\t<meta property=\"og:image:width\" content=\"1040\" \/>\n\t<meta property=\"og:image:height\" content=\"925\" \/>\n\t<meta property=\"og:image:type\" content=\"image\/png\" \/>\n<script type=\"application\/ld+json\" class=\"yoast-schema-graph\">{\"@context\":\"https:\\\/\\\/schema.org\",\"@graph\":[{\"@type\":\"WebPage\",\"@id\":\"https:\\\/\\\/srfb.be\\\/nl\\\/forest-shop\\\/berkenbosbouw-de-opkomende-soort-in-west-europa\\\/\",\"url\":\"https:\\\/\\\/srfb.be\\\/nl\\\/forest-shop\\\/berkenbosbouw-de-opkomende-soort-in-west-europa\\\/\",\"name\":\"Sylviculture du bouleau : L\u2019essence montante de l\u2019Europe occidentale - Soci\u00e9t\u00e9 Royale Foresti\u00e8re de Belgique\",\"isPartOf\":{\"@id\":\"https:\\\/\\\/srfb.be\\\/#website\"},\"primaryImageOfPage\":{\"@id\":\"https:\\\/\\\/srfb.be\\\/nl\\\/forest-shop\\\/berkenbosbouw-de-opkomende-soort-in-west-europa\\\/#primaryimage\"},\"image\":{\"@id\":\"https:\\\/\\\/srfb.be\\\/nl\\\/forest-shop\\\/berkenbosbouw-de-opkomende-soort-in-west-europa\\\/#primaryimage\"},\"thumbnailUrl\":\"https:\\\/\\\/kbbm.be\\\/wp-content\\\/uploads\\\/2023\\\/08\\\/bouleau.png\",\"datePublished\":\"2023-08-31T15:33:02+00:00\",\"dateModified\":\"2023-08-31T15:33:58+00:00\",\"breadcrumb\":{\"@id\":\"https:\\\/\\\/srfb.be\\\/nl\\\/forest-shop\\\/berkenbosbouw-de-opkomende-soort-in-west-europa\\\/#breadcrumb\"},\"inLanguage\":\"de\",\"potentialAction\":[{\"@type\":\"ReadAction\",\"target\":[\"https:\\\/\\\/srfb.be\\\/nl\\\/forest-shop\\\/berkenbosbouw-de-opkomende-soort-in-west-europa\\\/\"]}]},{\"@type\":\"ImageObject\",\"inLanguage\":\"de\",\"@id\":\"https:\\\/\\\/srfb.be\\\/nl\\\/forest-shop\\\/berkenbosbouw-de-opkomende-soort-in-west-europa\\\/#primaryimage\",\"url\":\"https:\\\/\\\/kbbm.be\\\/wp-content\\\/uploads\\\/2023\\\/08\\\/bouleau.png\",\"contentUrl\":\"https:\\\/\\\/kbbm.be\\\/wp-content\\\/uploads\\\/2023\\\/08\\\/bouleau.png\",\"width\":1040,\"height\":925,\"caption\":\"Sylviculture du bouleau - L\u2019essence montante de l\u2019Europe occidentale\"},{\"@type\":\"BreadcrumbList\",\"@id\":\"https:\\\/\\\/srfb.be\\\/nl\\\/forest-shop\\\/berkenbosbouw-de-opkomende-soort-in-west-europa\\\/#breadcrumb\",\"itemListElement\":[{\"@type\":\"ListItem\",\"position\":1,\"name\":\"Accueil\",\"item\":\"https:\\\/\\\/srfb.be\\\/\"},{\"@type\":\"ListItem\",\"position\":2,\"name\":\"Produkte\",\"item\":\"https:\\\/\\\/srfb.be\\\/de\\\/shop\\\/\"},{\"@type\":\"ListItem\",\"position\":3,\"name\":\"Sylviculture du bouleau : L\u2019essence montante de l\u2019Europe occidentale\"}]},{\"@type\":\"WebSite\",\"@id\":\"https:\\\/\\\/srfb.be\\\/#website\",\"url\":\"https:\\\/\\\/srfb.be\\\/\",\"name\":\"Soci\u00e9t\u00e9 Royale Foresti\u00e8re de Belgique\",\"description\":\"Au service de la for\u00eat et des forestiers\",\"publisher\":{\"@id\":\"https:\\\/\\\/srfb.be\\\/#organization\"},\"alternateName\":\"SRFB-KBBM\",\"potentialAction\":[{\"@type\":\"SearchAction\",\"target\":{\"@type\":\"EntryPoint\",\"urlTemplate\":\"https:\\\/\\\/srfb.be\\\/?s={search_term_string}\"},\"query-input\":{\"@type\":\"PropertyValueSpecification\",\"valueRequired\":true,\"valueName\":\"search_term_string\"}}],\"inLanguage\":\"de\"},{\"@type\":\"Organization\",\"@id\":\"https:\\\/\\\/srfb.be\\\/#organization\",\"name\":\"Soci\u00e9t\u00e9 Royale Foresti\u00e8re De Belgique - Koninklijke Belgische Bosbouwmaatschappij\",\"alternateName\":\"SRFB-KBBM\",\"url\":\"https:\\\/\\\/srfb.be\\\/\",\"logo\":{\"@type\":\"ImageObject\",\"inLanguage\":\"de\",\"@id\":\"https:\\\/\\\/srfb.be\\\/#\\\/schema\\\/logo\\\/image\\\/\",\"url\":\"https:\\\/\\\/srfb.be\\\/wp-content\\\/uploads\\\/2019\\\/06\\\/android-chrome-256x256.png\",\"contentUrl\":\"https:\\\/\\\/srfb.be\\\/wp-content\\\/uploads\\\/2019\\\/06\\\/android-chrome-256x256.png\",\"width\":1200,\"height\":1232,\"caption\":\"Soci\u00e9t\u00e9 Royale Foresti\u00e8re De Belgique - Koninklijke Belgische Bosbouwmaatschappij\"},\"image\":{\"@id\":\"https:\\\/\\\/srfb.be\\\/#\\\/schema\\\/logo\\\/image\\\/\"},\"sameAs\":[\"https:\\\/\\\/www.facebook.com\\\/srfb.be\",\"https:\\\/\\\/www.instagram.com\\\/srfb_kbbm\\\/\",\"https:\\\/\\\/www.linkedin.com\\\/company\\\/srfb-kbbm\\\/\",\"https:\\\/\\\/www.youtube.com\\\/user\\\/srfbkbbm\"]}]}<\/script>\n<!-- \/ Yoast SEO plugin. -->","yoast_head_json":{"title":"Sylviculture of the birch: The rising essence of Western Europe - Soci\u00e9t\u00e9 Royale Foresti\u00e8re de Belgique","robots":{"index":"index","follow":"follow","max-snippet":"max-snippet:-1","max-image-preview":"max-image-preview:large","max-video-preview":"max-video-preview:-1"},"canonical":"https:\/\/srfb.be\/nl\/forest-shop\/berkenbosbouw-de-opkomende-soort-in-west-europa\/","og_locale":"de_DE","og_type":"article","og_title":"Sylviculture du bouleau : L\u2019essence montante de l\u2019Europe occidentale - Soci\u00e9t\u00e9 Royale Foresti\u00e8re de Belgique","og_description":"Vous vous questionnez sur la mani\u00e8re de diversifier votre for\u00eat ? Vous \u00eates convaincu que le bouleau est une essence d\u2019avenir ? Ou vous pensez : \u00ab Le bouleau\u2026 on ne sait rien en faire. \u00bb Alors, ce nouveau guide sylvicole est fait pour vous !  Depuis deux d\u00e9cennies, les changements climatiques et les probl\u00e8mes sanitaires, qui affectent nos principales essences foresti\u00e8res de production, perturbent fortement la gestion courante et s\u00e8ment le doute quant aux d\u00e9cisions \u00e0 prendre pour la for\u00eat future. La n\u00e9cessit\u00e9 de diversifier les peuplements et de s\u2019ouvrir \u00e0 de nouvelles strat\u00e9gies sylvicoles devient d\u00e8s lors \u00e9vidente. Plus que jamais, nous amor\u00e7ons un virage qu\u2019il faut n\u00e9gocier avec r\u00e9flexion et ambition. Comment la sylviculture peut-elle contribuer \u00e0 adapter nos for\u00eats \u00e0 ces changements\u202f? Quelles essences favoriser maintenant pour le futur de nos for\u00eats ?","og_url":"https:\/\/srfb.be\/nl\/forest-shop\/berkenbosbouw-de-opkomende-soort-in-west-europa\/","og_site_name":"Soci\u00e9t\u00e9 Royale Foresti\u00e8re de Belgique","article_publisher":"https:\/\/www.facebook.com\/srfb.be","article_modified_time":"2023-08-31T15:33:58+00:00","og_image":[{"width":1040,"height":925,"url":"https:\/\/srfb.be\/wp-content\/uploads\/2023\/08\/bouleau.png","type":"image\/png"}],"schema":{"@context":"https:\/\/schema.org","@graph":[{"@type":"WebPage","@id":"https:\/\/srfb.be\/nl\/forest-shop\/berkenbosbouw-de-opkomende-soort-in-west-europa\/","url":"https:\/\/srfb.be\/nl\/forest-shop\/berkenbosbouw-de-opkomende-soort-in-west-europa\/","name":"Sylviculture of the birch: The rising essence of Western Europe - Soci\u00e9t\u00e9 Royale Foresti\u00e8re de Belgique","isPartOf":{"@id":"https:\/\/srfb.be\/#website"},"primaryImageOfPage":{"@id":"https:\/\/srfb.be\/nl\/forest-shop\/berkenbosbouw-de-opkomende-soort-in-west-europa\/#primaryimage"},"image":{"@id":"https:\/\/srfb.be\/nl\/forest-shop\/berkenbosbouw-de-opkomende-soort-in-west-europa\/#primaryimage"},"thumbnailUrl":"https:\/\/kbbm.be\/wp-content\/uploads\/2023\/08\/bouleau.png","datePublished":"2023-08-31T15:33:02+00:00","dateModified":"2023-08-31T15:33:58+00:00","breadcrumb":{"@id":"https:\/\/srfb.be\/nl\/forest-shop\/berkenbosbouw-de-opkomende-soort-in-west-europa\/#breadcrumb"},"inLanguage":"de","potentialAction":[{"@type":"ReadAction","target":["https:\/\/srfb.be\/nl\/forest-shop\/berkenbosbouw-de-opkomende-soort-in-west-europa\/"]}]},{"@type":"ImageObject","inLanguage":"de","@id":"https:\/\/srfb.be\/nl\/forest-shop\/berkenbosbouw-de-opkomende-soort-in-west-europa\/#primaryimage","url":"https:\/\/kbbm.be\/wp-content\/uploads\/2023\/08\/bouleau.png","contentUrl":"https:\/\/kbbm.be\/wp-content\/uploads\/2023\/08\/bouleau.png","width":1040,"height":925,"caption":"Sylviculture du bouleau - L\u2019essence montante de l\u2019Europe occidentale"},{"@type":"BreadcrumbList","@id":"https:\/\/srfb.be\/nl\/forest-shop\/berkenbosbouw-de-opkomende-soort-in-west-europa\/#breadcrumb","itemListElement":[{"@type":"ListItem","position":1,"name":"Accueil","item":"https:\/\/srfb.be\/"},{"@type":"ListItem","position":2,"name":"Produkte","item":"https:\/\/srfb.be\/de\/shop\/"},{"@type":"ListItem","position":3,"name":"Sylviculture du bouleau : L\u2019essence montante de l\u2019Europe occidentale"}]},{"@type":"WebSite","@id":"https:\/\/srfb.be\/#website","url":"https:\/\/srfb.be\/","name":"K\u00f6nigliche Forstverein Belgiens","description":"Im Dienste des Waldes und der F\u00f6rster","publisher":{"@id":"https:\/\/srfb.be\/#organization"},"alternateName":"SRFB-KBBM","potentialAction":[{"@type":"SearchAction","target":{"@type":"EntryPoint","urlTemplate":"https:\/\/srfb.be\/?s={search_term_string}"},"query-input":{"@type":"PropertyValueSpecification","valueRequired":true,"valueName":"search_term_string"}}],"inLanguage":"de"},{"@type":"Organization","@id":"https:\/\/srfb.be\/#organization","name":"Soci\u00e9t\u00e9 Royale Foresti\u00e8re De Belgique - Koninklijke Belgische Bosbouwmaatschappij","alternateName":"SRFB-KBBM","url":"https:\/\/srfb.be\/","logo":{"@type":"ImageObject","inLanguage":"de","@id":"https:\/\/srfb.be\/#\/schema\/logo\/image\/","url":"https:\/\/srfb.be\/wp-content\/uploads\/2019\/06\/android-chrome-256x256.png","contentUrl":"https:\/\/srfb.be\/wp-content\/uploads\/2019\/06\/android-chrome-256x256.png","width":1200,"height":1232,"caption":"Soci\u00e9t\u00e9 Royale Foresti\u00e8re De Belgique - Koninklijke Belgische Bosbouwmaatschappij"},"image":{"@id":"https:\/\/srfb.be\/#\/schema\/logo\/image\/"},"sameAs":["https:\/\/www.facebook.com\/srfb.be","https:\/\/www.instagram.com\/srfb_kbbm\/","https:\/\/www.linkedin.com\/company\/srfb-kbbm\/","https:\/\/www.youtube.com\/user\/srfbkbbm"]}]}},"_links":{"self":[{"href":"https:\/\/kbbm.be\/de\/wp-json\/wp\/v2\/product\/33699","targetHints":{"allow":["GET"]}}],"collection":[{"href":"https:\/\/kbbm.be\/de\/wp-json\/wp\/v2\/product"}],"about":[{"href":"https:\/\/kbbm.be\/de\/wp-json\/wp\/v2\/types\/product"}],"replies":[{"embeddable":true,"href":"https:\/\/kbbm.be\/de\/wp-json\/wp\/v2\/comments?post=33699"}],"wp:featuredmedia":[{"embeddable":true,"href":"https:\/\/kbbm.be\/de\/wp-json\/wp\/v2\/media\/33700"}],"wp:attachment":[{"href":"https:\/\/kbbm.be\/de\/wp-json\/wp\/v2\/media?parent=33699"}],"wp:term":[{"taxonomy":"product_brand","embeddable":true,"href":"https:\/\/kbbm.be\/de\/wp-json\/wp\/v2\/product_brand?post=33699"},{"taxonomy":"product_cat","embeddable":true,"href":"https:\/\/kbbm.be\/de\/wp-json\/wp\/v2\/product_cat?post=33699"},{"taxonomy":"product_tag","embeddable":true,"href":"https:\/\/kbbm.be\/de\/wp-json\/wp\/v2\/product_tag?post=33699"}],"curies":[{"name":"wp","href":"https:\/\/api.w.org\/{rel}","templated":true}]}}