{"id":31451,"date":"2023-06-06T10:36:49","date_gmt":"2023-06-06T08:36:49","guid":{"rendered":"https:\/\/srfb.be\/?post_type=product&#038;p=31451"},"modified":"2026-03-03T17:03:58","modified_gmt":"2026-03-03T16:03:58","slug":"arduinna","status":"publish","type":"product","link":"https:\/\/kbbm.be\/de\/forest-shop\/arduinna\/","title":{"rendered":"Arduinna"},"content":{"rendered":"","protected":false},"excerpt":{"rendered":"<p>Die sch\u00f6nsten Fotos der Ardennen im Dialog mit universellen Zitaten, ein Buch des Lichts und der inneren Suche. W\u00e4hrend die Forstliteratur voll von technischen und wissenschaftlichen Schriften ist, l\u00e4dt uns das vorliegende Buch zu einem entschieden anderen, intimen, kontemplativen und introspektiven Ansatz ein. Durch Dialoge zwischen (lokalen) Fotografien und (universellen) Zitaten wird der Leser zu einer Wiederverbindung eingeladen, sowohl mit seinen eigenen Wurzeln als auch mit denen der wilden Waldwelt in unseren Regionen.<\/p>\n<p><strong>24 x 24 cm - 172 Seiten<\/strong><\/p>\n<p>Autorin:\u00a0<strong>Philippe Mo\u00ebs<\/strong><\/p>","protected":false},"featured_media":31452,"comment_status":"closed","ping_status":"closed","template":"","meta":{"iawp_total_views":36},"product_brand":[],"product_cat":[691,693,690],"product_tag":[],"class_list":{"0":"post-31451","1":"product","2":"type-product","3":"status-publish","4":"has-post-thumbnail","6":"product_cat-biodiversite","7":"product_cat-foret-gibier","8":"product_cat-livres-illustres","10":"first","11":"instock","12":"shipping-taxable","13":"purchasable","14":"product-type-simple"},"yoast_head":"<!-- This site is optimized with the Yoast SEO plugin v27.4 - https:\/\/yoast.com\/product\/yoast-seo-wordpress\/ -->\n<title>Arduinna - SRFB<\/title>\n<meta name=\"description\" content=\"Les plus belles photos d\u2019Ardenne en dialogue avec des citations universelles, un livre de lumi\u00e8re et de qu\u00eate int\u00e9rieure.\" \/>\n<meta name=\"robots\" content=\"index, follow, max-snippet:-1, max-image-preview:large, max-video-preview:-1\" \/>\n<link rel=\"canonical\" href=\"https:\/\/kbbm.be\/de\/forest-shop\/arduinna\/\" \/>\n<meta property=\"og:locale\" content=\"de_DE\" \/>\n<meta property=\"og:type\" content=\"article\" \/>\n<meta property=\"og:title\" content=\"Arduinna - SRFB\" \/>\n<meta property=\"og:description\" content=\"Les plus belles photos d\u2019Ardenne en dialogue avec des citations universelles, un livre de lumi\u00e8re et de qu\u00eate int\u00e9rieure.\" \/>\n<meta property=\"og:url\" content=\"https:\/\/kbbm.be\/de\/forest-shop\/arduinna\/\" \/>\n<meta property=\"og:site_name\" content=\"Soci\u00e9t\u00e9 Royale Foresti\u00e8re de Belgique\" \/>\n<meta property=\"article:publisher\" content=\"https:\/\/www.facebook.com\/srfb.be\" \/>\n<meta property=\"article:modified_time\" content=\"2026-03-03T16:03:58+00:00\" \/>\n<meta property=\"og:image\" content=\"https:\/\/kbbm.be\/wp-content\/uploads\/2023\/06\/Arduinna-scaled-scaled.jpg\" \/>\n\t<meta property=\"og:image:width\" content=\"2551\" \/>\n\t<meta property=\"og:image:height\" content=\"2560\" \/>\n\t<meta property=\"og:image:type\" content=\"image\/jpeg\" \/>\n<script type=\"application\/ld+json\" class=\"yoast-schema-graph\">{\"@context\":\"https:\\\/\\\/schema.org\",\"@graph\":[{\"@type\":\"WebPage\",\"@id\":\"https:\\\/\\\/kbbm.be\\\/de\\\/forest-shop\\\/arduinna\\\/\",\"url\":\"https:\\\/\\\/kbbm.be\\\/de\\\/forest-shop\\\/arduinna\\\/\",\"name\":\"Arduinna - SRFB\",\"isPartOf\":{\"@id\":\"https:\\\/\\\/srfb.be\\\/#website\"},\"primaryImageOfPage\":{\"@id\":\"https:\\\/\\\/kbbm.be\\\/de\\\/forest-shop\\\/arduinna\\\/#primaryimage\"},\"image\":{\"@id\":\"https:\\\/\\\/kbbm.be\\\/de\\\/forest-shop\\\/arduinna\\\/#primaryimage\"},\"thumbnailUrl\":\"https:\\\/\\\/kbbm.be\\\/wp-content\\\/uploads\\\/2023\\\/06\\\/Arduinna-scaled-scaled.jpg\",\"datePublished\":\"2023-06-06T08:36:49+00:00\",\"dateModified\":\"2026-03-03T16:03:58+00:00\",\"description\":\"Les plus belles photos d\u2019Ardenne en dialogue avec des citations universelles, un livre de lumi\u00e8re et de qu\u00eate int\u00e9rieure.\",\"breadcrumb\":{\"@id\":\"https:\\\/\\\/kbbm.be\\\/de\\\/forest-shop\\\/arduinna\\\/#breadcrumb\"},\"inLanguage\":\"de\",\"potentialAction\":[{\"@type\":\"ReadAction\",\"target\":[\"https:\\\/\\\/kbbm.be\\\/de\\\/forest-shop\\\/arduinna\\\/\"]}]},{\"@type\":\"ImageObject\",\"inLanguage\":\"de\",\"@id\":\"https:\\\/\\\/kbbm.be\\\/de\\\/forest-shop\\\/arduinna\\\/#primaryimage\",\"url\":\"https:\\\/\\\/kbbm.be\\\/wp-content\\\/uploads\\\/2023\\\/06\\\/Arduinna-scaled-scaled.jpg\",\"contentUrl\":\"https:\\\/\\\/kbbm.be\\\/wp-content\\\/uploads\\\/2023\\\/06\\\/Arduinna-scaled-scaled.jpg\",\"width\":2551,\"height\":2560,\"caption\":\"Arduinna\"},{\"@type\":\"BreadcrumbList\",\"@id\":\"https:\\\/\\\/kbbm.be\\\/de\\\/forest-shop\\\/arduinna\\\/#breadcrumb\",\"itemListElement\":[{\"@type\":\"ListItem\",\"position\":1,\"name\":\"Accueil\",\"item\":\"https:\\\/\\\/srfb.be\\\/\"},{\"@type\":\"ListItem\",\"position\":2,\"name\":\"Produkte\",\"item\":\"https:\\\/\\\/srfb.be\\\/de\\\/shop\\\/\"},{\"@type\":\"ListItem\",\"position\":3,\"name\":\"Arduinna\"}]},{\"@type\":\"WebSite\",\"@id\":\"https:\\\/\\\/srfb.be\\\/#website\",\"url\":\"https:\\\/\\\/srfb.be\\\/\",\"name\":\"Soci\u00e9t\u00e9 Royale Foresti\u00e8re de Belgique\",\"description\":\"Au service de la for\u00eat et des forestiers\",\"publisher\":{\"@id\":\"https:\\\/\\\/srfb.be\\\/#organization\"},\"alternateName\":\"SRFB-KBBM\",\"potentialAction\":[{\"@type\":\"SearchAction\",\"target\":{\"@type\":\"EntryPoint\",\"urlTemplate\":\"https:\\\/\\\/srfb.be\\\/?s={search_term_string}\"},\"query-input\":{\"@type\":\"PropertyValueSpecification\",\"valueRequired\":true,\"valueName\":\"search_term_string\"}}],\"inLanguage\":\"de\"},{\"@type\":\"Organization\",\"@id\":\"https:\\\/\\\/srfb.be\\\/#organization\",\"name\":\"Soci\u00e9t\u00e9 Royale Foresti\u00e8re De Belgique - Koninklijke Belgische Bosbouwmaatschappij\",\"alternateName\":\"SRFB-KBBM\",\"url\":\"https:\\\/\\\/srfb.be\\\/\",\"logo\":{\"@type\":\"ImageObject\",\"inLanguage\":\"de\",\"@id\":\"https:\\\/\\\/srfb.be\\\/#\\\/schema\\\/logo\\\/image\\\/\",\"url\":\"https:\\\/\\\/srfb.be\\\/wp-content\\\/uploads\\\/2019\\\/06\\\/android-chrome-256x256.png\",\"contentUrl\":\"https:\\\/\\\/srfb.be\\\/wp-content\\\/uploads\\\/2019\\\/06\\\/android-chrome-256x256.png\",\"width\":1200,\"height\":1232,\"caption\":\"Soci\u00e9t\u00e9 Royale Foresti\u00e8re De Belgique - Koninklijke Belgische Bosbouwmaatschappij\"},\"image\":{\"@id\":\"https:\\\/\\\/srfb.be\\\/#\\\/schema\\\/logo\\\/image\\\/\"},\"sameAs\":[\"https:\\\/\\\/www.facebook.com\\\/srfb.be\",\"https:\\\/\\\/www.instagram.com\\\/srfb_kbbm\\\/\",\"https:\\\/\\\/www.linkedin.com\\\/company\\\/srfb-kbbm\\\/\",\"https:\\\/\\\/www.youtube.com\\\/user\\\/srfbkbbm\"]}]}<\/script>\n<!-- \/ Yoast SEO plugin. -->","yoast_head_json":{"title":"Arduinna - SRFB","description":"Die sch\u00f6nsten Fotos der Ardennen im Dialog mit universellen Zitaten, ein Buch des Lichts und der inneren Suche.","robots":{"index":"index","follow":"follow","max-snippet":"max-snippet:-1","max-image-preview":"max-image-preview:large","max-video-preview":"max-video-preview:-1"},"canonical":"https:\/\/kbbm.be\/de\/forest-shop\/arduinna\/","og_locale":"de_DE","og_type":"article","og_title":"Arduinna - SRFB","og_description":"Les plus belles photos d\u2019Ardenne en dialogue avec des citations universelles, un livre de lumi\u00e8re et de qu\u00eate int\u00e9rieure.","og_url":"https:\/\/kbbm.be\/de\/forest-shop\/arduinna\/","og_site_name":"Soci\u00e9t\u00e9 Royale Foresti\u00e8re de Belgique","article_publisher":"https:\/\/www.facebook.com\/srfb.be","article_modified_time":"2026-03-03T16:03:58+00:00","og_image":[{"width":2551,"height":2560,"url":"https:\/\/kbbm.be\/wp-content\/uploads\/2023\/06\/Arduinna-scaled-scaled.jpg","type":"image\/jpeg"}],"schema":{"@context":"https:\/\/schema.org","@graph":[{"@type":"WebPage","@id":"https:\/\/kbbm.be\/de\/forest-shop\/arduinna\/","url":"https:\/\/kbbm.be\/de\/forest-shop\/arduinna\/","name":"Arduinna - SRFB","isPartOf":{"@id":"https:\/\/srfb.be\/#website"},"primaryImageOfPage":{"@id":"https:\/\/kbbm.be\/de\/forest-shop\/arduinna\/#primaryimage"},"image":{"@id":"https:\/\/kbbm.be\/de\/forest-shop\/arduinna\/#primaryimage"},"thumbnailUrl":"https:\/\/kbbm.be\/wp-content\/uploads\/2023\/06\/Arduinna-scaled-scaled.jpg","datePublished":"2023-06-06T08:36:49+00:00","dateModified":"2026-03-03T16:03:58+00:00","description":"Die sch\u00f6nsten Fotos der Ardennen im Dialog mit universellen Zitaten, ein Buch des Lichts und der inneren Suche.","breadcrumb":{"@id":"https:\/\/kbbm.be\/de\/forest-shop\/arduinna\/#breadcrumb"},"inLanguage":"de","potentialAction":[{"@type":"ReadAction","target":["https:\/\/kbbm.be\/de\/forest-shop\/arduinna\/"]}]},{"@type":"ImageObject","inLanguage":"de","@id":"https:\/\/kbbm.be\/de\/forest-shop\/arduinna\/#primaryimage","url":"https:\/\/kbbm.be\/wp-content\/uploads\/2023\/06\/Arduinna-scaled-scaled.jpg","contentUrl":"https:\/\/kbbm.be\/wp-content\/uploads\/2023\/06\/Arduinna-scaled-scaled.jpg","width":2551,"height":2560,"caption":"Arduinna"},{"@type":"BreadcrumbList","@id":"https:\/\/kbbm.be\/de\/forest-shop\/arduinna\/#breadcrumb","itemListElement":[{"@type":"ListItem","position":1,"name":"Accueil","item":"https:\/\/srfb.be\/"},{"@type":"ListItem","position":2,"name":"Produkte","item":"https:\/\/srfb.be\/de\/shop\/"},{"@type":"ListItem","position":3,"name":"Arduinna"}]},{"@type":"WebSite","@id":"https:\/\/srfb.be\/#website","url":"https:\/\/srfb.be\/","name":"K\u00f6nigliche Forstverein Belgiens","description":"Im Dienste des Waldes und der F\u00f6rster","publisher":{"@id":"https:\/\/srfb.be\/#organization"},"alternateName":"SRFB-KBBM","potentialAction":[{"@type":"SearchAction","target":{"@type":"EntryPoint","urlTemplate":"https:\/\/srfb.be\/?s={search_term_string}"},"query-input":{"@type":"PropertyValueSpecification","valueRequired":true,"valueName":"search_term_string"}}],"inLanguage":"de"},{"@type":"Organization","@id":"https:\/\/srfb.be\/#organization","name":"Soci\u00e9t\u00e9 Royale Foresti\u00e8re De Belgique - Koninklijke Belgische Bosbouwmaatschappij","alternateName":"SRFB-KBBM","url":"https:\/\/srfb.be\/","logo":{"@type":"ImageObject","inLanguage":"de","@id":"https:\/\/srfb.be\/#\/schema\/logo\/image\/","url":"https:\/\/srfb.be\/wp-content\/uploads\/2019\/06\/android-chrome-256x256.png","contentUrl":"https:\/\/srfb.be\/wp-content\/uploads\/2019\/06\/android-chrome-256x256.png","width":1200,"height":1232,"caption":"Soci\u00e9t\u00e9 Royale Foresti\u00e8re De Belgique - Koninklijke Belgische Bosbouwmaatschappij"},"image":{"@id":"https:\/\/srfb.be\/#\/schema\/logo\/image\/"},"sameAs":["https:\/\/www.facebook.com\/srfb.be","https:\/\/www.instagram.com\/srfb_kbbm\/","https:\/\/www.linkedin.com\/company\/srfb-kbbm\/","https:\/\/www.youtube.com\/user\/srfbkbbm"]}]}},"_links":{"self":[{"href":"https:\/\/kbbm.be\/de\/wp-json\/wp\/v2\/product\/31451","targetHints":{"allow":["GET"]}}],"collection":[{"href":"https:\/\/kbbm.be\/de\/wp-json\/wp\/v2\/product"}],"about":[{"href":"https:\/\/kbbm.be\/de\/wp-json\/wp\/v2\/types\/product"}],"replies":[{"embeddable":true,"href":"https:\/\/kbbm.be\/de\/wp-json\/wp\/v2\/comments?post=31451"}],"wp:featuredmedia":[{"embeddable":true,"href":"https:\/\/kbbm.be\/de\/wp-json\/wp\/v2\/media\/31452"}],"wp:attachment":[{"href":"https:\/\/kbbm.be\/de\/wp-json\/wp\/v2\/media?parent=31451"}],"wp:term":[{"taxonomy":"product_brand","embeddable":true,"href":"https:\/\/kbbm.be\/de\/wp-json\/wp\/v2\/product_brand?post=31451"},{"taxonomy":"product_cat","embeddable":true,"href":"https:\/\/kbbm.be\/de\/wp-json\/wp\/v2\/product_cat?post=31451"},{"taxonomy":"product_tag","embeddable":true,"href":"https:\/\/kbbm.be\/de\/wp-json\/wp\/v2\/product_tag?post=31451"}],"curies":[{"name":"wp","href":"https:\/\/api.w.org\/{rel}","templated":true}]}}