{"id":10898,"date":"2020-03-20T14:50:45","date_gmt":"2020-03-20T14:50:45","guid":{"rendered":"https:\/\/new.srfb.be\/?post_type=product&#038;p=10898"},"modified":"2026-03-03T16:58:27","modified_gmt":"2026-03-03T15:58:27","slug":"foret-et-carbone","status":"publish","type":"product","link":"https:\/\/kbbm.be\/de\/forest-shop\/foret-et-carbone\/","title":{"rendered":"Wald und Kohlenstoff"},"content":{"rendered":"","protected":false},"excerpt":{"rendered":"<p>Verstehen, handeln, wertsch\u00e4tzen<br \/>\nDieses Buch zeigt, dass der Wald eine herausragende Rolle im Kampf gegen den Klimawandel spielt. Der Wald bindet jedes Jahr einen Teil der Treibhausgasemissionen und mildert so die Auswirkungen des Klimawandels. Dar\u00fcber hinaus speichern verarbeitete Holzprodukte w\u00e4hrend ihres gesamten Lebens Kohlenstoff. Beim Bauen ersetzt Holz energieintensive Materialien; und als Brennstoff wirkt es der Ersch\u00f6pfung nicht erneuerbarer Ressourcen entgegen. Ein Waldbesitzer, der sich fragt, welchen Anteil sein Wald an der Energieversorgung haben kann, sollte sich mit der Frage besch\u00e4ftigen, wie viel Energie sein Wald in die Energieversorgung einbringen kann.<br \/>\ndie Abschw\u00e4chung des Klimawandels finden in diesem zusammenfassenden Buch alles, was sie \u00fcber das Thema wissen m\u00fcssen.<br \/>\n16 x 24 cm, 160 Seiten<\/p>","protected":false},"featured_media":10902,"comment_status":"open","ping_status":"closed","template":"","meta":{"iawp_total_views":83},"product_brand":[],"product_cat":[692,314],"product_tag":[],"class_list":{"0":"post-10898","1":"product","2":"type-product","3":"status-publish","4":"has-post-thumbnail","6":"product_cat-arboretum","7":"product_cat-sylviculture","9":"first","10":"instock","11":"shipping-taxable","12":"purchasable","13":"product-type-simple"},"yoast_head":"<!-- This site is optimized with the Yoast SEO plugin v27.4 - https:\/\/yoast.com\/product\/yoast-seo-wordpress\/ -->\n<title>For\u00eat et carbone - SRFB<\/title>\n<meta name=\"description\" content=\"Comprendre, agir, valoriser. Ce livre d\u00e9montre que la for\u00eat joue un r\u00f4le primordial dans la lutte contre le changement climatique.\" \/>\n<meta name=\"robots\" content=\"index, follow, max-snippet:-1, max-image-preview:large, max-video-preview:-1\" \/>\n<link rel=\"canonical\" href=\"https:\/\/www.kbbm.be\/nl\/forest-shop\/foret-et-carbone\/\" \/>\n<meta property=\"og:locale\" content=\"de_DE\" \/>\n<meta property=\"og:type\" content=\"article\" \/>\n<meta property=\"og:title\" content=\"For\u00eat et carbone - SRFB\" \/>\n<meta property=\"og:description\" content=\"Comprendre, agir, valoriser. Ce livre d\u00e9montre que la for\u00eat joue un r\u00f4le primordial dans la lutte contre le changement climatique.\" \/>\n<meta property=\"og:url\" content=\"https:\/\/www.kbbm.be\/nl\/forest-shop\/foret-et-carbone\/\" \/>\n<meta property=\"og:site_name\" content=\"Soci\u00e9t\u00e9 Royale Foresti\u00e8re de Belgique\" \/>\n<meta property=\"article:publisher\" content=\"https:\/\/www.facebook.com\/srfb.be\" \/>\n<meta property=\"article:modified_time\" content=\"2026-03-03T15:58:27+00:00\" \/>\n<meta property=\"og:image\" content=\"https:\/\/www.kbbm.be\/wp-content\/uploads\/2020\/03\/Foret_et_carbone.jpg\" \/>\n\t<meta property=\"og:image:width\" content=\"1201\" \/>\n\t<meta property=\"og:image:height\" content=\"1700\" \/>\n\t<meta property=\"og:image:type\" content=\"image\/jpeg\" \/>\n<script type=\"application\/ld+json\" class=\"yoast-schema-graph\">{\"@context\":\"https:\\\/\\\/schema.org\",\"@graph\":[{\"@type\":\"WebPage\",\"@id\":\"https:\\\/\\\/www.kbbm.be\\\/nl\\\/forest-shop\\\/foret-et-carbone\\\/\",\"url\":\"https:\\\/\\\/www.kbbm.be\\\/nl\\\/forest-shop\\\/foret-et-carbone\\\/\",\"name\":\"For\u00eat et carbone - SRFB\",\"isPartOf\":{\"@id\":\"https:\\\/\\\/kbbm.be\\\/en\\\/#website\"},\"primaryImageOfPage\":{\"@id\":\"https:\\\/\\\/www.kbbm.be\\\/nl\\\/forest-shop\\\/foret-et-carbone\\\/#primaryimage\"},\"image\":{\"@id\":\"https:\\\/\\\/www.kbbm.be\\\/nl\\\/forest-shop\\\/foret-et-carbone\\\/#primaryimage\"},\"thumbnailUrl\":\"https:\\\/\\\/kbbm.be\\\/wp-content\\\/uploads\\\/2020\\\/03\\\/Foret_et_carbone.jpg\",\"datePublished\":\"2020-03-20T14:50:45+00:00\",\"dateModified\":\"2026-03-03T15:58:27+00:00\",\"description\":\"Comprendre, agir, valoriser. Ce livre d\u00e9montre que la for\u00eat joue un r\u00f4le primordial dans la lutte contre le changement climatique.\",\"breadcrumb\":{\"@id\":\"https:\\\/\\\/www.kbbm.be\\\/nl\\\/forest-shop\\\/foret-et-carbone\\\/#breadcrumb\"},\"inLanguage\":\"de\",\"potentialAction\":[{\"@type\":\"ReadAction\",\"target\":[\"https:\\\/\\\/www.kbbm.be\\\/nl\\\/forest-shop\\\/foret-et-carbone\\\/\"]}]},{\"@type\":\"ImageObject\",\"inLanguage\":\"de\",\"@id\":\"https:\\\/\\\/www.kbbm.be\\\/nl\\\/forest-shop\\\/foret-et-carbone\\\/#primaryimage\",\"url\":\"https:\\\/\\\/kbbm.be\\\/wp-content\\\/uploads\\\/2020\\\/03\\\/Foret_et_carbone.jpg\",\"contentUrl\":\"https:\\\/\\\/kbbm.be\\\/wp-content\\\/uploads\\\/2020\\\/03\\\/Foret_et_carbone.jpg\",\"width\":1201,\"height\":1700},{\"@type\":\"BreadcrumbList\",\"@id\":\"https:\\\/\\\/www.kbbm.be\\\/nl\\\/forest-shop\\\/foret-et-carbone\\\/#breadcrumb\",\"itemListElement\":[{\"@type\":\"ListItem\",\"position\":1,\"name\":\"Accueil\",\"item\":\"https:\\\/\\\/kbbm.be\\\/en\\\/\"},{\"@type\":\"ListItem\",\"position\":2,\"name\":\"Produits\",\"item\":\"https:\\\/\\\/srfb.be\\\/shop\\\/\"},{\"@type\":\"ListItem\",\"position\":3,\"name\":\"For\u00eat et carbone\"}]},{\"@type\":\"WebSite\",\"@id\":\"https:\\\/\\\/kbbm.be\\\/en\\\/#website\",\"url\":\"https:\\\/\\\/kbbm.be\\\/en\\\/\",\"name\":\"Soci\u00e9t\u00e9 Royale Foresti\u00e8re de Belgique\",\"description\":\"Au service de la for\u00eat et des forestiers\",\"publisher\":{\"@id\":\"https:\\\/\\\/kbbm.be\\\/en\\\/#organization\"},\"alternateName\":\"SRFB-KBBM\",\"potentialAction\":[{\"@type\":\"SearchAction\",\"target\":{\"@type\":\"EntryPoint\",\"urlTemplate\":\"https:\\\/\\\/kbbm.be\\\/en\\\/?s={search_term_string}\"},\"query-input\":{\"@type\":\"PropertyValueSpecification\",\"valueRequired\":true,\"valueName\":\"search_term_string\"}}],\"inLanguage\":\"de\"},{\"@type\":\"Organization\",\"@id\":\"https:\\\/\\\/kbbm.be\\\/en\\\/#organization\",\"name\":\"Soci\u00e9t\u00e9 Royale Foresti\u00e8re De Belgique - Koninklijke Belgische Bosbouwmaatschappij\",\"alternateName\":\"SRFB-KBBM\",\"url\":\"https:\\\/\\\/kbbm.be\\\/en\\\/\",\"logo\":{\"@type\":\"ImageObject\",\"inLanguage\":\"de\",\"@id\":\"https:\\\/\\\/kbbm.be\\\/en\\\/#\\\/schema\\\/logo\\\/image\\\/\",\"url\":\"https:\\\/\\\/srfb.be\\\/wp-content\\\/uploads\\\/2019\\\/06\\\/android-chrome-256x256.png\",\"contentUrl\":\"https:\\\/\\\/srfb.be\\\/wp-content\\\/uploads\\\/2019\\\/06\\\/android-chrome-256x256.png\",\"width\":1200,\"height\":1232,\"caption\":\"Soci\u00e9t\u00e9 Royale Foresti\u00e8re De Belgique - Koninklijke Belgische Bosbouwmaatschappij\"},\"image\":{\"@id\":\"https:\\\/\\\/kbbm.be\\\/en\\\/#\\\/schema\\\/logo\\\/image\\\/\"},\"sameAs\":[\"https:\\\/\\\/www.facebook.com\\\/srfb.be\",\"https:\\\/\\\/www.instagram.com\\\/srfb_kbbm\\\/\",\"https:\\\/\\\/www.linkedin.com\\\/company\\\/srfb-kbbm\\\/\",\"https:\\\/\\\/www.youtube.com\\\/user\\\/srfbkbbm\"]}]}<\/script>\n<!-- \/ Yoast SEO plugin. -->","yoast_head_json":{"title":"Wald und Kohlenstoff - SRFB","description":"Verstehen, handeln, aufwerten. Dieses Buch zeigt, dass der Wald eine entscheidende Rolle im Kampf gegen den Klimawandel spielt.","robots":{"index":"index","follow":"follow","max-snippet":"max-snippet:-1","max-image-preview":"max-image-preview:large","max-video-preview":"max-video-preview:-1"},"canonical":"https:\/\/www.kbbm.be\/nl\/forest-shop\/foret-et-carbone\/","og_locale":"de_DE","og_type":"article","og_title":"For\u00eat et carbone - SRFB","og_description":"Comprendre, agir, valoriser. Ce livre d\u00e9montre que la for\u00eat joue un r\u00f4le primordial dans la lutte contre le changement climatique.","og_url":"https:\/\/www.kbbm.be\/nl\/forest-shop\/foret-et-carbone\/","og_site_name":"Soci\u00e9t\u00e9 Royale Foresti\u00e8re de Belgique","article_publisher":"https:\/\/www.facebook.com\/srfb.be","article_modified_time":"2026-03-03T15:58:27+00:00","og_image":[{"width":1201,"height":1700,"url":"https:\/\/www.kbbm.be\/wp-content\/uploads\/2020\/03\/Foret_et_carbone.jpg","type":"image\/jpeg"}],"schema":{"@context":"https:\/\/schema.org","@graph":[{"@type":"WebPage","@id":"https:\/\/www.kbbm.be\/nl\/forest-shop\/foret-et-carbone\/","url":"https:\/\/www.kbbm.be\/nl\/forest-shop\/foret-et-carbone\/","name":"Wald und Kohlenstoff - SRFB","isPartOf":{"@id":"https:\/\/kbbm.be\/en\/#website"},"primaryImageOfPage":{"@id":"https:\/\/www.kbbm.be\/nl\/forest-shop\/foret-et-carbone\/#primaryimage"},"image":{"@id":"https:\/\/www.kbbm.be\/nl\/forest-shop\/foret-et-carbone\/#primaryimage"},"thumbnailUrl":"https:\/\/kbbm.be\/wp-content\/uploads\/2020\/03\/Foret_et_carbone.jpg","datePublished":"2020-03-20T14:50:45+00:00","dateModified":"2026-03-03T15:58:27+00:00","description":"Verstehen, handeln, aufwerten. Dieses Buch zeigt, dass der Wald eine entscheidende Rolle im Kampf gegen den Klimawandel spielt.","breadcrumb":{"@id":"https:\/\/www.kbbm.be\/nl\/forest-shop\/foret-et-carbone\/#breadcrumb"},"inLanguage":"de","potentialAction":[{"@type":"ReadAction","target":["https:\/\/www.kbbm.be\/nl\/forest-shop\/foret-et-carbone\/"]}]},{"@type":"ImageObject","inLanguage":"de","@id":"https:\/\/www.kbbm.be\/nl\/forest-shop\/foret-et-carbone\/#primaryimage","url":"https:\/\/kbbm.be\/wp-content\/uploads\/2020\/03\/Foret_et_carbone.jpg","contentUrl":"https:\/\/kbbm.be\/wp-content\/uploads\/2020\/03\/Foret_et_carbone.jpg","width":1201,"height":1700},{"@type":"BreadcrumbList","@id":"https:\/\/www.kbbm.be\/nl\/forest-shop\/foret-et-carbone\/#breadcrumb","itemListElement":[{"@type":"ListItem","position":1,"name":"Accueil","item":"https:\/\/kbbm.be\/en\/"},{"@type":"ListItem","position":2,"name":"Produits","item":"https:\/\/srfb.be\/shop\/"},{"@type":"ListItem","position":3,"name":"For\u00eat et carbone"}]},{"@type":"WebSite","@id":"https:\/\/kbbm.be\/en\/#website","url":"https:\/\/kbbm.be\/en\/","name":"K\u00f6nigliche Forstverein Belgiens","description":"Im Dienste des Waldes und der F\u00f6rster","publisher":{"@id":"https:\/\/kbbm.be\/en\/#organization"},"alternateName":"SRFB-KBBM","potentialAction":[{"@type":"SearchAction","target":{"@type":"EntryPoint","urlTemplate":"https:\/\/kbbm.be\/en\/?s={search_term_string}"},"query-input":{"@type":"PropertyValueSpecification","valueRequired":true,"valueName":"search_term_string"}}],"inLanguage":"de"},{"@type":"Organization","@id":"https:\/\/kbbm.be\/en\/#organization","name":"Soci\u00e9t\u00e9 Royale Foresti\u00e8re De Belgique - Koninklijke Belgische Bosbouwmaatschappij","alternateName":"SRFB-KBBM","url":"https:\/\/kbbm.be\/en\/","logo":{"@type":"ImageObject","inLanguage":"de","@id":"https:\/\/kbbm.be\/en\/#\/schema\/logo\/image\/","url":"https:\/\/srfb.be\/wp-content\/uploads\/2019\/06\/android-chrome-256x256.png","contentUrl":"https:\/\/srfb.be\/wp-content\/uploads\/2019\/06\/android-chrome-256x256.png","width":1200,"height":1232,"caption":"Soci\u00e9t\u00e9 Royale Foresti\u00e8re De Belgique - Koninklijke Belgische Bosbouwmaatschappij"},"image":{"@id":"https:\/\/kbbm.be\/en\/#\/schema\/logo\/image\/"},"sameAs":["https:\/\/www.facebook.com\/srfb.be","https:\/\/www.instagram.com\/srfb_kbbm\/","https:\/\/www.linkedin.com\/company\/srfb-kbbm\/","https:\/\/www.youtube.com\/user\/srfbkbbm"]}]}},"_links":{"self":[{"href":"https:\/\/kbbm.be\/de\/wp-json\/wp\/v2\/product\/10898","targetHints":{"allow":["GET"]}}],"collection":[{"href":"https:\/\/kbbm.be\/de\/wp-json\/wp\/v2\/product"}],"about":[{"href":"https:\/\/kbbm.be\/de\/wp-json\/wp\/v2\/types\/product"}],"replies":[{"embeddable":true,"href":"https:\/\/kbbm.be\/de\/wp-json\/wp\/v2\/comments?post=10898"}],"wp:featuredmedia":[{"embeddable":true,"href":"https:\/\/kbbm.be\/de\/wp-json\/wp\/v2\/media\/10902"}],"wp:attachment":[{"href":"https:\/\/kbbm.be\/de\/wp-json\/wp\/v2\/media?parent=10898"}],"wp:term":[{"taxonomy":"product_brand","embeddable":true,"href":"https:\/\/kbbm.be\/de\/wp-json\/wp\/v2\/product_brand?post=10898"},{"taxonomy":"product_cat","embeddable":true,"href":"https:\/\/kbbm.be\/de\/wp-json\/wp\/v2\/product_cat?post=10898"},{"taxonomy":"product_tag","embeddable":true,"href":"https:\/\/kbbm.be\/de\/wp-json\/wp\/v2\/product_tag?post=10898"}],"curies":[{"name":"wp","href":"https:\/\/api.w.org\/{rel}","templated":true}]}}