{"id":10688,"date":"2020-03-19T16:30:45","date_gmt":"2020-03-19T15:30:45","guid":{"rendered":"https:\/\/new.srfb.be\/?post_type=product&#038;p=10688"},"modified":"2024-10-22T00:26:40","modified_gmt":"2024-10-21T22:26:40","slug":"traitement-des-futaies-irregulieres","status":"publish","type":"product","link":"https:\/\/kbbm.be\/de\/forest-shop\/traitement-des-futaies-irregulieres\/","title":{"rendered":"Behandlung von unregelm\u00e4\u00dfigem Hochwald"},"content":{"rendered":"","protected":false},"excerpt":{"rendered":"<p>Dieses Buch vermittelt Wissen, Methoden und Praktiken, um seinen Wald mit unregelm\u00e4\u00dfigem Hochwald zu bewirtschaften. Das Buch ist auch ein Arbeitsinstrument f\u00fcr eine effiziente waldbauliche Praxis und optimierte Ernten. Dem Buch liegt eine 13-min\u00fctige DVD mit dem Titel \u00abDie Walddynamik: ein entscheidender Verb\u00fcndeter\u00bb bei.<br \/>\n17 x 15 cm, 144 Seiten<\/p>","protected":false},"featured_media":10689,"comment_status":"open","ping_status":"closed","template":"","meta":{"iawp_total_views":29},"product_brand":[],"product_cat":[688,314],"product_tag":[],"class_list":{"0":"post-10688","1":"product","2":"type-product","3":"status-publish","4":"has-post-thumbnail","6":"product_cat-sante-des-forets","7":"product_cat-sylviculture","9":"first","10":"outofstock","11":"shipping-taxable","12":"purchasable","13":"product-type-simple"},"yoast_head":"<!-- This site is optimized with the Yoast SEO plugin v27.4 - https:\/\/yoast.com\/product\/yoast-seo-wordpress\/ -->\n<title>Traitement des futaies irr\u00e9guli\u00e8res - Soci\u00e9t\u00e9 Royale Foresti\u00e8re de Belgique<\/title>\n<meta name=\"robots\" content=\"index, follow, max-snippet:-1, max-image-preview:large, max-video-preview:-1\" \/>\n<link rel=\"canonical\" href=\"https:\/\/kbbm.be\/de\/forest-shop\/traitement-des-futaies-irregulieres\/\" \/>\n<meta property=\"og:locale\" content=\"de_DE\" \/>\n<meta property=\"og:type\" content=\"article\" \/>\n<meta property=\"og:title\" content=\"Traitement des futaies irr\u00e9guli\u00e8res - Soci\u00e9t\u00e9 Royale Foresti\u00e8re de Belgique\" \/>\n<meta property=\"og:description\" content=\"Cet ouvrage apporte connaissances, m\u00e9thodes et pratiques pour g\u00e9rer sa for\u00eat en futaie irr\u00e9guli\u00e8re. Cet ouvrage est \u00e9galement un outil de travail pour une pratique sylvicole efficace et des r\u00e9coltes optimis\u00e9es. Le livre est accompagn\u00e9 d\u2019un DVD de treize minutes intitul\u00e9 \u00ab La dynamique foresti\u00e8re : un alli\u00e9 d\u00e9cisif \u00bb. 17 x 15 cm, 144 pages\" \/>\n<meta property=\"og:url\" content=\"https:\/\/kbbm.be\/de\/forest-shop\/traitement-des-futaies-irregulieres\/\" \/>\n<meta property=\"og:site_name\" content=\"Soci\u00e9t\u00e9 Royale Foresti\u00e8re de Belgique\" \/>\n<meta property=\"article:publisher\" content=\"https:\/\/www.facebook.com\/srfb.be\" \/>\n<meta property=\"article:modified_time\" content=\"2024-10-21T22:26:40+00:00\" \/>\n<meta property=\"og:image\" content=\"https:\/\/kbbm.be\/wp-content\/uploads\/2020\/03\/traitement-futaie-irr\u00e9guli\u00e8re-scaled.jpg\" \/>\n\t<meta property=\"og:image:width\" content=\"1185\" \/>\n\t<meta property=\"og:image:height\" content=\"1700\" \/>\n\t<meta property=\"og:image:type\" content=\"image\/jpeg\" \/>\n<script type=\"application\/ld+json\" class=\"yoast-schema-graph\">{\"@context\":\"https:\\\/\\\/schema.org\",\"@graph\":[{\"@type\":\"WebPage\",\"@id\":\"https:\\\/\\\/kbbm.be\\\/forest-shop\\\/traitement-des-futaies-irregulieres\\\/\",\"url\":\"https:\\\/\\\/kbbm.be\\\/forest-shop\\\/traitement-des-futaies-irregulieres\\\/\",\"name\":\"Traitement des futaies irr\u00e9guli\u00e8res - Soci\u00e9t\u00e9 Royale Foresti\u00e8re de Belgique\",\"isPartOf\":{\"@id\":\"https:\\\/\\\/kbbm.be\\\/en\\\/#website\"},\"primaryImageOfPage\":{\"@id\":\"https:\\\/\\\/kbbm.be\\\/forest-shop\\\/traitement-des-futaies-irregulieres\\\/#primaryimage\"},\"image\":{\"@id\":\"https:\\\/\\\/kbbm.be\\\/forest-shop\\\/traitement-des-futaies-irregulieres\\\/#primaryimage\"},\"thumbnailUrl\":\"https:\\\/\\\/kbbm.be\\\/wp-content\\\/uploads\\\/2020\\\/03\\\/traitement-futaie-irr\u00e9guli\u00e8re-scaled.jpg\",\"datePublished\":\"2020-03-19T15:30:45+00:00\",\"dateModified\":\"2024-10-21T22:26:40+00:00\",\"breadcrumb\":{\"@id\":\"https:\\\/\\\/kbbm.be\\\/forest-shop\\\/traitement-des-futaies-irregulieres\\\/#breadcrumb\"},\"inLanguage\":\"de\",\"potentialAction\":[{\"@type\":\"ReadAction\",\"target\":[\"https:\\\/\\\/kbbm.be\\\/forest-shop\\\/traitement-des-futaies-irregulieres\\\/\"]}]},{\"@type\":\"ImageObject\",\"inLanguage\":\"de\",\"@id\":\"https:\\\/\\\/kbbm.be\\\/forest-shop\\\/traitement-des-futaies-irregulieres\\\/#primaryimage\",\"url\":\"https:\\\/\\\/kbbm.be\\\/wp-content\\\/uploads\\\/2020\\\/03\\\/traitement-futaie-irr\u00e9guli\u00e8re-scaled.jpg\",\"contentUrl\":\"https:\\\/\\\/kbbm.be\\\/wp-content\\\/uploads\\\/2020\\\/03\\\/traitement-futaie-irr\u00e9guli\u00e8re-scaled.jpg\",\"width\":1185,\"height\":1700},{\"@type\":\"BreadcrumbList\",\"@id\":\"https:\\\/\\\/kbbm.be\\\/forest-shop\\\/traitement-des-futaies-irregulieres\\\/#breadcrumb\",\"itemListElement\":[{\"@type\":\"ListItem\",\"position\":1,\"name\":\"Accueil\",\"item\":\"https:\\\/\\\/kbbm.be\\\/en\\\/\"},{\"@type\":\"ListItem\",\"position\":2,\"name\":\"Produits\",\"item\":\"https:\\\/\\\/srfb.be\\\/shop\\\/\"},{\"@type\":\"ListItem\",\"position\":3,\"name\":\"Traitement des futaies irr\u00e9guli\u00e8res\"}]},{\"@type\":\"WebSite\",\"@id\":\"https:\\\/\\\/kbbm.be\\\/en\\\/#website\",\"url\":\"https:\\\/\\\/kbbm.be\\\/en\\\/\",\"name\":\"Soci\u00e9t\u00e9 Royale Foresti\u00e8re de Belgique\",\"description\":\"Au service de la for\u00eat et des forestiers\",\"publisher\":{\"@id\":\"https:\\\/\\\/kbbm.be\\\/en\\\/#organization\"},\"alternateName\":\"SRFB-KBBM\",\"potentialAction\":[{\"@type\":\"SearchAction\",\"target\":{\"@type\":\"EntryPoint\",\"urlTemplate\":\"https:\\\/\\\/kbbm.be\\\/en\\\/?s={search_term_string}\"},\"query-input\":{\"@type\":\"PropertyValueSpecification\",\"valueRequired\":true,\"valueName\":\"search_term_string\"}}],\"inLanguage\":\"de\"},{\"@type\":\"Organization\",\"@id\":\"https:\\\/\\\/kbbm.be\\\/en\\\/#organization\",\"name\":\"Soci\u00e9t\u00e9 Royale Foresti\u00e8re De Belgique - Koninklijke Belgische Bosbouwmaatschappij\",\"alternateName\":\"SRFB-KBBM\",\"url\":\"https:\\\/\\\/kbbm.be\\\/en\\\/\",\"logo\":{\"@type\":\"ImageObject\",\"inLanguage\":\"de\",\"@id\":\"https:\\\/\\\/kbbm.be\\\/en\\\/#\\\/schema\\\/logo\\\/image\\\/\",\"url\":\"https:\\\/\\\/srfb.be\\\/wp-content\\\/uploads\\\/2019\\\/06\\\/android-chrome-256x256.png\",\"contentUrl\":\"https:\\\/\\\/srfb.be\\\/wp-content\\\/uploads\\\/2019\\\/06\\\/android-chrome-256x256.png\",\"width\":1200,\"height\":1232,\"caption\":\"Soci\u00e9t\u00e9 Royale Foresti\u00e8re De Belgique - Koninklijke Belgische Bosbouwmaatschappij\"},\"image\":{\"@id\":\"https:\\\/\\\/kbbm.be\\\/en\\\/#\\\/schema\\\/logo\\\/image\\\/\"},\"sameAs\":[\"https:\\\/\\\/www.facebook.com\\\/srfb.be\",\"https:\\\/\\\/www.instagram.com\\\/srfb_kbbm\\\/\",\"https:\\\/\\\/www.linkedin.com\\\/company\\\/srfb-kbbm\\\/\",\"https:\\\/\\\/www.youtube.com\\\/user\\\/srfbkbbm\"]}]}<\/script>\n<!-- \/ Yoast SEO plugin. -->","yoast_head_json":{"title":"Behandlung von unregelm\u00e4\u00dfigen Hochw\u00e4ldern - Soci\u00e9t\u00e9 Royale Foresti\u00e8re de Belgique","robots":{"index":"index","follow":"follow","max-snippet":"max-snippet:-1","max-image-preview":"max-image-preview:large","max-video-preview":"max-video-preview:-1"},"canonical":"https:\/\/kbbm.be\/de\/forest-shop\/traitement-des-futaies-irregulieres\/","og_locale":"de_DE","og_type":"article","og_title":"Traitement des futaies irr\u00e9guli\u00e8res - Soci\u00e9t\u00e9 Royale Foresti\u00e8re de Belgique","og_description":"Cet ouvrage apporte connaissances, m\u00e9thodes et pratiques pour g\u00e9rer sa for\u00eat en futaie irr\u00e9guli\u00e8re. Cet ouvrage est \u00e9galement un outil de travail pour une pratique sylvicole efficace et des r\u00e9coltes optimis\u00e9es. Le livre est accompagn\u00e9 d\u2019un DVD de treize minutes intitul\u00e9 \u00ab La dynamique foresti\u00e8re : un alli\u00e9 d\u00e9cisif \u00bb. 17 x 15 cm, 144 pages","og_url":"https:\/\/kbbm.be\/de\/forest-shop\/traitement-des-futaies-irregulieres\/","og_site_name":"Soci\u00e9t\u00e9 Royale Foresti\u00e8re de Belgique","article_publisher":"https:\/\/www.facebook.com\/srfb.be","article_modified_time":"2024-10-21T22:26:40+00:00","og_image":[{"width":1185,"height":1700,"url":"https:\/\/kbbm.be\/wp-content\/uploads\/2020\/03\/traitement-futaie-irr\u00e9guli\u00e8re-scaled.jpg","type":"image\/jpeg"}],"schema":{"@context":"https:\/\/schema.org","@graph":[{"@type":"WebPage","@id":"https:\/\/kbbm.be\/forest-shop\/traitement-des-futaies-irregulieres\/","url":"https:\/\/kbbm.be\/forest-shop\/traitement-des-futaies-irregulieres\/","name":"Behandlung von unregelm\u00e4\u00dfigen Hochw\u00e4ldern - Soci\u00e9t\u00e9 Royale Foresti\u00e8re de Belgique","isPartOf":{"@id":"https:\/\/kbbm.be\/en\/#website"},"primaryImageOfPage":{"@id":"https:\/\/kbbm.be\/forest-shop\/traitement-des-futaies-irregulieres\/#primaryimage"},"image":{"@id":"https:\/\/kbbm.be\/forest-shop\/traitement-des-futaies-irregulieres\/#primaryimage"},"thumbnailUrl":"https:\/\/kbbm.be\/wp-content\/uploads\/2020\/03\/traitement-futaie-irr\u00e9guli\u00e8re-scaled.jpg","datePublished":"2020-03-19T15:30:45+00:00","dateModified":"2024-10-21T22:26:40+00:00","breadcrumb":{"@id":"https:\/\/kbbm.be\/forest-shop\/traitement-des-futaies-irregulieres\/#breadcrumb"},"inLanguage":"de","potentialAction":[{"@type":"ReadAction","target":["https:\/\/kbbm.be\/forest-shop\/traitement-des-futaies-irregulieres\/"]}]},{"@type":"ImageObject","inLanguage":"de","@id":"https:\/\/kbbm.be\/forest-shop\/traitement-des-futaies-irregulieres\/#primaryimage","url":"https:\/\/kbbm.be\/wp-content\/uploads\/2020\/03\/traitement-futaie-irr\u00e9guli\u00e8re-scaled.jpg","contentUrl":"https:\/\/kbbm.be\/wp-content\/uploads\/2020\/03\/traitement-futaie-irr\u00e9guli\u00e8re-scaled.jpg","width":1185,"height":1700},{"@type":"BreadcrumbList","@id":"https:\/\/kbbm.be\/forest-shop\/traitement-des-futaies-irregulieres\/#breadcrumb","itemListElement":[{"@type":"ListItem","position":1,"name":"Accueil","item":"https:\/\/kbbm.be\/en\/"},{"@type":"ListItem","position":2,"name":"Produits","item":"https:\/\/srfb.be\/shop\/"},{"@type":"ListItem","position":3,"name":"Traitement des futaies irr\u00e9guli\u00e8res"}]},{"@type":"WebSite","@id":"https:\/\/kbbm.be\/en\/#website","url":"https:\/\/kbbm.be\/en\/","name":"K\u00f6nigliche Forstverein Belgiens","description":"Im Dienste des Waldes und der F\u00f6rster","publisher":{"@id":"https:\/\/kbbm.be\/en\/#organization"},"alternateName":"SRFB-KBBM","potentialAction":[{"@type":"SearchAction","target":{"@type":"EntryPoint","urlTemplate":"https:\/\/kbbm.be\/en\/?s={search_term_string}"},"query-input":{"@type":"PropertyValueSpecification","valueRequired":true,"valueName":"search_term_string"}}],"inLanguage":"de"},{"@type":"Organization","@id":"https:\/\/kbbm.be\/en\/#organization","name":"Soci\u00e9t\u00e9 Royale Foresti\u00e8re De Belgique - Koninklijke Belgische Bosbouwmaatschappij","alternateName":"SRFB-KBBM","url":"https:\/\/kbbm.be\/en\/","logo":{"@type":"ImageObject","inLanguage":"de","@id":"https:\/\/kbbm.be\/en\/#\/schema\/logo\/image\/","url":"https:\/\/srfb.be\/wp-content\/uploads\/2019\/06\/android-chrome-256x256.png","contentUrl":"https:\/\/srfb.be\/wp-content\/uploads\/2019\/06\/android-chrome-256x256.png","width":1200,"height":1232,"caption":"Soci\u00e9t\u00e9 Royale Foresti\u00e8re De Belgique - Koninklijke Belgische Bosbouwmaatschappij"},"image":{"@id":"https:\/\/kbbm.be\/en\/#\/schema\/logo\/image\/"},"sameAs":["https:\/\/www.facebook.com\/srfb.be","https:\/\/www.instagram.com\/srfb_kbbm\/","https:\/\/www.linkedin.com\/company\/srfb-kbbm\/","https:\/\/www.youtube.com\/user\/srfbkbbm"]}]}},"_links":{"self":[{"href":"https:\/\/kbbm.be\/de\/wp-json\/wp\/v2\/product\/10688","targetHints":{"allow":["GET"]}}],"collection":[{"href":"https:\/\/kbbm.be\/de\/wp-json\/wp\/v2\/product"}],"about":[{"href":"https:\/\/kbbm.be\/de\/wp-json\/wp\/v2\/types\/product"}],"replies":[{"embeddable":true,"href":"https:\/\/kbbm.be\/de\/wp-json\/wp\/v2\/comments?post=10688"}],"wp:featuredmedia":[{"embeddable":true,"href":"https:\/\/kbbm.be\/de\/wp-json\/wp\/v2\/media\/10689"}],"wp:attachment":[{"href":"https:\/\/kbbm.be\/de\/wp-json\/wp\/v2\/media?parent=10688"}],"wp:term":[{"taxonomy":"product_brand","embeddable":true,"href":"https:\/\/kbbm.be\/de\/wp-json\/wp\/v2\/product_brand?post=10688"},{"taxonomy":"product_cat","embeddable":true,"href":"https:\/\/kbbm.be\/de\/wp-json\/wp\/v2\/product_cat?post=10688"},{"taxonomy":"product_tag","embeddable":true,"href":"https:\/\/kbbm.be\/de\/wp-json\/wp\/v2\/product_tag?post=10688"}],"curies":[{"name":"wp","href":"https:\/\/api.w.org\/{rel}","templated":true}]}}