{"id":7789,"date":"2019-07-15T13:27:50","date_gmt":"2019-07-15T13:27:50","guid":{"rendered":"http:\/\/srfb-wp.dphi.be\/?page_id=7789"},"modified":"2024-03-05T17:50:37","modified_gmt":"2024-03-05T16:50:37","slug":"declaration-de-confidentialite","status":"publish","type":"page","link":"https:\/\/kbbm.be\/de\/declaration-de-confidentialite\/","title":{"rendered":"Datenschutzerkl\u00e4rung"},"content":{"rendered":"<figure class=\"wp-block-image aligncenter size-full\"><img loading=\"lazy\" decoding=\"async\" width=\"1700\" height=\"283\" src=\"https:\/\/srfb.be\/wp-content\/uploads\/2019\/07\/nouveau_bandeau_2019_commun.jpg\" alt=\"\" class=\"wp-image-7810\" srcset=\"https:\/\/kbbm.be\/wp-content\/uploads\/2019\/07\/nouveau_bandeau_2019_commun.jpg 1700w, https:\/\/kbbm.be\/wp-content\/uploads\/2019\/07\/nouveau_bandeau_2019_commun-600x100.jpg 600w, https:\/\/kbbm.be\/wp-content\/uploads\/2019\/07\/nouveau_bandeau_2019_commun-300x50.jpg 300w, https:\/\/kbbm.be\/wp-content\/uploads\/2019\/07\/nouveau_bandeau_2019_commun-1024x170.jpg 1024w, https:\/\/kbbm.be\/wp-content\/uploads\/2019\/07\/nouveau_bandeau_2019_commun-18x3.jpg 18w\" sizes=\"auto, (max-width: 1700px) 100vw, 1700px\" \/><\/figure>\n\n\n\n<h2 class=\"wp-block-heading has-text-align-center translation-block\"><strong>Datenschutzerkl\u00e4rung<\/strong> <strong>SRFB, NTF und Landelijk Vlaanderen <\/strong> (ausf\u00fchrlich)<\/h2>\n\n\n\n<p><strong style=\"color: #006738;\"><u>Richtlinien zum Schutz der Privatsph\u00e4re<\/u><\/strong><\/p>\n\n\n\n<p>Um Ihr Recht auf Privatsph\u00e4re und Datenschutz zu respektieren und die EU-Verordnung 2016\/679 einzuhalten, m\u00f6chten die K\u00f6nigliche Belgische Forstgesellschaft (SRFB), NTF und Landelijk Vlaanderen (LV) Sie dar\u00fcber informieren, wie sie die pers\u00f6nlichen Informationen, die Sie ihnen mitteilen und f\u00fcr die sie die Verantwortung \u00fcbernehmen, verarbeiten (sammeln, speichern, verwenden und aufbewahren).<\/p>\n\n\n\n<p>Die Schutzprinzipien sind auch in Zukunft unver\u00e4nderlich. Einige der unten beschriebenen Details k\u00f6nnten sich jedoch aufgrund von Technologie oder dem Stand der Technik in diesem Bereich \u00e4ndern: Sie werden dann in diesem Hinweis aktualisiert, der auf den Webseiten von SRFB, NTF und LV ver\u00f6ffentlicht wird. In diesem Fall wird eine spezielle Mitteilung in unseren jeweiligen Zeitschriften ver\u00f6ffentlicht, und Sie erhalten auf schriftliche Anfrage eine Kopie der Datenschutzbestimmungen.<\/p>\n\n\n\n<p>Die jeweiligen Verantwortlichen f\u00fcr die Verarbeitung Ihrer personenbezogenen Daten sind der Direktor der SRFB, der Generalsekret\u00e4r der NTF, der Direktor von LV und der spezifische Unterauftragnehmer f\u00fcr die Computerdatenbank, der Direktor der Firma Xsi sprl.<\/p>\n\n\n\n<p><strong style=\"color: #006738;\"><u>Welche Ihrer pers\u00f6nlichen Daten ben\u00f6tigen wir? <\/u><\/strong><\/p>\n\n\n\n<ul class=\"wp-block-list\">\n<li>Informationen, die notwendig sind, um Sie zu identifizieren oder zu kontaktieren: Name, Vorname, Geburtsjahr, Anrede; Post- &amp; E-Mail-Adresse, Festnetz- und Mobiltelefonnummer; Adresse in sozialen Netzwerken, ...<\/li>\n\n\n\n<li>n\u00fctzliche Informationen zur Berechnung der H\u00f6he Ihres Jahresbeitrags, Ihrer eventuellen Versicherungen oder PEFC-Zertifizierung, falls zutreffend: gesamte Waldfl\u00e4che, gesamte landwirtschaftliche Fl\u00e4che, Lage und Fl\u00e4chen Ihrer Parzellen, Art der B\u00e4ume, ... (optional)<\/li>\n\n\n\n<li>n\u00fctzliche Informationen, um Sie \u00fcber \u00c4nderungen in der lokalen, regionalen oder internationalen Politik zu informieren, die Ihre Immobilien betreffen, wie in unserer Datenbank angegeben<\/li>\n\n\n\n<li>Ihre Interessen und Vorlieben in Bezug auf die Forstwirtschaft (optional), um Sie pers\u00f6nlich zu unseren Schulungen, Konferenzen oder besonderen Aktivit\u00e4ten einzuladen, ...<\/li>\n\n\n\n<li>Ihre Anmeldungen zu Versammlungen, Konferenzen, Schulungen und Bestellungen f\u00fcr den Kauf in Buchhandlungen oder f\u00fcr Sammelbestellungen, ...<\/li>\n\n\n\n<li>Ihre Interessen in Bezug auf F\u00e4lle, die von NTF und LV (optional) im Rahmen ihrer Verteidigung des privaten l\u00e4ndlichen Eigentums verwaltet werden.<\/li>\n\n\n\n<li>genaue Informationen, die Sie uns im Rahmen einer gelieferten Beratung, eines pers\u00f6nlichen Coachings oder einer bestimmten Dienstleistung, wie z. B. dem Rechtsberatungsdienst des NTF, zur Verf\u00fcgung stellen.<\/li>\n<\/ul>\n\n\n\n<p><strong style=\"color: #006738;\"><u>Zu welchen Zwecken verwenden wir Ihre pers\u00f6nlichen Informationen?<\/u><\/strong><\/p>\n\n\n\n<p>Ihre Daten werden von SRFB, NTF und LV ben\u00f6tigt, um alle ihren Mitgliedern vorbehaltenen Dienstleistungen anbieten zu k\u00f6nnen: Mitgliedschaft, Mitgliedsbeitrag, Versicherungen, Zertifizierung, Versand von 'Silva Belgica' und 'Silva mail', 'Ma Terre, Mes Bois', NTF Flash Info, Landeigenaar, juristische Dienstleistungen und demn\u00e4chst von der Anmeldung bis zur Online-Zahlung der Buchhandlung, Dienstleistungen, Schulungen und verschiedene Aktivit\u00e4ten...<\/p>\n\n\n\n<p>Diese Dienste werden durch die Verwendung der pers\u00f6nlichen Informationen erm\u00f6glicht, die Sie uns mitteilen.<\/p>\n\n\n\n<p><strong style=\"color: #006738;\">Wie bewahren wir die Vertraulichkeit Ihrer pers\u00f6nlichen Daten? <\/strong><\/p>\n\n\n\n<p>Ihre pers\u00f6nlichen Informationen werden in sicheren Betriebsumgebungen gespeichert, die f\u00fcr die \u00d6ffentlichkeit nicht zug\u00e4nglich sind, sondern nur :<\/p>\n\n\n\n<ul class=\"wp-block-list\">\n<li>an autorisierte Mitarbeiter der Vereinigung(en), in der\/denen Sie Mitglied sind (NTF und\/oder SRFB und\/oder LV)<\/li>\n\n\n\n<li>Mitarbeiter des Subunternehmers Xsi sprl, der f\u00fcr die Integrit\u00e4t und Wartung unserer Datenbank und unserer Anwendungen verantwortlich ist.<\/li>\n<\/ul>\n\n\n\n<p>Alle Details der Transaktionen (einschlie\u00dflich Datum, Uhrzeit, Betreiber, Erstellung, Abfrage, \u00c4nderung, L\u00f6schung), die in der Datenbank durchgef\u00fchrt werden, werden in einer Audit-Datei gespeichert, auf die ausschlie\u00dflich der f\u00fcr die Verarbeitung Verantwortliche im Falle eines Rechtsstreits oder bei Verdacht auf ein Leck oder eine Verletzung zugreifen kann.<\/p>\n\n\n\n<p>Die f\u00fcr die Verarbeitung Verantwortlichen und ihr Auftragsverarbeiter, ergreifen alle angemessenen Ma\u00dfnahmen, um Ihre Verm\u00f6gensdaten zu sch\u00fctzen.<\/p>\n\n\n\n<p><strong style=\"color: #006738;\">Wem gegen\u00fcber legen wir Ihre pers\u00f6nlichen Informationen offen und warum?<\/strong><\/p>\n\n\n\n<p><em>SRFB, NTF und LV geben Ihre pers\u00f6nlichen Daten nicht an Dritte weiter und ver\u00f6ffentlichen keine Ihrer pers\u00f6nlichen Daten, um Sie vor unerw\u00fcnschten Kontakten und Nachrichten zu sch\u00fctzen. Diese allgemeine Regelung kann Ausnahmen enthalten, wenn die Partner oder Eigent\u00fcmer der personenbezogenen Daten vorab die Erlaubnis erteilt haben, alle oder einen Teil dieser Informationen in begrenztem Umfang zu verbreiten.<\/em><\/p>\n\n\n\n<p><strong style=\"color: #006738;\">Wie lange speichern wir Ihre personenbezogenen Daten? <\/strong><\/p>\n\n\n\n<p>Wir speichern Ihre personenbezogenen Daten so lange, wie sie f\u00fcr die Zwecke, f\u00fcr die sie gesammelt wurden, relevant sind.<\/p>\n\n\n\n<p>Daten im Zusammenhang mit einmaligen Aktionen werden nach der f\u00fcr die jeweilige Aktion erforderlichen Zeit oder nach der gesetzlichen Aufbewahrungsfrist gel\u00f6scht und w\u00fcrden im Falle eines l\u00e4ngerfristigen statistischen Interesses anonymisiert.<\/p>\n\n\n\n<p><strong style=\"color: #006738;\">Tracking-Technologie - Wie und warum nutzen wir sie? <\/strong><\/p>\n\n\n\n<p>Damit wir unsere verschiedenen Dienstleistungen f\u00fcr unsere Mitglieder und Besucher, die unsere Website besuchen, st\u00e4ndig anpassen und verbessern k\u00f6nnen, f\u00fchren wir eine Analyse des Internetpublikums mithilfe des Tools \"Google Analytics\" durch.<\/p>\n\n\n\n<p>Das \"Cookie\" (eine kleine Datei, die auf dem Rechner des Besuchers einer Website gespeichert wird), das mit der SRFB-, NTF- oder LV-Website verkn\u00fcpft ist, speichert keine Navigationsdaten, die eine Profilerstellung erm\u00f6glichen.<\/p>\n\n\n\n<p><strong style=\"color: #006738;\">Wie k\u00f6nnen Sie auf Ihre pers\u00f6nlichen Informationen zugreifen und sie \u00e4ndern?<\/strong><\/p>\n\n\n\n<p>Sie k\u00f6nnen uns \u00fcber die klassischen Kommunikationsmittel jede Anfrage \u00fcbermitteln, um Ihre pers\u00f6nlichen Daten zu erfahren oder eine \u00c4nderung vorzunehmen, um einen Fehler oder eine Ungenauigkeit zu korrigieren.<\/p>\n\n\n\n<p><strong style=\"color: #006738;\">Wie k\u00f6nnen Sie uns kontaktieren?<\/strong><\/p>\n\n\n\n<p>Eine Rubrik \"Kontakt\" in der oberen Zeile der SRFB-Website, der NTF-Website und der LV-Website bietet jedem Besucher die M\u00f6glichkeit, dem f\u00fcr die Verarbeitung Verantwortlichen eine Nachricht zukommen zu lassen.<br>Mitglieder k\u00f6nnen uns auch an eine der folgenden Adressen schreiben:<\/p>\n\n\n\n<p><strong>K\u00f6nigliche Forstverein Belgiens<\/strong>&nbsp;: Boulevard Bischoffsheim, 1-8 in 1000 Br\u00fcssel oder per E-Mail an <a href=\"mailto:info@srfb-kbbm.be\">info@srfb-kbbm.be<\/a><\/p>\n\n\n\n<p><strong>NTF<\/strong>&nbsp;: Rue Borgnet, 13. 2. Stock. 5000 Namur oder per E-Mail an <a href=\"mailto:info@ntf.be\">info@ntf.be<\/a><\/p>\n\n\n\n<p><strong>Landelijk Vlaanderen<\/strong>&nbsp;: Trierstraat 67, 1040 Br\u00fcssel oder per E-Mail an <a href=\"mailto:info@landelijk.vlaanderen\">info@landelijk.vlaanderen<\/a><\/p>\n\n\n\n<p>-April 2020-<\/p>","protected":false},"excerpt":{"rendered":"<p>D\u00e9claration de Confidentialit\u00e9 SRFB, NTF et Landelijk Vlaanderen &nbsp;(d\u00e9taill\u00e9e) Politique relative \u00e0 la vie priv\u00e9e Afin de respecter votre droit \u00e0 la vie priv\u00e9e et \u00e0 la confidentialit\u00e9 de vos donn\u00e9es, et de se conformer au r\u00e8glement UE 2016\/679, la Soci\u00e9t\u00e9 Royale Foresti\u00e8re de Belgique (SRFB), NTF et Landelijk Vlaanderen (LV) souhaitent vous informer de&#8230; <\/p>\n<div class=\"clear\"><\/div>\n<p><a href=\"https:\/\/kbbm.be\/de\/declaration-de-confidentialite\/\" class=\"excerpt-read-more\">Read More<\/a><\/p>","protected":false},"author":18,"featured_media":8735,"parent":0,"menu_order":0,"comment_status":"closed","ping_status":"closed","template":"","meta":{"iawp_total_views":233,"footnotes":""},"class_list":["post-7789","page","type-page","status-publish","has-post-thumbnail","hentry"],"yoast_head":"<!-- This site is optimized with the Yoast SEO plugin v27.3 - https:\/\/yoast.com\/product\/yoast-seo-wordpress\/ -->\n<title>D\u00e9claration de confidentialit\u00e9 - Soci\u00e9t\u00e9 Royale Foresti\u00e8re de Belgique<\/title>\n<meta name=\"description\" content=\"Vous retrouverez ici la d\u00e9claration de confidentialit\u00e9 de la Soci\u00e9t\u00e9 Royale Foresti\u00e8re de Belgique (SRFB), NTF et Landelijk Vlaanderen.\" \/>\n<meta name=\"robots\" content=\"index, follow, max-snippet:-1, max-image-preview:large, max-video-preview:-1\" \/>\n<link rel=\"canonical\" href=\"https:\/\/srfb.be\/declaration-de-confidentialite\/\" \/>\n<meta property=\"og:locale\" content=\"de_DE\" \/>\n<meta property=\"og:type\" content=\"article\" \/>\n<meta property=\"og:title\" content=\"D\u00e9claration de confidentialit\u00e9 - Soci\u00e9t\u00e9 Royale Foresti\u00e8re de Belgique\" \/>\n<meta property=\"og:description\" content=\"Vous retrouverez ici la d\u00e9claration de confidentialit\u00e9 de la Soci\u00e9t\u00e9 Royale Foresti\u00e8re de Belgique (SRFB), NTF et Landelijk Vlaanderen.\" \/>\n<meta property=\"og:url\" content=\"https:\/\/srfb.be\/declaration-de-confidentialite\/\" \/>\n<meta property=\"og:site_name\" content=\"Soci\u00e9t\u00e9 Royale Foresti\u00e8re de Belgique\" \/>\n<meta property=\"article:publisher\" content=\"https:\/\/www.facebook.com\/srfb.be\" \/>\n<meta property=\"article:modified_time\" content=\"2024-03-05T16:50:37+00:00\" \/>\n<meta property=\"og:image\" content=\"https:\/\/srfb.be\/wp-content\/uploads\/2019\/07\/logo-SRFB-FRNL-Version-A-1.png\" \/>\n\t<meta property=\"og:image:width\" content=\"448\" \/>\n\t<meta property=\"og:image:height\" content=\"489\" \/>\n\t<meta property=\"og:image:type\" content=\"image\/png\" \/>\n<script type=\"application\/ld+json\" class=\"yoast-schema-graph\">{\"@context\":\"https:\\\/\\\/schema.org\",\"@graph\":[{\"@type\":\"WebPage\",\"@id\":\"https:\\\/\\\/srfb.be\\\/declaration-de-confidentialite\\\/\",\"url\":\"https:\\\/\\\/srfb.be\\\/declaration-de-confidentialite\\\/\",\"name\":\"D\u00e9claration de confidentialit\u00e9 - Soci\u00e9t\u00e9 Royale Foresti\u00e8re de Belgique\",\"isPartOf\":{\"@id\":\"https:\\\/\\\/kbbm.be\\\/de\\\/#website\"},\"primaryImageOfPage\":{\"@id\":\"https:\\\/\\\/srfb.be\\\/declaration-de-confidentialite\\\/#primaryimage\"},\"image\":{\"@id\":\"https:\\\/\\\/srfb.be\\\/declaration-de-confidentialite\\\/#primaryimage\"},\"thumbnailUrl\":\"https:\\\/\\\/kbbm.be\\\/wp-content\\\/uploads\\\/2019\\\/07\\\/logo-SRFB-FRNL-Version-A-1.png\",\"datePublished\":\"2019-07-15T13:27:50+00:00\",\"dateModified\":\"2024-03-05T16:50:37+00:00\",\"description\":\"Vous retrouverez ici la d\u00e9claration de confidentialit\u00e9 de la Soci\u00e9t\u00e9 Royale Foresti\u00e8re de Belgique (SRFB), NTF et Landelijk Vlaanderen.\",\"breadcrumb\":{\"@id\":\"https:\\\/\\\/srfb.be\\\/declaration-de-confidentialite\\\/#breadcrumb\"},\"inLanguage\":\"de\",\"potentialAction\":[{\"@type\":\"ReadAction\",\"target\":[\"https:\\\/\\\/srfb.be\\\/declaration-de-confidentialite\\\/\"]}]},{\"@type\":\"ImageObject\",\"inLanguage\":\"de\",\"@id\":\"https:\\\/\\\/srfb.be\\\/declaration-de-confidentialite\\\/#primaryimage\",\"url\":\"https:\\\/\\\/kbbm.be\\\/wp-content\\\/uploads\\\/2019\\\/07\\\/logo-SRFB-FRNL-Version-A-1.png\",\"contentUrl\":\"https:\\\/\\\/kbbm.be\\\/wp-content\\\/uploads\\\/2019\\\/07\\\/logo-SRFB-FRNL-Version-A-1.png\",\"width\":448,\"height\":489,\"caption\":\"Logo de la SRFB\"},{\"@type\":\"BreadcrumbList\",\"@id\":\"https:\\\/\\\/srfb.be\\\/declaration-de-confidentialite\\\/#breadcrumb\",\"itemListElement\":[{\"@type\":\"ListItem\",\"position\":1,\"name\":\"Accueil\",\"item\":\"https:\\\/\\\/kbbm.be\\\/de\\\/\"},{\"@type\":\"ListItem\",\"position\":2,\"name\":\"D\u00e9claration de confidentialit\u00e9\"}]},{\"@type\":\"WebSite\",\"@id\":\"https:\\\/\\\/kbbm.be\\\/de\\\/#website\",\"url\":\"https:\\\/\\\/kbbm.be\\\/de\\\/\",\"name\":\"Soci\u00e9t\u00e9 Royale Foresti\u00e8re de Belgique\",\"description\":\"Au service de la for\u00eat et des forestiers\",\"publisher\":{\"@id\":\"https:\\\/\\\/kbbm.be\\\/de\\\/#organization\"},\"alternateName\":\"SRFB-KBBM\",\"potentialAction\":[{\"@type\":\"SearchAction\",\"target\":{\"@type\":\"EntryPoint\",\"urlTemplate\":\"https:\\\/\\\/kbbm.be\\\/de\\\/?s={search_term_string}\"},\"query-input\":{\"@type\":\"PropertyValueSpecification\",\"valueRequired\":true,\"valueName\":\"search_term_string\"}}],\"inLanguage\":\"de\"},{\"@type\":\"Organization\",\"@id\":\"https:\\\/\\\/kbbm.be\\\/de\\\/#organization\",\"name\":\"Soci\u00e9t\u00e9 Royale Foresti\u00e8re De Belgique - Koninklijke Belgische Bosbouwmaatschappij\",\"alternateName\":\"SRFB-KBBM\",\"url\":\"https:\\\/\\\/kbbm.be\\\/de\\\/\",\"logo\":{\"@type\":\"ImageObject\",\"inLanguage\":\"de\",\"@id\":\"https:\\\/\\\/kbbm.be\\\/de\\\/#\\\/schema\\\/logo\\\/image\\\/\",\"url\":\"https:\\\/\\\/srfb.be\\\/wp-content\\\/uploads\\\/2019\\\/06\\\/android-chrome-256x256.png\",\"contentUrl\":\"https:\\\/\\\/srfb.be\\\/wp-content\\\/uploads\\\/2019\\\/06\\\/android-chrome-256x256.png\",\"width\":1200,\"height\":1232,\"caption\":\"Soci\u00e9t\u00e9 Royale Foresti\u00e8re De Belgique - Koninklijke Belgische Bosbouwmaatschappij\"},\"image\":{\"@id\":\"https:\\\/\\\/kbbm.be\\\/de\\\/#\\\/schema\\\/logo\\\/image\\\/\"},\"sameAs\":[\"https:\\\/\\\/www.facebook.com\\\/srfb.be\",\"https:\\\/\\\/www.instagram.com\\\/srfb_kbbm\\\/\",\"https:\\\/\\\/www.linkedin.com\\\/company\\\/srfb-kbbm\\\/\",\"https:\\\/\\\/www.youtube.com\\\/user\\\/srfbkbbm\"]}]}<\/script>\n<!-- \/ Yoast SEO plugin. -->","yoast_head_json":{"title":"Datenschutzerkl\u00e4rung - Soci\u00e9t\u00e9 Royale Foresti\u00e8re de Belgique (K\u00f6nigliche Forstgesellschaft von Belgien)","description":"Hier finden Sie die Datenschutzerkl\u00e4rung der K\u00f6niglich Belgischen Forstgesellschaft (SRFB), NTF und Landelijk Vlaanderen.","robots":{"index":"index","follow":"follow","max-snippet":"max-snippet:-1","max-image-preview":"max-image-preview:large","max-video-preview":"max-video-preview:-1"},"canonical":"https:\/\/srfb.be\/declaration-de-confidentialite\/","og_locale":"de_DE","og_type":"article","og_title":"D\u00e9claration de confidentialit\u00e9 - Soci\u00e9t\u00e9 Royale Foresti\u00e8re de Belgique","og_description":"Vous retrouverez ici la d\u00e9claration de confidentialit\u00e9 de la Soci\u00e9t\u00e9 Royale Foresti\u00e8re de Belgique (SRFB), NTF et Landelijk Vlaanderen.","og_url":"https:\/\/srfb.be\/declaration-de-confidentialite\/","og_site_name":"Soci\u00e9t\u00e9 Royale Foresti\u00e8re de Belgique","article_publisher":"https:\/\/www.facebook.com\/srfb.be","article_modified_time":"2024-03-05T16:50:37+00:00","og_image":[{"width":448,"height":489,"url":"https:\/\/srfb.be\/wp-content\/uploads\/2019\/07\/logo-SRFB-FRNL-Version-A-1.png","type":"image\/png"}],"schema":{"@context":"https:\/\/schema.org","@graph":[{"@type":"WebPage","@id":"https:\/\/srfb.be\/declaration-de-confidentialite\/","url":"https:\/\/srfb.be\/declaration-de-confidentialite\/","name":"Datenschutzerkl\u00e4rung - Soci\u00e9t\u00e9 Royale Foresti\u00e8re de Belgique (K\u00f6nigliche Forstgesellschaft von Belgien)","isPartOf":{"@id":"https:\/\/kbbm.be\/de\/#website"},"primaryImageOfPage":{"@id":"https:\/\/srfb.be\/declaration-de-confidentialite\/#primaryimage"},"image":{"@id":"https:\/\/srfb.be\/declaration-de-confidentialite\/#primaryimage"},"thumbnailUrl":"https:\/\/kbbm.be\/wp-content\/uploads\/2019\/07\/logo-SRFB-FRNL-Version-A-1.png","datePublished":"2019-07-15T13:27:50+00:00","dateModified":"2024-03-05T16:50:37+00:00","description":"Hier finden Sie die Datenschutzerkl\u00e4rung der K\u00f6niglich Belgischen Forstgesellschaft (SRFB), NTF und Landelijk Vlaanderen.","breadcrumb":{"@id":"https:\/\/srfb.be\/declaration-de-confidentialite\/#breadcrumb"},"inLanguage":"de","potentialAction":[{"@type":"ReadAction","target":["https:\/\/srfb.be\/declaration-de-confidentialite\/"]}]},{"@type":"ImageObject","inLanguage":"de","@id":"https:\/\/srfb.be\/declaration-de-confidentialite\/#primaryimage","url":"https:\/\/kbbm.be\/wp-content\/uploads\/2019\/07\/logo-SRFB-FRNL-Version-A-1.png","contentUrl":"https:\/\/kbbm.be\/wp-content\/uploads\/2019\/07\/logo-SRFB-FRNL-Version-A-1.png","width":448,"height":489,"caption":"Logo de la SRFB"},{"@type":"BreadcrumbList","@id":"https:\/\/srfb.be\/declaration-de-confidentialite\/#breadcrumb","itemListElement":[{"@type":"ListItem","position":1,"name":"Accueil","item":"https:\/\/kbbm.be\/de\/"},{"@type":"ListItem","position":2,"name":"D\u00e9claration de confidentialit\u00e9"}]},{"@type":"WebSite","@id":"https:\/\/kbbm.be\/de\/#website","url":"https:\/\/kbbm.be\/de\/","name":"K\u00f6nigliche Forstverein Belgiens","description":"Im Dienste des Waldes und der F\u00f6rster","publisher":{"@id":"https:\/\/kbbm.be\/de\/#organization"},"alternateName":"SRFB-KBBM","potentialAction":[{"@type":"SearchAction","target":{"@type":"EntryPoint","urlTemplate":"https:\/\/kbbm.be\/de\/?s={search_term_string}"},"query-input":{"@type":"PropertyValueSpecification","valueRequired":true,"valueName":"search_term_string"}}],"inLanguage":"de"},{"@type":"Organization","@id":"https:\/\/kbbm.be\/de\/#organization","name":"Soci\u00e9t\u00e9 Royale Foresti\u00e8re De Belgique - Koninklijke Belgische Bosbouwmaatschappij","alternateName":"SRFB-KBBM","url":"https:\/\/kbbm.be\/de\/","logo":{"@type":"ImageObject","inLanguage":"de","@id":"https:\/\/kbbm.be\/de\/#\/schema\/logo\/image\/","url":"https:\/\/srfb.be\/wp-content\/uploads\/2019\/06\/android-chrome-256x256.png","contentUrl":"https:\/\/srfb.be\/wp-content\/uploads\/2019\/06\/android-chrome-256x256.png","width":1200,"height":1232,"caption":"Soci\u00e9t\u00e9 Royale Foresti\u00e8re De Belgique - Koninklijke Belgische Bosbouwmaatschappij"},"image":{"@id":"https:\/\/kbbm.be\/de\/#\/schema\/logo\/image\/"},"sameAs":["https:\/\/www.facebook.com\/srfb.be","https:\/\/www.instagram.com\/srfb_kbbm\/","https:\/\/www.linkedin.com\/company\/srfb-kbbm\/","https:\/\/www.youtube.com\/user\/srfbkbbm"]}]}},"_links":{"self":[{"href":"https:\/\/kbbm.be\/de\/wp-json\/wp\/v2\/pages\/7789","targetHints":{"allow":["GET"]}}],"collection":[{"href":"https:\/\/kbbm.be\/de\/wp-json\/wp\/v2\/pages"}],"about":[{"href":"https:\/\/kbbm.be\/de\/wp-json\/wp\/v2\/types\/page"}],"author":[{"embeddable":true,"href":"https:\/\/kbbm.be\/de\/wp-json\/wp\/v2\/users\/18"}],"replies":[{"embeddable":true,"href":"https:\/\/kbbm.be\/de\/wp-json\/wp\/v2\/comments?post=7789"}],"version-history":[{"count":0,"href":"https:\/\/kbbm.be\/de\/wp-json\/wp\/v2\/pages\/7789\/revisions"}],"wp:featuredmedia":[{"embeddable":true,"href":"https:\/\/kbbm.be\/de\/wp-json\/wp\/v2\/media\/8735"}],"wp:attachment":[{"href":"https:\/\/kbbm.be\/de\/wp-json\/wp\/v2\/media?parent=7789"}],"curies":[{"name":"wp","href":"https:\/\/api.w.org\/{rel}","templated":true}]}}