{"id":36829,"date":"2024-06-25T16:35:41","date_gmt":"2024-06-25T14:35:41","guid":{"rendered":"https:\/\/srfb.be\/?page_id=36829"},"modified":"2024-06-25T16:36:42","modified_gmt":"2024-06-25T14:36:42","slug":"allgemeine-verkaufsbedingungen","status":"publish","type":"page","link":"https:\/\/kbbm.be\/de\/conditions-generales-de-ventes\/","title":{"rendered":"Allgemeine Gesch\u00e4ftsbedingungen"},"content":{"rendered":"<p><strong>Allgemeine Gesch\u00e4ftsbedingungen<\/strong><\/p>\n\n\n\n<p><strong>Artikel 1 - Pr\u00e4ambel<\/strong><\/p>\n\n\n\n<p>Die vorliegenden Verkaufsbedingungen werden einerseits von der Soci\u00e9t\u00e9 Royale Foresti\u00e8re de Belgique, SRFB, Boulevard Bischoffsheim 1-8, Box 3, 1. Stock 1000 Br\u00fcssel, nachfolgend \"der Verk\u00e4ufer\" genannt, und andererseits von jeder nat\u00fcrlichen oder juristischen Person, die \u00fcber die Website des Verk\u00e4ufers einen Kauf t\u00e4tigen m\u00f6chte, nachfolgend \"der K\u00e4ufer\" genannt, geschlossen.<\/p>\n\n\n\n<p><strong>Artikel 2 - Zweck<\/strong><\/p>\n\n\n\n<p>Die vorliegenden Verkaufsbedingungen sollen die vertraglichen Beziehungen zwischen dem Verk\u00e4ufer und dem K\u00e4ufer sowie die Bedingungen festlegen, die f\u00fcr jeden Kauf gelten, der \u00fcber die Website des Verk\u00e4ufers get\u00e4tigt wird, unabh\u00e4ngig davon, ob der K\u00e4ufer ein Gewerbetreibender oder ein Verbraucher ist.<\/p>\n\n\n\n<p>Der Erwerb einer Ware oder einer Dienstleistung \u00fcber diese Website setzt die vorbehaltlose Annahme der vorliegenden Verkaufsbedingungen durch den K\u00e4ufer voraus.<\/p>\n\n\n\n<p>Diese Verkaufsbedingungen haben Vorrang vor allen anderen allgemeinen oder besonderen Bedingungen, die nicht ausdr\u00fccklich vom Verk\u00e4ufer genehmigt wurden.<\/p>\n\n\n\n<p>Der Verk\u00e4ufer beh\u00e4lt sich das Recht vor, seine Verkaufsbedingungen jederzeit zu \u00e4ndern. In diesem Fall gelten die Bedingungen, die zum Zeitpunkt der Bestellung durch den K\u00e4ufer g\u00fcltig waren.<\/p>\n\n\n\n<p><strong>Artikel 3 - Merkmale der angebotenen Waren und Dienstleistungen<\/strong><\/p>\n\n\n\n<p>Die angebotenen Produkte und Dienstleistungen sind diejenigen, die in dem auf der Website des Verk\u00e4ufers ver\u00f6ffentlichten Katalog aufgef\u00fchrt sind. Jedes Produkt wird von einer vom Verk\u00e4ufer erstellten Beschreibung begleitet.<\/p>\n\n\n\n<p>Die Fotografien im Katalog sind so genau wie m\u00f6glich, k\u00f6nnen aber keine perfekte \u00c4hnlichkeit mit dem angebotenen Produkt gew\u00e4hrleisten, insbesondere was die Farben betrifft.<\/p>\n\n\n\n<p>Diese Produkte und Dienstleistungen werden angeboten, solange der Vorrat reicht. Wenn trotz seiner Bem\u00fchungen alle oder ein Teil der Artikel nicht verf\u00fcgbar sind, informiert der Verk\u00e4ufer den K\u00e4ufer so schnell wie m\u00f6glich per E-Mail dar\u00fcber und gibt ihm die M\u00f6glichkeit, zu w\u00e4hlen, ob er warten oder die Bestellung der nicht verf\u00fcgbaren Artikel kostenlos stornieren m\u00f6chte.<\/p>\n\n\n\n<p>Verf\u00fcgbare Artikel werden normal ausgeliefert.<\/p>\n\n\n\n<p><strong>Artikel 4 - Geb\u00fchren<\/strong><\/p>\n\n\n\n<p>Die auf der Website angezeigten Preise f\u00fcr Produkte und Dienstleistungen sind in Euro inklusive aller Steuern (Mehrwertsteuer und andere anwendbare Steuern) angegeben.<\/p>\n\n\n\n<p>Der Verk\u00e4ufer beh\u00e4lt sich das Recht vor, seine Preise jederzeit zu \u00e4ndern. Dennoch gelten f\u00fcr die Bestellung die Preise, die zum Zeitpunkt der Best\u00e4tigung der Bestellung g\u00fcltig sind.<\/p>\n\n\n\n<p>Die angegebenen Preise beinhalten die Kosten f\u00fcr die Bearbeitung von Bestellungen, den Transport und die Lieferung, sofern diese innerhalb Belgiens erfolgen. Die Lieferung von Bestellungen in die an Belgien angrenzenden L\u00e4nder kann gegen eine Pauschale von acht Euro (8\u20ac) erfolgen.<\/p>\n\n\n\n<p><strong>Artikel 5 - Bestellungen<\/strong><\/p>\n\n\n\n<p>Der K\u00e4ufer, der ein Produkt oder eine Dienstleistung kaufen m\u00f6chte, muss zwingend :<\/p>\n\n\n\n<p>- das Identifikationsblatt ausf\u00fcllen, auf dem er alle geforderten Angaben macht;<\/p>\n\n\n\n<p>- das Online-Bestellformular ausf\u00fcllen, indem Sie alle Referenzen der ausgew\u00e4hlten Produkte oder Dienstleistungen angeben ;<\/p>\n\n\n\n<ul class=\"wp-block-list\">\n<li>seine Bestellung best\u00e4tigen, nachdem er sie \u00fcberpr\u00fcft hat ;<\/li>\n\n\n\n<li>seine Bestellung und seine Zahlung best\u00e4tigen.<\/li>\n\n\n\n<li>die Zahlung in der vorgesehenen Weise durchf\u00fchren ;<\/li>\n<\/ul>\n\n\n\n<p>Die Best\u00e4tigung der Bestellung bedeutet die Annahme der vorliegenden Verkaufsbedingungen, die Anerkennung, diese vollst\u00e4ndig zu kennen, und den Verzicht, sich auf seine eigenen Einkaufsbedingungen oder andere Bedingungen zu berufen.<\/p>\n\n\n\n<p>Die Gesamtheit der gelieferten Daten und die registrierte Best\u00e4tigung gelten als Beweis f\u00fcr die Transaktion. Die Best\u00e4tigung gilt als Unterschrift und Annahme der get\u00e4tigten Transaktionen.<\/p>\n\n\n\n<p>Der Verk\u00e4ufer wird per E-Mail eine Best\u00e4tigung der registrierten Bestellung mitteilen.<\/p>\n\n\n\n<p><strong>Artikel 6 - Recht auf Verzicht<\/strong><\/p>\n\n\n\n<p>Nach dem Gesetz hat der Verbraucher das Recht, dem Verk\u00e4ufer innerhalb von 14 Werktagen nach dem Tag, der auf den Tag der Lieferung des Produkts oder des Abschlusses des Dienstleistungsvertrags folgt, ohne Strafe und ohne Angabe von Gr\u00fcnden mitzuteilen, dass er von seinem Kauf zur\u00fccktritt.<\/p>\n\n\n\n<p>Dieses R\u00fccktrittsrecht steht dem gewerblichen K\u00e4ufer nicht zu.<\/p>\n\n\n\n<p>Innerhalb dieser Frist muss der Verbraucher seine Absicht, vom Kauf zur\u00fcckzutreten, \u00fcber das Formular auf der Kontaktseite der Website mitteilen und das gelieferte Produkt auf seine Kosten und sein Risiko an Boulevard Bischoffsheim 1-8, Box 3, 1. Stock 1000 Br\u00fcssel zur\u00fccksenden.<\/p>\n\n\n\n<p>Die Produkte m\u00fcssen unbedingt in ihrer Originalverpackung, unbesch\u00e4digt, zusammen mit s\u00e4mtlichem Zubeh\u00f6r, der Bedienungsanleitung und der Originalrechnung\/dem Originallieferschein zur\u00fcckgeschickt werden.<\/p>\n\n\n\n<p>Die so zur\u00fcckgesandten Waren d\u00fcrfen nicht ausgepackt, entsiegelt oder in irgendeiner Weise benutzt worden sein. Unvollst\u00e4ndige, besch\u00e4digte, vom Kunden besch\u00e4digte oder beschmutzte Waren werden nicht zur\u00fcckgenommen.<\/p>\n\n\n\n<p>Innerhalb von 30 Tagen nach Annahme der R\u00fccknahme der Ware verpflichtet sich der Verk\u00e4ufer, eine eventuelle Zahlung mit Ausnahme der Versandkosten zu erstatten.<\/p>\n\n\n\n<p>Sofern nichts anderes vereinbart ist, kann der Verbraucher das Widerrufsrecht nicht aus\u00fcben bei Vertr\u00e4gen :<\/p>\n\n\n\n<p>- \u00fcber die Erbringung von Dienstleistungen, mit deren Ausf\u00fchrung mit Zustimmung des Verbrauchers vor Ablauf der Widerrufsfrist begonnen wurde ;<\/p>\n\n\n\n<p>- die Lieferung von Produkten, die nach den Spezifikationen des Verbrauchers angefertigt werden oder eindeutig auf seine pers\u00f6nlichen Bed\u00fcrfnisse zugeschnitten sind oder die aufgrund ihrer Beschaffenheit nicht zur\u00fcckgesandt werden k\u00f6nnen oder schnell verderben oder verfallen k\u00f6nnen;<\/p>\n\n\n\n<p>- die Lieferung von Audio- oder Videoaufzeichnungen oder Computersoftware, die vom Verbraucher entsiegelt wurde;<\/p>\n\n\n\n<p>- die Lieferung von Zeitungen, Zeitschriften oder Magazinen.<\/p>\n\n\n\n<p><strong>Artikel 7: Zahlungsmodalit\u00e4ten<\/strong><\/p>\n\n\n\n<p>Die Zahlung erfolgt per \u00dcberweisung. Die bestellten Artikel bleiben bis zur vollst\u00e4ndigen Bezahlung der Bestellung durch den K\u00e4ufer das alleinige Eigentum des Verk\u00e4ufers.<\/p>\n\n\n\n<p><strong>Artikel 8: Lieferungen<\/strong><\/p>\n\n\n\n<p>Die Lieferungen erfolgen an die auf dem Bestellschein angegebene Adresse, die nur in der vereinbarten geografischen Zone liegen kann.<\/p>\n\n\n\n<p>Die Ware wird auf Risiko des Verk\u00e4ufers bis zur Lieferung der Ware an die vom K\u00e4ufer angegebene Lieferadresse transportiert. Ab diesem Zeitpunkt tr\u00e4gt der K\u00e4ufer das alleinige Risiko.<\/p>\n\n\n\n<p>Die Lieferfristen werden nur zur Information angegeben. Wenn diese drei\u00dfig Tage ab Bestellung \u00fcberschreiten, kann der Kaufvertrag aufgel\u00f6st und dem K\u00e4ufer der Kaufpreis zur\u00fcckerstattet werden.<\/p>\n\n\n\n<p><strong>Artikel 9: Gew\u00e4hrleistung<\/strong><\/p>\n\n\n\n<p>Gegen\u00fcber Verbrauchern garantiert der Verk\u00e4ufer die von ihm verkauften Produkte und die von ihm erbrachten Dienstleistungen gem\u00e4\u00df dem Gesetz vom 01. September 2004 \u00fcber den Verbraucherschutz beim Verkauf von Verbrauchsg\u00fctern (Artikel 1649 bis bis 1649 octies des B\u00fcrgerlichen Gesetzbuchs).<\/p>\n\n\n\n<p>Im Falle der Nicht\u00fcbereinstimmung eines verkauften Produkts, die innerhalb von zwei Monaten nach der Lieferung des Produkts festgestellt wird, muss der Verbraucher dem Verk\u00e4ufer so schnell wie m\u00f6glich eine genaue Mitteilung per Einschreiben oder E-Mail machen.<\/p>\n\n\n\n<p>Diese Garantie deckt nur Konformit\u00e4tsm\u00e4ngel ab, die zum Zeitpunkt der Lieferung der Waren bestanden. Defekte oder Sch\u00e4den, die auf unsachgem\u00e4\u00dfe Verwendung zur\u00fcckzuf\u00fchren sind, wie z. B. Wassersch\u00e4den, Oxidation, St\u00fcrze oder Schl\u00e4ge, Fahrl\u00e4ssigkeit und Verschlei\u00df, sind nicht von der Garantie abgedeckt. Ebenso f\u00fchren Reparaturen, die von nicht durch den Anbieter autorisierten Technikern durchgef\u00fchrt werden, zum Erl\u00f6schen der Garantie.<\/p>\n\n\n\n<p>Die Rechnung oder der Lieferschein fungieren als Garantieurkunde und m\u00fcssen vom Verbraucher aufbewahrt und im Original vorgelegt werden.<br>Si le produit est utilis\u00e9 \u00e0 des fins non priv\u00e9es, les conditions de garantie limit\u00e9es du fabricant\/fournisseur sont en vigueur.<\/p>\n\n\n\n<p><strong>Article 10: Responsabilit\u00e9<\/strong><\/p>\n\n\n\n<p>Le vendeur, dans le processus de vente en ligne, n\u2019est tenu que par une obligation de moyens; sa responsabilit\u00e9 ne pourra \u00eatre engag\u00e9e pour un dommage r\u00e9sultant de l\u2019utilisation du r\u00e9seau Internet tel que perte de donn\u00e9es, intrusion, virus, rupture du service, ou autres probl\u00e8mes involontaires.<\/p>\n\n\n\n<p>Les donn\u00e9es reprises sur le site sont par ailleurs donn\u00e9es de bonne foi. Les liens propos\u00e9s vers les sites des fabricants et\/ou des partenaires sont donn\u00e9s \u00e0 titre informatif. Le vendeur ne peut \u00eatre tenu responsable des informations provenant de ces sites.<\/p>\n\n\n\n<p><strong>Article 11 : Propri\u00e9t\u00e9 intellectuelle<\/strong><\/p>\n\n\n\n<p>Tous les \u00e9l\u00e9ments du site du vendeur sont et restent la propri\u00e9t\u00e9 intellectuelle et exclusive de celui-ci.<\/p>\n\n\n\n<p>Personne n\u2019est autoris\u00e9 \u00e0 reproduire, exploiter, rediffuser, ou utiliser \u00e0 quelque titre que ce soit, m\u00eame partiellement, des \u00e9l\u00e9ments du site qu\u2019ils soient logiciels, visuels ou sonores. Tout lien simple ou par hypertexte est strictement interdit sans un accord \u00e9crit pr\u00e9alable expr\u00e8s du vendeur.<\/p>\n\n\n\n<p>Toutes les oeuvres vendues sur le site web sont et restent la propri\u00e9t\u00e9 intellectuelle du vendeur selon l\u2019accord r\u00e9alis\u00e9 avec chaque auteur.<\/p>\n\n\n\n<p><strong>Article 12 : Donn\u00e9es \u00e0 caract\u00e8re personnel<\/strong><\/p>\n\n\n\n<p>Toutes les donn\u00e9es personnelles n\u00e9cessaires au traitement d\u2019une commande sont conserv\u00e9es par le vendeur et peuvent \u00eatre transmises aux entreprises avec lesquelles le vendeur ou ses fournisseurs collaborent, lorsqu\u2019une telle communication est n\u00e9cessaire au traitement de la commande.<\/p>\n\n\n\n<p>L\u2019utilisateur autorise par ailleurs \u00e9galement le vendeur \u00e0 employer ces donn\u00e9es pour \u00e9tablir des statistiques afin d\u2019am\u00e9liorer son site, les biens et les services qu\u2019il propose. Cette information peut en outre \u00eatre utilis\u00e9e afin de permettre la diffusion, par tout moyen de communication, des informations relatives aux activit\u00e9s commerciales du vendeur \u00e0 sa client\u00e8le.<\/p>\n\n\n\n<p>Le vendeur conserve enfin les donn\u00e9es personnelles pour faciliter les commandes ult\u00e9rieures. Le vendeur s\u2019engage pour le surplus \u00e0 ne pas divulguer les renseignements dont il dispose \u00e0 une autre soci\u00e9t\u00e9 ou une autre entreprise.<\/p>\n\n\n\n<p>Les donn\u00e9es conserv\u00e9es par le vendeur peuvent \u00e0 tout moment \u00eatre demand\u00e9es et corrig\u00e9es sur simple demande.<\/p>\n\n\n\n<p><strong>Article 13 : Preuve<\/strong><\/p>\n\n\n\n<p>Les parties acceptent, dans le cadre de leurs relations, les moyens de preuve \u00e9lectroniques (par exemple l\u2019email, les backups informatiques, \u2026).<\/p>\n\n\n\n<p><strong>Article 14 : R\u00e8glement des litiges<\/strong><\/p>\n\n\n\n<p>Les pr\u00e9sentes conditions de vente en ligne sont soumises \u00e0 la loi belge. En cas de litige, les tribunaux du si\u00e8ge social du vendeur sont comp\u00e9tents, sauf dispositions d\u2019ordre public contraignantes.<\/p>","protected":false},"excerpt":{"rendered":"<p>Conditions g\u00e9n\u00e9rales de vente Article 1 \u2013 Pr\u00e9ambule Les pr\u00e9sentes conditions de vente sont conclues, d\u2019une part, par la soci\u00e9t\u00e9 royale foresti\u00e8re de Belgique, la SRFB, Boulevard Bischoffsheim 1-8, bo\u00eete 3, 1er \u00e9tage 1000 Bruxelles, ci-apr\u00e8s d\u00e9nomm\u00e9e \u00ab le vendeur&nbsp;\u00bb et, d\u2019autre part, par toute personne physique ou morale souhaitant proc\u00e9der \u00e0 un achat via&#8230; <\/p>\n<div class=\"clear\"><\/div>\n<p><a href=\"https:\/\/kbbm.be\/de\/conditions-generales-de-ventes\/\" class=\"excerpt-read-more\">Read More<\/a><\/p>","protected":false},"author":18,"featured_media":0,"parent":0,"menu_order":0,"comment_status":"closed","ping_status":"closed","template":"","meta":{"iawp_total_views":3,"footnotes":""},"class_list":["post-36829","page","type-page","status-publish","hentry"],"yoast_head":"<!-- This site is optimized with the Yoast SEO plugin v27.3 - https:\/\/yoast.com\/product\/yoast-seo-wordpress\/ -->\n<title>Conditions g\u00e9n\u00e9rales de ventes - Soci\u00e9t\u00e9 Royale Foresti\u00e8re de Belgique<\/title>\n<meta name=\"robots\" content=\"index, follow, max-snippet:-1, max-image-preview:large, max-video-preview:-1\" \/>\n<link rel=\"canonical\" href=\"https:\/\/kbbm.be\/de\/allgemeine-verkaufsbedingungen\/\" \/>\n<meta property=\"og:locale\" content=\"de_DE\" \/>\n<meta property=\"og:type\" content=\"article\" \/>\n<meta property=\"og:title\" content=\"Conditions g\u00e9n\u00e9rales de ventes - Soci\u00e9t\u00e9 Royale Foresti\u00e8re de Belgique\" \/>\n<meta property=\"og:description\" content=\"Conditions g\u00e9n\u00e9rales de vente Article 1 \u2013 Pr\u00e9ambule Les pr\u00e9sentes conditions de vente sont conclues, d\u2019une part, par la soci\u00e9t\u00e9 royale foresti\u00e8re de Belgique, la SRFB, Boulevard Bischoffsheim 1-8, bo\u00eete 3, 1er \u00e9tage 1000 Bruxelles, ci-apr\u00e8s d\u00e9nomm\u00e9e \u00ab le vendeur&nbsp;\u00bb et, d\u2019autre part, par toute personne physique ou morale souhaitant proc\u00e9der \u00e0 un achat via... Read More\" \/>\n<meta property=\"og:url\" content=\"https:\/\/kbbm.be\/de\/allgemeine-verkaufsbedingungen\/\" \/>\n<meta property=\"og:site_name\" content=\"Soci\u00e9t\u00e9 Royale Foresti\u00e8re de Belgique\" \/>\n<meta property=\"article:publisher\" content=\"https:\/\/www.facebook.com\/srfb.be\" \/>\n<meta property=\"article:modified_time\" content=\"2024-06-25T14:36:42+00:00\" \/>\n<script type=\"application\/ld+json\" class=\"yoast-schema-graph\">{\"@context\":\"https:\\\/\\\/schema.org\",\"@graph\":[{\"@type\":\"WebPage\",\"@id\":\"https:\\\/\\\/kbbm.be\\\/de\\\/allgemeine-verkaufsbedingungen\\\/\",\"url\":\"https:\\\/\\\/kbbm.be\\\/de\\\/allgemeine-verkaufsbedingungen\\\/\",\"name\":\"Conditions g\u00e9n\u00e9rales de ventes - Soci\u00e9t\u00e9 Royale Foresti\u00e8re de Belgique\",\"isPartOf\":{\"@id\":\"https:\\\/\\\/srfb.be\\\/#website\"},\"datePublished\":\"2024-06-25T14:35:41+00:00\",\"dateModified\":\"2024-06-25T14:36:42+00:00\",\"breadcrumb\":{\"@id\":\"https:\\\/\\\/kbbm.be\\\/de\\\/allgemeine-verkaufsbedingungen\\\/#breadcrumb\"},\"inLanguage\":\"de\",\"potentialAction\":[{\"@type\":\"ReadAction\",\"target\":[\"https:\\\/\\\/kbbm.be\\\/de\\\/allgemeine-verkaufsbedingungen\\\/\"]}]},{\"@type\":\"BreadcrumbList\",\"@id\":\"https:\\\/\\\/kbbm.be\\\/de\\\/allgemeine-verkaufsbedingungen\\\/#breadcrumb\",\"itemListElement\":[{\"@type\":\"ListItem\",\"position\":1,\"name\":\"Accueil\",\"item\":\"https:\\\/\\\/srfb.be\\\/\"},{\"@type\":\"ListItem\",\"position\":2,\"name\":\"Conditions g\u00e9n\u00e9rales de ventes\"}]},{\"@type\":\"WebSite\",\"@id\":\"https:\\\/\\\/srfb.be\\\/#website\",\"url\":\"https:\\\/\\\/srfb.be\\\/\",\"name\":\"Soci\u00e9t\u00e9 Royale Foresti\u00e8re de Belgique\",\"description\":\"Au service de la for\u00eat et des forestiers\",\"publisher\":{\"@id\":\"https:\\\/\\\/srfb.be\\\/#organization\"},\"alternateName\":\"SRFB-KBBM\",\"potentialAction\":[{\"@type\":\"SearchAction\",\"target\":{\"@type\":\"EntryPoint\",\"urlTemplate\":\"https:\\\/\\\/srfb.be\\\/?s={search_term_string}\"},\"query-input\":{\"@type\":\"PropertyValueSpecification\",\"valueRequired\":true,\"valueName\":\"search_term_string\"}}],\"inLanguage\":\"de\"},{\"@type\":\"Organization\",\"@id\":\"https:\\\/\\\/srfb.be\\\/#organization\",\"name\":\"Soci\u00e9t\u00e9 Royale Foresti\u00e8re De Belgique - Koninklijke Belgische Bosbouwmaatschappij\",\"alternateName\":\"SRFB-KBBM\",\"url\":\"https:\\\/\\\/srfb.be\\\/\",\"logo\":{\"@type\":\"ImageObject\",\"inLanguage\":\"de\",\"@id\":\"https:\\\/\\\/srfb.be\\\/#\\\/schema\\\/logo\\\/image\\\/\",\"url\":\"https:\\\/\\\/srfb.be\\\/wp-content\\\/uploads\\\/2019\\\/06\\\/android-chrome-256x256.png\",\"contentUrl\":\"https:\\\/\\\/srfb.be\\\/wp-content\\\/uploads\\\/2019\\\/06\\\/android-chrome-256x256.png\",\"width\":1200,\"height\":1232,\"caption\":\"Soci\u00e9t\u00e9 Royale Foresti\u00e8re De Belgique - Koninklijke Belgische Bosbouwmaatschappij\"},\"image\":{\"@id\":\"https:\\\/\\\/srfb.be\\\/#\\\/schema\\\/logo\\\/image\\\/\"},\"sameAs\":[\"https:\\\/\\\/www.facebook.com\\\/srfb.be\",\"https:\\\/\\\/www.instagram.com\\\/srfb_kbbm\\\/\",\"https:\\\/\\\/www.linkedin.com\\\/company\\\/srfb-kbbm\\\/\",\"https:\\\/\\\/www.youtube.com\\\/user\\\/srfbkbbm\"]}]}<\/script>\n<!-- \/ Yoast SEO plugin. -->","yoast_head_json":{"title":"Allgemeine Gesch\u00e4ftsbedingungen - Soci\u00e9t\u00e9 Royale Foresti\u00e8re de Belgique (K\u00f6niglich Belgische Forstgesellschaft)","robots":{"index":"index","follow":"follow","max-snippet":"max-snippet:-1","max-image-preview":"max-image-preview:large","max-video-preview":"max-video-preview:-1"},"canonical":"https:\/\/kbbm.be\/de\/allgemeine-verkaufsbedingungen\/","og_locale":"de_DE","og_type":"article","og_title":"Conditions g\u00e9n\u00e9rales de ventes - Soci\u00e9t\u00e9 Royale Foresti\u00e8re de Belgique","og_description":"Conditions g\u00e9n\u00e9rales de vente Article 1 \u2013 Pr\u00e9ambule Les pr\u00e9sentes conditions de vente sont conclues, d\u2019une part, par la soci\u00e9t\u00e9 royale foresti\u00e8re de Belgique, la SRFB, Boulevard Bischoffsheim 1-8, bo\u00eete 3, 1er \u00e9tage 1000 Bruxelles, ci-apr\u00e8s d\u00e9nomm\u00e9e \u00ab le vendeur&nbsp;\u00bb et, d\u2019autre part, par toute personne physique ou morale souhaitant proc\u00e9der \u00e0 un achat via... Read More","og_url":"https:\/\/kbbm.be\/de\/allgemeine-verkaufsbedingungen\/","og_site_name":"Soci\u00e9t\u00e9 Royale Foresti\u00e8re de Belgique","article_publisher":"https:\/\/www.facebook.com\/srfb.be","article_modified_time":"2024-06-25T14:36:42+00:00","schema":{"@context":"https:\/\/schema.org","@graph":[{"@type":"WebPage","@id":"https:\/\/kbbm.be\/de\/allgemeine-verkaufsbedingungen\/","url":"https:\/\/kbbm.be\/de\/allgemeine-verkaufsbedingungen\/","name":"Allgemeine Gesch\u00e4ftsbedingungen - Soci\u00e9t\u00e9 Royale Foresti\u00e8re de Belgique (K\u00f6niglich Belgische Forstgesellschaft)","isPartOf":{"@id":"https:\/\/srfb.be\/#website"},"datePublished":"2024-06-25T14:35:41+00:00","dateModified":"2024-06-25T14:36:42+00:00","breadcrumb":{"@id":"https:\/\/kbbm.be\/de\/allgemeine-verkaufsbedingungen\/#breadcrumb"},"inLanguage":"de","potentialAction":[{"@type":"ReadAction","target":["https:\/\/kbbm.be\/de\/allgemeine-verkaufsbedingungen\/"]}]},{"@type":"BreadcrumbList","@id":"https:\/\/kbbm.be\/de\/allgemeine-verkaufsbedingungen\/#breadcrumb","itemListElement":[{"@type":"ListItem","position":1,"name":"Accueil","item":"https:\/\/srfb.be\/"},{"@type":"ListItem","position":2,"name":"Conditions g\u00e9n\u00e9rales de ventes"}]},{"@type":"WebSite","@id":"https:\/\/srfb.be\/#website","url":"https:\/\/srfb.be\/","name":"K\u00f6nigliche Forstverein Belgiens","description":"Im Dienste des Waldes und der F\u00f6rster","publisher":{"@id":"https:\/\/srfb.be\/#organization"},"alternateName":"SRFB-KBBM","potentialAction":[{"@type":"SearchAction","target":{"@type":"EntryPoint","urlTemplate":"https:\/\/srfb.be\/?s={search_term_string}"},"query-input":{"@type":"PropertyValueSpecification","valueRequired":true,"valueName":"search_term_string"}}],"inLanguage":"de"},{"@type":"Organization","@id":"https:\/\/srfb.be\/#organization","name":"Soci\u00e9t\u00e9 Royale Foresti\u00e8re De Belgique - Koninklijke Belgische Bosbouwmaatschappij","alternateName":"SRFB-KBBM","url":"https:\/\/srfb.be\/","logo":{"@type":"ImageObject","inLanguage":"de","@id":"https:\/\/srfb.be\/#\/schema\/logo\/image\/","url":"https:\/\/srfb.be\/wp-content\/uploads\/2019\/06\/android-chrome-256x256.png","contentUrl":"https:\/\/srfb.be\/wp-content\/uploads\/2019\/06\/android-chrome-256x256.png","width":1200,"height":1232,"caption":"Soci\u00e9t\u00e9 Royale Foresti\u00e8re De Belgique - Koninklijke Belgische Bosbouwmaatschappij"},"image":{"@id":"https:\/\/srfb.be\/#\/schema\/logo\/image\/"},"sameAs":["https:\/\/www.facebook.com\/srfb.be","https:\/\/www.instagram.com\/srfb_kbbm\/","https:\/\/www.linkedin.com\/company\/srfb-kbbm\/","https:\/\/www.youtube.com\/user\/srfbkbbm"]}]}},"_links":{"self":[{"href":"https:\/\/kbbm.be\/de\/wp-json\/wp\/v2\/pages\/36829","targetHints":{"allow":["GET"]}}],"collection":[{"href":"https:\/\/kbbm.be\/de\/wp-json\/wp\/v2\/pages"}],"about":[{"href":"https:\/\/kbbm.be\/de\/wp-json\/wp\/v2\/types\/page"}],"author":[{"embeddable":true,"href":"https:\/\/kbbm.be\/de\/wp-json\/wp\/v2\/users\/18"}],"replies":[{"embeddable":true,"href":"https:\/\/kbbm.be\/de\/wp-json\/wp\/v2\/comments?post=36829"}],"version-history":[{"count":0,"href":"https:\/\/kbbm.be\/de\/wp-json\/wp\/v2\/pages\/36829\/revisions"}],"wp:attachment":[{"href":"https:\/\/kbbm.be\/de\/wp-json\/wp\/v2\/media?parent=36829"}],"curies":[{"name":"wp","href":"https:\/\/api.w.org\/{rel}","templated":true}]}}