{"id":35826,"date":"2024-04-03T15:27:01","date_gmt":"2024-04-03T13:27:01","guid":{"rendered":"https:\/\/srfb.be\/?page_id=35826"},"modified":"2024-11-12T13:55:04","modified_gmt":"2024-11-12T12:55:04","slug":"mpern","status":"publish","type":"page","link":"https:\/\/kbbm.be\/de\/formations-et-activites\/nos-projets\/mpern\/","title":{"rendered":"MPeRN"},"content":{"rendered":"<div class=\"yoast-breadcrumbs\"><span><span><a href=\"https:\/\/srfb.be\/\">Startseite<\/a><\/span> &gt; <span><a href=\"https:\/\/kbbm.be\/de\/schulungen-und-aktivitaten\/\">Schulungen und Aktivit\u00e4ten<\/a><\/span> &gt; <span><a href=\"https:\/\/kbbm.be\/de\/schulungen-und-aktivitaten\/unsere-projekte\/\">Unsere Projekte<\/a><\/span> &gt; <span class=\"breadcrumb_last\" aria-current=\"page\"><strong>MPeRN<\/strong><\/span><\/span><\/div>\n\n\n<div style=\"height:35px\" aria-hidden=\"true\" class=\"wp-block-spacer\"><\/div>\n\n\n\n<h4 class=\"wp-block-heading has-vert-fonce-color-color has-text-color has-link-color wp-elements-ff09ffda24d43c8faae20c261f9c6cbb\">Biodiversit\u00e4t im Privatwald: Meine Parzelle im Naturschutzgebiet<\/h4>\n\n\n\n<div class=\"wp-block-columns is-layout-flex wp-container-core-columns-is-layout-28f84493 wp-block-columns-is-layout-flex\">\n<div class=\"wp-block-column is-layout-flow wp-block-column-is-layout-flow\" style=\"flex-basis:33.33%\">\n<figure class=\"wp-block-image size-full is-resized\"><img loading=\"lazy\" decoding=\"async\" width=\"1024\" height=\"576\" src=\"https:\/\/srfb.be\/wp-content\/uploads\/2024\/03\/MPeRN_2-edited.jpg\" alt=\"\" class=\"wp-image-35851\" style=\"width:310px;height:auto\" srcset=\"https:\/\/kbbm.be\/wp-content\/uploads\/2024\/03\/MPeRN_2-edited.jpg 1024w, https:\/\/kbbm.be\/wp-content\/uploads\/2024\/03\/MPeRN_2-edited-300x169.jpg 300w, https:\/\/kbbm.be\/wp-content\/uploads\/2024\/03\/MPeRN_2-edited-18x10.jpg 18w, https:\/\/kbbm.be\/wp-content\/uploads\/2024\/03\/MPeRN_2-edited-600x338.jpg 600w\" sizes=\"auto, (max-width: 1024px) 100vw, 1024px\" \/><\/figure>\n<\/div>\n\n\n\n<div class=\"wp-block-column is-layout-flow wp-block-column-is-layout-flow\" style=\"flex-basis:66.66%\">\n<p>Obwohl die Zahl der Naturschutzgebiete steigt, machen sie nur 1% des wallonischen Territoriums aus. L\u00e4ndliche Privateigent\u00fcmer verf\u00fcgen jedoch \u00fcber teilweise gro\u00dfe Fl\u00e4chen mit einem hohen \u00f6kologischen Potenzial. Der Wille, die Biodiversit\u00e4t zu erhalten, st\u00f6\u00dft jedoch auf rechtliche und praktische Herausforderungen. Um die Erhaltung und die Eigentumsrechte in Einklang zu bringen, hat die SRFB in Zusammenarbeit mit verschiedenen Akteuren das Projekt 'Meine Parzelle als Naturschutzgebiet' ins Leben gerufen. Dieses Projekt zielt darauf ab, eine Struktur zu schaffen, die es erleichtert, private Grundst\u00fccke unter einen strengen Schutzstatus zu stellen und so ihren \u00f6kologischen Wert anzuerkennen und gleichzeitig die Rechte der Eigent\u00fcmer zu wahren<\/p>\n<\/div>\n<\/div>\n\n\n\n<hr class=\"wp-block-separator has-text-color has-grey-color-color has-alpha-channel-opacity has-grey-color-background-color has-background is-style-wide\"\/>\n\n\n\n<figure class=\"wp-block-image size-large\"><img loading=\"lazy\" decoding=\"async\" width=\"1024\" height=\"354\" src=\"https:\/\/srfb.be\/wp-content\/uploads\/2024\/03\/Logos-1024x354.png\" alt=\"\" class=\"wp-image-35853\" srcset=\"https:\/\/kbbm.be\/wp-content\/uploads\/2024\/03\/Logos-1024x354.png 1024w, https:\/\/kbbm.be\/wp-content\/uploads\/2024\/03\/Logos-300x104.png 300w, https:\/\/kbbm.be\/wp-content\/uploads\/2024\/03\/Logos-18x6.png 18w, https:\/\/kbbm.be\/wp-content\/uploads\/2024\/03\/Logos-600x207.png 600w, https:\/\/kbbm.be\/wp-content\/uploads\/2024\/03\/Logos.png 1100w\" sizes=\"auto, (max-width: 1024px) 100vw, 1024px\" \/><\/figure>\n\n\n\n<hr class=\"wp-block-separator has-text-color has-grey-color-color has-alpha-channel-opacity has-grey-color-background-color has-background is-style-wide\"\/>\n\n\n\n<p>Derzeit nehmen die Naturschutzgebiete in der Region Wallonien zwar stetig zu, machen aber nur knapp 1% des Landes aus. Dennoch besitzen private Eigent\u00fcmer und Verwalter l\u00e4ndlicher Fl\u00e4chen ein gro\u00dfes Grundst\u00fcck mit einem betr\u00e4chtlichen \u00f6kologischen Potenzial, das sie gerne in das Netz der Naturschutzgebiete einbezogen sehen w\u00fcrden. Auf diese Weise k\u00f6nnten sie wenig oder nicht produktive Parzellen und\/oder Parzellen von biologischem oder patrimonialem Interesse aufwerten, indem sie diese in Naturschutzgebiete umwandeln.<\/p>\n\n\n\n<p>Diese Eigent\u00fcmer und Verwalter sto\u00dfen jedoch auf Hindernisse, wenn sie versuchen, ihr Land freiwillig in den Prozess der Anerkennung als Naturschutzgebiet einzubringen und gleichzeitig ihre Eigentumsrechte zu wahren.<\/p>\n\n\n\n<p>Um l\u00e4ndlichen Eigent\u00fcmern und Verwaltern die M\u00f6glichkeit zu geben, sich aktiv an der Erhaltung der Biodiversit\u00e4t zu beteiligen, ohne ihre Verm\u00f6gensrechte zu opfern, hat der SRFB in Zusammenarbeit mit Vertretern der Land- und Forstwirtschaft, Umweltverb\u00e4nden und Universit\u00e4ten das Projekt \"Meine Parzelle als Naturschutzgebiet\" ins Leben gerufen. Ziel dieses Projekts ist es, eine Struktur zu schaffen, die es erleichtert, Privatgrundst\u00fccke unter einen strengen Schutzstatus zu stellen.<\/p>\n\n\n\n<p>Diese im Aufbau befindliche Struktur soll die rechtliche und soziale Anerkennung von Parzellen mit dem Status \"zugelassenes Naturschutzgebiet\" erm\u00f6glichen, um den Eigent\u00fcmern die Mittel an die Hand zu geben, sie angemessen zu verwalten oder diese Verwaltung an eine kompetente Stelle zu delegieren. Denn der Schutz der Biodiversit\u00e4t erfordert das aktive Engagement von Waldbesitzern und Landwirten.<\/p>\n\n\n\n<p>Das Projekt wurde im September 2023 mit einer Laufzeit von einem Jahr gestartet. Im Laufe dieses Jahres wurden fast 240 Hektar an Pilotparzellen f\u00fcr das Projekt identifiziert. Hindernisse und Treiber f\u00fcr die Reservierung wurden ermittelt und die Rechtsgrundlagen f\u00fcr die Gr\u00fcndung der K\u00f6rperschaft geschaffen.<\/p>\n\n\n\n<hr class=\"wp-block-separator has-text-color has-grey-color-color has-alpha-channel-opacity has-grey-color-background-color has-background\"\/>\n\n\n\n<div class=\"wp-block-group is-layout-constrained wp-container-core-group-is-layout-05afb7f8 wp-block-group-is-layout-constrained\" style=\"margin-top:var(--wp--preset--spacing--70);margin-bottom:var(--wp--preset--spacing--70)\">\n<h3 class=\"wp-block-heading has-text-align-center\">Artikel<\/h3>\n\n\n\n<section data-wp-context=\"{}\" data-wp-interactive=\"core\/query\" data-wp-key=\"0\" data-wp-router-region=\"query-0\" class=\"wp-block-query is-layout-flow wp-block-query-is-layout-flow\">\n\n\n\n<div class=\"wp-block-query-no-results\">\n\n<p class=\"has-text-align-center\" style=\"font-style:normal;font-weight:700\">Noch keine Artikel verfasst<\/p>\n\n<\/div><\/section>\n<\/div>","protected":false},"excerpt":{"rendered":"<p>Meine Parzelle im Naturreservat<\/p>","protected":false},"author":21,"featured_media":35782,"parent":35658,"menu_order":4,"comment_status":"closed","ping_status":"closed","template":"","meta":{"iawp_total_views":113,"footnotes":""},"class_list":["post-35826","page","type-page","status-publish","has-post-thumbnail","hentry"],"yoast_head":"<!-- This site is optimized with the Yoast SEO plugin v27.4 - https:\/\/yoast.com\/product\/yoast-seo-wordpress\/ -->\n<title>MPeRN - Soci\u00e9t\u00e9 Royale Foresti\u00e8re de Belgique<\/title>\n<meta name=\"robots\" content=\"index, follow, max-snippet:-1, max-image-preview:large, max-video-preview:-1\" \/>\n<link rel=\"canonical\" href=\"https:\/\/srfb.be\/formations-et-activites\/nos-projets\/mpern\/\" \/>\n<meta property=\"og:locale\" content=\"de_DE\" \/>\n<meta property=\"og:type\" content=\"article\" \/>\n<meta property=\"og:title\" content=\"MPeRN - Soci\u00e9t\u00e9 Royale Foresti\u00e8re de Belgique\" \/>\n<meta property=\"og:description\" content=\"Ma parcelle en R\u00e9serve Naturelle\" \/>\n<meta property=\"og:url\" content=\"https:\/\/srfb.be\/formations-et-activites\/nos-projets\/mpern\/\" \/>\n<meta property=\"og:site_name\" content=\"Soci\u00e9t\u00e9 Royale Foresti\u00e8re de Belgique\" \/>\n<meta property=\"article:publisher\" content=\"https:\/\/www.facebook.com\/srfb.be\" \/>\n<meta property=\"article:modified_time\" content=\"2024-11-12T12:55:04+00:00\" \/>\n<meta property=\"og:image\" content=\"https:\/\/srfb.be\/wp-content\/uploads\/2024\/03\/MPeRN.png\" \/>\n\t<meta property=\"og:image:width\" content=\"1280\" \/>\n\t<meta property=\"og:image:height\" content=\"768\" \/>\n\t<meta property=\"og:image:type\" content=\"image\/png\" \/>\n<script type=\"application\/ld+json\" class=\"yoast-schema-graph\">{\"@context\":\"https:\\\/\\\/schema.org\",\"@graph\":[{\"@type\":\"WebPage\",\"@id\":\"https:\\\/\\\/srfb.be\\\/formations-et-activites\\\/nos-projets\\\/mpern\\\/\",\"url\":\"https:\\\/\\\/srfb.be\\\/formations-et-activites\\\/nos-projets\\\/mpern\\\/\",\"name\":\"MPeRN - Soci\u00e9t\u00e9 Royale Foresti\u00e8re de Belgique\",\"isPartOf\":{\"@id\":\"https:\\\/\\\/srfb.be\\\/#website\"},\"primaryImageOfPage\":{\"@id\":\"https:\\\/\\\/srfb.be\\\/formations-et-activites\\\/nos-projets\\\/mpern\\\/#primaryimage\"},\"image\":{\"@id\":\"https:\\\/\\\/srfb.be\\\/formations-et-activites\\\/nos-projets\\\/mpern\\\/#primaryimage\"},\"thumbnailUrl\":\"https:\\\/\\\/kbbm.be\\\/wp-content\\\/uploads\\\/2024\\\/03\\\/MPeRN.png\",\"datePublished\":\"2024-04-03T13:27:01+00:00\",\"dateModified\":\"2024-11-12T12:55:04+00:00\",\"breadcrumb\":{\"@id\":\"https:\\\/\\\/srfb.be\\\/formations-et-activites\\\/nos-projets\\\/mpern\\\/#breadcrumb\"},\"inLanguage\":\"de\",\"potentialAction\":[{\"@type\":\"ReadAction\",\"target\":[\"https:\\\/\\\/srfb.be\\\/formations-et-activites\\\/nos-projets\\\/mpern\\\/\"]}]},{\"@type\":\"ImageObject\",\"inLanguage\":\"de\",\"@id\":\"https:\\\/\\\/srfb.be\\\/formations-et-activites\\\/nos-projets\\\/mpern\\\/#primaryimage\",\"url\":\"https:\\\/\\\/kbbm.be\\\/wp-content\\\/uploads\\\/2024\\\/03\\\/MPeRN.png\",\"contentUrl\":\"https:\\\/\\\/kbbm.be\\\/wp-content\\\/uploads\\\/2024\\\/03\\\/MPeRN.png\",\"width\":1280,\"height\":768},{\"@type\":\"BreadcrumbList\",\"@id\":\"https:\\\/\\\/srfb.be\\\/formations-et-activites\\\/nos-projets\\\/mpern\\\/#breadcrumb\",\"itemListElement\":[{\"@type\":\"ListItem\",\"position\":1,\"name\":\"Accueil\",\"item\":\"https:\\\/\\\/srfb.be\\\/\"},{\"@type\":\"ListItem\",\"position\":2,\"name\":\"Formations et activit\u00e9s\",\"item\":\"https:\\\/\\\/kbbm.be\\\/formations-et-activites\\\/\"},{\"@type\":\"ListItem\",\"position\":3,\"name\":\"Nos projets\",\"item\":\"https:\\\/\\\/kbbm.be\\\/formations-et-activites\\\/nos-projets\\\/\"},{\"@type\":\"ListItem\",\"position\":4,\"name\":\"MPeRN\"}]},{\"@type\":\"WebSite\",\"@id\":\"https:\\\/\\\/srfb.be\\\/#website\",\"url\":\"https:\\\/\\\/srfb.be\\\/\",\"name\":\"Soci\u00e9t\u00e9 Royale Foresti\u00e8re de Belgique\",\"description\":\"Au service de la for\u00eat et des forestiers\",\"publisher\":{\"@id\":\"https:\\\/\\\/srfb.be\\\/#organization\"},\"alternateName\":\"SRFB-KBBM\",\"potentialAction\":[{\"@type\":\"SearchAction\",\"target\":{\"@type\":\"EntryPoint\",\"urlTemplate\":\"https:\\\/\\\/srfb.be\\\/?s={search_term_string}\"},\"query-input\":{\"@type\":\"PropertyValueSpecification\",\"valueRequired\":true,\"valueName\":\"search_term_string\"}}],\"inLanguage\":\"de\"},{\"@type\":\"Organization\",\"@id\":\"https:\\\/\\\/srfb.be\\\/#organization\",\"name\":\"Soci\u00e9t\u00e9 Royale Foresti\u00e8re De Belgique - Koninklijke Belgische Bosbouwmaatschappij\",\"alternateName\":\"SRFB-KBBM\",\"url\":\"https:\\\/\\\/srfb.be\\\/\",\"logo\":{\"@type\":\"ImageObject\",\"inLanguage\":\"de\",\"@id\":\"https:\\\/\\\/srfb.be\\\/#\\\/schema\\\/logo\\\/image\\\/\",\"url\":\"https:\\\/\\\/srfb.be\\\/wp-content\\\/uploads\\\/2019\\\/06\\\/android-chrome-256x256.png\",\"contentUrl\":\"https:\\\/\\\/srfb.be\\\/wp-content\\\/uploads\\\/2019\\\/06\\\/android-chrome-256x256.png\",\"width\":1200,\"height\":1232,\"caption\":\"Soci\u00e9t\u00e9 Royale Foresti\u00e8re De Belgique - Koninklijke Belgische Bosbouwmaatschappij\"},\"image\":{\"@id\":\"https:\\\/\\\/srfb.be\\\/#\\\/schema\\\/logo\\\/image\\\/\"},\"sameAs\":[\"https:\\\/\\\/www.facebook.com\\\/srfb.be\",\"https:\\\/\\\/www.instagram.com\\\/srfb_kbbm\\\/\",\"https:\\\/\\\/www.linkedin.com\\\/company\\\/srfb-kbbm\\\/\",\"https:\\\/\\\/www.youtube.com\\\/user\\\/srfbkbbm\"]}]}<\/script>\n<!-- \/ Yoast SEO plugin. -->","yoast_head_json":{"title":"MPeRN - K\u00f6nigliche Forstgesellschaft von Belgien","robots":{"index":"index","follow":"follow","max-snippet":"max-snippet:-1","max-image-preview":"max-image-preview:large","max-video-preview":"max-video-preview:-1"},"canonical":"https:\/\/srfb.be\/formations-et-activites\/nos-projets\/mpern\/","og_locale":"de_DE","og_type":"article","og_title":"MPeRN - Soci\u00e9t\u00e9 Royale Foresti\u00e8re de Belgique","og_description":"Ma parcelle en R\u00e9serve Naturelle","og_url":"https:\/\/srfb.be\/formations-et-activites\/nos-projets\/mpern\/","og_site_name":"Soci\u00e9t\u00e9 Royale Foresti\u00e8re de Belgique","article_publisher":"https:\/\/www.facebook.com\/srfb.be","article_modified_time":"2024-11-12T12:55:04+00:00","og_image":[{"width":1280,"height":768,"url":"https:\/\/srfb.be\/wp-content\/uploads\/2024\/03\/MPeRN.png","type":"image\/png"}],"schema":{"@context":"https:\/\/schema.org","@graph":[{"@type":"WebPage","@id":"https:\/\/srfb.be\/formations-et-activites\/nos-projets\/mpern\/","url":"https:\/\/srfb.be\/formations-et-activites\/nos-projets\/mpern\/","name":"MPeRN - K\u00f6nigliche Forstgesellschaft von Belgien","isPartOf":{"@id":"https:\/\/srfb.be\/#website"},"primaryImageOfPage":{"@id":"https:\/\/srfb.be\/formations-et-activites\/nos-projets\/mpern\/#primaryimage"},"image":{"@id":"https:\/\/srfb.be\/formations-et-activites\/nos-projets\/mpern\/#primaryimage"},"thumbnailUrl":"https:\/\/kbbm.be\/wp-content\/uploads\/2024\/03\/MPeRN.png","datePublished":"2024-04-03T13:27:01+00:00","dateModified":"2024-11-12T12:55:04+00:00","breadcrumb":{"@id":"https:\/\/srfb.be\/formations-et-activites\/nos-projets\/mpern\/#breadcrumb"},"inLanguage":"de","potentialAction":[{"@type":"ReadAction","target":["https:\/\/srfb.be\/formations-et-activites\/nos-projets\/mpern\/"]}]},{"@type":"ImageObject","inLanguage":"de","@id":"https:\/\/srfb.be\/formations-et-activites\/nos-projets\/mpern\/#primaryimage","url":"https:\/\/kbbm.be\/wp-content\/uploads\/2024\/03\/MPeRN.png","contentUrl":"https:\/\/kbbm.be\/wp-content\/uploads\/2024\/03\/MPeRN.png","width":1280,"height":768},{"@type":"BreadcrumbList","@id":"https:\/\/srfb.be\/formations-et-activites\/nos-projets\/mpern\/#breadcrumb","itemListElement":[{"@type":"ListItem","position":1,"name":"Accueil","item":"https:\/\/srfb.be\/"},{"@type":"ListItem","position":2,"name":"Formations et activit\u00e9s","item":"https:\/\/kbbm.be\/formations-et-activites\/"},{"@type":"ListItem","position":3,"name":"Nos projets","item":"https:\/\/kbbm.be\/formations-et-activites\/nos-projets\/"},{"@type":"ListItem","position":4,"name":"MPeRN"}]},{"@type":"WebSite","@id":"https:\/\/srfb.be\/#website","url":"https:\/\/srfb.be\/","name":"K\u00f6nigliche Forstverein Belgiens","description":"Im Dienste des Waldes und der F\u00f6rster","publisher":{"@id":"https:\/\/srfb.be\/#organization"},"alternateName":"SRFB-KBBM","potentialAction":[{"@type":"SearchAction","target":{"@type":"EntryPoint","urlTemplate":"https:\/\/srfb.be\/?s={search_term_string}"},"query-input":{"@type":"PropertyValueSpecification","valueRequired":true,"valueName":"search_term_string"}}],"inLanguage":"de"},{"@type":"Organization","@id":"https:\/\/srfb.be\/#organization","name":"Soci\u00e9t\u00e9 Royale Foresti\u00e8re De Belgique - Koninklijke Belgische Bosbouwmaatschappij","alternateName":"SRFB-KBBM","url":"https:\/\/srfb.be\/","logo":{"@type":"ImageObject","inLanguage":"de","@id":"https:\/\/srfb.be\/#\/schema\/logo\/image\/","url":"https:\/\/srfb.be\/wp-content\/uploads\/2019\/06\/android-chrome-256x256.png","contentUrl":"https:\/\/srfb.be\/wp-content\/uploads\/2019\/06\/android-chrome-256x256.png","width":1200,"height":1232,"caption":"Soci\u00e9t\u00e9 Royale Foresti\u00e8re De Belgique - Koninklijke Belgische Bosbouwmaatschappij"},"image":{"@id":"https:\/\/srfb.be\/#\/schema\/logo\/image\/"},"sameAs":["https:\/\/www.facebook.com\/srfb.be","https:\/\/www.instagram.com\/srfb_kbbm\/","https:\/\/www.linkedin.com\/company\/srfb-kbbm\/","https:\/\/www.youtube.com\/user\/srfbkbbm"]}]}},"_links":{"self":[{"href":"https:\/\/kbbm.be\/de\/wp-json\/wp\/v2\/pages\/35826","targetHints":{"allow":["GET"]}}],"collection":[{"href":"https:\/\/kbbm.be\/de\/wp-json\/wp\/v2\/pages"}],"about":[{"href":"https:\/\/kbbm.be\/de\/wp-json\/wp\/v2\/types\/page"}],"author":[{"embeddable":true,"href":"https:\/\/kbbm.be\/de\/wp-json\/wp\/v2\/users\/21"}],"replies":[{"embeddable":true,"href":"https:\/\/kbbm.be\/de\/wp-json\/wp\/v2\/comments?post=35826"}],"version-history":[{"count":0,"href":"https:\/\/kbbm.be\/de\/wp-json\/wp\/v2\/pages\/35826\/revisions"}],"up":[{"embeddable":true,"href":"https:\/\/kbbm.be\/de\/wp-json\/wp\/v2\/pages\/35658"}],"wp:featuredmedia":[{"embeddable":true,"href":"https:\/\/kbbm.be\/de\/wp-json\/wp\/v2\/media\/35782"}],"wp:attachment":[{"href":"https:\/\/kbbm.be\/de\/wp-json\/wp\/v2\/media?parent=35826"}],"curies":[{"name":"wp","href":"https:\/\/api.w.org\/{rel}","templated":true}]}}