{"id":31914,"date":"2023-06-28T13:26:37","date_gmt":"2023-06-28T11:26:37","guid":{"rendered":"https:\/\/srfb.be\/?page_id=31914"},"modified":"2025-05-13T11:39:01","modified_gmt":"2025-05-13T09:39:01","slug":"arbragym","status":"publish","type":"page","link":"https:\/\/kbbm.be\/de\/forest-friends\/ressources-pedagogiques\/fiches-dactivites\/arbragym\/","title":{"rendered":"Arbragym"},"content":{"rendered":"<div class=\"yoast-breadcrumbs\"><span><span><a href=\"https:\/\/kbbm.be\/en\/\">Startseite<\/a><\/span> &gt; <span><a href=\"https:\/\/srfb.be\/en\/forest-friends\/\">Entdecken Sie Forest Friends<\/a><\/span> &gt; <span><a href=\"https:\/\/srfb.be\/en\/forest-friends\/learning-resources\/\">P\u00e4dagogische Ressourcen<\/a><\/span> &gt; <span><a href=\"https:\/\/kbbm.be\/de\/forest-friends\/lernressourcen\/aktivitatskarten\/\">Arbeitsbl\u00e4tter<\/a><\/span> &gt; <span class=\"breadcrumb_last\" aria-current=\"page\"><strong>Arbragym<\/strong><\/span><\/span><\/div>\n\n\n<div class=\"wp-block-group is-layout-constrained wp-block-group-is-layout-constrained\" style=\"margin-top:var(--wp--preset--spacing--80);margin-bottom:var(--wp--preset--spacing--80)\">\n<p class=\"has-text-align-center has-small-font-size\"><em><em><em><\/em><\/em><\/em><\/p>\n\n\n\n<div class=\"wp-block-columns is-layout-flex wp-container-core-columns-is-layout-45c10ec9 wp-block-columns-is-layout-flex\" style=\"margin-top:var(--wp--preset--spacing--60);margin-bottom:var(--wp--preset--spacing--60)\">\n<div class=\"wp-block-column is-vertically-aligned-center is-layout-flow wp-block-column-is-layout-flow\">\n<div class=\"wp-block-group has-border-color has-vert-claire-color-border-color is-layout-constrained wp-container-core-group-is-layout-52009084 wp-block-group-is-layout-constrained\" style=\"border-radius:5px;padding-top:var(--wp--preset--spacing--40);padding-right:var(--wp--preset--spacing--40);padding-bottom:var(--wp--preset--spacing--40);padding-left:var(--wp--preset--spacing--40)\">\n<h4 class=\"wp-block-heading has-text-align-center has-vert-claire-color-color has-text-color has-link-color wp-elements-21c4c00bb71893695c3f3c4d8c50c153\" style=\"margin-top:0;margin-bottom:0\">Thema<\/h4>\n\n\n\n<p class=\"has-text-align-center\" style=\"margin-top:var(--wp--preset--spacing--40);margin-bottom:0\"><strong>Die verschiedenen Teile des Baumes<\/strong><\/p>\n<\/div>\n<\/div>\n\n\n\n<div class=\"wp-block-column is-vertically-aligned-center is-layout-flow wp-block-column-is-layout-flow\">\n<div class=\"wp-block-group has-border-color has-vert-claire-color-border-color is-layout-constrained wp-container-core-group-is-layout-52009084 wp-block-group-is-layout-constrained\" style=\"border-radius:5px;padding-top:var(--wp--preset--spacing--40);padding-right:var(--wp--preset--spacing--40);padding-bottom:var(--wp--preset--spacing--40);padding-left:var(--wp--preset--spacing--40)\">\n<h4 class=\"wp-block-heading has-text-align-center has-vert-claire-color-color has-text-color has-link-color wp-elements-aa45490ffe424d098764d11963e62a17\">Ebene<\/h4>\n\n\n\n<p class=\"has-text-align-center\" style=\"margin-top:var(--wp--preset--spacing--40);margin-bottom:0\"><strong>3 bis 18 Jahre<\/strong><\/p>\n<\/div>\n<\/div>\n<\/div>\n\n\n\n<div class=\"wp-block-columns is-layout-flex wp-container-core-columns-is-layout-eae17e81 wp-block-columns-is-layout-flex\" style=\"margin-top:var(--wp--preset--spacing--70);margin-bottom:var(--wp--preset--spacing--70)\">\n<div class=\"wp-block-column is-vertically-aligned-top is-layout-flow wp-block-column-is-layout-flow\" style=\"padding-right:0;padding-left:0\">\n<h2 class=\"wp-block-heading\">Ziele<\/h2>\n\n\n\n<ul class=\"wp-block-list\">\n<li>Mit dem K\u00f6rper die verschiedenen Teile eines Baumes erleben.<\/li>\n\n\n\n<li>Den Wortschatz erweitern.<\/li>\n\n\n\n<li>Sich verausgaben.<\/li>\n<\/ul>\n<\/div>\n\n\n\n<div class=\"wp-block-column is-vertically-aligned-top is-layout-flow wp-block-column-is-layout-flow\" style=\"border-right-color:var(--wp--preset--color--grey-color);border-right-width:3px;border-left-color:var(--wp--preset--color--grey-color);border-left-width:3px;padding-right:var(--wp--preset--spacing--40);padding-left:var(--wp--preset--spacing--40)\">\n<h2 class=\"wp-block-heading\">Umsetzung<\/h2>\n\n\n\n<p>CARAH asbl (Cellule For\u00eat Nature Environnement), Hout Info Bois asbl, K\u00f6nigliche Forstverein Belgiens, mit der p\u00e4dagogischen Unterst\u00fctzung und Mitgestaltung von Empreintes asbl und mit der Unterst\u00fctzung des Europ\u00e4ischen Fonds f\u00fcr Regionale Entwicklung (Interreg Va - For\u00eat Pro Bos).<\/p>\n<\/div>\n\n\n\n<div class=\"wp-block-column is-vertically-aligned-top is-layout-flow wp-block-column-is-layout-flow\">\n<h2 class=\"wp-block-heading\">Beschreibung<\/h2>\n\n\n\n<p>Arbragym kann als kleine einleitende k\u00f6rperliche Aktivit\u00e4t zu Beginn eines Waldausflugs oder zu jedem anderen Zeitpunkt, an dem die Gruppe sich neu ausrichten muss, erlebt werden. Es erm\u00f6glicht eine spielerische Einf\u00fchrung in die verschiedenen Teile des Baumes.<\/p>\n<\/div>\n<\/div>\n\n\n\n<div class=\"wp-block-buttons is-content-justification-center is-layout-flex wp-container-core-buttons-is-layout-c3d5205c wp-block-buttons-is-layout-flex\" style=\"margin-top:0;margin-bottom:0\">\n<div class=\"wp-block-button\"><a class=\"wp-block-button__link has-small-font-size has-custom-font-size wp-element-button\" href=\"\/wp-content\/uploads\/2023\/06\/animation-l-homme-et-la-foret_Activites4-5.pdf\" target=\"_blank\" rel=\"noreferrer noopener\"><i class=\"fas fa-download\"><\/i> Herunterladen eines Aktivit\u00e4tsblattes<\/a><\/div>\n<\/div>\n\n\n\n<p class=\"has-text-align-center has-small-font-size\" style=\"margin-top:0;margin-bottom:0\">oder <strong>P\u00e4dagogisches Kit :<\/strong>\u00a0<a href=\"\/de\/forest-friends\/lernressourcen\/kits-pedagogiques\/#homme-et-foret\">Der Mensch und der Wald<\/a><\/p>\n<\/div>","protected":false},"excerpt":{"rendered":"<p>Thema: Die verschiedenen Teile des Baumes, Niveau: 3 bis 18 Jahre, Ziele: Verwirklichung, CARAH asbl (Zelle Wald Natur Umwelt), Hout Info Bois asbl, Soci\u00e9t\u00e9 Royale Foresti\u00e8re de Belgique, mit p\u00e4dagogischer Unterst\u00fctzung und Mitwirkung von Empreintes asbl und mit Unterst\u00fctzung des Europ\u00e4ischen Fonds f\u00fcr regionale Entwicklung (Interreg Va \u2013 For\u00eat Pro Bos). Beschreibung: Der Baum-Gymnastik\u2026 <\/p>\n<div class=\"clear\"><\/div>\n<p><a href=\"https:\/\/kbbm.be\/de\/forest-friends\/ressources-pedagogiques\/fiches-dactivites\/arbragym\/\" class=\"excerpt-read-more\">Read More<\/a><\/p>","protected":false},"author":18,"featured_media":11856,"parent":11336,"menu_order":0,"comment_status":"closed","ping_status":"closed","template":"","meta":{"iawp_total_views":17,"footnotes":""},"class_list":["post-31914","page","type-page","status-publish","has-post-thumbnail","hentry"],"yoast_head":"<!-- This site is optimized with the Yoast SEO plugin v27.4 - https:\/\/yoast.com\/product\/yoast-seo-wordpress\/ -->\n<title>Fiche d&#039;activit\u00e9 : Arbragym - SRFB<\/title>\n<meta name=\"description\" content=\"L\u2019Arbragym peut se vivre comme une petite activit\u00e9 physique introductive en d\u00e9but de sortie en for\u00eat, ou \u00e0 tout autre moment o\u00f9 le groupe a besoin de se recentrer.\" \/>\n<meta name=\"robots\" content=\"index, follow, max-snippet:-1, max-image-preview:large, max-video-preview:-1\" \/>\n<link rel=\"canonical\" href=\"https:\/\/kbbm.be\/de\/forest-friends\/lernressourcen\/aktivitatskarten\/arbragym\/\" \/>\n<meta property=\"og:locale\" content=\"de_DE\" \/>\n<meta property=\"og:type\" content=\"article\" \/>\n<meta property=\"og:title\" content=\"Fiche d&#039;activit\u00e9 : Arbragym - SRFB\" \/>\n<meta property=\"og:description\" content=\"L\u2019Arbragym peut se vivre comme une petite activit\u00e9 physique introductive en d\u00e9but de sortie en for\u00eat, ou \u00e0 tout autre moment o\u00f9 le groupe a besoin de se recentrer.\" \/>\n<meta property=\"og:url\" content=\"https:\/\/kbbm.be\/de\/forest-friends\/lernressourcen\/aktivitatskarten\/arbragym\/\" \/>\n<meta property=\"og:site_name\" content=\"Soci\u00e9t\u00e9 Royale Foresti\u00e8re de Belgique\" \/>\n<meta property=\"article:publisher\" content=\"https:\/\/www.facebook.com\/srfb.be\" \/>\n<meta property=\"article:modified_time\" content=\"2025-05-13T09:39:01+00:00\" \/>\n<meta property=\"og:image\" content=\"https:\/\/kbbm.be\/wp-content\/uploads\/2020\/04\/C.4-2-scaled.jpg\" \/>\n\t<meta property=\"og:image:width\" content=\"1700\" \/>\n\t<meta property=\"og:image:height\" content=\"1415\" \/>\n\t<meta property=\"og:image:type\" content=\"image\/jpeg\" \/>\n<script type=\"application\/ld+json\" class=\"yoast-schema-graph\">{\"@context\":\"https:\\\/\\\/schema.org\",\"@graph\":[{\"@type\":\"WebPage\",\"@id\":\"https:\\\/\\\/kbbm.be\\\/de\\\/forest-friends\\\/lernressourcen\\\/aktivitatskarten\\\/arbragym\\\/\",\"url\":\"https:\\\/\\\/kbbm.be\\\/de\\\/forest-friends\\\/lernressourcen\\\/aktivitatskarten\\\/arbragym\\\/\",\"name\":\"Fiche d'activit\u00e9 : Arbragym - SRFB\",\"isPartOf\":{\"@id\":\"https:\\\/\\\/kbbm.be\\\/en\\\/#website\"},\"primaryImageOfPage\":{\"@id\":\"https:\\\/\\\/kbbm.be\\\/de\\\/forest-friends\\\/lernressourcen\\\/aktivitatskarten\\\/arbragym\\\/#primaryimage\"},\"image\":{\"@id\":\"https:\\\/\\\/kbbm.be\\\/de\\\/forest-friends\\\/lernressourcen\\\/aktivitatskarten\\\/arbragym\\\/#primaryimage\"},\"thumbnailUrl\":\"https:\\\/\\\/kbbm.be\\\/wp-content\\\/uploads\\\/2020\\\/04\\\/C.4-2-scaled.jpg\",\"datePublished\":\"2023-06-28T11:26:37+00:00\",\"dateModified\":\"2025-05-13T09:39:01+00:00\",\"description\":\"L\u2019Arbragym peut se vivre comme une petite activit\u00e9 physique introductive en d\u00e9but de sortie en for\u00eat, ou \u00e0 tout autre moment o\u00f9 le groupe a besoin de se recentrer.\",\"breadcrumb\":{\"@id\":\"https:\\\/\\\/kbbm.be\\\/de\\\/forest-friends\\\/lernressourcen\\\/aktivitatskarten\\\/arbragym\\\/#breadcrumb\"},\"inLanguage\":\"de\",\"potentialAction\":[{\"@type\":\"ReadAction\",\"target\":[\"https:\\\/\\\/kbbm.be\\\/de\\\/forest-friends\\\/lernressourcen\\\/aktivitatskarten\\\/arbragym\\\/\"]}]},{\"@type\":\"ImageObject\",\"inLanguage\":\"de\",\"@id\":\"https:\\\/\\\/kbbm.be\\\/de\\\/forest-friends\\\/lernressourcen\\\/aktivitatskarten\\\/arbragym\\\/#primaryimage\",\"url\":\"https:\\\/\\\/kbbm.be\\\/wp-content\\\/uploads\\\/2020\\\/04\\\/C.4-2-scaled.jpg\",\"contentUrl\":\"https:\\\/\\\/kbbm.be\\\/wp-content\\\/uploads\\\/2020\\\/04\\\/C.4-2-scaled.jpg\",\"width\":1700,\"height\":1415,\"caption\":\"Abragym\"},{\"@type\":\"BreadcrumbList\",\"@id\":\"https:\\\/\\\/kbbm.be\\\/de\\\/forest-friends\\\/lernressourcen\\\/aktivitatskarten\\\/arbragym\\\/#breadcrumb\",\"itemListElement\":[{\"@type\":\"ListItem\",\"position\":1,\"name\":\"Accueil\",\"item\":\"https:\\\/\\\/kbbm.be\\\/en\\\/\"},{\"@type\":\"ListItem\",\"position\":2,\"name\":\"D\u00e9couvrez Forest Friends\",\"item\":\"https:\\\/\\\/srfb.be\\\/en\\\/forest-friends\\\/\"},{\"@type\":\"ListItem\",\"position\":3,\"name\":\"Ressources p\u00e9dagogiques\",\"item\":\"https:\\\/\\\/srfb.be\\\/en\\\/forest-friends\\\/learning-resources\\\/\"},{\"@type\":\"ListItem\",\"position\":4,\"name\":\"Fiches d&rsquo;activit\u00e9s\",\"item\":\"https:\\\/\\\/kbbm.be\\\/forest-friends\\\/ressources-pedagogiques\\\/fiches-dactivites\\\/\"},{\"@type\":\"ListItem\",\"position\":5,\"name\":\"Arbragym\"}]},{\"@type\":\"WebSite\",\"@id\":\"https:\\\/\\\/kbbm.be\\\/en\\\/#website\",\"url\":\"https:\\\/\\\/kbbm.be\\\/en\\\/\",\"name\":\"Soci\u00e9t\u00e9 Royale Foresti\u00e8re de Belgique\",\"description\":\"Au service de la for\u00eat et des forestiers\",\"publisher\":{\"@id\":\"https:\\\/\\\/kbbm.be\\\/en\\\/#organization\"},\"alternateName\":\"SRFB-KBBM\",\"potentialAction\":[{\"@type\":\"SearchAction\",\"target\":{\"@type\":\"EntryPoint\",\"urlTemplate\":\"https:\\\/\\\/kbbm.be\\\/en\\\/?s={search_term_string}\"},\"query-input\":{\"@type\":\"PropertyValueSpecification\",\"valueRequired\":true,\"valueName\":\"search_term_string\"}}],\"inLanguage\":\"de\"},{\"@type\":\"Organization\",\"@id\":\"https:\\\/\\\/kbbm.be\\\/en\\\/#organization\",\"name\":\"Soci\u00e9t\u00e9 Royale Foresti\u00e8re De Belgique - Koninklijke Belgische Bosbouwmaatschappij\",\"alternateName\":\"SRFB-KBBM\",\"url\":\"https:\\\/\\\/kbbm.be\\\/en\\\/\",\"logo\":{\"@type\":\"ImageObject\",\"inLanguage\":\"de\",\"@id\":\"https:\\\/\\\/kbbm.be\\\/en\\\/#\\\/schema\\\/logo\\\/image\\\/\",\"url\":\"https:\\\/\\\/srfb.be\\\/wp-content\\\/uploads\\\/2019\\\/06\\\/android-chrome-256x256.png\",\"contentUrl\":\"https:\\\/\\\/srfb.be\\\/wp-content\\\/uploads\\\/2019\\\/06\\\/android-chrome-256x256.png\",\"width\":1200,\"height\":1232,\"caption\":\"Soci\u00e9t\u00e9 Royale Foresti\u00e8re De Belgique - Koninklijke Belgische Bosbouwmaatschappij\"},\"image\":{\"@id\":\"https:\\\/\\\/kbbm.be\\\/en\\\/#\\\/schema\\\/logo\\\/image\\\/\"},\"sameAs\":[\"https:\\\/\\\/www.facebook.com\\\/srfb.be\",\"https:\\\/\\\/www.instagram.com\\\/srfb_kbbm\\\/\",\"https:\\\/\\\/www.linkedin.com\\\/company\\\/srfb-kbbm\\\/\",\"https:\\\/\\\/www.youtube.com\\\/user\\\/srfbkbbm\"]}]}<\/script>\n<!-- \/ Yoast SEO plugin. -->","yoast_head_json":{"title":"Arbeitsblatt: Arbragym - SRFB","description":"Arbragym kann als kleine einleitende k\u00f6rperliche Aktivit\u00e4t zu Beginn eines Waldausflugs erlebt werden oder zu jedem anderen Zeitpunkt, an dem die Gruppe sich neu ausrichten muss.","robots":{"index":"index","follow":"follow","max-snippet":"max-snippet:-1","max-image-preview":"max-image-preview:large","max-video-preview":"max-video-preview:-1"},"canonical":"https:\/\/kbbm.be\/de\/forest-friends\/lernressourcen\/aktivitatskarten\/arbragym\/","og_locale":"de_DE","og_type":"article","og_title":"Fiche d'activit\u00e9 : Arbragym - SRFB","og_description":"L\u2019Arbragym peut se vivre comme une petite activit\u00e9 physique introductive en d\u00e9but de sortie en for\u00eat, ou \u00e0 tout autre moment o\u00f9 le groupe a besoin de se recentrer.","og_url":"https:\/\/kbbm.be\/de\/forest-friends\/lernressourcen\/aktivitatskarten\/arbragym\/","og_site_name":"Soci\u00e9t\u00e9 Royale Foresti\u00e8re de Belgique","article_publisher":"https:\/\/www.facebook.com\/srfb.be","article_modified_time":"2025-05-13T09:39:01+00:00","og_image":[{"width":1700,"height":1415,"url":"https:\/\/kbbm.be\/wp-content\/uploads\/2020\/04\/C.4-2-scaled.jpg","type":"image\/jpeg"}],"schema":{"@context":"https:\/\/schema.org","@graph":[{"@type":"WebPage","@id":"https:\/\/kbbm.be\/de\/forest-friends\/lernressourcen\/aktivitatskarten\/arbragym\/","url":"https:\/\/kbbm.be\/de\/forest-friends\/lernressourcen\/aktivitatskarten\/arbragym\/","name":"Arbeitsblatt: Arbragym - SRFB","isPartOf":{"@id":"https:\/\/kbbm.be\/en\/#website"},"primaryImageOfPage":{"@id":"https:\/\/kbbm.be\/de\/forest-friends\/lernressourcen\/aktivitatskarten\/arbragym\/#primaryimage"},"image":{"@id":"https:\/\/kbbm.be\/de\/forest-friends\/lernressourcen\/aktivitatskarten\/arbragym\/#primaryimage"},"thumbnailUrl":"https:\/\/kbbm.be\/wp-content\/uploads\/2020\/04\/C.4-2-scaled.jpg","datePublished":"2023-06-28T11:26:37+00:00","dateModified":"2025-05-13T09:39:01+00:00","description":"Arbragym kann als kleine einleitende k\u00f6rperliche Aktivit\u00e4t zu Beginn eines Waldausflugs erlebt werden oder zu jedem anderen Zeitpunkt, an dem die Gruppe sich neu ausrichten muss.","breadcrumb":{"@id":"https:\/\/kbbm.be\/de\/forest-friends\/lernressourcen\/aktivitatskarten\/arbragym\/#breadcrumb"},"inLanguage":"de","potentialAction":[{"@type":"ReadAction","target":["https:\/\/kbbm.be\/de\/forest-friends\/lernressourcen\/aktivitatskarten\/arbragym\/"]}]},{"@type":"ImageObject","inLanguage":"de","@id":"https:\/\/kbbm.be\/de\/forest-friends\/lernressourcen\/aktivitatskarten\/arbragym\/#primaryimage","url":"https:\/\/kbbm.be\/wp-content\/uploads\/2020\/04\/C.4-2-scaled.jpg","contentUrl":"https:\/\/kbbm.be\/wp-content\/uploads\/2020\/04\/C.4-2-scaled.jpg","width":1700,"height":1415,"caption":"Abragym"},{"@type":"BreadcrumbList","@id":"https:\/\/kbbm.be\/de\/forest-friends\/lernressourcen\/aktivitatskarten\/arbragym\/#breadcrumb","itemListElement":[{"@type":"ListItem","position":1,"name":"Accueil","item":"https:\/\/kbbm.be\/en\/"},{"@type":"ListItem","position":2,"name":"D\u00e9couvrez Forest Friends","item":"https:\/\/srfb.be\/en\/forest-friends\/"},{"@type":"ListItem","position":3,"name":"Ressources p\u00e9dagogiques","item":"https:\/\/srfb.be\/en\/forest-friends\/learning-resources\/"},{"@type":"ListItem","position":4,"name":"Fiches d&rsquo;activit\u00e9s","item":"https:\/\/kbbm.be\/forest-friends\/ressources-pedagogiques\/fiches-dactivites\/"},{"@type":"ListItem","position":5,"name":"Arbragym"}]},{"@type":"WebSite","@id":"https:\/\/kbbm.be\/en\/#website","url":"https:\/\/kbbm.be\/en\/","name":"K\u00f6nigliche Forstverein Belgiens","description":"Im Dienste des Waldes und der F\u00f6rster","publisher":{"@id":"https:\/\/kbbm.be\/en\/#organization"},"alternateName":"SRFB-KBBM","potentialAction":[{"@type":"SearchAction","target":{"@type":"EntryPoint","urlTemplate":"https:\/\/kbbm.be\/en\/?s={search_term_string}"},"query-input":{"@type":"PropertyValueSpecification","valueRequired":true,"valueName":"search_term_string"}}],"inLanguage":"de"},{"@type":"Organization","@id":"https:\/\/kbbm.be\/en\/#organization","name":"Soci\u00e9t\u00e9 Royale Foresti\u00e8re De Belgique - Koninklijke Belgische Bosbouwmaatschappij","alternateName":"SRFB-KBBM","url":"https:\/\/kbbm.be\/en\/","logo":{"@type":"ImageObject","inLanguage":"de","@id":"https:\/\/kbbm.be\/en\/#\/schema\/logo\/image\/","url":"https:\/\/srfb.be\/wp-content\/uploads\/2019\/06\/android-chrome-256x256.png","contentUrl":"https:\/\/srfb.be\/wp-content\/uploads\/2019\/06\/android-chrome-256x256.png","width":1200,"height":1232,"caption":"Soci\u00e9t\u00e9 Royale Foresti\u00e8re De Belgique - Koninklijke Belgische Bosbouwmaatschappij"},"image":{"@id":"https:\/\/kbbm.be\/en\/#\/schema\/logo\/image\/"},"sameAs":["https:\/\/www.facebook.com\/srfb.be","https:\/\/www.instagram.com\/srfb_kbbm\/","https:\/\/www.linkedin.com\/company\/srfb-kbbm\/","https:\/\/www.youtube.com\/user\/srfbkbbm"]}]}},"_links":{"self":[{"href":"https:\/\/kbbm.be\/de\/wp-json\/wp\/v2\/pages\/31914","targetHints":{"allow":["GET"]}}],"collection":[{"href":"https:\/\/kbbm.be\/de\/wp-json\/wp\/v2\/pages"}],"about":[{"href":"https:\/\/kbbm.be\/de\/wp-json\/wp\/v2\/types\/page"}],"author":[{"embeddable":true,"href":"https:\/\/kbbm.be\/de\/wp-json\/wp\/v2\/users\/18"}],"replies":[{"embeddable":true,"href":"https:\/\/kbbm.be\/de\/wp-json\/wp\/v2\/comments?post=31914"}],"version-history":[{"count":0,"href":"https:\/\/kbbm.be\/de\/wp-json\/wp\/v2\/pages\/31914\/revisions"}],"up":[{"embeddable":true,"href":"https:\/\/kbbm.be\/de\/wp-json\/wp\/v2\/pages\/11336"}],"wp:featuredmedia":[{"embeddable":true,"href":"https:\/\/kbbm.be\/de\/wp-json\/wp\/v2\/media\/11856"}],"wp:attachment":[{"href":"https:\/\/kbbm.be\/de\/wp-json\/wp\/v2\/media?parent=31914"}],"curies":[{"name":"wp","href":"https:\/\/api.w.org\/{rel}","templated":true}]}}