{"id":12177,"date":"2020-04-28T20:03:00","date_gmt":"2020-04-28T20:03:00","guid":{"rendered":"https:\/\/new.srfb.be\/?page_id=12177"},"modified":"2025-10-01T11:38:44","modified_gmt":"2025-10-01T09:38:44","slug":"identifier_les_degats_sanitaires","status":"publish","type":"page","link":"https:\/\/kbbm.be\/de\/formations-et-activites\/je-me-forme-pour-ma-foret\/ressources-educatives\/identifier_les_degats_sanitaires\/","title":{"rendered":"Gesundheitssch\u00e4den erkennen"},"content":{"rendered":"<div class=\"yoast-breadcrumbs\"><span><span><a href=\"https:\/\/kbbm.be\/en\/\">Startseite<\/a><\/span> &gt; <span><a href=\"https:\/\/kbbm.be\/de\/schulungen-und-aktivitaten\/\">Schulungen und Aktivit\u00e4ten<\/a><\/span> &gt; <span><a href=\"https:\/\/www.kbbm.be\/en\/trainings-and-activities\/train-for-my-forest\/\">Ich bilde mich f\u00fcr meinen Wald weiter<\/a><\/span> &gt; <span><a href=\"https:\/\/www.kbbm.be\/en\/trainings-and-activities\/train-for-my-forest\/educational-resources\/\">Bildungsressourcen<\/a><\/span> &gt; <span class=\"breadcrumb_last\" aria-current=\"page\"><strong>Gesundheitssch\u00e4den erkennen<\/strong><\/span><\/span><\/div>\n\n\n<div class=\"wp-block-group alignfull is-layout-constrained wp-block-group-is-layout-constrained\" style=\"margin-top:var(--wp--preset--spacing--80);margin-bottom:0\">\n<iframe style=\"width: 100%; height: 85vh; display: block; padding: 0; margin: 0; max-width: 100%;\" src=\"https:\/\/padlet.com\/embed\/aubwnbx1a50qbg1h\" frameborder=\"0\"><\/iframe>\n<\/div>","protected":false},"excerpt":{"rendered":"<p>Champignons, insectes, &#8230; nos for\u00eats sont de plus en plus expos\u00e9es aux ravageurs. Comment reconna\u00eetre les d\u00e9g\u00e2ts, identifier le responsable, &#8230;<\/p>","protected":false},"author":18,"featured_media":38631,"parent":35919,"menu_order":0,"comment_status":"closed","ping_status":"closed","template":"","meta":{"iawp_total_views":15,"footnotes":""},"class_list":["post-12177","page","type-page","status-publish","has-post-thumbnail","hentry"],"yoast_head":"<!-- This site is optimized with the Yoast SEO plugin v27.4 - https:\/\/yoast.com\/product\/yoast-seo-wordpress\/ -->\n<title>Identifier les d\u00e9g\u00e2ts sanitaires - Soci\u00e9t\u00e9 Royale Foresti\u00e8re de Belgique<\/title>\n<meta name=\"robots\" content=\"index, follow, max-snippet:-1, max-image-preview:large, max-video-preview:-1\" \/>\n<link rel=\"canonical\" href=\"https:\/\/kbbm.be\/de\/schulungen-und-aktivitaten\/trainiere-fur-meinen-wald\/bildungsressourcen\/identifier_les_degats_sanitaires\/\" \/>\n<meta property=\"og:locale\" content=\"de_DE\" \/>\n<meta property=\"og:type\" content=\"article\" \/>\n<meta property=\"og:title\" content=\"Identifier les d\u00e9g\u00e2ts sanitaires - Soci\u00e9t\u00e9 Royale Foresti\u00e8re de Belgique\" \/>\n<meta property=\"og:description\" content=\"Champignons, insectes, ... nos for\u00eats sont de plus en plus expos\u00e9es aux ravageurs. Comment reconna\u00eetre les d\u00e9g\u00e2ts, identifier le responsable, ...\" \/>\n<meta property=\"og:url\" content=\"https:\/\/kbbm.be\/de\/schulungen-und-aktivitaten\/trainiere-fur-meinen-wald\/bildungsressourcen\/identifier_les_degats_sanitaires\/\" \/>\n<meta property=\"og:site_name\" content=\"Soci\u00e9t\u00e9 Royale Foresti\u00e8re de Belgique\" \/>\n<meta property=\"article:publisher\" content=\"https:\/\/www.facebook.com\/srfb.be\" \/>\n<meta property=\"article:modified_time\" content=\"2025-10-01T09:38:44+00:00\" \/>\n<meta property=\"og:image\" content=\"https:\/\/kbbm.be\/wp-content\/uploads\/2025\/05\/compressed_chalarose-scaled.jpeg\" \/>\n\t<meta property=\"og:image:width\" content=\"1920\" \/>\n\t<meta property=\"og:image:height\" content=\"2560\" \/>\n\t<meta property=\"og:image:type\" content=\"image\/jpeg\" \/>\n<script type=\"application\/ld+json\" class=\"yoast-schema-graph\">{\"@context\":\"https:\\\/\\\/schema.org\",\"@graph\":[{\"@type\":\"WebPage\",\"@id\":\"https:\\\/\\\/kbbm.be\\\/nl\\\/formations-et-activites\\\/je-me-forme-pour-ma-foret\\\/ressources-educatives\\\/identifier_les_degats_sanitaires\\\/\",\"url\":\"https:\\\/\\\/kbbm.be\\\/nl\\\/formations-et-activites\\\/je-me-forme-pour-ma-foret\\\/ressources-educatives\\\/identifier_les_degats_sanitaires\\\/\",\"name\":\"Identifier les d\u00e9g\u00e2ts sanitaires - Soci\u00e9t\u00e9 Royale Foresti\u00e8re de Belgique\",\"isPartOf\":{\"@id\":\"https:\\\/\\\/kbbm.be\\\/en\\\/#website\"},\"primaryImageOfPage\":{\"@id\":\"https:\\\/\\\/kbbm.be\\\/nl\\\/formations-et-activites\\\/je-me-forme-pour-ma-foret\\\/ressources-educatives\\\/identifier_les_degats_sanitaires\\\/#primaryimage\"},\"image\":{\"@id\":\"https:\\\/\\\/kbbm.be\\\/nl\\\/formations-et-activites\\\/je-me-forme-pour-ma-foret\\\/ressources-educatives\\\/identifier_les_degats_sanitaires\\\/#primaryimage\"},\"thumbnailUrl\":\"https:\\\/\\\/kbbm.be\\\/wp-content\\\/uploads\\\/2025\\\/05\\\/compressed_chalarose-scaled.jpeg\",\"datePublished\":\"2020-04-28T20:03:00+00:00\",\"dateModified\":\"2025-10-01T09:38:44+00:00\",\"breadcrumb\":{\"@id\":\"https:\\\/\\\/kbbm.be\\\/nl\\\/formations-et-activites\\\/je-me-forme-pour-ma-foret\\\/ressources-educatives\\\/identifier_les_degats_sanitaires\\\/#breadcrumb\"},\"inLanguage\":\"de\",\"potentialAction\":[{\"@type\":\"ReadAction\",\"target\":[\"https:\\\/\\\/kbbm.be\\\/nl\\\/formations-et-activites\\\/je-me-forme-pour-ma-foret\\\/ressources-educatives\\\/identifier_les_degats_sanitaires\\\/\"]}]},{\"@type\":\"ImageObject\",\"inLanguage\":\"de\",\"@id\":\"https:\\\/\\\/kbbm.be\\\/nl\\\/formations-et-activites\\\/je-me-forme-pour-ma-foret\\\/ressources-educatives\\\/identifier_les_degats_sanitaires\\\/#primaryimage\",\"url\":\"https:\\\/\\\/kbbm.be\\\/wp-content\\\/uploads\\\/2025\\\/05\\\/compressed_chalarose-scaled.jpeg\",\"contentUrl\":\"https:\\\/\\\/kbbm.be\\\/wp-content\\\/uploads\\\/2025\\\/05\\\/compressed_chalarose-scaled.jpeg\",\"width\":1920,\"height\":2560,\"caption\":\"chalarose\"},{\"@type\":\"BreadcrumbList\",\"@id\":\"https:\\\/\\\/kbbm.be\\\/nl\\\/formations-et-activites\\\/je-me-forme-pour-ma-foret\\\/ressources-educatives\\\/identifier_les_degats_sanitaires\\\/#breadcrumb\",\"itemListElement\":[{\"@type\":\"ListItem\",\"position\":1,\"name\":\"Accueil\",\"item\":\"https:\\\/\\\/kbbm.be\\\/en\\\/\"},{\"@type\":\"ListItem\",\"position\":2,\"name\":\"Formations et activit\u00e9s\",\"item\":\"https:\\\/\\\/kbbm.be\\\/formations-et-activites\\\/\"},{\"@type\":\"ListItem\",\"position\":3,\"name\":\"Je me forme pour ma for\u00eat\",\"item\":\"https:\\\/\\\/www.kbbm.be\\\/en\\\/trainings-and-activities\\\/train-for-my-forest\\\/\"},{\"@type\":\"ListItem\",\"position\":4,\"name\":\"Ressources \u00e9ducatives\",\"item\":\"https:\\\/\\\/www.kbbm.be\\\/en\\\/trainings-and-activities\\\/train-for-my-forest\\\/educational-resources\\\/\"},{\"@type\":\"ListItem\",\"position\":5,\"name\":\"Identifier les d\u00e9g\u00e2ts sanitaires\"}]},{\"@type\":\"WebSite\",\"@id\":\"https:\\\/\\\/kbbm.be\\\/en\\\/#website\",\"url\":\"https:\\\/\\\/kbbm.be\\\/en\\\/\",\"name\":\"Soci\u00e9t\u00e9 Royale Foresti\u00e8re de Belgique\",\"description\":\"Au service de la for\u00eat et des forestiers\",\"publisher\":{\"@id\":\"https:\\\/\\\/kbbm.be\\\/en\\\/#organization\"},\"alternateName\":\"SRFB-KBBM\",\"potentialAction\":[{\"@type\":\"SearchAction\",\"target\":{\"@type\":\"EntryPoint\",\"urlTemplate\":\"https:\\\/\\\/kbbm.be\\\/en\\\/?s={search_term_string}\"},\"query-input\":{\"@type\":\"PropertyValueSpecification\",\"valueRequired\":true,\"valueName\":\"search_term_string\"}}],\"inLanguage\":\"de\"},{\"@type\":\"Organization\",\"@id\":\"https:\\\/\\\/kbbm.be\\\/en\\\/#organization\",\"name\":\"Soci\u00e9t\u00e9 Royale Foresti\u00e8re De Belgique - Koninklijke Belgische Bosbouwmaatschappij\",\"alternateName\":\"SRFB-KBBM\",\"url\":\"https:\\\/\\\/kbbm.be\\\/en\\\/\",\"logo\":{\"@type\":\"ImageObject\",\"inLanguage\":\"de\",\"@id\":\"https:\\\/\\\/kbbm.be\\\/en\\\/#\\\/schema\\\/logo\\\/image\\\/\",\"url\":\"https:\\\/\\\/srfb.be\\\/wp-content\\\/uploads\\\/2019\\\/06\\\/android-chrome-256x256.png\",\"contentUrl\":\"https:\\\/\\\/srfb.be\\\/wp-content\\\/uploads\\\/2019\\\/06\\\/android-chrome-256x256.png\",\"width\":1200,\"height\":1232,\"caption\":\"Soci\u00e9t\u00e9 Royale Foresti\u00e8re De Belgique - Koninklijke Belgische Bosbouwmaatschappij\"},\"image\":{\"@id\":\"https:\\\/\\\/kbbm.be\\\/en\\\/#\\\/schema\\\/logo\\\/image\\\/\"},\"sameAs\":[\"https:\\\/\\\/www.facebook.com\\\/srfb.be\",\"https:\\\/\\\/www.instagram.com\\\/srfb_kbbm\\\/\",\"https:\\\/\\\/www.linkedin.com\\\/company\\\/srfb-kbbm\\\/\",\"https:\\\/\\\/www.youtube.com\\\/user\\\/srfbkbbm\"]}]}<\/script>\n<!-- \/ Yoast SEO plugin. -->","yoast_head_json":{"title":"Gesundheitssch\u00e4den erkennen - Soci\u00e9t\u00e9 Royale Foresti\u00e8re de Belgique (K\u00f6niglich Belgische Forstgesellschaft)","robots":{"index":"index","follow":"follow","max-snippet":"max-snippet:-1","max-image-preview":"max-image-preview:large","max-video-preview":"max-video-preview:-1"},"canonical":"https:\/\/kbbm.be\/de\/schulungen-und-aktivitaten\/trainiere-fur-meinen-wald\/bildungsressourcen\/identifier_les_degats_sanitaires\/","og_locale":"de_DE","og_type":"article","og_title":"Identifier les d\u00e9g\u00e2ts sanitaires - Soci\u00e9t\u00e9 Royale Foresti\u00e8re de Belgique","og_description":"Champignons, insectes, ... nos for\u00eats sont de plus en plus expos\u00e9es aux ravageurs. Comment reconna\u00eetre les d\u00e9g\u00e2ts, identifier le responsable, ...","og_url":"https:\/\/kbbm.be\/de\/schulungen-und-aktivitaten\/trainiere-fur-meinen-wald\/bildungsressourcen\/identifier_les_degats_sanitaires\/","og_site_name":"Soci\u00e9t\u00e9 Royale Foresti\u00e8re de Belgique","article_publisher":"https:\/\/www.facebook.com\/srfb.be","article_modified_time":"2025-10-01T09:38:44+00:00","og_image":[{"width":1920,"height":2560,"url":"https:\/\/kbbm.be\/wp-content\/uploads\/2025\/05\/compressed_chalarose-scaled.jpeg","type":"image\/jpeg"}],"schema":{"@context":"https:\/\/schema.org","@graph":[{"@type":"WebPage","@id":"https:\/\/kbbm.be\/nl\/formations-et-activites\/je-me-forme-pour-ma-foret\/ressources-educatives\/identifier_les_degats_sanitaires\/","url":"https:\/\/kbbm.be\/nl\/formations-et-activites\/je-me-forme-pour-ma-foret\/ressources-educatives\/identifier_les_degats_sanitaires\/","name":"Gesundheitssch\u00e4den erkennen - Soci\u00e9t\u00e9 Royale Foresti\u00e8re de Belgique (K\u00f6niglich Belgische Forstgesellschaft)","isPartOf":{"@id":"https:\/\/kbbm.be\/en\/#website"},"primaryImageOfPage":{"@id":"https:\/\/kbbm.be\/nl\/formations-et-activites\/je-me-forme-pour-ma-foret\/ressources-educatives\/identifier_les_degats_sanitaires\/#primaryimage"},"image":{"@id":"https:\/\/kbbm.be\/nl\/formations-et-activites\/je-me-forme-pour-ma-foret\/ressources-educatives\/identifier_les_degats_sanitaires\/#primaryimage"},"thumbnailUrl":"https:\/\/kbbm.be\/wp-content\/uploads\/2025\/05\/compressed_chalarose-scaled.jpeg","datePublished":"2020-04-28T20:03:00+00:00","dateModified":"2025-10-01T09:38:44+00:00","breadcrumb":{"@id":"https:\/\/kbbm.be\/nl\/formations-et-activites\/je-me-forme-pour-ma-foret\/ressources-educatives\/identifier_les_degats_sanitaires\/#breadcrumb"},"inLanguage":"de","potentialAction":[{"@type":"ReadAction","target":["https:\/\/kbbm.be\/nl\/formations-et-activites\/je-me-forme-pour-ma-foret\/ressources-educatives\/identifier_les_degats_sanitaires\/"]}]},{"@type":"ImageObject","inLanguage":"de","@id":"https:\/\/kbbm.be\/nl\/formations-et-activites\/je-me-forme-pour-ma-foret\/ressources-educatives\/identifier_les_degats_sanitaires\/#primaryimage","url":"https:\/\/kbbm.be\/wp-content\/uploads\/2025\/05\/compressed_chalarose-scaled.jpeg","contentUrl":"https:\/\/kbbm.be\/wp-content\/uploads\/2025\/05\/compressed_chalarose-scaled.jpeg","width":1920,"height":2560,"caption":"chalarose"},{"@type":"BreadcrumbList","@id":"https:\/\/kbbm.be\/nl\/formations-et-activites\/je-me-forme-pour-ma-foret\/ressources-educatives\/identifier_les_degats_sanitaires\/#breadcrumb","itemListElement":[{"@type":"ListItem","position":1,"name":"Accueil","item":"https:\/\/kbbm.be\/en\/"},{"@type":"ListItem","position":2,"name":"Formations et activit\u00e9s","item":"https:\/\/kbbm.be\/formations-et-activites\/"},{"@type":"ListItem","position":3,"name":"Je me forme pour ma for\u00eat","item":"https:\/\/www.kbbm.be\/en\/trainings-and-activities\/train-for-my-forest\/"},{"@type":"ListItem","position":4,"name":"Ressources \u00e9ducatives","item":"https:\/\/www.kbbm.be\/en\/trainings-and-activities\/train-for-my-forest\/educational-resources\/"},{"@type":"ListItem","position":5,"name":"Identifier les d\u00e9g\u00e2ts sanitaires"}]},{"@type":"WebSite","@id":"https:\/\/kbbm.be\/en\/#website","url":"https:\/\/kbbm.be\/en\/","name":"K\u00f6nigliche Forstverein Belgiens","description":"Im Dienste des Waldes und der F\u00f6rster","publisher":{"@id":"https:\/\/kbbm.be\/en\/#organization"},"alternateName":"SRFB-KBBM","potentialAction":[{"@type":"SearchAction","target":{"@type":"EntryPoint","urlTemplate":"https:\/\/kbbm.be\/en\/?s={search_term_string}"},"query-input":{"@type":"PropertyValueSpecification","valueRequired":true,"valueName":"search_term_string"}}],"inLanguage":"de"},{"@type":"Organization","@id":"https:\/\/kbbm.be\/en\/#organization","name":"Soci\u00e9t\u00e9 Royale Foresti\u00e8re De Belgique - Koninklijke Belgische Bosbouwmaatschappij","alternateName":"SRFB-KBBM","url":"https:\/\/kbbm.be\/en\/","logo":{"@type":"ImageObject","inLanguage":"de","@id":"https:\/\/kbbm.be\/en\/#\/schema\/logo\/image\/","url":"https:\/\/srfb.be\/wp-content\/uploads\/2019\/06\/android-chrome-256x256.png","contentUrl":"https:\/\/srfb.be\/wp-content\/uploads\/2019\/06\/android-chrome-256x256.png","width":1200,"height":1232,"caption":"Soci\u00e9t\u00e9 Royale Foresti\u00e8re De Belgique - Koninklijke Belgische Bosbouwmaatschappij"},"image":{"@id":"https:\/\/kbbm.be\/en\/#\/schema\/logo\/image\/"},"sameAs":["https:\/\/www.facebook.com\/srfb.be","https:\/\/www.instagram.com\/srfb_kbbm\/","https:\/\/www.linkedin.com\/company\/srfb-kbbm\/","https:\/\/www.youtube.com\/user\/srfbkbbm"]}]}},"_links":{"self":[{"href":"https:\/\/kbbm.be\/de\/wp-json\/wp\/v2\/pages\/12177","targetHints":{"allow":["GET"]}}],"collection":[{"href":"https:\/\/kbbm.be\/de\/wp-json\/wp\/v2\/pages"}],"about":[{"href":"https:\/\/kbbm.be\/de\/wp-json\/wp\/v2\/types\/page"}],"author":[{"embeddable":true,"href":"https:\/\/kbbm.be\/de\/wp-json\/wp\/v2\/users\/18"}],"replies":[{"embeddable":true,"href":"https:\/\/kbbm.be\/de\/wp-json\/wp\/v2\/comments?post=12177"}],"version-history":[{"count":0,"href":"https:\/\/kbbm.be\/de\/wp-json\/wp\/v2\/pages\/12177\/revisions"}],"up":[{"embeddable":true,"href":"https:\/\/kbbm.be\/de\/wp-json\/wp\/v2\/pages\/35919"}],"wp:featuredmedia":[{"embeddable":true,"href":"https:\/\/kbbm.be\/de\/wp-json\/wp\/v2\/media\/38631"}],"wp:attachment":[{"href":"https:\/\/kbbm.be\/de\/wp-json\/wp\/v2\/media?parent=12177"}],"curies":[{"name":"wp","href":"https:\/\/api.w.org\/{rel}","templated":true}]}}